{"id":56799,"date":"2022-01-26T11:32:26","date_gmt":"2022-01-26T10:32:26","guid":{"rendered":"https:\/\/www.topohvar.at\/topo\/?page_id=56799"},"modified":"2025-05-23T14:48:35","modified_gmt":"2025-05-23T12:48:35","slug":"po-on-02-1","status":"publish","type":"page","link":"https:\/\/www.topohvar.at\/topo\/orte\/po\/po-on-02-1\/","title":{"rendered":"POLJICA &#8211; Objekt \u00bbHNK Vatra Poljica\u00ab"},"content":{"rendered":"<p><a name=\"seite_oben\"><\/a><br \/>\n<img loading=\"lazy\" decoding=\"async\" class=\"alignnone wp-image-387 size-full\" src=\"https:\/\/www.topohvar.at\/wp-content\/uploads\/2018\/07\/00-00-00-1.jpg\" alt=\"\" width=\"114\" height=\"56\" \/><\/p>\n<p><strong>Ime \/ Name<br \/>\n<\/strong>Objekt \u00bbHNK Vatra Poljica\u00ab \/ Fu\u00dfballverein Vatra Poljica<\/p>\n<p><strong>Code: <\/strong>PO-ON-02\u00a0 \u00a0 \u00a0 \u00a0 \u00a0 \u00a0 \u00a0 \u00a0 <strong>\u00a0 \u00a0 \u00a0 \u00a0 \u00a0 \u00a0 \u00a0 \u00a0 \u00a0 \u00a0 \u00a0 \u00a0 \u00a0 <a href=\"https:\/\/www.topohvar.at\/orte\/po\/po-ob-00-1\/\"><img loading=\"lazy\" decoding=\"async\" class=\"alignnone wp-image-12300 size-full\" src=\"https:\/\/www.topohvar.at\/wp-content\/uploads\/2018\/09\/push-vor-30.jpg\" alt=\"\" width=\"61\" height=\"30\" \/><\/a> <a href=\"https:\/\/www.topohvar.at\/topo\/orte\/po\/po-on-03-1\/\"><img loading=\"lazy\" decoding=\"async\" class=\"alignnone wp-image-533 size-full\" src=\"https:\/\/www.topohvar.at\/wp-content\/uploads\/2018\/07\/push-l-30.jpg\" alt=\"\" width=\"61\" height=\"30\" \/><\/a> <a href=\"https:\/\/www.topohvar.at\/orte\/po\/\"><img loading=\"lazy\" decoding=\"async\" class=\"alignnone wp-image-535 size-full\" src=\"https:\/\/www.topohvar.at\/wp-content\/uploads\/2018\/07\/push-o-30.jpg\" alt=\"\" width=\"61\" height=\"30\" \/><\/a> <a href=\"https:\/\/www.topohvar.at\/topo\/orte\/po\/po-pu-01-1\/\"><img loading=\"lazy\" decoding=\"async\" class=\"alignnone wp-image-536 size-full\" src=\"https:\/\/www.topohvar.at\/wp-content\/uploads\/2018\/07\/push-r-30.jpg\" alt=\"\" width=\"61\" height=\"30\" \/><\/a> <a href=\"https:\/\/www.topohvar.at\/orte\/po\/po-og-01-1\/\"><img loading=\"lazy\" decoding=\"async\" class=\"alignnone wp-image-12299 size-full\" src=\"https:\/\/www.topohvar.at\/wp-content\/uploads\/2018\/09\/push-next-30.jpg\" alt=\"\" width=\"61\" height=\"30\" \/><\/a><\/strong><\/p>\n<hr \/>\n<p><strong>Adresa \/ Adresse<br \/>\n<\/strong>Poljica<\/p>\n<p><strong>Lokacija<\/strong><strong> \/ Position<img loading=\"lazy\" decoding=\"async\" class=\"wp-image-387 size-full alignright\" src=\"https:\/\/www.topohvar.at\/wp-content\/uploads\/2018\/07\/00-00-00-1.jpg\" alt=\"\" width=\"114\" height=\"56\" \/><br \/>\n<\/strong><span style=\"color: #3366ff;\">Latitude: N 43\u00b0\u00a0 \u00a0 Longitude: E 16\u00b0\u00a0<\/span><strong><br \/>\n<\/strong>Visina \/ H\u00f6he: &#8211; m<\/p>\n<p><strong>Katastarska \u010destica <\/strong><strong>\/ Grundst\u00fccke<br \/>\n<\/strong>&#8211;<div class='content-column one_half'><div style=\"padding-right:6px;\"><p><strong>Datum snimanja \/ Erfassungsdatum<br \/>\n<\/strong>01.01.2000 00:00:00<\/p>\n<hr \/>\n<p><strong>Informacije<\/strong><\/p>\n<p>NK \u2018Vatra\u2019, osnovan je 30. travnja 1937. godine, a u finale prvenstva Hvarske nogometne lige stigla je 1960.<\/p><\/div><\/div><div class='content-column one_half last_column'><div style=\"padding-right:0px;padding-left:6px;\"><p><strong>Stupanj za\u0161tite<\/strong><strong> \/ Schutzstellung<br \/>\n<\/strong>&#8211;<\/p>\n<hr \/>\n<p><strong>Info<\/strong><\/p>\n<p>Der Fu\u00dfballklub &#8218;Vatra&#8216; wurde am 30. April 1937 gegr\u00fcndet und erreichte 1960 das Finale der Hvarer Fu\u00dfballmeisterschaft.<\/p><\/div><\/div><div class='clear_column'><\/div><div class='content-column one_half'><div style=\"padding-right:6px;\"><p>Gasi se krajem 1960-ih, a po\u010detkom 1970-ih se dio mje\u0161tana priklju\u010duje mom\u010dadi Sloge iz Zastra\u017ei\u0161\u0107a, s kojom udru\u017eeni 1979. osvajaju i prvenstvo otoka Hvara. U Poljicima je postojalo igrali\u0161te kod crkve, a utakmice je Vatra kao doma\u0107in igrala u Jelsi.<\/p><\/div><\/div><div class='content-column one_half last_column'><div style=\"padding-right:0px;padding-left:6px;\"><p>Der Verein wurde Ende der 1960er Jahre gel\u00f6scht und Anfang der 1970er Jahre traten einige Einheimische dem Sloga-Team aus Zastra\u017ei\u0161\u0107e bei, mit dem sie 1979 auch die Meisterschaft der Insel Hvar gewannen. In Poljica gab es neben der Kirche einen Spielplatz, und Vatra spielte als Gastgeber die Spiele in Jelsa.<\/p><\/div><\/div><div class='clear_column'><\/div><div class='content-column one_half'><div style=\"padding-right:6px;\"><p>Klub je ponovno obnovljen 14. rujna 1997. godine. Do\u0161av\u0161i ponovno do finala 2003. i 2010. godine, NK \u2018Vatra\u2019 napokon je osvojio prvenstvo Hvara 2021. Kako bi pokrili tro\u0161kove kluba, \u010dlanovi koriste svaku priliku za prikupljanje sredstava, poput \u010di\u0161\u0107enja lokalnih staza i kuhanja dalmatinskih specijaliteta na \u0161tandu za vrijeme jel\u0161anske \u201dFe\u0161te vina\u201d.<\/p><\/div><\/div><div class='content-column one_half last_column'><div style=\"padding-right:0px;padding-left:6px;\"><p>Der Club wurde am 14. September 1997 wieder ins Leben gerufen. &#8218;Vatra&#8216; erreichte das Finale 2003 und 2010 und gewann 2021 schlie\u00dflich die Meisterschaft auf Hvar. Mitglieder nutzen jede Gelegenheit, um Spenden zu sammeln, wie z. B. das S\u00e4ubern lokaler Pfade und das Kochen dalmatinischer Spezialit\u00e4ten am Stand w\u00e4hrend des Jelsa &#8222;Weinfestivals&#8220;.<\/p><\/div><\/div><div class='clear_column'><\/div><\/p>\n<p style=\"text-align: center;\"><em>(Izvor: \/ Quelle: <span style=\"color: #3366ff;\"><a style=\"color: #3366ff;\" href=\"https:\/\/tzjelsa.hr\/hr\/destinacija\/poljica\/\">TZ Jelsa<\/a><\/span>)<\/em><\/p>\n<p><img loading=\"lazy\" decoding=\"async\" class=\"aligncenter wp-image-56804 size-thumbnail\" src=\"https:\/\/www.topohvar.at\/wp-content\/uploads\/2022\/01\/po-on-02-10-150x150.jpg\" alt=\"\" width=\"150\" height=\"150\" srcset=\"https:\/\/www.topohvar.at\/wp-content\/uploads\/2022\/01\/po-on-02-10-150x150.jpg 150w, https:\/\/www.topohvar.at\/wp-content\/uploads\/2022\/01\/po-on-02-10.jpg 280w\" sizes=\"auto, (max-width: 150px) 100vw, 150px\" \/><\/p>\n<p style=\"text-align: right;\"><span style=\"color: #3366ff;\"><a style=\"color: #3366ff;\" href=\"#seite_oben\">natrag na vrh \/ Seitenanfang<\/a><\/span><\/p>\n<hr \/>\n<p><strong>Linkovi \/ Links<\/strong><\/p>\n<p><span style=\"color: #3366ff;\">&#8211;<\/span><\/p>\n","protected":false},"excerpt":{"rendered":"<p>Ime \/ Name Objekt \u00bbHNK Vatra Poljica\u00ab \/ Fu\u00dfballverein Vatra Poljica Code: PO-ON-02\u00a0 \u00a0 \u00a0 \u00a0 \u00a0 \u00a0 \u00a0 \u00a0 \u00a0 \u00a0 \u00a0 \u00a0 \u00a0 \u00a0 \u00a0 \u00a0 \u00a0 \u00a0 \u00a0 \u00a0 \u00a0 Adresa \/ Adresse Poljica Lokacija \/ Position &hellip; <a href=\"https:\/\/www.topohvar.at\/topo\/orte\/po\/po-on-02-1\/\">Weiterlesen <span class=\"meta-nav\">&rarr;<\/span><\/a><\/p>\n","protected":false},"author":1,"featured_media":0,"parent":91,"menu_order":0,"comment_status":"closed","ping_status":"closed","template":"","meta":{"footnotes":""},"class_list":["post-56799","page","type-page","status-publish","hentry"],"_links":{"self":[{"href":"https:\/\/www.topohvar.at\/topo\/wp-json\/wp\/v2\/pages\/56799","targetHints":{"allow":["GET"]}}],"collection":[{"href":"https:\/\/www.topohvar.at\/topo\/wp-json\/wp\/v2\/pages"}],"about":[{"href":"https:\/\/www.topohvar.at\/topo\/wp-json\/wp\/v2\/types\/page"}],"author":[{"embeddable":true,"href":"https:\/\/www.topohvar.at\/topo\/wp-json\/wp\/v2\/users\/1"}],"replies":[{"embeddable":true,"href":"https:\/\/www.topohvar.at\/topo\/wp-json\/wp\/v2\/comments?post=56799"}],"version-history":[{"count":10,"href":"https:\/\/www.topohvar.at\/topo\/wp-json\/wp\/v2\/pages\/56799\/revisions"}],"predecessor-version":[{"id":72347,"href":"https:\/\/www.topohvar.at\/topo\/wp-json\/wp\/v2\/pages\/56799\/revisions\/72347"}],"up":[{"embeddable":true,"href":"https:\/\/www.topohvar.at\/topo\/wp-json\/wp\/v2\/pages\/91"}],"wp:attachment":[{"href":"https:\/\/www.topohvar.at\/topo\/wp-json\/wp\/v2\/media?parent=56799"}],"curies":[{"name":"wp","href":"https:\/\/api.w.org\/{rel}","templated":true}]}}