{"id":56843,"date":"2022-01-27T19:00:26","date_gmt":"2022-01-27T18:00:26","guid":{"rendered":"https:\/\/www.topohvar.at\/topo\/?page_id=56843"},"modified":"2022-01-27T19:16:28","modified_gmt":"2022-01-27T18:16:28","slug":"hv-cw-00-1","status":"publish","type":"page","link":"https:\/\/www.topohvar.at\/topo\/orte\/hv\/hv-cw-00-1\/","title":{"rendered":"HVAR &#8211; 14 postaja kri\u017enoga puta"},"content":{"rendered":"<p><a name=\"seite_oben\"><\/a><br \/>\n<img loading=\"lazy\" decoding=\"async\" class=\"alignnone wp-image-56845 size-full\" src=\"https:\/\/www.topohvar.at\/wp-content\/uploads\/2022\/01\/sg-cw-00-1.jpg\" alt=\"\" width=\"640\" height=\"314\" srcset=\"https:\/\/www.topohvar.at\/wp-content\/uploads\/2022\/01\/sg-cw-00-1.jpg 640w, https:\/\/www.topohvar.at\/wp-content\/uploads\/2022\/01\/sg-cw-00-1-300x147.jpg 300w\" sizes=\"auto, (max-width: 640px) 100vw, 640px\" \/><\/p>\n<p><strong>Ime \/ Name<br \/>\n<\/strong>14 postaja kri\u017enoga puta \/ die 14 Kreuzwegstationen<\/p>\n<p><strong>Code: <\/strong>HV-CW-00\u00a0 \u00a0 \u00a0 \u00a0 \u00a0 \u00a0 \u00a0 \u00a0 \u00a0 \u00a0 \u00a0 \u00a0 \u00a0 \u00a0 \u00a0 \u00a0 \u00a0 \u00a0 <a href=\"https:\/\/www.topohvar.at\/hv-cp-01-1\/\"><img loading=\"lazy\" decoding=\"async\" class=\"alignnone wp-image-12300 size-full\" src=\"https:\/\/www.topohvar.at\/wp-content\/uploads\/2018\/09\/push-vor-30.jpg\" alt=\"\" width=\"61\" height=\"30\" \/><\/a>\u00a0<strong><a href=\"https:\/\/www.topohvar.at\/orte\/hv\/hv-cw-14-1\/\"><img loading=\"lazy\" decoding=\"async\" class=\"alignnone wp-image-533 size-full\" src=\"https:\/\/www.topohvar.at\/wp-content\/uploads\/2018\/07\/push-l-30.jpg\" alt=\"\" width=\"61\" height=\"30\" \/><\/a> <a href=\"https:\/\/www.topohvar.at\/orte\/hv\/\"><img loading=\"lazy\" decoding=\"async\" class=\"alignnone wp-image-535 size-full\" src=\"https:\/\/www.topohvar.at\/wp-content\/uploads\/2018\/07\/push-o-30.jpg\" alt=\"\" width=\"61\" height=\"30\" \/><\/a> <a href=\"https:\/\/www.topohvar.at\/orte\/hv\/hv-cw-01-1\/\"><img loading=\"lazy\" decoding=\"async\" class=\"alignnone wp-image-536 size-full\" src=\"https:\/\/www.topohvar.at\/wp-content\/uploads\/2018\/07\/push-r-30.jpg\" alt=\"\" width=\"61\" height=\"30\" \/><\/a>\u00a0<a href=\"https:\/\/www.topohvar.at\/hv-cp-01-1\/\"><img loading=\"lazy\" decoding=\"async\" class=\"alignnone wp-image-12299 size-full\" src=\"https:\/\/www.topohvar.at\/wp-content\/uploads\/2018\/09\/push-next-30.jpg\" alt=\"\" width=\"61\" height=\"30\" \/><\/a><\/strong><\/p>\n<hr \/>\n<p><strong>Adresa \/ Adresse<br \/>\n<\/strong>Grad Hvar, \u0160etali\u0161te put Kri\u017ea &#8211; ulica Kroz Burak<\/p>\n<p><strong>Lokacija \/ Position<a href=\"https:\/\/goo.gl\/maps\/ik9ZxjzZETcWMNoB8\"><img loading=\"lazy\" decoding=\"async\" class=\"alignright wp-image-56844\" src=\"https:\/\/www.topohvar.at\/wp-content\/uploads\/2022\/01\/3386-1.jpg\" alt=\"\" width=\"134\" height=\"100\" \/><\/a><br \/>\n<\/strong><a href=\"https:\/\/goo.gl\/maps\/ik9ZxjzZETcWMNoB8\"><span style=\"color: #3366ff;\">Latitude: N 43,169\u00b0\u00a0 \u00a0Longitude: E 16,442\u00b0 <\/span><\/a><strong><br \/>\n<\/strong>Visina \/ H\u00f6he: 5 m<\/p>\n<p><strong>Katastarska \u010destica<\/strong><strong> \/ Grundst\u00fccke<br \/>\n<\/strong>3903<div class='content-column one_half'><div style=\"padding-right:6px;\"><p><strong>Datum snimanja \/ Erfassungsdatum<br \/>\n<\/strong>23.05.2013 12:00:00<\/p>\n<hr \/>\n<p><strong>Informacije<\/strong><\/p>\n<p>2007. g. je po\u010dela obnova kapelica kri\u017enoga puta koje su po\u010detkom 18. stolje\u0107a sagra\u0111ene u javnom prostoru od starog dijela grada, zvanog \u201cBurak\u201d, do crkve franjeva\u010dkog samostana. Kapelice su desetlje\u0107ima bile zanemarene i zapu\u0161tene, osobito za komunisti\u010dkog re\u017eima, a inicijativa za njihovu obnovu potekla je od \u010dlanova bratov\u0161tine Sv. Kri\u017ea, koja u Hvaru djeluje ve\u0107 pet stolje\u0107a i jo\u0161 uvijek je \u017eiva i djelatna.<\/p><\/div><\/div><div class='content-column one_half last_column'><div style=\"padding-right:0px;padding-left:6px;\"><p><strong>Stupanj za\u0161tite<\/strong><strong> \/ Schutzstellung<br \/>\n<\/strong>&#8211;<\/p>\n<hr \/>\n<p><strong>Info<\/strong><\/p>\n<p>2007 begann die Renovierung der Kreuzkapellen, die Anfang des 18. Jahrhunderts am \u00f6ffentlichen Weg, der von der Altstadt, genannt \u201eBurak\u201c, zur Kirche des Franziskanerklosters f\u00fchrt, errichtet wurden. Die Kapellen wurden jahrzehntelang vernachl\u00e4ssigt, insbesondere w\u00e4hrend des kommunistischen Regimes. Die Initiative f\u00fcr ihre Restaurierung ging von Mitgliedern der Bruderschaft zum Heiliges Kreuz aus, die es seit f\u00fcnf Jahrhunderten in Hvar gibt und die immer noch lebt und aktiv ist.<\/p><\/div><\/div><div class='clear_column'><\/div><div class='content-column one_half'><div style=\"padding-right:6px;\"><p>U organizaciji oko po\u010detka obnove osobito se istaknuo bratim Ivo Vu\u010deti\u0107. Radove \u0107e financirati gradska vlast i vjernici svojim dobrovoljnim prilozima. Majstorski dio posla obavit \u0107e zacijelo najbolji majstor-zidar u kamenu na otoku Bare Vrankovi\u0107, koji je do sada izgradio nekoliko novih i obnovio vi\u0161e starih crkava i vjerskih objekata<\/p><\/div><\/div><div class='content-column one_half last_column'><div style=\"padding-right:0px;padding-left:6px;\"><p>Die Br\u00fcder Ivo Vu\u010deti\u0107 ragten zu Beginn des Wiederaufbaus in der Organisation heraus. Die Arbeiten werden von der Stadtverwaltung und den Gl\u00e4ubigen mit ihren freiwilligen Beitr\u00e4gen finanziert. Der meisterhafte Teil der Arbeit wird wahrscheinlich vom besten Steinmetzmeister der Insel Bare Vrankovi\u0107 ausgef\u00fchrt, der bisher mehrere neue gebaut und mehrere alte Kirchen und religi\u00f6se Geb\u00e4ude renoviert hat.<\/p><\/div><\/div><div class='clear_column'><\/div><div class='content-column one_half'><div style=\"padding-right:6px;\"><p>Uz gradsku vlast potporu obnovi dali su i hvarsko-bra\u010dko-vi\u0161ki biskup Slobodan \u0160tambuk, \u017eupnik don Mili Plenkovi\u0107, Muzej hvarske ba\u0161tine i Jadranka Kuko\u010d iz Odsjeka za ure\u0111enje grada. Raduje \u010dinjenica \u0161to \u0107e se nakon ure\u0111enja kapelica obnoviti i pobo\u017enost kri\u017enoga puta, koja se uz ove kapelice odr\u017eavala od po\u010detka 18. stolje\u0107a do 1920-ih godina.<\/p><\/div><\/div><div class='content-column one_half last_column'><div style=\"padding-right:0px;padding-left:6px;\"><p>Neben der Stadtverwaltung unterst\u00fctzten auch der Bischof von Hvar-Bra\u010d-Vis, Slobodan \u0160tambuk, der Pfarrer Don Mili Plenkovi\u0107, das Heimatmuseum Hvar und Jadranka Kuko\u010d vom Amt f\u00fcr Stadtplanung den Wiederaufbau. Erfreulicherweise wird nach der Ausschm\u00fcckung der Kapellen die Andacht zum Kreuzweg wiederhergestellt, die neben diesen Kapellen vom Beginn des 18. Jahrhunderts bis in die 1920er Jahre stattfand.<\/p><\/div><\/div><div class='clear_column'><\/div><\/p>\n<p style=\"text-align: center;\"><em>(Izvor: \/ Quelle: <span style=\"color: #3366ff;\"><a style=\"color: #3366ff;\" href=\"https:\/\/ika.hkm.hr\/novosti\/obnova-kapelica-kriznog-puta-u-hvaru\/\">Informativna Katoli\u010dka Agencija<\/a>)<\/span><\/em><\/p>\n<hr \/>\n<div class='content-column one_half'><div style=\"padding-right:6px;\"><p style=\"text-align: center;\"><strong><span style=\"color: #3366ff;\"><a style=\"color: #3366ff;\" href=\"https:\/\/www.topohvar.at\/topo\/orte\/hv\/hv-cw-01-1\/\">Do prve stanice<\/a><\/span><\/strong><\/p><\/div><\/div><div class='content-column one_half last_column'><div style=\"padding-right:0px;padding-left:6px;\"><p style=\"text-align: center;\"><span style=\"color: #3366ff;\"><strong><a style=\"color: #3366ff;\" href=\"https:\/\/www.topohvar.at\/topo\/orte\/hv\/hv-cw-01-1\/\">Zur ersten Station<\/a><\/strong><\/span><\/p><\/div><\/div><div class='clear_column'><\/div><\/p>\n<p style=\"text-align: right;\"><span style=\"color: #3366ff;\"><a style=\"color: #3366ff;\" href=\"#seite_oben\">natrag na vrh \/ Seitenanfang<\/a><\/span><\/p>\n<hr \/>\n<p><strong>Linkovi \/ Links<\/strong><\/p>\n<p><span style=\"color: #3366ff;\"><a style=\"color: #3366ff;\" href=\"https:\/\/www.topohvar.at\/orte\/hv\/hv-is-31-1\/\">Legenda o nastanku kapelica kri\u017enog puta \/ Legende von der Entstehung der Kreuzwegkapellen.<\/a><\/span><\/p>\n","protected":false},"excerpt":{"rendered":"<p>Ime \/ Name 14 postaja kri\u017enoga puta \/ die 14 Kreuzwegstationen Code: HV-CW-00\u00a0 \u00a0 \u00a0 \u00a0 \u00a0 \u00a0 \u00a0 \u00a0 \u00a0 \u00a0 \u00a0 \u00a0 \u00a0 \u00a0 \u00a0 \u00a0 \u00a0 \u00a0 \u00a0 \u00a0 Adresa \/ Adresse Grad Hvar, \u0160etali\u0161te put Kri\u017ea &hellip; <a href=\"https:\/\/www.topohvar.at\/topo\/orte\/hv\/hv-cw-00-1\/\">Weiterlesen <span class=\"meta-nav\">&rarr;<\/span><\/a><\/p>\n","protected":false},"author":1,"featured_media":0,"parent":80,"menu_order":0,"comment_status":"closed","ping_status":"closed","template":"","meta":{"footnotes":""},"class_list":["post-56843","page","type-page","status-publish","hentry"],"_links":{"self":[{"href":"https:\/\/www.topohvar.at\/topo\/wp-json\/wp\/v2\/pages\/56843","targetHints":{"allow":["GET"]}}],"collection":[{"href":"https:\/\/www.topohvar.at\/topo\/wp-json\/wp\/v2\/pages"}],"about":[{"href":"https:\/\/www.topohvar.at\/topo\/wp-json\/wp\/v2\/types\/page"}],"author":[{"embeddable":true,"href":"https:\/\/www.topohvar.at\/topo\/wp-json\/wp\/v2\/users\/1"}],"replies":[{"embeddable":true,"href":"https:\/\/www.topohvar.at\/topo\/wp-json\/wp\/v2\/comments?post=56843"}],"version-history":[{"count":6,"href":"https:\/\/www.topohvar.at\/topo\/wp-json\/wp\/v2\/pages\/56843\/revisions"}],"predecessor-version":[{"id":56853,"href":"https:\/\/www.topohvar.at\/topo\/wp-json\/wp\/v2\/pages\/56843\/revisions\/56853"}],"up":[{"embeddable":true,"href":"https:\/\/www.topohvar.at\/topo\/wp-json\/wp\/v2\/pages\/80"}],"wp:attachment":[{"href":"https:\/\/www.topohvar.at\/topo\/wp-json\/wp\/v2\/media?parent=56843"}],"curies":[{"name":"wp","href":"https:\/\/api.w.org\/{rel}","templated":true}]}}