{"id":56869,"date":"2022-01-28T16:44:03","date_gmt":"2022-01-28T15:44:03","guid":{"rendered":"https:\/\/www.topohvar.at\/topo\/?page_id=56869"},"modified":"2022-01-28T16:44:25","modified_gmt":"2022-01-28T15:44:25","slug":"hv-aa-02-1","status":"publish","type":"page","link":"https:\/\/www.topohvar.at\/topo\/orte\/hv\/hv-aa-02-1\/","title":{"rendered":"HVAR &#8211; Hvarska biskupija"},"content":{"rendered":"<p><a name=\"seite_oben\"><\/a><\/p>\n<div id=\"attachment_56870\" style=\"width: 1090px\" class=\"wp-caption alignnone\"><img loading=\"lazy\" decoding=\"async\" aria-describedby=\"caption-attachment-56870\" class=\"wp-image-56870 size-full\" src=\"https:\/\/www.topohvar.at\/wp-content\/uploads\/2022\/01\/hv-aa-02-2.jpg\" alt=\"\" width=\"1080\" height=\"530\" srcset=\"https:\/\/www.topohvar.at\/wp-content\/uploads\/2022\/01\/hv-aa-02-2.jpg 1080w, https:\/\/www.topohvar.at\/wp-content\/uploads\/2022\/01\/hv-aa-02-2-300x147.jpg 300w, https:\/\/www.topohvar.at\/wp-content\/uploads\/2022\/01\/hv-aa-02-2-1024x503.jpg 1024w, https:\/\/www.topohvar.at\/wp-content\/uploads\/2022\/01\/hv-aa-02-2-768x377.jpg 768w\" sizes=\"auto, (max-width: 1080px) 100vw, 1080px\" \/><p id=\"caption-attachment-56870\" class=\"wp-caption-text\">Grb Petra Pali\u0107a kao hvarskog biskupa \/ Wappen des Petar Pali\u0107 als Bischof von Hvar<\/p><\/div>\n<p><strong>Ime \/ Name<br \/>\n<\/strong>Hvarska biskupija \/ Di\u00f6zese Hvar<\/p>\n<p><strong>Code: <\/strong>HV-AA-02\u00a0 \u00a0 \u00a0 \u00a0 \u00a0 \u00a0 \u00a0 \u00a0 \u00a0 \u00a0 \u00a0 \u00a0 \u00a0 \u00a0 \u00a0 \u00a0 \u00a0 \u00a0 \u00a0 \u00a0\u00a0<strong> <a href=\"https:\/\/www.topohvar.at\/topo\/orte\/hv\/hv-aa-01-1\/\"><img loading=\"lazy\" decoding=\"async\" class=\"alignnone wp-image-533 size-full\" src=\"https:\/\/www.topohvar.at\/wp-content\/uploads\/2018\/07\/push-l-30.jpg\" alt=\"\" width=\"61\" height=\"30\" \/><\/a> <a href=\"https:\/\/www.topohvar.at\/orte\/hv\/\"><img loading=\"lazy\" decoding=\"async\" class=\"alignnone wp-image-535 size-full\" src=\"https:\/\/www.topohvar.at\/wp-content\/uploads\/2018\/07\/push-o-30.jpg\" alt=\"\" width=\"61\" height=\"30\" \/><\/a> <a href=\"https:\/\/www.topohvar.at\/topo\/orte\/hv\/hv-ai-01-1\/\"><img loading=\"lazy\" decoding=\"async\" class=\"alignnone wp-image-536 size-full\" src=\"https:\/\/www.topohvar.at\/wp-content\/uploads\/2018\/07\/push-r-30.jpg\" alt=\"\" width=\"61\" height=\"30\" \/><\/a> <a href=\"https:\/\/www.topohvar.at\/topo\/orte\/hv\/hv-au-10-1\/\"><img loading=\"lazy\" decoding=\"async\" class=\"alignnone wp-image-12299 size-full\" src=\"https:\/\/www.topohvar.at\/wp-content\/uploads\/2018\/09\/push-next-30.jpg\" alt=\"\" width=\"61\" height=\"30\" \/><\/a> <\/strong><\/p>\n<hr \/>\n<p><strong>Adresa \/ Adresse<br \/>\n<\/strong>Otoci Bra\u010d, Hvar i Vis \/ die Inseln Bra\u010d, Hvar und Vis<\/p>\n<p><strong>Datum snimanja \/ Erfassungsdatum<br \/>\n<\/strong>20.01.2022 16:00:00<\/p>\n<hr \/>\n<div class='content-column one_half'><div style=\"padding-right:6px;\"><p><strong>Hvarska biskupija<\/strong><\/p>\n<p>Hvarska biskupija obuhva\u0107a tri srednjodalmatinska otoka: Bra\u010d, Hvar i Vis te niz manjih otoka (\u0160\u0107edro, Pakleni otoci, Bi\u0161evo, Svetac, Palagru\u017ea\u2026). Biskupija je ustanovljena sredinom 12. stolje\u0107a, kada su se ti otoci nalazili pod vla\u0161\u0107u Venecije, koja je nastojala prekinuti veze svojih teritorija od onih pod vla\u0161\u0107u hrvatsko-ugarskih kraljeva. Zato su na poticaj Venecije Hvarani i Bra\u010dani istjerali arhiprezbitera Cernatu, koji je upravljao tim otocima u ime splitskog nadbiskupa, te su za svoga prvog biskupa izabrali Zadranina Martina I. Manzavina.<\/p><\/div><\/div><div class='content-column one_half last_column'><div style=\"padding-right:0px;padding-left:6px;\"><p><strong>Di\u00f6zese Hvar<\/strong><\/p>\n<p>Die Di\u00f6zese Hvar umfasst drei mitteldalmatinische Inseln: Bra\u010d, Hvar und Vis sowie eine Reihe kleinerer Inseln (\u0160\u0107edro, Pakleni-Inseln, Bi\u0161evo, Svetac, Palagru\u017ea). Die Di\u00f6zese wurde Mitte des 12. Jahrhunderts gegr\u00fcndet, als diese Inseln unter der Herrschaft Venedigs standen, das versuchte, die Bindungen zwischen seinen Territorien und denen unter der Herrschaft der kroatisch-ungarischen K\u00f6nige zu l\u00f6sen. Daher vertrieb die Bev\u00f6lkerung von Hvar und Bra\u010d auf Betreiben Venedigs den Erzbischof Cernatu, der diese Inseln im Auftrag des Erzbischofs von Split regierte. Sie w\u00e4hlten Martin I. Manzavin aus Zadar zu ihrem ersten Bischof.<\/p><\/div><\/div><div class='clear_column'><\/div><div class='content-column one_half'><div style=\"padding-right:6px;\"><p>Papa Anastazije IV. podvrgnuo je Hvarsku biskupiju bulom od 17. listopada 1154. novoosnovanoj nadbiskupiji u Zadru. Splitski nadbiskup \u017ealio se na tu odredbu, pa je status Hvarske biskupije razrije\u0161io crkveni sabor u Splitu. Zaklju\u010dkom od 10. svibnja 1185. hvarski je biskup, podvrgnut Splitskoj metropoliji, imao stolovati u Hvaru, a jurisdikcija mu je obuhva\u0107ala Bra\u010d, Hvar, Vis, Kor\u010dulu, Lastovo, Mljet i cijelu makarsku krajinu. No ta odluka nije odmah ispo\u0161tovana, pa je hvarski biskup postao sufragan splitskom od imenovanja dotada\u0161njeg splitskog kanonika Mihe I. Picijeva hvarskim biskupom 1198. godine.<\/p><\/div><\/div><div class='content-column one_half last_column'><div style=\"padding-right:0px;padding-left:6px;\"><p>Papst Anastasius IV. unterstellte am 17. Oktober 1154 die Di\u00f6zese Hvar der neu gegr\u00fcndeten Erzdi\u00f6zese Zadar. Der Erzbischof von Split legte gegen diese Bestimmung Berufung ein, sodass der Status der Di\u00f6zese Hvar vom Kirchenrat in Split beschlossen wurde. Am Ende des 10. Mai 1185 hatte der Bischof von Hvar, der der Metropole Split unterworfen war, seinen Sitz in Hvar . Seine Gerichtsbarkeit umfasste Bra\u010d, Hvar, Vis, Kor\u010dula, Lastovo, Mljet und die gesamte Region Makarska. Diese Entscheidung wurde jedoch nicht sofort respektiert, so dass der Bischof von Hvar seit der Ernennung des damaligen Split-Kanons Miha I. Picijev zum Bischof von Hvar im Jahr 1198 zum Weihbischof von Split wurde.<\/p><\/div><\/div><div class='clear_column'><\/div><div class='content-column one_half'><div style=\"padding-right:6px;\"><p>Kada se Hvar opet odlu\u010dio podvrgnuti Veneciji, plemi\u0107i i pu\u010dani odlu\u010dili su 5. velja\u010de 1278. imenovati poslanikom biskupa \u0160imuna. On je u ime svih stanovnika Hvara podlo\u017eio otok i biskupiju mleta\u010dkomu du\u017edu.<\/p><\/div><\/div><div class='content-column one_half last_column'><div style=\"padding-right:0px;padding-left:6px;\"><p>Als Hvar erneut beschloss, sich Venedig zu unterwerfen, beschlossen die Adligen und B\u00fcrgerlichen am 5. Februar 1278, Bischof Simon als Gesandten zu ernennen. Im Namen aller Einwohner von Hvar \u00fcbergab er die Insel und die Di\u00f6zese dem venezianischen Dogen.<\/p><\/div><\/div><div class='clear_column'><\/div><div class='content-column one_half'><div style=\"padding-right:6px;\"><p>Po\u010detkom 14. st. Kor\u010dula postaje zasebna biskupija, Mljet potpada pod Dubrova\u010dku biskupiju, a oko 1370. ponovno se uspostavlja i Makarska biskupija, \u010dime je teritorij Hvarske biskupije sveden na dana\u0161nje granice. Od znamenitih biskupa treba istaknuti Tomu Tomasinija (1423. \u20131466.), diplomata koji je djelovao kao apostolski legat u Bosni. Od njegovog vremena zapo\u010dinje i razdoblje kada biskupi nisu rezidirali u Hvaru, ve\u0107 su iz Rima ili kojeg drugog ve\u0107eg sredi\u0161ta upravljali biskupijom preko vikara. U tome razdoblju dvojica su hvarskih biskupa bili i kardinali \u2013 dr. Ivan Krstitelj Pallavicini (1523. \u2013 1574.) i Zaharija II. Delfino (1552. \u2013 1574.).<\/p><\/div><\/div><div class='content-column one_half last_column'><div style=\"padding-right:0px;padding-left:6px;\"><p>Zu Beginn des 14. Jahrhunderts wurde Kor\u010dula eine eigenst\u00e4ndige Di\u00f6zese, Mljet fiel unter die Di\u00f6zese Dubrovnik und um 1370 wurde die Di\u00f6zese Makarska neu gegr\u00fcndet, wodurch das Gebiet der Di\u00f6zese Hvar auf die heutigen Grenzen reduziert wurde. Zu den ber\u00fchmten Bisch\u00f6fen geh\u00f6rt Toma Tomasini (1423\u20131466), ein Diplomat, der als apostolischer Legat in Bosnien t\u00e4tig war. Aus seiner Zeit beginnt die Zeit, als die Bisch\u00f6fe nicht in Hvar residierten, sondern von Rom oder einem anderen wichtigen Zentrum aus die Di\u00f6zese durch den Vikar verwalteten. Damals waren zwei Bisch\u00f6fe von Hvar auch Kardin\u00e4le \u2013 Dr. Johannes der T\u00e4ufer Pallavicini (1523 \u2013 1574) und Zacharias II. Delfino (1552 &#8211; 1574).<\/p><\/div><\/div><div class='clear_column'><\/div><div class='content-column one_half'><div style=\"padding-right:6px;\"><p>Tridentski koncil prisilio je biskupe da rezidiraju u svojim biskupijama, \u0161to su hvarski biskupi i \u010dinili od vremena Martina II. de Martinisa (1574. \u2013 1581.). Do pada Mleta\u010dke Republike treba istaknuti jo\u0161 neke znamenite biskupe: Zadranin Petar I. Cedulin (1581. \u2013 1634.) zaslu\u017ean je za intenziviranje radova na dovr\u0161etku katedrale; Nikola IV. Zorzi (1635. \u2013 1644.) prvi je Hvaranin na hvarskoj biskupskoj stolici; Trogiranin Ivan II. Andreis (1667. \u2013 1676.) nabavio je relikvije gradskog i biskupijskog suza\u0161titnika sv. Pro\u0161pera; Rajmund Asperti (1704. \u2013 1722.) iz Bergama posvetio je katedralu 11. srpnja 1706.; Cezar Bonaiuti (1736. \u2013 1759.) dao je dovr\u0161iti pro\u010delje katedrale, te sagraditi dvoranu Kaptolske knji\u017enice; Zadranin Ivan Dominik Stratico bio je poznati prosvjetitelj.<\/p><\/div><\/div><div class='content-column one_half last_column'><div style=\"padding-right:0px;padding-left:6px;\"><p>Das Konzil von Trient zwang die Bisch\u00f6fe, in ihren Di\u00f6zesen zu wohnen, was die Bisch\u00f6fe von Hvar seit Martin II. de Martinisa (1574 &#8211; 1581) auch machen. Bis zum Untergang der venezianischen Republik sind noch einige andere ber\u00fchmte Bisch\u00f6fe hervorzuheben: Peter I. Cedulin aus Zadar (1581-1634) war verantwortlich f\u00fcr die Intensivierung der Arbeiten zur Vollendung der Kathedrale; Nikolaus IV. Zorzi (1635 &#8211; 1644) war der erste Einwohner von Hvar, der den Hvarer Bischofssitz innehatte; Iwan II. von Trogir Andreis (1667 &#8211; 1676) erwarb die Reliquien des Stadt- und Di\u00f6zesanpatrons des hl. Prosper; Raimund Asperti (1704-1722) aus Bergamo weihte die Kathedrale am 11. Juli 1706; Caesar Bonaiuti (1736 &#8211; 1759) lie\u00df die Fassade der Kathedrale fertigstellen und den Saal der Kaptolbibliothek erbauen; Ivan Dominik Stratico aus Zadar war ein ber\u00fchmter P\u00e4dagoge.<\/p><\/div><\/div><div class='clear_column'><\/div><div class='content-column one_half'><div style=\"padding-right:6px;\"><p>Krajem 18. i po\u010detkom 19. st. izmjenjuju se francuska i austrijska uprava. Nakon smrti biskupa An\u0111ela Petra Gallija (1801. \u2013 1812.) nije imenovan novi biskup pa su deset godina biskupijom upravljali kaptolski vikari. Kona\u010dno je 1822. biskupom imenovan zaslu\u017eni Trogiranin Ivan III. Skakoc (do 1837.), koji \u0107e kasnije utemeljiti Zakladu Skakoc za odgoj klera. Kada je zbog dr\u017eavnih promjena papa Leon XII. bulom \u201eLocum Beati Petri\u201c od 30. lipnja 1828. li\u0161io metropolitanske \u010dasti splitsku crkvu i podlo\u017eio je Zadarskoj nadbiskupiji, postao je i hvarski biskup sufraganom zadarskog nadbiskupa.<\/p><\/div><\/div><div class='content-column one_half last_column'><div style=\"padding-right:0px;padding-left:6px;\"><p>Ende des 18. und Anfang des 19. Jahrhunderts wechselten sich die franz\u00f6sische und die \u00f6sterreichische Verwaltung ab. Nach dem Tod von Bischof Angel Peter Galli (1801\u20131812) wurde kein neuer Bischof ernannt, sodass die Di\u00f6zese zehn Jahre lang von Kapitolvikaren regiert wurde. Schlie\u00dflich wurde 1822 der verdiente Iwan III. Skakoc\u00a0 von Trogir zum Bischof ernannt (bis 1837). Sp\u00e4ter gr\u00fcndete er die Skakoc-Stiftung f\u00fcr die Ausbildung des Klerus. Aufgrund von Staats\u00e4nderungen entzog Papst Leo XII. mit der Bulle \u201eLocum Beati Petri\u201c vom 30. Juni 1828 der Spliter Kirche ihren metropolitanen Status und unterstellte sie der Erzdi\u00f6zese Zadar. Er wurde auch Bischof von Hvar als Weihbischof des Erzbischofs von Zadar.<\/p><\/div><\/div><div class='clear_column'><\/div><div class='content-column one_half'><div style=\"padding-right:6px;\"><p>Devetnaesto stolje\u0107e obilje\u017eili su biskupi Juraj II. Dubokovi\u0107 (1866. \u2013 1874.) iz Pitava, zapam\u0107en po obnovi brojnih crkvi i karitativnom radu i Fulgencije Carev (1888. \u2013 1901.) iz Ka\u0161tel Gomilice, raniji skopski nadbiskup, koji je nabavio relikviju glave sv. Stjepana I., za\u0161titnika biskupije, od mleta\u010dkog patrijarha Josipa Sarta (kasnijeg pape sv. Pija X.), a umro je na glasu svetosti.<\/p><\/div><\/div><div class='content-column one_half last_column'><div style=\"padding-right:0px;padding-left:6px;\"><p>Das neunzehnte Jahrhundert wurde von diesen Bisch\u00f6fen gepr\u00e4gt: Georg II. Dubokovi\u0107 (1866 &#8211; 1874) aus Pitve, bekannt f\u00fcr die Restaurierung zahlreicher Kirchen und Fulgencije Carev (1888 &#8211; 1901) aus Ka\u0161tel Gomilica, ehemaliger Erzbischof von Skopje, der die Reliquie des Hauptes des hl. Stephan I., Schutzpatron der Di\u00f6zese, vom venezianischen Patriarchen Joseph Sartus (sp\u00e4ter Papst St. Pius X.) erwarb und im Zeichen der Heiligkeit starb.<\/p><\/div><\/div><div class='clear_column'><\/div><div class='content-column one_half'><div style=\"padding-right:6px;\"><p>Od konca Prvoga svjetskog rata do 1969., Hvarska biskupija, poput drugih dalmatinskih, neposredno je podvrgnuta Svetoj Stolici. Otkazani konkordat iz 1935., po kome je Splitska biskupija imala biti podignuta na rang nadbiskupije i metropolije cijele Dalmacije, predvi\u0111ao je da i Hvar ponovno potpadne pod splitskog nadbiskupa. U tom vremenu djeluje biskup Miho Pu\u0161i\u0107 (1926. \u2013 1968.), jedan od predvodnika liturgijskog pokreta u Hrvatskoj. Kao upravitelj Zadarske nadbiskupije od 1948. do 1950. dobio je titulu nadbiskupa ad personam.<\/p><\/div><\/div><div class='content-column one_half last_column'><div style=\"padding-right:0px;padding-left:6px;\"><p>Vom Ende des Ersten Weltkriegs bis 1969 war die Di\u00f6zese Hvar wie andere dalmatinische Di\u00f6zesen direkt dem Heiligen Stuhl unterstellt. Das gek\u00fcndigte Konkordat von 1935, wonach die Di\u00f6zese Split in den Rang einer Erzdi\u00f6zese und Metropole von ganz Dalmatien erhoben werden sollte, sah vor, dass Hvar wieder unter den Erzbischof von Split fallen w\u00fcrde. Damals war Bischof Miho Pu\u0161i\u0107 (1926-1968), einer der f\u00fchrenden K\u00f6pfe der liturgischen Bewegung in Kroatien, aktiv. Als Verwalter der Erzdi\u00f6zese Zadar von 1948 bis 1950 erhielt er den Titel Erzbischof ad personam.<\/p><\/div><\/div><div class='clear_column'><\/div><div class='content-column one_half'><div style=\"padding-right:6px;\"><p>Dekretom Svete Kongregacije za biskupe, od 27. srpnja 1969., papa Pavao VI. odredio je, na prijedlog Biskupske konferencije Jugoslavije, da se Splitska biskupija proglasi nadbiskupijom i sredi\u0161tem metropolije. Hvarska biskupija, uz Dubrova\u010dku, Kotorsku i \u0160ibensku biskupiju, postaje sufragan novouspostavljene Splitsko-makarske crkvene pokrajine. To stanje ostalo je nepromijenjeno i nakon uspostave Republike Hrvatske 1991. godine.<\/p><\/div><\/div><div class='content-column one_half last_column'><div style=\"padding-right:0px;padding-left:6px;\"><p>Durch Dekret der Heiligen Kongregation f\u00fcr die Bisch\u00f6fe vom 27. Juli 1969 hat Papst Paul VI. auf Vorschlag der Bischofskonferenz von Jugoslawien beschlossen, die Di\u00f6zese Split zur Erzdi\u00f6zese und Zentrum der Metropole zu erkl\u00e4ren. Die Di\u00f6zese Hvar wurde zusammen mit den Di\u00f6zesen Dubrovnik, Kotor und \u0160ibenik Weihbischof der neu gegr\u00fcndeten Kirchenprovinz Split-Makarska. Diese Situation blieb auch nach der Gr\u00fcndung der Republik Kroatien im Jahr 1991 unver\u00e4ndert.<\/p><\/div><\/div><div class='clear_column'><\/div><div class='content-column one_half'><div style=\"padding-right:6px;\"><p>Za\u0161titnik biskupije je sveti Stjepan, papa i mu\u010denik, ujedno za\u0161titnik grada Hvara, Starog Grada te otok\u00e2 Hvara i Visa. Suza\u0161titnik Biskupije, grada i otoka Hvara te Visa je sv. Pro\u0161per, mu\u010denik, (10. svibnja), dok je za\u0161titnik otoka Bra\u010da sv. Juraj (23. travnja).<\/p><\/div><\/div><div class='content-column one_half last_column'><div style=\"padding-right:0px;padding-left:6px;\"><p>Der Schutzpatron der Di\u00f6zese ist St. Stephanus, Papst und M\u00e4rtyrer, auch der Schutzpatron der Stadt Hvar, von Starin Grad und der Inseln Hvar und Vis. Mitpatron der Di\u00f6zese, der Stadt und der Insel Hvar und Vis ist St. Pro\u0161per, M\u00e4rtyrer, (10. Mai), w\u00e4hrend der Schutzpatron der Insel Bra\u010d, St. Juraj (23. April).<\/p><\/div><\/div><div class='clear_column'><\/div><\/p>\n<p style=\"text-align: right;\"><span style=\"color: #3366ff;\"><a style=\"color: #3366ff;\" href=\"#seite_oben\">natrag na vrh \/ Seitenanfang<\/a><\/span><\/p>\n<hr \/>\n<p>Popis hvarskih Biskupa \/ Liste der Bisch\u00f6fe von Hvar<\/p>\n<div class=\"c-wp-content\">\n<ol>\n<li>Martin I. Manzavin, 1154.(?) \u2013 1175.<\/li>\n<li>Lukar \u010ciklin, 1175. \u2013 1177<\/li>\n<li>Martin I. Manzavin, 2. put, 1177. \u2013 1184.<\/li>\n<li>Nikola I. Manzavin, 1184. \u2013 1198.<\/li>\n<li>Miha I. Picijev, 1198. \u2013 1228.<\/li>\n<li>Nikola II., 1230. \u2013 1260.<\/li>\n<li>Dobronja, 1260. \u2013 1278.<\/li>\n<li>\u0160imun, 1278. \u2013 1289.<\/li>\n<li>Dujam I., 1289. \u2013 1304.<\/li>\n<li>Gabrijel, 1308. \u2013 1312.<\/li>\n<li>Grgur Madije, 1313. \u2013 1323.<\/li>\n<li>Stjepan I., 1323. \u2013 1326.<\/li>\n<li>Luka I., 1328. \u2013 1337.<\/li>\n<li>Ivan I., 1341. \u2013 1348.<\/li>\n<li>Stjepan II. Ciga, 1348. \u2013 1384.<\/li>\n<li>Benevent, 1385 \u2013 1412.<\/li>\n<li>Juraj I., 1412. \u2013 1420.<\/li>\n<li>Dujam II. Hrankovi\u0107, 1421. \u2013 1422.<\/li>\n<li>Juraj I., 2. put, 1423. \u2013 1428.<\/li>\n<li>Toma Tomasini, 1429 \u2013 1462.<\/li>\n<li>Dr. Nikola III. De Crucibus, 1463. \u2013 1473.<\/li>\n<li>Lovro Michaeli, 1473. \u2013 1486.<\/li>\n<li>Jeronim I. Diedo, 1486. \u2013 1492.<\/li>\n<li>Bernardin De Fabiis, 1492. \u2013 1510.<\/li>\n<li>Frane Priti\u0107, 1510 \u2013 1523.<\/li>\n<li>Dr. Ivan Krstitelj Kard. Pallavicini, 1523. \u2013 1524.<\/li>\n<li>Zaharija I. Trevisan, 1524. \u2013 1537.<\/li>\n<li>Jerolim II. Argentini, 1537. \u2013 1549.<\/li>\n<li>Marko Malipiero, 1549. \u2013 1553.<\/li>\n<li>Dr. Zaharija II. Kard. Delfino, 1553. \u2013 1574.<\/li>\n<li>Dr. Martin II. De Martinis, 1574. \u2013 1581.<\/li>\n<li>Petar II. Cedulin, 1581. \u2013 1634.<\/li>\n<li>Nikola IV. Zorzi, 1635. \u2013 1644.<\/li>\n<li>Dr. Vinko Milani, 1644. \u2013 1666.<\/li>\n<li>Ivan II. De Andreis, 1667. \u2013 1676.<\/li>\n<li>Jerolim III. Priuli, 1676. \u2013 1692.<\/li>\n<li>Ivan Toma Rovetta, 1693. \u2013 1704.<\/li>\n<li>Rajmund Asperti, 1704. \u2013 1722.<\/li>\n<li>Dr. Dominik Nikola Condulmer, 1723. \u2013 1736.<\/li>\n<li>Dr. Cezar Bonaiuti, 1736. \u2013 1759.<\/li>\n<li>Antun Beci\u0107, 1759. \u2013 1761.<\/li>\n<li>Dr. Joakim Marija Pontalti, 1761. \u2013 1767.<\/li>\n<li>Dr. Petar II. Riboli, 1767. \u2013 1783.<\/li>\n<li>Ivan Dominik Stratico, 1784. \u2013 1799.<\/li>\n<li>Dr. An\u0111eo Petar Galli, 1801. \u2013 1812.<\/li>\n<li>Dr. Ivan Skakoc, 1822. \u2013 1837.<\/li>\n<li>Filip Dominik Bordini, 1839. \u2013 1865.<\/li>\n<li>Dr. Juraj II. Dubokovi\u0107, 1866. \u2013 1874.<\/li>\n<li>Dr. Andrija Iliji\u0107, 1876. \u2013 1887.<\/li>\n<li>Fulgencije Carev, 1888. \u2013 1901.<\/li>\n<li>Jordan Zaninovi\u0107, 1903. \u2013 1917.<\/li>\n<li>Luka Papafava, 1919. \u2013 1925.<\/li>\n<li>Mihovil II. Pu\u0161i\u0107, 1926. \u2013 1968.<\/li>\n<li>Celestin Bezmalinovi\u0107, 1968. \u2013 1989.<\/li>\n<li>Slobodan \u0160tambuk, 1989. \u2013 2018<\/li>\n<li>Dr. Petar Pali\u0107, 2018. \u2013 2021.<\/li>\n<li>Ranko Vidovi\u0107, 2021.<\/li>\n<\/ol>\n<\/div>\n<div class=\"single-page__social-share-container\">\n<p style=\"text-align: center;\"><em>(Izvor: \/ Quelle: <span style=\"color: #3366ff;\"><a style=\"color: #3366ff;\" href=\"https:\/\/ika.hkm.hr\/novosti\/povijest-hvarske-biskupije\/\">Informativna Katoli\u010dka Agencija<\/a><\/span>)<\/em><\/p>\n<\/div>\n<p style=\"text-align: right;\"><span style=\"color: #3366ff;\"><a style=\"color: #3366ff;\" href=\"#seite_oben\">natrag na vrh \/ Seitenanfang<\/a><\/span><\/p>\n<hr \/>\n<p><strong>Linkovi \/ Links<\/strong><\/p>\n<p>&#8211;<\/p>\n","protected":false},"excerpt":{"rendered":"<p>Ime \/ Name Hvarska biskupija \/ Di\u00f6zese Hvar Code: HV-AA-02\u00a0 \u00a0 \u00a0 \u00a0 \u00a0 \u00a0 \u00a0 \u00a0 \u00a0 \u00a0 \u00a0 \u00a0 \u00a0 \u00a0 \u00a0 \u00a0 \u00a0 \u00a0 \u00a0 \u00a0\u00a0 Adresa \/ Adresse Otoci Bra\u010d, Hvar i Vis \/ die Inseln &hellip; <a href=\"https:\/\/www.topohvar.at\/topo\/orte\/hv\/hv-aa-02-1\/\">Weiterlesen <span class=\"meta-nav\">&rarr;<\/span><\/a><\/p>\n","protected":false},"author":1,"featured_media":0,"parent":80,"menu_order":0,"comment_status":"closed","ping_status":"closed","template":"","meta":{"footnotes":""},"class_list":["post-56869","page","type-page","status-publish","hentry"],"_links":{"self":[{"href":"https:\/\/www.topohvar.at\/topo\/wp-json\/wp\/v2\/pages\/56869","targetHints":{"allow":["GET"]}}],"collection":[{"href":"https:\/\/www.topohvar.at\/topo\/wp-json\/wp\/v2\/pages"}],"about":[{"href":"https:\/\/www.topohvar.at\/topo\/wp-json\/wp\/v2\/types\/page"}],"author":[{"embeddable":true,"href":"https:\/\/www.topohvar.at\/topo\/wp-json\/wp\/v2\/users\/1"}],"replies":[{"embeddable":true,"href":"https:\/\/www.topohvar.at\/topo\/wp-json\/wp\/v2\/comments?post=56869"}],"version-history":[{"count":2,"href":"https:\/\/www.topohvar.at\/topo\/wp-json\/wp\/v2\/pages\/56869\/revisions"}],"predecessor-version":[{"id":56874,"href":"https:\/\/www.topohvar.at\/topo\/wp-json\/wp\/v2\/pages\/56869\/revisions\/56874"}],"up":[{"embeddable":true,"href":"https:\/\/www.topohvar.at\/topo\/wp-json\/wp\/v2\/pages\/80"}],"wp:attachment":[{"href":"https:\/\/www.topohvar.at\/topo\/wp-json\/wp\/v2\/media?parent=56869"}],"curies":[{"name":"wp","href":"https:\/\/api.w.org\/{rel}","templated":true}]}}