{"id":57106,"date":"2022-02-08T11:44:57","date_gmt":"2022-02-08T10:44:57","guid":{"rendered":"https:\/\/www.topohvar.at\/topo\/?page_id=57106"},"modified":"2024-04-23T08:18:44","modified_gmt":"2024-04-23T06:18:44","slug":"bo-pg-00-1","status":"publish","type":"page","link":"https:\/\/www.topohvar.at\/topo\/orte\/bo\/bo-pg-00-1\/","title":{"rendered":"BOGOMOLJE &#8211; Pregled gomila"},"content":{"rendered":"<p><a name=\"seite_oben\"><\/a><br \/>\n<strong><a href=\"https:\/\/www.topohvar.at\/wp-content\/uploads\/2022\/02\/bo-pg-00-0.jpg\"><img loading=\"lazy\" decoding=\"async\" class=\"aligncenter wp-image-57107 size-full\" src=\"https:\/\/www.topohvar.at\/wp-content\/uploads\/2022\/02\/bo-pg-00-0.jpg\" alt=\"\" width=\"1080\" height=\"530\" srcset=\"https:\/\/www.topohvar.at\/wp-content\/uploads\/2022\/02\/bo-pg-00-0.jpg 1080w, https:\/\/www.topohvar.at\/wp-content\/uploads\/2022\/02\/bo-pg-00-0-300x147.jpg 300w, https:\/\/www.topohvar.at\/wp-content\/uploads\/2022\/02\/bo-pg-00-0-1024x503.jpg 1024w, https:\/\/www.topohvar.at\/wp-content\/uploads\/2022\/02\/bo-pg-00-0-768x377.jpg 768w\" sizes=\"auto, (max-width: 1080px) 100vw, 1080px\" \/><\/a><\/strong><\/p>\n<h3><strong>Ime \/ Name<br \/>\n<\/strong>Bogomolje \u00bbpregled gomila\u00ab \/ Bogomolje &#8222;\u00dcbersicht H\u00fcgel&#8220;<\/h3>\n<p><strong>Code: <\/strong>BO-PG-00\u00a0 \u00a0 \u00a0 \u00a0 \u00a0 \u00a0 \u00a0 \u00a0 \u00a0 \u00a0 \u00a0 \u00a0 \u00a0 \u00a0 \u00a0\u00a0<strong>\u00a0 \u00a0 \u00a0 \u00a0 \u00a0 \u00a0<a href=\"https:\/\/www.topohvar.at\/orte\/bo\/\"><img loading=\"lazy\" decoding=\"async\" class=\"alignnone wp-image-535 size-full\" src=\"https:\/\/www.topohvar.at\/wp-content\/uploads\/2018\/07\/push-o-30.jpg\" alt=\"\" width=\"61\" height=\"30\" \/><\/a> <a href=\"https:\/\/www.topohvar.at\/orte\/bo\/bo-pv-01-1\/\"><img loading=\"lazy\" decoding=\"async\" class=\"alignnone wp-image-536 size-full\" src=\"https:\/\/www.topohvar.at\/wp-content\/uploads\/2018\/07\/push-r-30.jpg\" alt=\"\" width=\"61\" height=\"30\" \/><\/a>\u00a0\u00a0<\/strong><\/p>\n<hr \/>\n<div class='content-column one_half'><div style=\"padding-right:6px;\"><p><strong>Informacije<\/strong><\/p>\n<p>Najstariji stanovnici otoka Hvara bili su Iliri, a o njihovoj prisutnosti na otoku svjedo\u010de gomile od kojih su neke bile grobnice. Gomile su uglavnom grobi\u0161ta, ali su se koristile i kao osmatra\u010dnice ili vjerska obredna mjesta.<\/p><\/div><\/div><div class='content-column one_half last_column'><div style=\"padding-right:0px;padding-left:6px;\"><p><strong>Info<\/strong><\/p>\n<p>Die \u00e4ltesten Bewohner der Insel Hvar waren die Illyrer, und ihre Anwesenheit auf der Insel wird durch H\u00fcgel belegt, von denen sich einige Grabst\u00e4tten waren. Die H\u00fcgel waren gr\u00f6\u00dftenteils Friedh\u00f6fe, wurden aber auch als Observatorien oder religi\u00f6se Ritualst\u00e4tten genutzt.<\/p><\/div><\/div><div class='clear_column'><\/div><div class='content-column one_half'><div style=\"padding-right:6px;\"><p>Neke od ovih gomila koristili su Iliri za ukope i u puno anti\u010dko doba. Prilozi u grobovima, posude, bron\u010dane kop\u010de, prstenje, oru\u0111e i oru\u017eje svjedo\u010de nam o kulturnoj razini onda\u0161njega stanovni\u0161tva i njihovim vezama, u prvome redu s ilirskim kopnom, ali i s prekomorskim Apeninskim poluotokom.<\/p><\/div><\/div><div class='content-column one_half last_column'><div style=\"padding-right:0px;padding-left:6px;\"><p>Einige dieser H\u00fcgel wurden von den Illyrern in der Antike f\u00fcr Bestattungen genutzt. Anh\u00e4nge in den Gr\u00e4bern, Gef\u00e4\u00dfe, Bronzespangen, Ringe, Werkzeuge und Waffen zeugen vom kulturellen Niveau der damaligen Bev\u00f6lkerung und ihren Verbindungen, vor allem zum illyrischen Festland, aber auch zur \u00fcberseeischen Apenninenhalbinsel.<\/p><\/div><\/div><div class='clear_column'><\/div><div class='content-column one_half'><div style=\"padding-right:6px;\"><p>U ovim su gomilama, u kamenim sanducima od plo\u010da, Iliri pokopavali svoje pokojnike i to u pravilu u zgr\u010denome polo\u017eaju, kao u maj\u010dinoj utrobi, licem okrenutim prema istoku sunca. Ovaj na\u010din ukopa bio je svojstven \u0161irokom podru\u010dju Europe od Alpa do Jadrana i od Bavarske do Rusije te spada u doba kovina, tj . u srednje bron\u010dano doba i po\u010detak \u017eeljeznog doba.<\/p><\/div><\/div><div class='content-column one_half last_column'><div style=\"padding-right:0px;padding-left:6px;\"><p>In diesen H\u00fcgeln begruben die Illyrer ihre Toten in S\u00e4rgen aus Steinplatten, gew\u00f6hnlich in gekauerter Stellung wie im Mutterleib, wobei ihre Gesichter dem Sonnenaufgang zugewandt waren. Diese Bestattungsmethode war charakteristisch f\u00fcr ein weites Gebiet Europas von den Alpen bis zur Adria und von Bayern bis Russland und geh\u00f6rt zum Metallzeitalter, d. H. in der mittleren Bronzezeit und zu Beginn der Eisenzeit.<\/p><\/div><\/div><div class='clear_column'><\/div><\/p>\n<p><img loading=\"lazy\" decoding=\"async\" class=\"aligncenter size-full wp-image-40678\" src=\"https:\/\/www.topohvar.at\/wp-content\/uploads\/2020\/08\/op-po-03-1.jpg\" alt=\"\" width=\"370\" height=\"247\" srcset=\"https:\/\/www.topohvar.at\/wp-content\/uploads\/2020\/08\/op-po-03-1.jpg 370w, https:\/\/www.topohvar.at\/wp-content\/uploads\/2020\/08\/op-po-03-1-300x200.jpg 300w\" sizes=\"auto, (max-width: 370px) 100vw, 370px\" \/><\/p>\n<p style=\"text-align: center;\"><span style=\"color: #000000;\"><em>(Izvor \/ Quelle: <\/em><em>https:\/\/pakleniotoci.eu<\/em><em>)<\/em><\/span><\/p>\n<hr \/>\n<p>Pojedinim objektima \/ zu den einzelnen Objekten<\/p>\n<p><span style=\"color: #3366ff;\"><a style=\"color: #3366ff;\" href=\"#pg-01\">BO-PG-01<\/a> \/ \u00a0<a style=\"color: #3366ff;\" href=\"#pg-02\">BO-PG-02<\/a> \/ \u00a0<a style=\"color: #3366ff;\" href=\"#pg-03\">BO-PG-03<\/a> \/ \u00a0<a style=\"color: #3366ff;\" href=\"#pg-04\">BO-PG-04<\/a> \/ \u00a0<a style=\"color: #3366ff;\" href=\"#pg-05\">BO-PG-05<\/a> \/ \u00a0<a style=\"color: #3366ff;\" href=\"#pg-06\">BO-PG-06<\/a> \/ \u00a0<a style=\"color: #3366ff;\" href=\"#pg-07\">BO-PG-07<\/a>\u00a0<\/span><\/p>\n<p><a name=\"pg-01\"><\/a><\/p>\n<p style=\"text-align: right;\"><span style=\"color: #3366ff;\"><a style=\"color: #3366ff;\" href=\"#seite_oben\">\u00a0natrag na vrh \/ Seitenanfang<\/a><\/span><\/p>\n<hr \/>\n<h3><span style=\"color: #000000;\"><strong>Ime \/ Name<br \/>\n<\/strong><\/span><span style=\"color: #000000;\">Povijesno nalazi\u0161te \u00bbGr\u010dka gomila i Likovi\u0107\u00ab \/ historische St\u00e4tte &#8211; griechischer H\u00fcgel und Likovi\u0107<\/span><\/h3>\n<p><strong>Code: <\/strong>BO-PG-01<\/p>\n<p><strong>Adresa \/ Adresse<br \/>\n<\/strong>Bogomolje,\u00a0<span style=\"color: #000000;\">Likovi\u0107<\/span><\/p>\n<p><a href=\"https:\/\/goo.gl\/maps\/uziKVXY9xJ9h32Aw7\"><img loading=\"lazy\" decoding=\"async\" class=\"alignright wp-image-57108\" src=\"https:\/\/www.topohvar.at\/wp-content\/uploads\/2022\/02\/3393.jpg\" alt=\"\" width=\"134\" height=\"100\" \/><\/a><\/p>\n<p><strong>Lokacija \/ Position<br \/>\n<\/strong><a href=\"https:\/\/goo.gl\/maps\/uziKVXY9xJ9h32Aw7\"><span style=\"color: #3366ff;\">Latitude: N 43,14025\u00b0\u00a0 \u00a0Longitude: E 16,99391\u00b0<\/span><\/a> <strong><br \/>\n<\/strong>Visina \/ H\u00f6he: 232 m<\/p>\n<p><strong>Katastarska \u010destica \/ Grundst\u00fccke: <\/strong>1113<\/p>\n<p><strong>Datum snimanja \/ Erfassungsdatum: <\/strong>06.05.2018 10:00:00<\/p>\n<div class='content-column one_half'><div style=\"padding-right:6px;\"><p><strong>Informacije<\/strong><\/p>\n<p>Prapovijesna gradina kru\u017enog tlocrta.<\/p>\n<p>Lokacija je neto\u010dna!\u00a0Izvor: Hrvatska osnovna karta\u00a0\u2013 Geoportal DGU<\/p><\/div><\/div><div class='content-column one_half last_column'><div style=\"padding-right:0px;padding-left:6px;\"><p><strong>Info<\/strong><\/p>\n<p>Pr\u00e4historische Ruine, kreisf\u00f6rmig angelegt.<\/p>\n<p>Lage ungenau!\u00a0Quelle: Grundkarte Kroatiens\u00a0\u2013 Geoportal DGU<\/p><\/div><\/div><div class='clear_column'><\/div><\/p>\n<p><img loading=\"lazy\" decoding=\"async\" class=\"aligncenter wp-image-57109 size-medium\" src=\"https:\/\/www.topohvar.at\/wp-content\/uploads\/2022\/02\/bo-pg-01-0-300x300.jpg\" alt=\"\" width=\"300\" height=\"300\" srcset=\"https:\/\/www.topohvar.at\/wp-content\/uploads\/2022\/02\/bo-pg-01-0-300x300.jpg 300w, https:\/\/www.topohvar.at\/wp-content\/uploads\/2022\/02\/bo-pg-01-0-150x150.jpg 150w, https:\/\/www.topohvar.at\/wp-content\/uploads\/2022\/02\/bo-pg-01-0.jpg 450w\" sizes=\"auto, (max-width: 300px) 100vw, 300px\" \/><\/p>\n<p style=\"text-align: right;\"><a name=\"pg-02\"><\/a><a style=\"color: #3366ff;\" href=\"#seite_oben\">natrag na vrh \/ Seitenanfang<\/a><\/p>\n<hr \/>\n<h3><span style=\"color: #000000;\"><strong>Ime \/ Name<br \/>\n<\/strong>Povijesno nalazi\u0161te \u00bbGomila 2\u00ab \/ historische St\u00e4tte &#8211; H\u00fcgel 2<strong><br \/>\n<\/strong><\/span><\/h3>\n<p><strong>Code: <\/strong>BO-PG-02<\/p>\n<p><strong>Adresa \/ Adresse<br \/>\n<\/strong>Bogomolje<\/p>\n<p><a href=\"https:\/\/goo.gl\/maps\/y2uTisfxFTbcHJZN9\"><img loading=\"lazy\" decoding=\"async\" class=\"alignright wp-image-57113\" src=\"https:\/\/www.topohvar.at\/wp-content\/uploads\/2022\/02\/3394.jpg\" alt=\"\" width=\"134\" height=\"100\" \/><\/a><\/p>\n<p><strong>Lokacija \/ Position<br \/>\n<\/strong><a href=\"https:\/\/goo.gl\/maps\/y2uTisfxFTbcHJZN9\"><span style=\"color: #3366ff;\">Latitude: N 43,12482\u00b0\u00a0 \u00a0Longitude: E 17,01093\u00b0<\/span><\/a> <strong><br \/>\n<\/strong>Visina \/ H\u00f6he: 238 m<\/p>\n<p><strong>Katastarska \u010destica \/ Grundst\u00fccke: <\/strong>3982<\/p>\n<p><strong>Datum snimanja \/ Erfassungsdatum: <\/strong>06.05.2018 10:00:00<\/p>\n<div class='content-column one_half'><div style=\"padding-right:6px;\"><p><strong>Informacije<\/strong><\/p>\n<p>Povijesna gomila.<\/p>\n<p>Izvor: Hrvatska osnovna karta \u2013 Geoportal DGU<\/p><\/div><\/div><div class='content-column one_half last_column'><div style=\"padding-right:0px;padding-left:6px;\"><p><strong>Info<\/strong><\/p>\n<p>Historischer H\u00fcgel.<\/p>\n<p>Quelle: Grundkarte Kroatiens \u2013 Geoportal DGU<\/p><\/div><\/div><div class='clear_column'><\/div><\/p>\n<p><img loading=\"lazy\" decoding=\"async\" class=\"aligncenter wp-image-57114 size-medium\" src=\"https:\/\/www.topohvar.at\/wp-content\/uploads\/2022\/02\/bo-pg-02-0-300x300.jpg\" alt=\"\" width=\"300\" height=\"300\" srcset=\"https:\/\/www.topohvar.at\/wp-content\/uploads\/2022\/02\/bo-pg-02-0-300x300.jpg 300w, https:\/\/www.topohvar.at\/wp-content\/uploads\/2022\/02\/bo-pg-02-0-150x150.jpg 150w, https:\/\/www.topohvar.at\/wp-content\/uploads\/2022\/02\/bo-pg-02-0.jpg 450w\" sizes=\"auto, (max-width: 300px) 100vw, 300px\" \/><\/p>\n<p style=\"text-align: right;\"><span style=\"color: #3366ff;\"><a style=\"color: #3366ff;\" name=\"pg-03\"><\/a><a style=\"color: #3366ff;\" href=\"#seite_oben\">natrag na vrh \/ Seitenanfang<\/a><\/span><\/p>\n<hr \/>\n<h3><span style=\"color: #000000;\"><strong>Ime \/ Name<br \/>\n<\/strong>Povijesno nalazi\u0161te \u00bbGomila 3\u00ab \/ historische St\u00e4tte &#8211; H\u00fcgel 3<\/span><\/h3>\n<p><strong>Code: <\/strong>BO-PG-03<\/p>\n<p><strong>Adresa \/ Adresse<br \/>\n<\/strong>Bogomolje<\/p>\n<p><a href=\"https:\/\/goo.gl\/maps\/23d2JbFJD6bGUeJp6\"><img loading=\"lazy\" decoding=\"async\" class=\"alignright wp-image-57117\" src=\"https:\/\/www.topohvar.at\/wp-content\/uploads\/2022\/02\/3395.jpg\" alt=\"\" width=\"134\" height=\"100\" \/><\/a><\/p>\n<p><strong>Lokacija \/ Position<br \/>\n<\/strong><a href=\"https:\/\/goo.gl\/maps\/23d2JbFJD6bGUeJp6\"><span style=\"color: #3366ff;\">Latitude: N 43,12660\u00b0\u00a0 \u00a0Longitude: E 17,00605\u00b0<\/span><\/a> <strong><br \/>\n<\/strong>Visina \/ H\u00f6he: 239 m<\/p>\n<p><strong>Katastarska \u010destica \/ Grundst\u00fccke: <\/strong>2502\/18<\/p>\n<p><strong>Datum snimanja \/ Erfassungsdatum: <\/strong>06.05.2018 10:00:00<\/p>\n<div class='content-column one_half'><div style=\"padding-right:6px;\"><p><strong>Informacije<\/strong><\/p>\n<p>Povijesna gomila.<\/p>\n<p>Izvor: Hrvatska osnovna karta \u2013 Geoportal DGU<\/p><\/div><\/div><div class='content-column one_half last_column'><div style=\"padding-right:0px;padding-left:6px;\"><p><strong>Info<\/strong><\/p>\n<p>Historischer H\u00fcgel.<\/p>\n<p>Quelle: Grundkarte Kroatiens \u2013 Geoportal DGU<\/p><\/div><\/div><div class='clear_column'><\/div><\/p>\n<p><img loading=\"lazy\" decoding=\"async\" class=\"aligncenter wp-image-57118 size-medium\" src=\"https:\/\/www.topohvar.at\/wp-content\/uploads\/2022\/02\/bo-pg-03-0-1-300x300.jpg\" alt=\"\" width=\"300\" height=\"300\" srcset=\"https:\/\/www.topohvar.at\/wp-content\/uploads\/2022\/02\/bo-pg-03-0-1-300x300.jpg 300w, https:\/\/www.topohvar.at\/wp-content\/uploads\/2022\/02\/bo-pg-03-0-1-150x150.jpg 150w, https:\/\/www.topohvar.at\/wp-content\/uploads\/2022\/02\/bo-pg-03-0-1.jpg 450w\" sizes=\"auto, (max-width: 300px) 100vw, 300px\" \/><\/p>\n<p style=\"text-align: right;\"><span style=\"color: #3366ff;\"><a style=\"color: #3366ff;\" name=\"pg-04\"><\/a><a style=\"color: #3366ff;\" href=\"#seite_oben\">natrag na vrh \/ Seitenanfang<\/a><\/span><\/p>\n<hr \/>\n<h3><span style=\"color: #000000;\"><strong>Ime \/ Name<br \/>\n<\/strong>Povijesno nalazi\u0161te \u00bbGomila 4\u00ab \/ historische St\u00e4tte &#8211; H\u00fcgel 4<\/span><\/h3>\n<p><strong>Code: <\/strong>BO-PG-04<\/p>\n<p><strong>Adresa \/ Adresse<br \/>\n<\/strong>Bogomolje<\/p>\n<p><a href=\"https:\/\/goo.gl\/maps\/Kz471K1DtGWKQrUE7\"><img loading=\"lazy\" decoding=\"async\" class=\"alignright wp-image-57120\" src=\"https:\/\/www.topohvar.at\/wp-content\/uploads\/2022\/02\/3396.jpg\" alt=\"\" width=\"134\" height=\"100\" \/><\/a><\/p>\n<p><strong>Lokacija \/ Position<br \/>\n<\/strong><a href=\"https:\/\/goo.gl\/maps\/Kz471K1DtGWKQrUE7\"><span style=\"color: #3366ff;\">Latitude: N 43,12687\u00b0\u00a0 \u00a0Longitude: E 17,00464\u00b0<\/span><\/a> <strong><br \/>\n<\/strong>Visina \/ H\u00f6he: 236 m<\/p>\n<p><strong>Katastarska \u010destica \/ Grundst\u00fccke: <\/strong>2502\/6, 2502\/10<\/p>\n<p><strong>Datum snimanja \/ Erfassungsdatum: <\/strong>06.05.2018 10:00:00<\/p>\n<div class='content-column one_half'><div style=\"padding-right:6px;\"><p><strong>Informacije<\/strong><\/p>\n<p>Povijesna gomila.<\/p>\n<p>Izvor: Hrvatska osnovna karta \u2013 Geoportal DGU<\/p><\/div><\/div><div class='content-column one_half last_column'><div style=\"padding-right:0px;padding-left:6px;\"><p><strong>Info<\/strong><\/p>\n<p>Historischer H\u00fcgel.<\/p>\n<p>Quelle: Grundkarte Kroatiens \u2013 Geoportal DGU<\/p><\/div><\/div><div class='clear_column'><\/div><\/p>\n<p><img loading=\"lazy\" decoding=\"async\" class=\"aligncenter wp-image-57119 size-medium\" src=\"https:\/\/www.topohvar.at\/wp-content\/uploads\/2022\/02\/bo-pg-04-0-300x300.jpg\" alt=\"\" width=\"300\" height=\"300\" srcset=\"https:\/\/www.topohvar.at\/wp-content\/uploads\/2022\/02\/bo-pg-04-0-300x300.jpg 300w, https:\/\/www.topohvar.at\/wp-content\/uploads\/2022\/02\/bo-pg-04-0-150x150.jpg 150w, https:\/\/www.topohvar.at\/wp-content\/uploads\/2022\/02\/bo-pg-04-0.jpg 450w\" sizes=\"auto, (max-width: 300px) 100vw, 300px\" \/><\/p>\n<p style=\"text-align: right;\"><span style=\"color: #3366ff;\"><a style=\"color: #3366ff;\" name=\"pg-05\"><\/a><a style=\"color: #3366ff;\" href=\"#seite_oben\">natrag na vrh \/ Seitenanfang<\/a><\/span><\/p>\n<hr \/>\n<h3><span style=\"color: #000000;\"><strong>Ime \/ Name<br \/>\n<\/strong>Povijesno nalazi\u0161te \u00bbVela Gomila\u00ab \/ historische St\u00e4tte &#8211; Gro\u00dfer H\u00fcgel<\/span><\/h3>\n<p><strong>Code: <\/strong>BO-PG-05<\/p>\n<p><strong>Adresa \/ Adresse<br \/>\n<\/strong>Bogomolje,\u00a0<span style=\"color: #000000;\">Vela Gomila<\/span><\/p>\n<p><a href=\"https:\/\/goo.gl\/maps\/jhyDR2oNQcGoXqbi6\"><img loading=\"lazy\" decoding=\"async\" class=\"alignright wp-image-57121\" src=\"https:\/\/www.topohvar.at\/wp-content\/uploads\/2022\/02\/3397.jpg\" alt=\"\" width=\"134\" height=\"100\" \/><\/a><\/p>\n<p><strong>Lokacija \/ Position<br \/>\n<\/strong><a href=\"https:\/\/goo.gl\/maps\/jhyDR2oNQcGoXqbi6\"><span style=\"color: #3366ff;\">Latitude: N 43,12181\u00b0\u00a0 \u00a0Longitude: E 17,00999\u00b0<\/span><\/a> <strong><br \/>\n<\/strong>Visina \/ H\u00f6he: 242 m<\/p>\n<p><strong>Katastarska \u010destica \/ Grundst\u00fccke: <\/strong>4013\/1, 4256<\/p>\n<p><strong>Datum snimanja \/ Erfassungsdatum: <\/strong>06.05.2018 10:00:00<\/p>\n<div class='content-column one_half'><div style=\"padding-right:6px;\"><p><strong>Informacije<\/strong><\/p>\n<p>Povijesna gomila.<\/p>\n<p>Izvor: Hrvatska osnovna karta \u2013 Geoportal DGU<\/p><\/div><\/div><div class='content-column one_half last_column'><div style=\"padding-right:0px;padding-left:6px;\"><p><strong>Info<\/strong><\/p>\n<p>Historischer H\u00fcgel.<\/p>\n<p>Quelle: Grundkarte Kroatiens \u2013 Geoportal DGU<\/p><\/div><\/div><div class='clear_column'><\/div><\/p>\n<p><img loading=\"lazy\" decoding=\"async\" class=\"aligncenter wp-image-57122 size-medium\" src=\"https:\/\/www.topohvar.at\/wp-content\/uploads\/2022\/02\/bo-pg-05-0-300x300.jpg\" alt=\"\" width=\"300\" height=\"300\" srcset=\"https:\/\/www.topohvar.at\/wp-content\/uploads\/2022\/02\/bo-pg-05-0-300x300.jpg 300w, https:\/\/www.topohvar.at\/wp-content\/uploads\/2022\/02\/bo-pg-05-0-150x150.jpg 150w, https:\/\/www.topohvar.at\/wp-content\/uploads\/2022\/02\/bo-pg-05-0.jpg 450w\" sizes=\"auto, (max-width: 300px) 100vw, 300px\" \/><\/p>\n<p style=\"text-align: right;\"><a name=\"pg-06\"><\/a><span style=\"color: #3366ff;\"><a style=\"color: #3366ff;\" href=\"#seite_oben\">natrag na vrh \/ Seitenanfang<\/a><\/span><\/p>\n<hr \/>\n<h3><span style=\"color: #000000;\"><strong>Ime \/ Name<br \/>\n<\/strong>Povijesno nalazi\u0161te \u00bbGomila 6\u00ab \/ historische St\u00e4tte &#8211; H\u00fcgel 6<\/span><\/h3>\n<p><strong>Code: <\/strong>BO-PG-06<\/p>\n<p><strong>Adresa \/ Adresse<br \/>\n<\/strong>Bogomolje, Pod Upokumac<\/p>\n<p><a href=\"https:\/\/goo.gl\/maps\/evby5Q87sUeCaCwK6\"><img loading=\"lazy\" decoding=\"async\" class=\"alignright wp-image-57123\" src=\"https:\/\/www.topohvar.at\/wp-content\/uploads\/2022\/02\/3398.jpg\" alt=\"\" width=\"134\" height=\"100\" \/><\/a><\/p>\n<p><strong>Lokacija \/ Position<br \/>\n<\/strong><a href=\"https:\/\/goo.gl\/maps\/evby5Q87sUeCaCwK6\"><span style=\"color: #3366ff;\">Latitude: N 43,12996\u00b0\u00a0 \u00a0Longitude: E 17,01753\u00b0<\/span><\/a><strong><br \/>\n<\/strong>Visina \/ H\u00f6he: 227 m<\/p>\n<p><strong>Katastarska \u010destica \/ Grundst\u00fccke: <\/strong>*190, 3862<\/p>\n<p><strong>Datum snimanja \/ Erfassungsdatum: <\/strong>06.05.2018 10:00:00<\/p>\n<div class='content-column one_half'><div style=\"padding-right:6px;\"><p><strong>Informacije<\/strong><\/p>\n<p>Povijesna gomila.<\/p>\n<p>Izvor: Hrvatska osnovna karta \u2013 Geoportal DGU<\/p><\/div><\/div><div class='content-column one_half last_column'><div style=\"padding-right:0px;padding-left:6px;\"><p><strong>Info<\/strong><\/p>\n<p>Historischer H\u00fcgel.<\/p>\n<p>Quelle: Grundkarte Kroatiens \u2013 Geoportal DGU<\/p><\/div><\/div><div class='clear_column'><\/div><\/p>\n<p><img loading=\"lazy\" decoding=\"async\" class=\"aligncenter wp-image-57124 size-medium\" src=\"https:\/\/www.topohvar.at\/wp-content\/uploads\/2022\/02\/bo-pg-06-0-300x300.jpg\" alt=\"\" width=\"300\" height=\"300\" srcset=\"https:\/\/www.topohvar.at\/wp-content\/uploads\/2022\/02\/bo-pg-06-0-300x300.jpg 300w, https:\/\/www.topohvar.at\/wp-content\/uploads\/2022\/02\/bo-pg-06-0-150x150.jpg 150w, https:\/\/www.topohvar.at\/wp-content\/uploads\/2022\/02\/bo-pg-06-0.jpg 450w\" sizes=\"auto, (max-width: 300px) 100vw, 300px\" \/><\/p>\n<p style=\"text-align: right;\"><span style=\"color: #3366ff;\"><a style=\"color: #3366ff;\" name=\"pg-07\"><\/a><a style=\"color: #3366ff;\" href=\"#seite_oben\">natrag na vrh \/ Seitenanfang<\/a><\/span><\/p>\n<hr \/>\n<h3><span style=\"color: #000000;\"><strong>Ime \/ Name<br \/>\n<\/strong>Povijesno nalazi\u0161te \u00bbGomila 7\u00ab \/ historische St\u00e4tte &#8211; H\u00fcgel 7<\/span><\/h3>\n<p><strong>Code: <\/strong>SU-PG-07<\/p>\n<p><strong>Adresa \/ Adresse<br \/>\n<\/strong>Bogomolje<\/p>\n<p><a href=\"https:\/\/goo.gl\/maps\/7yNM71HGnWVBJHuh6\"><img loading=\"lazy\" decoding=\"async\" class=\"alignright wp-image-57125\" src=\"https:\/\/www.topohvar.at\/wp-content\/uploads\/2022\/02\/3399.jpg\" alt=\"\" width=\"134\" height=\"100\" \/><\/a><\/p>\n<p><strong>Lokacija \/ Position<br \/>\n<\/strong><a href=\"https:\/\/goo.gl\/maps\/7yNM71HGnWVBJHuh6\"><span style=\"color: #3366ff;\">Latitude: N 43,12856\u00b0\u00a0 \u00a0Longitude: E 17,01070\u00b0<\/span><\/a> <strong><br \/>\n<\/strong>Visina \/ H\u00f6he: 241 m<\/p>\n<p><strong>Katastarska \u010destica \/ Grundst\u00fccke: <\/strong>3960\/80<\/p>\n<p><strong>Datum snimanja \/ Erfassungsdatum: <\/strong>06.05.2018 10:00:00<\/p>\n<div class='content-column one_half'><div style=\"padding-right:6px;\"><p><strong>Informacije<\/strong><\/p>\n<p>Povijesna gomila.<\/p>\n<p>Izvor: Hrvatska osnovna karta \u2013 Geoportal DGU<\/p><\/div><\/div><div class='content-column one_half last_column'><div style=\"padding-right:0px;padding-left:6px;\"><p><strong>Info<\/strong><\/p>\n<p>Historischer H\u00fcgel.<\/p>\n<p>Quelle: Grundkarte Kroatiens \u2013 Geoportal DGU<\/p><\/div><\/div><div class='clear_column'><\/div><\/p>\n<p><img loading=\"lazy\" decoding=\"async\" class=\"aligncenter wp-image-57126 size-medium\" src=\"https:\/\/www.topohvar.at\/wp-content\/uploads\/2022\/02\/bo-pg-07-0-300x300.jpg\" alt=\"\" width=\"300\" height=\"300\" srcset=\"https:\/\/www.topohvar.at\/wp-content\/uploads\/2022\/02\/bo-pg-07-0-300x300.jpg 300w, https:\/\/www.topohvar.at\/wp-content\/uploads\/2022\/02\/bo-pg-07-0-150x150.jpg 150w, https:\/\/www.topohvar.at\/wp-content\/uploads\/2022\/02\/bo-pg-07-0.jpg 450w\" sizes=\"auto, (max-width: 300px) 100vw, 300px\" \/><\/p>\n<p style=\"text-align: right;\"><span style=\"color: #3366ff;\"><a style=\"color: #3366ff;\" href=\"#seite_oben\">natrag na vrh \/ Seitenanfang<\/a><\/span><\/p>\n<hr \/>\n<p><strong>Linkovi \/ Links<\/strong><\/p>\n<p><span style=\"color: #3366ff;\">&#8211;<\/span><\/p>\n","protected":false},"excerpt":{"rendered":"<p>Ime \/ Name Bogomolje \u00bbpregled gomila\u00ab \/ Bogomolje &#8222;\u00dcbersicht H\u00fcgel&#8220; Code: BO-PG-00\u00a0 \u00a0 \u00a0 \u00a0 \u00a0 \u00a0 \u00a0 \u00a0 \u00a0 \u00a0 \u00a0 \u00a0 \u00a0 \u00a0 \u00a0\u00a0\u00a0 \u00a0 \u00a0 \u00a0 \u00a0 \u00a0 \u00a0\u00a0 (Izvor \/ Quelle: https:\/\/pakleniotoci.eu) Pojedinim objektima \/ zu &hellip; <a href=\"https:\/\/www.topohvar.at\/topo\/orte\/bo\/bo-pg-00-1\/\">Weiterlesen <span class=\"meta-nav\">&rarr;<\/span><\/a><\/p>\n","protected":false},"author":1,"featured_media":0,"parent":63,"menu_order":0,"comment_status":"closed","ping_status":"closed","template":"","meta":{"footnotes":""},"class_list":["post-57106","page","type-page","status-publish","hentry"],"_links":{"self":[{"href":"https:\/\/www.topohvar.at\/topo\/wp-json\/wp\/v2\/pages\/57106","targetHints":{"allow":["GET"]}}],"collection":[{"href":"https:\/\/www.topohvar.at\/topo\/wp-json\/wp\/v2\/pages"}],"about":[{"href":"https:\/\/www.topohvar.at\/topo\/wp-json\/wp\/v2\/types\/page"}],"author":[{"embeddable":true,"href":"https:\/\/www.topohvar.at\/topo\/wp-json\/wp\/v2\/users\/1"}],"replies":[{"embeddable":true,"href":"https:\/\/www.topohvar.at\/topo\/wp-json\/wp\/v2\/comments?post=57106"}],"version-history":[{"count":8,"href":"https:\/\/www.topohvar.at\/topo\/wp-json\/wp\/v2\/pages\/57106\/revisions"}],"predecessor-version":[{"id":66734,"href":"https:\/\/www.topohvar.at\/topo\/wp-json\/wp\/v2\/pages\/57106\/revisions\/66734"}],"up":[{"embeddable":true,"href":"https:\/\/www.topohvar.at\/topo\/wp-json\/wp\/v2\/pages\/63"}],"wp:attachment":[{"href":"https:\/\/www.topohvar.at\/topo\/wp-json\/wp\/v2\/media?parent=57106"}],"curies":[{"name":"wp","href":"https:\/\/api.w.org\/{rel}","templated":true}]}}