{"id":57319,"date":"2022-02-14T08:02:08","date_gmt":"2022-02-14T07:02:08","guid":{"rendered":"https:\/\/www.topohvar.at\/topo\/?page_id=57319"},"modified":"2022-02-18T17:25:45","modified_gmt":"2022-02-18T16:25:45","slug":"vj-pg-00-1","status":"publish","type":"page","link":"https:\/\/www.topohvar.at\/topo\/orte\/vj\/vj-pg-00-1\/","title":{"rendered":"VRBANJ &#8211; Pretpovijesne gomile"},"content":{"rendered":"<p><a name=\"seite_oben\"><\/a><\/p>\n<p style=\"text-align: center;\"><a href=\"https:\/\/www.topohvar.at\/wp-content\/uploads\/2022\/02\/vj-pg-00-1.jpg\"><img loading=\"lazy\" decoding=\"async\" class=\"aligncenter wp-image-57335 size-full\" src=\"https:\/\/www.topohvar.at\/wp-content\/uploads\/2022\/02\/vj-pg-00-1.jpg\" alt=\"\" width=\"1080\" height=\"530\" srcset=\"https:\/\/www.topohvar.at\/wp-content\/uploads\/2022\/02\/vj-pg-00-1.jpg 1080w, https:\/\/www.topohvar.at\/wp-content\/uploads\/2022\/02\/vj-pg-00-1-300x147.jpg 300w, https:\/\/www.topohvar.at\/wp-content\/uploads\/2022\/02\/vj-pg-00-1-1024x503.jpg 1024w, https:\/\/www.topohvar.at\/wp-content\/uploads\/2022\/02\/vj-pg-00-1-768x377.jpg 768w\" sizes=\"auto, (max-width: 1080px) 100vw, 1080px\" \/><\/a><span style=\"color: #3366ff;\"><a style=\"color: #3366ff;\" href=\"https:\/\/www.topohvar.at\/wp-content\/uploads\/2022\/02\/vj-pg-00-1.jpg\">Pove\u0107aj sliku \u2013 klikni! \/ Bild vergr\u00f6\u00dfern \u2013 klicken!<\/a><\/span><\/p>\n<p><strong>Ime \/ Name<br \/>\n<\/strong>Pretpovijesne gomile \/ Pr\u00e4historische H\u00fcgel<\/p>\n<p><strong>Code: <\/strong>VJ-PG-00\u00a0 \u00a0 \u00a0 \u00a0 \u00a0 \u00a0 \u00a0 \u00a0 \u00a0 \u00a0 \u00a0 \u00a0 \u00a0 \u00a0 \u00a0 \u00a0 \u00a0 \u00a0 \u00a0<strong><a href=\"https:\/\/www.topohvar.at\/orte\/vj\/vj-po-00-1\/\"><img loading=\"lazy\" decoding=\"async\" class=\"alignnone wp-image-533 size-full\" src=\"https:\/\/www.topohvar.at\/wp-content\/uploads\/2018\/07\/push-l-30.jpg\" alt=\"\" width=\"61\" height=\"30\" \/><\/a> <a href=\"https:\/\/www.topohvar.at\/orte\/vj\/\"><img loading=\"lazy\" decoding=\"async\" class=\"alignnone wp-image-535 size-full\" src=\"https:\/\/www.topohvar.at\/wp-content\/uploads\/2018\/07\/push-o-30.jpg\" alt=\"\" width=\"61\" height=\"30\" \/><\/a> <a href=\"https:\/\/www.topohvar.at\/orte\/vj\/vj-po-01-1\/\"><img loading=\"lazy\" decoding=\"async\" class=\"alignnone wp-image-536 size-full\" src=\"https:\/\/www.topohvar.at\/wp-content\/uploads\/2018\/07\/push-r-30.jpg\" alt=\"\" width=\"61\" height=\"30\" \/><\/a><\/strong><\/p>\n<hr \/>\n<div class='content-column one_half'><div style=\"padding-right:6px;\"><p><strong>Informacije<\/strong><\/p>\n<p>Na podru\u010dju Vrbanja nalazi se nekoliko pretpovijesne gomile.<\/p><\/div><\/div><div class='content-column one_half last_column'><div style=\"padding-right:0px;padding-left:6px;\"><p><strong>Info<\/strong><\/p>\n<p>Im Bereich Vrbanj finden sich einige pr\u00e4historische H\u00fcgel.<\/p><\/div><\/div><div class='clear_column'><\/div><\/p>\n<hr \/>\n<p>Pojedinim objektima \/ zu den einzelnen Objekten<\/p>\n<p><span style=\"color: #3366ff;\"><a style=\"color: #3366ff;\" href=\"#pg-01\">VJ-PG-01<\/a>\u00a0 \/\u00a0 <a style=\"color: #3366ff;\" href=\"#pg-02\">VJ-PG-02<\/a>\u00a0 \/ \u00a0<a style=\"color: #3366ff;\" href=\"#pg-03\">VJ-PG-03<\/a>\u00a0 \/ \u00a0<a style=\"color: #3366ff;\" href=\"#pg-04\">VJ-PG-04<\/a>\u00a0 \/ \u00a0<a style=\"color: #3366ff;\" href=\"#pg-05\">VJ-PG-05<\/a>\u00a0 \/ \u00a0<a style=\"color: #3366ff;\" href=\"#pg-06\">VJ-PG-06<\/a>\u00a0 \/ \u00a0<a style=\"color: #3366ff;\" href=\"#pg-07\">VJ-PG-07<\/a>\u00a0 \/ <a style=\"color: #3366ff;\" href=\"#pg-08\">VJ-PG-08<\/a><\/span><\/p>\n<p><a name=\"pg-01\"><\/a><\/p>\n<p style=\"text-align: right;\"><span style=\"color: #3366ff;\"><a style=\"color: #3366ff;\" href=\"#seite_oben\">\u00a0natrag na vrh \/ Seitenanfang<\/a><\/span><\/p>\n<hr \/>\n<h3><span style=\"color: #000000;\"><strong>Ime \/ Name<br \/>\n<\/strong>Pretpovijesna nalazi\u0161ta \u00bbGomila Sv. Vid (1)\u00ab \/ Pr\u00e4historische St\u00e4tte &#8211; H\u00fcgel Sv. Vid (1)<\/span><\/h3>\n<p><strong>Code: <\/strong>VJ-PG-01<\/p>\n<p><strong>Adresa \/ Adresse<br \/>\n<\/strong>Vrbanj, Hum<\/p>\n<p><strong>Lokacija \/ Position<a href=\"https:\/\/goo.gl\/maps\/ChVh6ifvdK3vju8q8\"><img loading=\"lazy\" decoding=\"async\" class=\"alignright wp-image-6926\" src=\"https:\/\/www.topohvar.at\/wp-content\/uploads\/2018\/08\/0869.jpg\" alt=\"\" width=\"134\" height=\"100\" \/><\/a><br \/>\n<\/strong><span style=\"color: #3366ff;\"><a style=\"color: #3366ff;\" href=\"https:\/\/goo.gl\/maps\/ChVh6ifvdK3vju8q8\">Latitude: N 43,16769\u00b0\u00a0 \u00a0 Longitude: E 16,63401\u00b0\u00a0<\/a><\/span><strong><br \/>\n<\/strong>Visina \/ H\u00f6he: 208 m<\/p>\n<p><strong>Katastarska \u010destica \/ Grundst\u00fccke: <\/strong>*552<\/p>\n<p><strong>Datum snimanja \/ Erfassungsdatum: <\/strong>17.05.2012 14:30:00<\/p>\n<div class='content-column one_half'><div style=\"padding-right:6px;\"><p><strong>Informacije<\/strong><\/p>\n<p>Na vrhu planine Hum bio je nekad ilirsko naselje s kamenom gomilima i utvrde. S tog polo\u017eaja se izvanredno vidi \u010ditav hvarski kanal dok joj Ager le\u017ei kao na dlanu.<\/p><\/div><\/div><div class='content-column one_half last_column'><div style=\"padding-right:0px;padding-left:6px;\"><p><strong>Info<\/strong><\/p>\n<p>Auf der Spitze des Berges Hum befand sich einst eine illyrische Ansiedlung mit Steinh\u00fcgeln und Befestigungsanlagen. Von hier aus hat man wie auf einer Trib\u00fcne einen au\u00dfergew\u00f6hnlichen Blick auf den gesamten Hvarer-Kanal und das Feld Ager.<\/p><\/div><\/div><div class='clear_column'><\/div><div class='content-column one_half'><div style=\"padding-right:6px;\"><p>Gomila Sveti Vid uvr\u0161tena je u izjavu prostornog ure\u0111enja op\u0107ine Jelsa, naselje Vrbanj, na <span style=\"color: #3366ff;\"><a style=\"color: #3366ff;\" href=\"https:\/\/www.topohvar.at\/topo\/orte\/vj\/vj-po-00-1\/\">popis kulturnih dobara<\/a> <\/span>\u2013 arheolo\u0161ka nalazi\u0161ta pod brojevima 7836 (pretpovijesna gomila).<\/p><\/div><\/div><div class='content-column one_half last_column'><div style=\"padding-right:0px;padding-left:6px;\"><p>Der H\u00fcgel Sv. Vid ist in der Erkl\u00e4rung zur Raumplanung der Gemeinde Jelsa, Ort Vrbanj, <span style=\"color: #3366ff;\"><a style=\"color: #3366ff;\" href=\"https:\/\/www.topohvar.at\/topo\/orte\/vj\/vj-po-00-1\/\">in der Liste der Kulturg\u00fcter<\/a><\/span> \u2013 arch\u00e4ologische St\u00e4tten unter den Nummern 7836 (pr\u00e4historischer H\u00fcgel) vermerkt.<\/p><\/div><\/div><div class='clear_column'><\/div><div class='content-column one_half'><div style=\"padding-right:6px;\"><p>U 10.-12. stolje\u0107u na tom mjestu je sagra\u0111ena predromani\u010dka crkvica sv. Vida\u00a0<span style=\"color: #3366ff;\"><a style=\"color: #3366ff;\" href=\"https:\/\/www.topohvar.at\/topo\/orte\/vj\/vj-ck-04-1\/\">VJ-CK-04<\/a>.<\/span><\/p><\/div><\/div><div class='content-column one_half last_column'><div style=\"padding-right:0px;padding-left:6px;\"><p>Im 10. &#8211; 12. Jahrhundert wurde an dieser Stelle die vorromanische Kirche des hl. Vitus errichtet\u00a0<span style=\"color: #3366ff;\"><a style=\"color: #3366ff;\" href=\"https:\/\/www.topohvar.at\/topo\/orte\/vj\/vj-ck-04-1\/\">VJ-CK-04<\/a>.<\/span><\/p><\/div><\/div><div class='clear_column'><\/div><\/p>\n<div id=\"attachment_57329\" style=\"width: 310px\" class=\"wp-caption aligncenter\"><img loading=\"lazy\" decoding=\"async\" aria-describedby=\"caption-attachment-57329\" class=\"wp-image-57329 size-medium\" src=\"https:\/\/www.topohvar.at\/wp-content\/uploads\/2022\/02\/vj-pg-01-2-300x300.jpg\" alt=\"\" width=\"300\" height=\"300\" srcset=\"https:\/\/www.topohvar.at\/wp-content\/uploads\/2022\/02\/vj-pg-01-2-300x300.jpg 300w, https:\/\/www.topohvar.at\/wp-content\/uploads\/2022\/02\/vj-pg-01-2-150x150.jpg 150w, https:\/\/www.topohvar.at\/wp-content\/uploads\/2022\/02\/vj-pg-01-2.jpg 600w\" sizes=\"auto, (max-width: 300px) 100vw, 300px\" \/><p id=\"caption-attachment-57329\" class=\"wp-caption-text\">2017\/2018 (Geoportal DGU)<\/p><\/div>\n<p style=\"text-align: right;\"><a name=\"pg-02\"><\/a><a style=\"color: #3366ff;\" href=\"#seite_oben\">natrag na vrh \/ Seitenanfang<\/a><\/p>\n<hr \/>\n<h3><span style=\"color: #000000;\"><strong>Ime \/ Name<br \/>\n<\/strong>Pretpovijesna nalazi\u0161ta \u00bbGomila Sv. Vid (2)\u00ab \/ Pr\u00e4historische St\u00e4tte &#8211; H\u00fcgel Sv. Vid (2)<\/span><\/h3>\n<p><strong>Code: <\/strong>VJ-PG-02<\/p>\n<p><strong>Adresa \/ Adresse<br \/>\n<\/strong>Vrbanj, Hum<\/p>\n<p><strong>Lokacija \/ Position<a href=\"https:\/\/goo.gl\/maps\/S7fmj7xhTipue43r7\"><img loading=\"lazy\" decoding=\"async\" class=\"alignright wp-image-6926\" src=\"https:\/\/www.topohvar.at\/wp-content\/uploads\/2018\/08\/0869.jpg\" alt=\"\" width=\"134\" height=\"100\" \/><\/a><br \/>\n<\/strong><span style=\"color: #3366ff;\"><a style=\"color: #3366ff;\" href=\"https:\/\/goo.gl\/maps\/S7fmj7xhTipue43r7\">Latitude: N 43,16814\u00b0\u00a0 \u00a0 Longitude: E 16,63491\u00b0<\/a>\u00a0<\/span><strong><br \/>\n<\/strong>Visina \/ H\u00f6he: 202 m<\/p>\n<p><strong>Katastarska \u010destica \/ Grundst\u00fccke: <\/strong>3772<\/p>\n<p><strong>Datum snimanja \/ Erfassungsdatum: <\/strong>01.01.2000 00:00:00<\/p>\n<div class='content-column one_half'><div style=\"padding-right:6px;\"><p><strong>Informacije<\/strong><\/p>\n<p>Gomila se nalazi oko 100 m sjeveroisto\u010dno od crkve sv. Vid na brdu Hum. S tog polo\u017eaja se izvanredno vidi \u010ditav hvarski kanal dok joj Ager le\u017ei kao na dlanu. Iz te to\u010dke proze\u017ee se anti\u010dki put- cardo u pravcu sjever-jug i ve\u017ee se za drugi lokalitet u polju Maslinovik sa njegove sjeverne strane.<\/p><\/div><\/div><div class='content-column one_half last_column'><div style=\"padding-right:0px;padding-left:6px;\"><p><strong>Info<\/strong><\/p>\n<p>Der H\u00fcgel befindet sich ca. 100 m nord\u00f6stlich der Kirche sv. Vid am Berg Hum. Von hier aus hat man wie auf einer Trib\u00fcne einen au\u00dfergew\u00f6hnlichen Blick auf den gesamten Hvarer-Kanal und das Feld Ager. Von diesem Punkt aus l\u00e4sst sich die antike Stra\u00dfe &#8211; Hauptschlagader in Nord-S\u00fcd Richtung &#8211; die mit einem anderen Ort im Norden im Bereich \u201eMaslinovik\u201c verbunden ist, \u00fcberwachen.<\/p><\/div><\/div><div class='clear_column'><\/div><div class='content-column one_half'><div style=\"padding-right:6px;\"><p>Gomila se jo\u0161 dobro vidi na snimci iz zraka (Geoportal DGU) iz 1968. godine, danas je obrasla.<\/p><\/div><\/div><div class='content-column one_half last_column'><div style=\"padding-right:0px;padding-left:6px;\"><p>Der H\u00fcgel ist auf dem Luftbild (Geoportal DGU) aus dem Jahre 1968 noch gut zu sehen, heute \u00fcberwachsen.<\/p><\/div><\/div><div class='clear_column'><\/div><\/p>\n<p><img loading=\"lazy\" decoding=\"async\" class=\"aligncenter wp-image-57327 size-medium\" src=\"https:\/\/www.topohvar.at\/wp-content\/uploads\/2022\/02\/vj-pg-01-1-300x300.jpg\" alt=\"\" width=\"300\" height=\"300\" srcset=\"https:\/\/www.topohvar.at\/wp-content\/uploads\/2022\/02\/vj-pg-01-1-300x300.jpg 300w, https:\/\/www.topohvar.at\/wp-content\/uploads\/2022\/02\/vj-pg-01-1-150x150.jpg 150w, https:\/\/www.topohvar.at\/wp-content\/uploads\/2022\/02\/vj-pg-01-1.jpg 600w\" sizes=\"auto, (max-width: 300px) 100vw, 300px\" \/><\/p>\n<p style=\"text-align: right;\"><a name=\"pg-03\"><\/a><a style=\"color: #3366ff;\" href=\"#seite_oben\">natrag na vrh \/ Seitenanfang<\/a><\/p>\n<hr \/>\n<h3><span style=\"color: #000000;\"><strong>Ime \/ Name<br \/>\n<\/strong>Pretpovijesna nalazi\u0161ta \u00bbGomila 3\u00ab \/ Pr\u00e4historische St\u00e4tte &#8211; H\u00fcgel 3<\/span><\/h3>\n<p><strong>Code: <\/strong>VJ-PG-03<\/p>\n<p><strong>Adresa \/ Adresse<br \/>\n<\/strong>Vrbanj, Radi\u010da Njiva (Las)<\/p>\n<p><strong>Lokacija \/ Position<a href=\"https:\/\/goo.gl\/maps\/bRDAj1tLkqRDjhXd9\"><img loading=\"lazy\" decoding=\"async\" class=\"alignright wp-image-57338\" src=\"https:\/\/www.topohvar.at\/wp-content\/uploads\/2022\/02\/3439.jpg\" alt=\"\" width=\"134\" height=\"100\" \/><\/a><br \/>\n<\/strong><span style=\"color: #3366ff;\"><a style=\"color: #3366ff;\" href=\"https:\/\/goo.gl\/maps\/bRDAj1tLkqRDjhXd9\">Latitude: N 43,17441\u00b0\u00a0 \u00a0Longitude: E 16,64502\u00b0<\/a><\/span> <strong><br \/>\n<\/strong>Visina \/ H\u00f6he: 32 m<\/p>\n<p><strong>Katastarska \u010destica \/ Grundst\u00fccke: <\/strong>1595<\/p>\n<p><strong>Datum snimanja \/ Erfassungsdatum: <\/strong>01.01.2000 00:00:00<\/p>\n<div class='content-column one_half'><div style=\"padding-right:6px;\"><p><strong>Informacije<\/strong><\/p>\n<p>Gomila je jasno vidljiva na zra\u010dnim fotografijama.<\/p><\/div><\/div><div class='content-column one_half last_column'><div style=\"padding-right:0px;padding-left:6px;\"><p><strong>Info<\/strong><\/p>\n<p>Der H\u00fcgel ist in Luftbildern gut erkennbar\u00a0erkennbar.<\/p><\/div><\/div><div class='clear_column'><\/div><\/p>\n<div id=\"attachment_57330\" style=\"width: 310px\" class=\"wp-caption aligncenter\"><img loading=\"lazy\" decoding=\"async\" aria-describedby=\"caption-attachment-57330\" class=\"wp-image-57330 size-medium\" src=\"https:\/\/www.topohvar.at\/wp-content\/uploads\/2022\/02\/vj-pg-03-1-300x300.jpg\" alt=\"\" width=\"300\" height=\"300\" srcset=\"https:\/\/www.topohvar.at\/wp-content\/uploads\/2022\/02\/vj-pg-03-1-300x300.jpg 300w, https:\/\/www.topohvar.at\/wp-content\/uploads\/2022\/02\/vj-pg-03-1-150x150.jpg 150w, https:\/\/www.topohvar.at\/wp-content\/uploads\/2022\/02\/vj-pg-03-1.jpg 600w\" sizes=\"auto, (max-width: 300px) 100vw, 300px\" \/><p id=\"caption-attachment-57330\" class=\"wp-caption-text\">2017\/2018 (Geoportal DGU)<\/p><\/div>\n<p style=\"text-align: right;\"><a name=\"pg-04\"><\/a><a style=\"color: #3366ff;\" href=\"#seite_oben\">natrag na vrh \/ Seitenanfang<\/a><\/p>\n<hr \/>\n<h3><span style=\"color: #000000;\"><strong>Ime \/ Name<br \/>\n<\/strong>Pretpovijesna nalazi\u0161ta \u00bbGomila 4\u00ab \/ Pr\u00e4historische St\u00e4tte &#8211; H\u00fcgel <\/span><span style=\"color: #000000;\">4<\/span><\/h3>\n<p><strong>Code: <\/strong>VJ-PG-04<\/p>\n<p><strong>Adresa \/ Adresse<br \/>\n<\/strong>Vrbanj, Radi\u010da Njiva (Las)<\/p>\n<p><strong>Lokacija \/ Position<a href=\"https:\/\/goo.gl\/maps\/8K56GakLCEcJXT2a8\"><img loading=\"lazy\" decoding=\"async\" class=\"alignright wp-image-57339\" src=\"https:\/\/www.topohvar.at\/wp-content\/uploads\/2022\/02\/3440.jpg\" alt=\"\" width=\"134\" height=\"100\" \/><\/a><br \/>\n<\/strong><span style=\"color: #3366ff;\"><a style=\"color: #3366ff;\" href=\"https:\/\/goo.gl\/maps\/8K56GakLCEcJXT2a8\">Latitude: N 43,17488\u00b0\u00a0 \u00a0Longitude: E 16,64482\u00b0<\/a><\/span> <strong><br \/>\n<\/strong>Visina \/ H\u00f6he: 31 m<\/p>\n<p><strong>Katastarska \u010destica \/ Grundst\u00fccke:<\/strong> 1596<\/p>\n<p><strong>Datum snimanja \/ Erfassungsdatum: <\/strong>01.01.2000 00:00:00<\/p>\n<div class='content-column one_half'><div style=\"padding-right:6px;\"><p><strong>Informacije<\/strong><\/p>\n<p>Gomila je jasno vidljiva na zra\u010dnim fotografijama.<\/p><\/div><\/div><div class='content-column one_half last_column'><div style=\"padding-right:0px;padding-left:6px;\"><p><strong>Info<\/strong><\/p>\n<p>Der H\u00fcgel ist in Luftbildern gut erkennbar\u00a0erkennbar.<\/p><\/div><\/div><div class='clear_column'><\/div><\/p>\n<div id=\"attachment_57331\" style=\"width: 310px\" class=\"wp-caption aligncenter\"><img loading=\"lazy\" decoding=\"async\" aria-describedby=\"caption-attachment-57331\" class=\"wp-image-57331 size-medium\" src=\"https:\/\/www.topohvar.at\/wp-content\/uploads\/2022\/02\/vj-pg-04-1-300x300.jpg\" alt=\"\" width=\"300\" height=\"300\" srcset=\"https:\/\/www.topohvar.at\/wp-content\/uploads\/2022\/02\/vj-pg-04-1-300x300.jpg 300w, https:\/\/www.topohvar.at\/wp-content\/uploads\/2022\/02\/vj-pg-04-1-150x150.jpg 150w, https:\/\/www.topohvar.at\/wp-content\/uploads\/2022\/02\/vj-pg-04-1.jpg 600w\" sizes=\"auto, (max-width: 300px) 100vw, 300px\" \/><p id=\"caption-attachment-57331\" class=\"wp-caption-text\">2017\/2018 (Geoportal DGU)<\/p><\/div>\n<p style=\"text-align: right;\"><a name=\"pg-05\"><\/a><a style=\"color: #3366ff;\" href=\"#seite_oben\">natrag na vrh \/ Seitenanfang<\/a><\/p>\n<hr \/>\n<h3><span style=\"color: #000000;\"><strong>Ime \/ Name<br \/>\n<\/strong>Pretpovijesna nalazi\u0161ta \u00bbGomila 5\u00ab \/ Pr\u00e4historische St\u00e4tte &#8211; H\u00fcgel <\/span><span style=\"color: #000000;\">5<\/span><\/h3>\n<p><strong>Code: <\/strong>VJ-PG-05<\/p>\n<p><strong>Adresa \/ Adresse<br \/>\n<\/strong>Vrbanj, Ograda<\/p>\n<p><strong>Lokacija \/ Position<a href=\"https:\/\/goo.gl\/maps\/PvTgdjc9b1BLgQHk9\"><img loading=\"lazy\" decoding=\"async\" class=\"alignright wp-image-57340\" src=\"https:\/\/www.topohvar.at\/wp-content\/uploads\/2022\/02\/3441.jpg\" alt=\"\" width=\"134\" height=\"100\" \/><\/a><br \/>\n<\/strong><span style=\"color: #3366ff;\"><a style=\"color: #3366ff;\" href=\"https:\/\/goo.gl\/maps\/PvTgdjc9b1BLgQHk9\">Latitude: N 43,19024\u00b0\u00a0 \u00a0Longitude: E 16,64328\u00b0<\/a><\/span> <strong><br \/>\n<\/strong>Visina \/ H\u00f6he: 26 m<\/p>\n<p><strong>Katastarska \u010destica \/ Grundst\u00fccke: <\/strong>4811<\/p>\n<p><strong>Datum snimanja \/ Erfassungsdatum: <\/strong>01.01.2000 00:00:00<\/p>\n<div class='content-column one_half'><div style=\"padding-right:6px;\"><p><strong>Informacije<\/strong><\/p>\n<p>Gomila je jasno vidljiva na zra\u010dnim fotografijama.<\/p><\/div><\/div><div class='content-column one_half last_column'><div style=\"padding-right:0px;padding-left:6px;\"><p><strong>Info<\/strong><\/p>\n<p>Der H\u00fcgel ist in Luftbildern gut erkennbar erkennbar.<\/p><\/div><\/div><div class='clear_column'><\/div><\/p>\n<div id=\"attachment_57332\" style=\"width: 310px\" class=\"wp-caption aligncenter\"><img loading=\"lazy\" decoding=\"async\" aria-describedby=\"caption-attachment-57332\" class=\"wp-image-57332 size-medium\" src=\"https:\/\/www.topohvar.at\/wp-content\/uploads\/2022\/02\/vj-pg-05-1-300x300.jpg\" alt=\"\" width=\"300\" height=\"300\" srcset=\"https:\/\/www.topohvar.at\/wp-content\/uploads\/2022\/02\/vj-pg-05-1-300x300.jpg 300w, https:\/\/www.topohvar.at\/wp-content\/uploads\/2022\/02\/vj-pg-05-1-150x150.jpg 150w, https:\/\/www.topohvar.at\/wp-content\/uploads\/2022\/02\/vj-pg-05-1.jpg 600w\" sizes=\"auto, (max-width: 300px) 100vw, 300px\" \/><p id=\"caption-attachment-57332\" class=\"wp-caption-text\">2017\/2018 (Geoportal DGU)<\/p><\/div>\n<p style=\"text-align: right;\"><a name=\"pg-06\"><\/a><a style=\"color: #3366ff;\" href=\"#seite_oben\">natrag na vrh \/ Seitenanfang<\/a><\/p>\n<hr \/>\n<h3><span style=\"color: #000000;\"><strong>Ime \/ Name<br \/>\n<\/strong>Pretpovijesna nalazi\u0161ta \u00bbGomila 6\u00ab \/ Pr\u00e4historische St\u00e4tte &#8211; H\u00fcgel <\/span><span style=\"color: #000000;\">6<\/span><\/h3>\n<p><strong>Code: <\/strong>VJ-PG-06<\/p>\n<p><strong>Adresa \/ Adresse<br \/>\n<\/strong>Vrbanj, Pod Scugnivaz<\/p>\n<p><strong>Lokacija \/ Position<a href=\"https:\/\/goo.gl\/maps\/dBwDNR68sFQMP5876\"><img loading=\"lazy\" decoding=\"async\" class=\"alignright wp-image-57341\" src=\"https:\/\/www.topohvar.at\/wp-content\/uploads\/2022\/02\/3442.jpg\" alt=\"\" width=\"134\" height=\"100\" \/><\/a><br \/>\n<\/strong><span style=\"color: #3366ff;\"><a style=\"color: #3366ff;\" href=\"https:\/\/goo.gl\/maps\/dBwDNR68sFQMP5876\">Latitude: N 43,18755\u00b0\u00a0 \u00a0Longitude: E 16,64886\u00b0<\/a><\/span> <strong><br \/>\n<\/strong>Visina \/ H\u00f6he: 34 m<\/p>\n<p><strong>Katastarska \u010destica \/ Grundst\u00fccke: <\/strong>836<\/p>\n<p><strong>Datum snimanja \/ Erfassungsdatum: <\/strong>01.01.2000 00:00:00<\/p>\n<div class='content-column one_half'><div style=\"padding-right:6px;\"><p><strong>Informacije<\/strong><\/p>\n<p>Gomila je jasno vidljiva na zra\u010dnim fotografijama.<\/p><\/div><\/div><div class='content-column one_half last_column'><div style=\"padding-right:0px;padding-left:6px;\"><p><strong>Info<\/strong><\/p>\n<p>Der H\u00fcgel ist in Luftbildern gut erkennbar\u00a0erkennbar.<\/p><\/div><\/div><div class='clear_column'><\/div><\/p>\n<div id=\"attachment_57333\" style=\"width: 310px\" class=\"wp-caption aligncenter\"><img loading=\"lazy\" decoding=\"async\" aria-describedby=\"caption-attachment-57333\" class=\"wp-image-57333 size-medium\" src=\"https:\/\/www.topohvar.at\/wp-content\/uploads\/2022\/02\/vj-pg-06-1-300x300.jpg\" alt=\"\" width=\"300\" height=\"300\" srcset=\"https:\/\/www.topohvar.at\/wp-content\/uploads\/2022\/02\/vj-pg-06-1-300x300.jpg 300w, https:\/\/www.topohvar.at\/wp-content\/uploads\/2022\/02\/vj-pg-06-1-150x150.jpg 150w, https:\/\/www.topohvar.at\/wp-content\/uploads\/2022\/02\/vj-pg-06-1.jpg 600w\" sizes=\"auto, (max-width: 300px) 100vw, 300px\" \/><p id=\"caption-attachment-57333\" class=\"wp-caption-text\">2017\/2018 (Geoportal DGU)<\/p><\/div>\n<p style=\"text-align: right;\"><a name=\"pg-07\"><\/a><a style=\"color: #3366ff;\" href=\"#seite_oben\">natrag na vrh \/ Seitenanfang<\/a><\/p>\n<hr \/>\n<h3><span style=\"color: #000000;\"><strong>Ime \/ Name<br \/>\n<\/strong><\/span><span style=\"color: #000000;\">Pretpovijesna nalazi\u0161ta \u00bbMaruca Gomila\u00ab \/ Pr\u00e4historische St\u00e4tte &#8211; Marucah\u00fcgel<\/span><\/h3>\n<p><strong>Code: <\/strong>VJ-PG-07<\/p>\n<p><strong>Adresa \/ Adresse<br \/>\n<\/strong>Vrbanj, ?<\/p>\n<p><strong>Lokacija \/ Position<img loading=\"lazy\" decoding=\"async\" class=\"alignright wp-image-387 size-full\" src=\"https:\/\/www.topohvar.at\/wp-content\/uploads\/2018\/07\/00-00-00-1.jpg\" alt=\"\" width=\"114\" height=\"56\" \/><br \/>\n<\/strong><span style=\"color: #3366ff;\">Latitude: N 43\u00b0\u00a0 \u00a0Longitude: E 16\u00b0<\/span> <strong><br \/>\n<\/strong>Visina \/ H\u00f6he: &#8211; m<\/p>\n<p><strong>Katastarska \u010destica \/ Grundst\u00fccke: <\/strong>&#8211;<\/p>\n<p><strong>Datum snimanja \/ Erfassungsdatum: <\/strong>01.01.2000 00:00:00<\/p>\n<div class='content-column one_half'><div style=\"padding-right:6px;\"><p><strong>Informacije<\/strong><\/p>\n<p>Maruca Gomila uvr\u0161tena je u izjavu prostornog ure\u0111enja op\u0107ine Jelsa, naselje Vrbanj, na <span style=\"color: #3366ff;\"><a style=\"color: #3366ff;\" href=\"https:\/\/www.topohvar.at\/topo\/orte\/vj\/vj-po-00-1\/\">popis kulturnih dobara<\/a> <\/span>\u2013 arheolo\u0161ka nalazi\u0161ta pod brojevima 7761 (pretpovijesna gomila).<\/p><\/div><\/div><div class='content-column one_half last_column'><div style=\"padding-right:0px;padding-left:6px;\"><p><strong>Info<\/strong><\/p>\n<p>Der Marucah\u00fcgel Vid ist in der Erkl\u00e4rung zur Raumplanung der Gemeinde Jelsa, Ort Vrbanj, <span style=\"color: #3366ff;\"><a style=\"color: #3366ff;\" href=\"https:\/\/www.topohvar.at\/topo\/orte\/vj\/vj-po-00-1\/\">in der Liste der Kulturg\u00fcter<\/a><\/span> \u2013 arch\u00e4ologische St\u00e4tten unter den Nummern 7761 (pr\u00e4historischer H\u00fcgel) vermerkt.<\/p><\/div><\/div><div class='clear_column'><\/div><\/p>\n<p><img loading=\"lazy\" decoding=\"async\" class=\"aligncenter wp-image-387 size-full\" src=\"https:\/\/www.topohvar.at\/wp-content\/uploads\/2018\/07\/00-00-00-1.jpg\" alt=\"\" width=\"114\" height=\"56\" \/><\/p>\n<p style=\"text-align: right;\"><a name=\"pg-08\"><\/a><a style=\"color: #3366ff;\" href=\"#seite_oben\">natrag na vrh \/ Seitenanfang<\/a><\/p>\n<hr \/>\n<h3><span style=\"color: #000000;\"><strong>Ime \/ Name<br \/>\n<\/strong><\/span><span style=\"color: #000000;\">Pretpovijesna nalazi\u0161ta \u00bbKravava Gomila\u00ab \/ Pr\u00e4historische St\u00e4tte &#8211; Kravavah\u00fcgel<\/span><\/h3>\n<p><strong>Code: <\/strong>SG-PG-08<\/p>\n<p><strong>Adresa \/ Adresse<br \/>\n<\/strong>Vrbanj, ?<\/p>\n<p><strong>Lokacija \/ Position<img loading=\"lazy\" decoding=\"async\" class=\"alignright wp-image-387 size-full\" src=\"https:\/\/www.topohvar.at\/wp-content\/uploads\/2018\/07\/00-00-00-1.jpg\" alt=\"\" width=\"114\" height=\"56\" \/><br \/>\n<\/strong><span style=\"color: #3366ff;\">Latitude: N 43\u00b0\u00a0 \u00a0Longitude: E 16\u00b0<\/span> <strong><br \/>\n<\/strong>Visina \/ H\u00f6he: &#8211; m<\/p>\n<p><strong>Katastarska \u010destica \/ Grundst\u00fccke: <\/strong>&#8211;<\/p>\n<p><strong>Datum snimanja \/ Erfassungsdatum: <\/strong>01.01.2000 00:00:00<\/p>\n<div class='content-column one_half'><div style=\"padding-right:6px;\"><p><strong>Informacije<\/strong><\/p>\n<p>Kravava Gomila uvr\u0161tena je u izjavu prostornog ure\u0111enja op\u0107ine Jelsa, naselje Vrbanj, na <span style=\"color: #3366ff;\"><a style=\"color: #3366ff;\" href=\"https:\/\/www.topohvar.at\/topo\/orte\/vj\/vj-po-00-1\/\">popis kulturnih dobara<\/a> <\/span>\u2013 arheolo\u0161ka nalazi\u0161ta pod brojevima 7768 (pretpovijesna gomila).<\/p><\/div><\/div><div class='content-column one_half last_column'><div style=\"padding-right:0px;padding-left:6px;\"><p><strong>Info<\/strong><\/p>\n<p>Der Kravavah\u00fcgel ist in der Erkl\u00e4rung zur Raumplanung der Gemeinde Jelsa, Ort Vrbanj, <span style=\"color: #3366ff;\"><a style=\"color: #3366ff;\" href=\"https:\/\/www.topohvar.at\/topo\/orte\/vj\/vj-po-00-1\/\">in der Liste der Kulturg\u00fcter<\/a><\/span> \u2013 arch\u00e4ologische St\u00e4tten unter den Nummern 7768 (pr\u00e4historischer H\u00fcgel) vermerkt.<\/p><\/div><\/div><div class='clear_column'><\/div><\/p>\n<p><img loading=\"lazy\" decoding=\"async\" class=\"aligncenter wp-image-387 size-full\" src=\"https:\/\/www.topohvar.at\/wp-content\/uploads\/2018\/07\/00-00-00-1.jpg\" alt=\"\" width=\"114\" height=\"56\" \/><\/p>\n<p style=\"text-align: right;\"><a style=\"color: #3366ff;\" href=\"#seite_oben\">natrag na vrh \/ Seitenanfang<\/a><\/p>\n<hr \/>\n<p><strong>Linkovi \/ Links<\/strong><\/p>\n<p>&#8211;<\/p>\n","protected":false},"excerpt":{"rendered":"<p>Pove\u0107aj sliku \u2013 klikni! \/ Bild vergr\u00f6\u00dfern \u2013 klicken! Ime \/ Name Pretpovijesne gomile \/ Pr\u00e4historische H\u00fcgel Code: VJ-PG-00\u00a0 \u00a0 \u00a0 \u00a0 \u00a0 \u00a0 \u00a0 \u00a0 \u00a0 \u00a0 \u00a0 \u00a0 \u00a0 \u00a0 \u00a0 \u00a0 \u00a0 \u00a0 \u00a0 Pojedinim objektima \/ &hellip; <a href=\"https:\/\/www.topohvar.at\/topo\/orte\/vj\/vj-pg-00-1\/\">Weiterlesen <span class=\"meta-nav\">&rarr;<\/span><\/a><\/p>\n","protected":false},"author":1,"featured_media":0,"parent":111,"menu_order":0,"comment_status":"closed","ping_status":"closed","template":"","meta":{"footnotes":""},"class_list":["post-57319","page","type-page","status-publish","hentry"],"_links":{"self":[{"href":"https:\/\/www.topohvar.at\/topo\/wp-json\/wp\/v2\/pages\/57319","targetHints":{"allow":["GET"]}}],"collection":[{"href":"https:\/\/www.topohvar.at\/topo\/wp-json\/wp\/v2\/pages"}],"about":[{"href":"https:\/\/www.topohvar.at\/topo\/wp-json\/wp\/v2\/types\/page"}],"author":[{"embeddable":true,"href":"https:\/\/www.topohvar.at\/topo\/wp-json\/wp\/v2\/users\/1"}],"replies":[{"embeddable":true,"href":"https:\/\/www.topohvar.at\/topo\/wp-json\/wp\/v2\/comments?post=57319"}],"version-history":[{"count":15,"href":"https:\/\/www.topohvar.at\/topo\/wp-json\/wp\/v2\/pages\/57319\/revisions"}],"predecessor-version":[{"id":57494,"href":"https:\/\/www.topohvar.at\/topo\/wp-json\/wp\/v2\/pages\/57319\/revisions\/57494"}],"up":[{"embeddable":true,"href":"https:\/\/www.topohvar.at\/topo\/wp-json\/wp\/v2\/pages\/111"}],"wp:attachment":[{"href":"https:\/\/www.topohvar.at\/topo\/wp-json\/wp\/v2\/media?parent=57319"}],"curies":[{"name":"wp","href":"https:\/\/api.w.org\/{rel}","templated":true}]}}