{"id":57542,"date":"2022-02-19T18:48:55","date_gmt":"2022-02-19T17:48:55","guid":{"rendered":"https:\/\/www.topohvar.at\/topo\/?page_id=57542"},"modified":"2022-02-19T19:02:26","modified_gmt":"2022-02-19T18:02:26","slug":"je-pg-00-1","status":"publish","type":"page","link":"https:\/\/www.topohvar.at\/topo\/orte\/je\/je-pg-00-1\/","title":{"rendered":"JELSA &#8211; Pretpovijesne gomile"},"content":{"rendered":"<p style=\"text-align: center;\"><a name=\"seite_oben\"><\/a><br \/>\n<strong><a href=\"https:\/\/www.topohvar.at\/wp-content\/uploads\/2022\/02\/je-pg-00-1.jpg\"><img loading=\"lazy\" decoding=\"async\" class=\"alignnone wp-image-57547 size-full\" src=\"https:\/\/www.topohvar.at\/wp-content\/uploads\/2022\/02\/je-pg-00-1.jpg\" alt=\"\" width=\"1080\" height=\"530\" srcset=\"https:\/\/www.topohvar.at\/wp-content\/uploads\/2022\/02\/je-pg-00-1.jpg 1080w, https:\/\/www.topohvar.at\/wp-content\/uploads\/2022\/02\/je-pg-00-1-300x147.jpg 300w, https:\/\/www.topohvar.at\/wp-content\/uploads\/2022\/02\/je-pg-00-1-1024x503.jpg 1024w, https:\/\/www.topohvar.at\/wp-content\/uploads\/2022\/02\/je-pg-00-1-768x377.jpg 768w\" sizes=\"auto, (max-width: 1080px) 100vw, 1080px\" \/><\/a><\/strong><a href=\"https:\/\/www.topohvar.at\/wp-content\/uploads\/2022\/02\/je-pg-00-1.jpg\"><span style=\"color: #3366ff;\"><a style=\"color: #3366ff;\" href=\"https:\/\/www.topohvar.at\/wp-content\/uploads\/2022\/02\/je-pg-00-1.jpg\">Pove\u0107aj sliku \u2013 klikni! \/ Bild vergr\u00f6\u00dfern \u2013 klicken!<\/a><\/span><\/a><\/p>\n<p><strong>Ime \/ Name<br \/>\n<\/strong>Pretpovijesne gomile \/ pr\u00e4historische H\u00fcgel<\/p>\n<p><strong>Code: <\/strong>JE-PG-00\u00a0 \u00a0 \u00a0 \u00a0 \u00a0 \u00a0 \u00a0 \u00a0 \u00a0 \u00a0 \u00a0 \u00a0 \u00a0 \u00a0 \u00a0 \u00a0 \u00a0\u00a0<strong> <a href=\"https:\/\/www.topohvar.at\/orte\/je\/je-po-00-1\/\"><img loading=\"lazy\" decoding=\"async\" class=\"alignnone wp-image-533 size-full\" src=\"https:\/\/www.topohvar.at\/wp-content\/uploads\/2018\/07\/push-l-30.jpg\" alt=\"\" width=\"61\" height=\"30\" \/><\/a> <a href=\"https:\/\/www.topohvar.at\/orte\/je\/\"><img loading=\"lazy\" decoding=\"async\" class=\"alignnone wp-image-535 size-full\" src=\"https:\/\/www.topohvar.at\/wp-content\/uploads\/2018\/07\/push-o-30.jpg\" alt=\"\" width=\"61\" height=\"30\" \/><\/a> <a href=\"https:\/\/www.topohvar.at\/orte\/je\/je-po-01-1\/\"><img loading=\"lazy\" decoding=\"async\" class=\"alignnone wp-image-536 size-full\" src=\"https:\/\/www.topohvar.at\/wp-content\/uploads\/2018\/07\/push-r-30.jpg\" alt=\"\" width=\"61\" height=\"30\" \/><\/a>\u00a0\u00a0<\/strong><\/p>\n<hr \/>\n<p>Pojedinim objektima \/ zu den einzelnen Objekten<\/p>\n<p><span style=\"color: #3366ff;\"><a style=\"color: #3366ff;\" href=\"#pg-01\">JE-PG-01<\/a> \/ \u00a0<a style=\"color: #3366ff;\" href=\"#pg-02\">JE-PG-02<\/a>\u00a0<\/span><\/p>\n<hr \/>\n<div class='content-column one_half'><div style=\"padding-right:6px;\"><p><strong>Informacije<\/strong><\/p>\n<p>Najstariji stanovnici otoka Hvara bili su Iliri, a o njihovoj prisutnosti na otoku svjedo\u010de gomile od kojih su neke bile grobnice. Gomile su uglavnom grobi\u0161ta, ali su se koristile i kao osmatra\u010dnice ili vjerska obredna mjesta.<\/p><\/div><\/div><div class='content-column one_half last_column'><div style=\"padding-right:0px;padding-left:6px;\"><p><strong>Info<\/strong><\/p>\n<p>Die \u00e4ltesten Bewohner der Insel Hvar waren die Illyrer, und ihre Anwesenheit auf der Insel wird durch H\u00fcgel belegt, von denen sich einige Grabst\u00e4tten waren. Die H\u00fcgel waren gr\u00f6\u00dftenteils Friedh\u00f6fe, wurden aber auch als Observatorien oder religi\u00f6se Ritualst\u00e4tten genutzt.<\/p><\/div><\/div><div class='clear_column'><\/div><div class='content-column one_half'><div style=\"padding-right:6px;\"><p>Neke od ovih gomila koristili su Iliri za ukope i u puno anti\u010dko doba. Prilozi u grobovima, posude, bron\u010dane kop\u010de, prstenje, oru\u0111e i oru\u017eje svjedo\u010de nam o kulturnoj razini onda\u0161njega stanovni\u0161tva i njihovim vezama, u prvome redu s ilirskim kopnom, ali i s prekomorskim Apeninskim poluotokom.<\/p><\/div><\/div><div class='content-column one_half last_column'><div style=\"padding-right:0px;padding-left:6px;\"><p>Einige dieser H\u00fcgel wurden von den Illyrern in der Antike f\u00fcr Bestattungen genutzt. Anh\u00e4nge in den Gr\u00e4bern, Gef\u00e4\u00dfe, Bronzespangen, Ringe, Werkzeuge und Waffen zeugen vom kulturellen Niveau der damaligen Bev\u00f6lkerung und ihren Verbindungen, vor allem zum illyrischen Festland, aber auch zur \u00fcberseeischen Apenninenhalbinsel.<\/p><\/div><\/div><div class='clear_column'><\/div><div class='content-column one_half'><div style=\"padding-right:6px;\"><p>U ovim su gomilama, u kamenim sanducima od plo\u010da, Iliri pokopavali svoje pokojnike i to u pravilu u zgr\u010denome polo\u017eaju, kao u maj\u010dinoj utrobi, licem okrenutim prema istoku sunca. Ovaj na\u010din ukopa bio je svojstven \u0161irokom podru\u010dju Europe od Alpa do Jadrana i od Bavarske do Rusije te spada u doba kovina, tj . u srednje bron\u010dano doba i po\u010detak \u017eeljeznog doba.<\/p><\/div><\/div><div class='content-column one_half last_column'><div style=\"padding-right:0px;padding-left:6px;\"><p>In diesen H\u00fcgeln begruben die Illyrer ihre Toten in S\u00e4rgen aus Steinplatten, gew\u00f6hnlich in gekauerter Stellung wie im Mutterleib, wobei ihre Gesichter dem Sonnenaufgang zugewandt waren. Diese Bestattungsmethode war charakteristisch f\u00fcr ein weites Gebiet Europas von den Alpen bis zur Adria und von Bayern bis Russland und geh\u00f6rt zum Metallzeitalter, d. H. in der mittleren Bronzezeit und zu Beginn der Eisenzeit.<\/p><\/div><\/div><div class='clear_column'><\/div><\/p>\n<p><img loading=\"lazy\" decoding=\"async\" class=\"aligncenter size-full wp-image-40678\" src=\"https:\/\/www.topohvar.at\/wp-content\/uploads\/2020\/08\/op-po-03-1.jpg\" alt=\"\" width=\"370\" height=\"247\" srcset=\"https:\/\/www.topohvar.at\/wp-content\/uploads\/2020\/08\/op-po-03-1.jpg 370w, https:\/\/www.topohvar.at\/wp-content\/uploads\/2020\/08\/op-po-03-1-300x200.jpg 300w\" sizes=\"auto, (max-width: 370px) 100vw, 370px\" \/><\/p>\n<p style=\"text-align: center;\"><span style=\"color: #000000;\"><em>(Izvor \/ Quelle: <\/em><em>https:\/\/pakleniotoci.eu<\/em><em>)<\/em><\/span><\/p>\n<p style=\"text-align: right;\"><a name=\"pg-01\"><\/a><a href=\"#seite_oben\">natrag na vrh \/ Seitenanfang<\/a><\/p>\n<hr \/>\n<h3><span style=\"color: #000000;\"><strong>Ime \/ Name<\/strong><br \/>\nPrapovijesno nalazi\u0161te \u00bbIlirski tumul Grebi\u0161\u0107e (grobni humak)\u00ab \/ Pr\u00e4historische St\u00e4tte \u2013 Illyrischer Tumulus Grebi\u0161\u0107e (Grabh\u00fcgel)<\/span><\/h3>\n<p><strong>Code: <\/strong>ZA-PG-01<\/p>\n<p><strong>Adresa \/ Adresse<br \/>\n<\/strong>Jelsa, Grebi\u0161\u0107e<\/p>\n<p><strong>Lokacija \/ Position<a href=\"https:\/\/goo.gl\/maps\/QPrghAPQjf2V5yUU7\"><img loading=\"lazy\" decoding=\"async\" class=\"alignright wp-image-41522\" src=\"https:\/\/www.topohvar.at\/wp-content\/uploads\/2020\/09\/2818.jpg\" alt=\"\" width=\"134\" height=\"100\" \/><\/a><br \/>\n<\/strong><span style=\"color: #3366ff;\"><a style=\"color: #3366ff;\" href=\"https:\/\/goo.gl\/maps\/Ygew2soEngNW3ZVK9\">Latitude: N 43,15921\u00b0\u00a0 \u00a0Longitude: E 16,71477\u00b0<\/a> <\/span><strong><br \/>\n<\/strong>Visina \/ H\u00f6he: 27 m<\/p>\n<p><strong>Zemlji\u0161te \/ Grundst\u00fccke: <\/strong>2531\/2, 2531\/5<\/p>\n<p><strong>Datum snimanja \/ Erfassungsdatum:\u00a0<\/strong> 01.01.2000 00:00:00<\/p>\n<div class='content-column one_half'><div style=\"padding-right:6px;\"><p><strong>Informacije<\/strong><\/p>\n<p>Ilirski tumul uvr\u0161ten je me\u0111u evidentirana kulturna dobra &#8211; arheolo\u0161ka nalazi\u0161ta u deklaraciji o prostornom ure\u0111enju op\u0107ine Jelsa, lokalitet Jelsa, listopad 2008., pod brojem <em>7618 &#8211; Grebi\u0161\u0107e<\/em>.<\/p><\/div><\/div><div class='content-column one_half last_column'><div style=\"padding-right:0px;padding-left:6px;\"><p><strong>Info<\/strong><\/p>\n<p>Der Illyrische Tumulus ist unter den aufgezeichneten Kulturg\u00fcter \u2013 arch\u00e4ologische St\u00e4tten in der Erkl\u00e4rung zur Raumplanung der Gemeinde Jelsa, Ortschaft Jelsa, Oktober 2008, unter der Nummer <em>7618 &#8211; Grebi\u0161\u0107e<\/em> enthalten.<\/p><\/div><\/div><div class='clear_column'><\/div><\/p>\n<p><strong><img loading=\"lazy\" decoding=\"async\" class=\"alignnone wp-image-41525 size-full\" src=\"https:\/\/www.topohvar.at\/wp-content\/uploads\/2020\/09\/je-pg-01-11.jpg\" alt=\"\" width=\"1080\" height=\"530\" srcset=\"https:\/\/www.topohvar.at\/wp-content\/uploads\/2020\/09\/je-pg-01-11.jpg 1080w, https:\/\/www.topohvar.at\/wp-content\/uploads\/2020\/09\/je-pg-01-11-300x147.jpg 300w, https:\/\/www.topohvar.at\/wp-content\/uploads\/2020\/09\/je-pg-01-11-1024x503.jpg 1024w, https:\/\/www.topohvar.at\/wp-content\/uploads\/2020\/09\/je-pg-01-11-768x377.jpg 768w\" sizes=\"auto, (max-width: 1080px) 100vw, 1080px\" \/><\/strong><\/p>\n<p style=\"text-align: right;\"><a name=\"pg-02\"><\/a><a style=\"color: #3366ff;\" href=\"#seite_oben\">natrag na vrh \/ Seitenanfang<\/a><\/p>\n<hr \/>\n<h3><span style=\"color: #000000;\"><strong>Ime \/ Name<br \/>\n<\/strong>Pretpovijesna nalazi\u0161ta \u00bbGomila Svete Muke Sv. Kuke\u00ab \/ Pr\u00e4historische St\u00e4tte &#8211; H\u00fcgel Svete Muke Sv. Kuke<\/span><\/h3>\n<p><strong>Code: <\/strong>JE-PG-02<\/p>\n<p><strong>Adresa \/ Adresse<br \/>\n<\/strong>Jelsa<\/p>\n<p><strong>Lokacija \/ Position<img loading=\"lazy\" decoding=\"async\" class=\"alignright wp-image-387 size-full\" src=\"https:\/\/www.topohvar.at\/wp-content\/uploads\/2018\/07\/00-00-00-1.jpg\" alt=\"\" width=\"114\" height=\"56\" \/><br \/>\n<\/strong><span style=\"color: #3366ff;\">Latitude: N 43\u00b0\u00a0 \u00a0Longitude: E 16\u00b0 <\/span><strong><br \/>\n<\/strong>Visina \/ H\u00f6he: &#8211; m<\/p>\n<p><strong>Katastarska \u010destica \/ Grundst\u00fccke:<\/strong> &#8211;<\/p>\n<p><strong>Datum snimanja \/ Erfassungsdatum:<\/strong> 01.01.2000 00:00:00<\/p>\n<div class='content-column one_half'><div style=\"padding-right:6px;\"><p><strong>Informacije<\/strong><\/p>\n<p>Pretpovijesna golmila uvr\u0161ten je me\u0111u evidentirana kulturna dobra &#8211; arheolo\u0161ka nalazi\u0161ta u deklaraciji o prostornom ure\u0111enju op\u0107ine Jelsa, lokalitet Jelsa, listopad 2008., pod brojem <em>7617 &#8211; SVETE MUKE SV. KUKE<\/em>.<\/p><\/div><\/div><div class='content-column one_half last_column'><div style=\"padding-right:0px;padding-left:6px;\"><p><strong>Info<\/strong><\/p>\n<p>Der pr\u00e4historiche Zumulus ist unter den aufgezeichneten Kulturg\u00fcter \u2013 arch\u00e4ologische St\u00e4tten in der Erkl\u00e4rung zur Raumplanung der Gemeinde Jelsa, Ortschaft Jelsa, Oktober 2008, unter der Nummer <em>7618 &#8211; SVETE MUKE SV. KUKE<\/em>\u00a0enthalten.<\/p><\/div><\/div><div class='clear_column'><\/div><\/p>\n<p style=\"text-align: right;\"><a name=\"pg-03\"><\/a><a style=\"color: #3366ff;\" href=\"#seite_oben\">natrag na vrh \/ Seitenanfang<\/a><\/p>\n<hr \/>\n<p>&nbsp;<\/p>\n<p><strong>Linkovi \/ Links<\/strong><\/p>\n<p><span style=\"color: #3366ff;\">&#8211;<\/span><\/p>\n","protected":false},"excerpt":{"rendered":"<p>Pove\u0107aj sliku \u2013 klikni! \/ Bild vergr\u00f6\u00dfern \u2013 klicken! Ime \/ Name Pretpovijesne gomile \/ pr\u00e4historische H\u00fcgel Code: JE-PG-00\u00a0 \u00a0 \u00a0 \u00a0 \u00a0 \u00a0 \u00a0 \u00a0 \u00a0 \u00a0 \u00a0 \u00a0 \u00a0 \u00a0 \u00a0 \u00a0 \u00a0\u00a0 \u00a0\u00a0 Pojedinim objektima \/ zu &hellip; <a href=\"https:\/\/www.topohvar.at\/topo\/orte\/je\/je-pg-00-1\/\">Weiterlesen <span class=\"meta-nav\">&rarr;<\/span><\/a><\/p>\n","protected":false},"author":1,"featured_media":0,"parent":85,"menu_order":0,"comment_status":"closed","ping_status":"closed","template":"","meta":{"footnotes":""},"class_list":["post-57542","page","type-page","status-publish","hentry"],"_links":{"self":[{"href":"https:\/\/www.topohvar.at\/topo\/wp-json\/wp\/v2\/pages\/57542","targetHints":{"allow":["GET"]}}],"collection":[{"href":"https:\/\/www.topohvar.at\/topo\/wp-json\/wp\/v2\/pages"}],"about":[{"href":"https:\/\/www.topohvar.at\/topo\/wp-json\/wp\/v2\/types\/page"}],"author":[{"embeddable":true,"href":"https:\/\/www.topohvar.at\/topo\/wp-json\/wp\/v2\/users\/1"}],"replies":[{"embeddable":true,"href":"https:\/\/www.topohvar.at\/topo\/wp-json\/wp\/v2\/comments?post=57542"}],"version-history":[{"count":5,"href":"https:\/\/www.topohvar.at\/topo\/wp-json\/wp\/v2\/pages\/57542\/revisions"}],"predecessor-version":[{"id":57548,"href":"https:\/\/www.topohvar.at\/topo\/wp-json\/wp\/v2\/pages\/57542\/revisions\/57548"}],"up":[{"embeddable":true,"href":"https:\/\/www.topohvar.at\/topo\/wp-json\/wp\/v2\/pages\/85"}],"wp:attachment":[{"href":"https:\/\/www.topohvar.at\/topo\/wp-json\/wp\/v2\/media?parent=57542"}],"curies":[{"name":"wp","href":"https:\/\/api.w.org\/{rel}","templated":true}]}}