{"id":5821,"date":"2018-08-16T18:06:59","date_gmt":"2018-08-16T16:06:59","guid":{"rendered":"https:\/\/www.topohvar.at\/?page_id=5821"},"modified":"2021-12-02T15:04:43","modified_gmt":"2021-12-02T14:04:43","slug":"sa-ci-01-1","status":"publish","type":"page","link":"https:\/\/www.topohvar.at\/topo\/orte\/sa\/sa-ci-01-1\/","title":{"rendered":"SELCA (kod Starog Grada) &#8211; \u017dupna crkva \u00bbRo\u0111enje bla\u017eenje Djevice Marije (Mola Gospa)\u00ab"},"content":{"rendered":"<p><a name=\"seite_oben\"><\/a><br \/>\n<img loading=\"lazy\" decoding=\"async\" class=\"alignnone wp-image-5786 size-large\" src=\"https:\/\/www.topohvar.at\/wp-content\/uploads\/2018\/08\/SA-CI-01-0--1024x503.jpg\" alt=\"\" width=\"640\" height=\"314\" srcset=\"https:\/\/www.topohvar.at\/wp-content\/uploads\/2018\/08\/SA-CI-01-0--1024x503.jpg 1024w, https:\/\/www.topohvar.at\/wp-content\/uploads\/2018\/08\/SA-CI-01-0--300x147.jpg 300w, https:\/\/www.topohvar.at\/wp-content\/uploads\/2018\/08\/SA-CI-01-0--768x377.jpg 768w, https:\/\/www.topohvar.at\/wp-content\/uploads\/2018\/08\/SA-CI-01-0-.jpg 1080w\" sizes=\"auto, (max-width: 640px) 100vw, 640px\" \/><\/p>\n<p><strong>Ime \/ Name<br \/>\n<\/strong>\u017dupna crkva \u00bbRo\u0111enje bla\u017eenje Djevice Marije (Mola Gospa)\u00ab \/ Pfarrkirche Maria Geburt (Unsere liebe kleine Frau)<\/p>\n<p><strong>Code: <\/strong>SG-CI-01\u00a0 \u00a0 \u00a0 \u00a0 \u00a0 \u00a0 \u00a0 \u00a0 \u00a0 \u00a0 \u00a0 \u00a0 \u00a0 \u00a0 \u00a0 \u00a0 \u00a0 \u00a0 \u00a0 \u00a0 \u00a0 \u00a0 \u00a0 \u00a0 \u00a0\u00a0<strong> <a href=\"https:\/\/www.topohvar.at\/orte\/sa\/\"><img loading=\"lazy\" decoding=\"async\" class=\"alignnone wp-image-535 size-full\" src=\"https:\/\/www.topohvar.at\/wp-content\/uploads\/2018\/07\/push-o-30.jpg\" alt=\"\" width=\"61\" height=\"30\" \/><\/a> <a href=\"https:\/\/www.topohvar.at\/orte\/sa\/sa-ck-01-1\/\"><img loading=\"lazy\" decoding=\"async\" class=\"alignnone wp-image-536 size-full\" src=\"https:\/\/www.topohvar.at\/wp-content\/uploads\/2018\/07\/push-r-30.jpg\" alt=\"\" width=\"61\" height=\"30\" \/><\/a><\/strong><\/p>\n<hr \/>\n<p><strong>Adresa \/ Adresse<br \/>\n<\/strong>Selca (kod Starog Grada)<\/p>\n<p><strong>Lokacija<\/strong><strong> \/ Position<a href=\"https:\/\/goo.gl\/maps\/3U1ukMR1V1cTfdgq6\"><img loading=\"lazy\" decoding=\"async\" class=\"alignright wp-image-5819\" src=\"https:\/\/www.topohvar.at\/wp-content\/uploads\/2018\/08\/1044.jpg\" alt=\"\" width=\"133\" height=\"100\" \/><\/a><br \/>\n<\/strong><span style=\"color: #3366ff;\"><a style=\"color: #3366ff;\" href=\"https:\/\/goo.gl\/maps\/3U1ukMR1V1cTfdgq6\">Latitude: N 43,16644\u00b0\u00a0 \u00a0Longitude: E 16,56657\u00b0<\/a> <\/span><strong><br \/>\n<\/strong>Visina \/ H\u00f6he: 210 m<\/p>\n<p><strong>Katastarska \u010destica <\/strong><strong>\/ Grundst\u00fccke<br \/>\n<\/strong>*1231<div class='content-column one_half'><div style=\"padding-right:6px;\"><p><strong>Datum snimanja \/ Erfassungsdatum<br \/>\n<\/strong>21.05.2013 12:31:12<\/p>\n<hr \/>\n<p><strong>Informacije<\/strong><\/p>\n<p>Sel\u010dani su 188o. g. dovr\u0161ili izgradnju crkve. Za gradnju crkve su potro\u0161ili 3.010 forinti, ne ra\u010dunaju\u0107i dobrovoljni rad mje\u0161tana. Uz to su darovali zlato, opremili crkvu liturgijskim priborom te sagradili obli\u017enju ku\u0107u za du\u0161obri\u017enika.<\/p><\/div><\/div><div class='content-column one_half last_column'><div style=\"padding-right:0px;padding-left:6px;\"><p><strong>Stupanj za\u0161tite<\/strong><strong> \/ Schutzstellung<br \/>\n<\/strong>&#8211;<\/p>\n<hr \/>\n<p><strong>Info<\/strong><\/p>\n<p>Die Dorfbewohner haben im Jahr 188o den Bau der Kirche abgeschlossen. Sie gaben 3.010 Forint f\u00fcr den Bau der Kirche aus, ohne die freiwillige Arbeit der Einheimischen zu ber\u00fccksichtigen. Au\u00dferdem spendeten sie Gold, r\u00fcsteten die Kirche mit liturgischer Ausr\u00fcstung aus und bauten in der N\u00e4he ein Pfarrhaus.<\/p><\/div><\/div><div class='clear_column'><\/div><div class='content-column one_half'><div style=\"padding-right:6px;\"><p>Blagoslov novosagra\u0111ene crkve Male Gospe obavio je 8. rujna 1880. g. don Ivan Dubokovi\u0107, \u017eupni pomo\u0107nik (\u201ekapelan\u201c) u Starome Gradu. Tom se prigodom dogodio smrtni slu\u010daj. Naime, klatno zvona je palo i pred crkvom usmrtilo Mariju \u0160eperica iz obli\u017enjeg Velog Grablja.<\/p><\/div><\/div><div class='content-column one_half last_column'><div style=\"padding-right:0px;padding-left:6px;\"><p>Eingeweiht wurde die neu erbaute Kirche Unserer Lieben Frau am 8. September 1880 von Pater Ivan Dubokovi\u0107, Pfarrassistent (&#8222;Kaplan&#8220;) in Stari Grad. Bei dieser Gelegenheit ereignete sich ein t\u00f6dlicher Unfall. Das Glockenpendel fiel n\u00e4mlich herab und t\u00f6tete Marija \u0160eperica aus dem nahe gelegenen Velo Grablje vor der Kirche.<\/div><\/div><div class='clear_column'><\/div><\/p>\n<p style=\"text-align: center;\"><em>(Izvor \/ Quelle: Novosti Stari Grad, 20.12.2012)<\/em><\/p>\n<hr \/>\n<div class='content-column one_half'><div style=\"padding-right:6px;\"><p>Na blagdan \u201eNa\u0161a mala \u017eena\u201c oko 8. rujna obilje\u017eava se veliki crkveni festival i Gospin kip nosi se u procesiji oko crkve. Festival se nastavlja na mjestu gdje ljudi pjevaju, jedu i piju u nekim ku\u0107ama s prijateljima.<\/p><\/div><\/div><div class='content-column one_half last_column'><div style=\"padding-right:0px;padding-left:6px;\"><p>Am Feiertag &#8222;Unsere kleine Frau&#8220; um den 8. September, wird ein gro\u00dfes Kirchenfest gefeiert und die Statue der Muttergottes in einer Prozession um die Kirche getragen. Das Fest setzt sich im Ort fort, wo in einigen H\u00e4usern mit Freunden gesungen, gegessen und getrunken wird.<\/p><\/div><\/div><div class='clear_column'><\/div><div class='content-column one_half'><div style=\"padding-right:6px;\"><div id=\"attachment_29791\" style=\"width: 310px\" class=\"wp-caption aligncenter\"><img loading=\"lazy\" decoding=\"async\" aria-describedby=\"caption-attachment-29791\" class=\"wp-image-29791 size-full\" src=\"https:\/\/www.topohvar.at\/wp-content\/uploads\/2020\/01\/sa-ci-01-11.jpg\" alt=\"\" width=\"300\" height=\"300\" srcset=\"https:\/\/www.topohvar.at\/wp-content\/uploads\/2020\/01\/sa-ci-01-11.jpg 300w, https:\/\/www.topohvar.at\/wp-content\/uploads\/2020\/01\/sa-ci-01-11-150x150.jpg 150w\" sizes=\"auto, (max-width: 300px) 100vw, 300px\" \/><p id=\"caption-attachment-29791\" class=\"wp-caption-text\">Prije festivala u crkvi \/<br \/>Vor dem Fest in der Kirche<\/p><\/div><\/div><\/div><div class='content-column one_half last_column'><div style=\"padding-right:0px;padding-left:6px;\"><div id=\"attachment_29792\" style=\"width: 310px\" class=\"wp-caption aligncenter\"><img loading=\"lazy\" decoding=\"async\" aria-describedby=\"caption-attachment-29792\" class=\"wp-image-29792 size-full\" src=\"https:\/\/www.topohvar.at\/wp-content\/uploads\/2020\/01\/sa-ci-01-12.jpg\" alt=\"\" width=\"300\" height=\"300\" srcset=\"https:\/\/www.topohvar.at\/wp-content\/uploads\/2020\/01\/sa-ci-01-12.jpg 300w, https:\/\/www.topohvar.at\/wp-content\/uploads\/2020\/01\/sa-ci-01-12-150x150.jpg 150w\" sizes=\"auto, (max-width: 300px) 100vw, 300px\" \/><p id=\"caption-attachment-29792\" class=\"wp-caption-text\">Prije festivala u selu \/<br \/>Vor dem Fest im Ort<\/p><\/div><\/div><\/div><div class='clear_column'><\/div><\/p>\n<p style=\"text-align: right;\"><span style=\"color: #3366ff;\"><a style=\"color: #3366ff;\" href=\"#seite_oben\">natrag na vrh \/ Seitenanfang<\/a><\/span><\/p>\n<hr \/>\n<p><strong>Linkovi \/ Links<\/strong><\/p>\n<p>&#8211;<\/p>\n","protected":false},"excerpt":{"rendered":"<p>Ime \/ Name \u017dupna crkva \u00bbRo\u0111enje bla\u017eenje Djevice Marije (Mola Gospa)\u00ab \/ Pfarrkirche Maria Geburt (Unsere liebe kleine Frau) Code: SG-CI-01\u00a0 \u00a0 \u00a0 \u00a0 \u00a0 \u00a0 \u00a0 \u00a0 \u00a0 \u00a0 \u00a0 \u00a0 \u00a0 \u00a0 \u00a0 \u00a0 \u00a0 \u00a0 \u00a0 \u00a0 &hellip; <a href=\"https:\/\/www.topohvar.at\/topo\/orte\/sa\/sa-ci-01-1\/\">Weiterlesen <span class=\"meta-nav\">&rarr;<\/span><\/a><\/p>\n","protected":false},"author":1,"featured_media":0,"parent":95,"menu_order":0,"comment_status":"closed","ping_status":"closed","template":"","meta":{"footnotes":""},"class_list":["post-5821","page","type-page","status-publish","hentry"],"_links":{"self":[{"href":"https:\/\/www.topohvar.at\/topo\/wp-json\/wp\/v2\/pages\/5821","targetHints":{"allow":["GET"]}}],"collection":[{"href":"https:\/\/www.topohvar.at\/topo\/wp-json\/wp\/v2\/pages"}],"about":[{"href":"https:\/\/www.topohvar.at\/topo\/wp-json\/wp\/v2\/types\/page"}],"author":[{"embeddable":true,"href":"https:\/\/www.topohvar.at\/topo\/wp-json\/wp\/v2\/users\/1"}],"replies":[{"embeddable":true,"href":"https:\/\/www.topohvar.at\/topo\/wp-json\/wp\/v2\/comments?post=5821"}],"version-history":[{"count":11,"href":"https:\/\/www.topohvar.at\/topo\/wp-json\/wp\/v2\/pages\/5821\/revisions"}],"predecessor-version":[{"id":5924,"href":"https:\/\/www.topohvar.at\/topo\/wp-json\/wp\/v2\/pages\/5821\/revisions\/5924"}],"up":[{"embeddable":true,"href":"https:\/\/www.topohvar.at\/topo\/wp-json\/wp\/v2\/pages\/95"}],"wp:attachment":[{"href":"https:\/\/www.topohvar.at\/topo\/wp-json\/wp\/v2\/media?parent=5821"}],"curies":[{"name":"wp","href":"https:\/\/api.w.org\/{rel}","templated":true}]}}