{"id":58541,"date":"2022-04-05T14:31:26","date_gmt":"2022-04-05T12:31:26","guid":{"rendered":"https:\/\/www.topohvar.at\/topo\/?page_id=58541"},"modified":"2022-06-24T16:51:35","modified_gmt":"2022-06-24T14:51:35","slug":"gj-tr-c6-1","status":"publish","type":"page","link":"https:\/\/www.topohvar.at\/topo\/orte\/gj\/gj-tr-c6-1\/","title":{"rendered":"GDINJ &#8211; Trim \u00bbGJ-TR-C6\u00ab"},"content":{"rendered":"<p><a name=\"seite_oben\"><\/a><br \/>\n<strong><img loading=\"lazy\" decoding=\"async\" class=\"aligncenter wp-image-58542 size-full\" src=\"https:\/\/www.topohvar.at\/wp-content\/uploads\/2022\/04\/gj-tr-c6-0.jpg\" alt=\"\" width=\"1080\" height=\"530\" srcset=\"https:\/\/www.topohvar.at\/wp-content\/uploads\/2022\/04\/gj-tr-c6-0.jpg 1080w, https:\/\/www.topohvar.at\/wp-content\/uploads\/2022\/04\/gj-tr-c6-0-300x147.jpg 300w, https:\/\/www.topohvar.at\/wp-content\/uploads\/2022\/04\/gj-tr-c6-0-1024x503.jpg 1024w, https:\/\/www.topohvar.at\/wp-content\/uploads\/2022\/04\/gj-tr-c6-0-768x377.jpg 768w\" sizes=\"auto, (max-width: 1080px) 100vw, 1080px\" \/><\/strong><\/p>\n<p><strong>Ime \/ Name<br \/>\n<\/strong>Trim \u00bbGJ-TR-C6\u00ab<\/p>\n<p><strong>Code: <\/strong>GJ-TR-C6\u00a0 \u00a0 \u00a0 \u00a0 \u00a0 \u00a0 \u00a0 \u00a0 \u00a0 \u00a0 \u00a0 \u00a0 \u00a0 \u00a0 \u00a0 \u00a0<strong><a href=\"https:\/\/www.topohvar.at\/orte\/gj\/gj-tr-00-1\/\"><img loading=\"lazy\" decoding=\"async\" class=\"alignnone wp-image-12300 size-full\" src=\"https:\/\/www.topohvar.at\/wp-content\/uploads\/2018\/09\/push-vor-30.jpg\" alt=\"\" width=\"61\" height=\"30\" \/><\/a> <a href=\"https:\/\/www.topohvar.at\/orte\/gj\/gj-tr-c5-1\/\"><img loading=\"lazy\" decoding=\"async\" class=\"alignnone wp-image-533 size-full\" src=\"https:\/\/www.topohvar.at\/wp-content\/uploads\/2018\/07\/push-l-30.jpg\" alt=\"\" width=\"61\" height=\"30\" \/><\/a> <a href=\"https:\/\/www.topohvar.at\/orte\/gj\/\"><img loading=\"lazy\" decoding=\"async\" class=\"alignnone wp-image-535 size-full\" src=\"https:\/\/www.topohvar.at\/wp-content\/uploads\/2018\/07\/push-o-30.jpg\" alt=\"\" width=\"61\" height=\"30\" \/><\/a> <a href=\"https:\/\/www.topohvar.at\/orte\/gj\/gj-tr-c7-1\/\"><img loading=\"lazy\" decoding=\"async\" class=\"alignnone wp-image-536 size-full\" src=\"https:\/\/www.topohvar.at\/wp-content\/uploads\/2018\/07\/push-r-30.jpg\" alt=\"\" width=\"61\" height=\"30\" \/><\/a><\/strong><\/p>\n<hr \/>\n<p><strong>Adresa \/ Adresse<br \/>\n<\/strong>Gdinj, sjeveroisto\u010dno od Stare Crkve \/ nord\u00f6stlich von Stara Crkva<\/p>\n<p><strong>Lokacija \/ Position<a href=\"https:\/\/goo.gl\/maps\/45kpuJkZkEHqsmVP9\"><img loading=\"lazy\" decoding=\"async\" class=\"alignright wp-image-58860\" src=\"https:\/\/www.topohvar.at\/wp-content\/uploads\/2022\/04\/3563.jpg\" alt=\"\" width=\"134\" height=\"100\" \/><\/a><br \/>\n<\/strong><a href=\"https:\/\/goo.gl\/maps\/45kpuJkZkEHqsmVP9\"><span style=\"color: #3366ff;\">Latitude: N 43,13621\u00b0\u00a0 \u00a0Longitude: E 16,95691\u00b0 <\/span><\/a><strong><br \/>\n<\/strong>Visina \/ H\u00f6he: 390 m<\/p>\n<p><strong>Katastarska \u010destica \/ Grundst\u00fccke<br \/>\n<\/strong>927 <div class='content-column one_half'><div style=\"padding-right:6px;\"><p><strong>Datum snimanja \/ Erfassungsdatum<br \/>\n<\/strong>20.03.2022 13:45:29<\/p>\n<hr \/>\n<p><strong>Informacije<\/strong><\/p>\n<p>Trim se nalazi u grmlju sjeveroisto\u010dno od Stare Crkve. Potpuno je integriran u ogroman kameni zid. Trim je gra\u0111en od ravnog, plo\u010dastog kamena, a samo prednji dio str\u0161i iz zida. Relativno visok ulaz vodio je u malu, pravokutnu unutra\u0161njost. Trim je dobro o\u010duvan, ali se vi\u0161e ne koristi, ulaz je zaraslo.<\/p><\/div><\/div><div class='content-column one_half last_column'><div style=\"padding-right:0px;padding-left:6px;\"><p><strong>Stupanj za\u0161tite \/ Schutzstellung<br \/>\n<\/strong>&#8211;<\/p>\n<hr \/>\n<p><strong>Info<\/strong><\/p>\n<p>Der Trim befindet sich im Buschwerk nord\u00f6stlich von Stara Crkva. Er ist zur G\u00e4nze in eine riesige Steinmauer integriert. Der Trim wurde aus flachen, plattigen Steinen errichtet und ragt nur mit der Vorderseite aus der Mauer heraus. Durch den relativ hohen Eingang gelang man in das kleine, rechteckige Innere. Der Trim ist gut erhalten, wird aber nicht mehr genutzt, der Eingang war verwachsen.<\/p><\/div><\/div><div class='clear_column'><\/div><div class='content-column one_half'><div style=\"padding-right:6px;\"><div id=\"attachment_58543\" style=\"width: 310px\" class=\"wp-caption aligncenter\"><img loading=\"lazy\" decoding=\"async\" aria-describedby=\"caption-attachment-58543\" class=\"wp-image-58543 size-medium\" src=\"https:\/\/www.topohvar.at\/wp-content\/uploads\/2022\/04\/gj-tr-c6-1-300x300.jpg\" alt=\"\" width=\"300\" height=\"300\" srcset=\"https:\/\/www.topohvar.at\/wp-content\/uploads\/2022\/04\/gj-tr-c6-1-300x300.jpg 300w, https:\/\/www.topohvar.at\/wp-content\/uploads\/2022\/04\/gj-tr-c6-1-150x150.jpg 150w, https:\/\/www.topohvar.at\/wp-content\/uploads\/2022\/04\/gj-tr-c6-1.jpg 450w\" sizes=\"auto, (max-width: 300px) 100vw, 300px\" \/><p id=\"caption-attachment-58543\" class=\"wp-caption-text\">Ulaz \/ Eingang<\/p><\/div>\n<p>Dana 20.03.2022 trim GJ-TR-C6 je posje\u0107en i ustanovljeno je sljede\u0107e:<\/p>\n<p>Lokacija: grmlje<br \/>\nPodloga: ravna<br \/>\nPovezan s: ure\u0111enom kamenom gomilom<br \/>\nUpotreba: ne koristi se<br \/>\nStanje: vrlo dobro uzdr\u017eati<br \/>\nBroj stepenica trima: 1<br \/>\nDodatni kameni prsten: nema kamenog prstena<br \/>\nStepeni\u0161te: nema<br \/>\nOblik kamena: plosnat<br \/>\nPodru\u010dje ispred ulaza: zaraslo<br \/>\nOrijentacija ulaza: I (80\u00b0)<br \/>\nPromjer trima (cm): 210<br \/>\nVisina trima (cm): 200<br \/>\nVisina stepenica (cm): stepenica 1: 160<br \/>\nDebljina zida (cm): 40<br \/>\n\u0160irina vrata (cm): 75<br \/>\nVisina vrata (cm): 110<br \/>\n\u0160irina unutra (cm): 100 &#8211; 130<br \/>\nVisina unutra (cm): 170<br \/>\nVolumen iznutra (m3): 1,36<br \/>\nNema ni\u0161e<\/p><\/div><\/div><div class='content-column one_half last_column'><div style=\"padding-right:0px;padding-left:6px;\"><div id=\"attachment_58544\" style=\"width: 310px\" class=\"wp-caption aligncenter\"><img loading=\"lazy\" decoding=\"async\" aria-describedby=\"caption-attachment-58544\" class=\"wp-image-58544 size-medium\" src=\"https:\/\/www.topohvar.at\/wp-content\/uploads\/2022\/04\/gj-tr-c6-4-300x300.jpg\" alt=\"\" width=\"300\" height=\"300\" srcset=\"https:\/\/www.topohvar.at\/wp-content\/uploads\/2022\/04\/gj-tr-c6-4-300x300.jpg 300w, https:\/\/www.topohvar.at\/wp-content\/uploads\/2022\/04\/gj-tr-c6-4-150x150.jpg 150w, https:\/\/www.topohvar.at\/wp-content\/uploads\/2022\/04\/gj-tr-c6-4.jpg 450w\" sizes=\"auto, (max-width: 300px) 100vw, 300px\" \/><p id=\"caption-attachment-58544\" class=\"wp-caption-text\">Pogled na jug \/ Blick nach S\u00fcden<\/p><\/div>\n<p>Am 20.03.2022 wurde der Trim GJ-TR-C6 besucht und n\u00e4her untersucht:<\/p>\n<p>Standort: Buschwerk<br \/>\nUntergrund: eben<br \/>\nVerbunden mit: Steinhaufen geordnet<br \/>\nNutzung: ungenutzt<br \/>\nZustand: sehr gut erhalten<br \/>\nAnzahl der Trimstufen: 1<br \/>\nZus\u00e4tzlicher Steinring: kein Steinring<br \/>\nStiege: keine<br \/>\nSteinform: plattig<br \/>\nEingangsbereich: verwachsen<br \/>\nEingangsseite: O (80\u00b0)<br \/>\nTrimdurchmesser (cm): 210<br \/>\nTrimh\u00f6he (cm): 200<br \/>\nH\u00f6he der Trimstufen (cm): Stufe 1: 160<br \/>\nWandst\u00e4rke (cm): 40<br \/>\nT\u00fcrbreite (cm): 75<br \/>\nT\u00fcrh\u00f6he (cm): 110<br \/>\nInnenraumbreite (cm): 100 &#8211; 130<br \/>\nInnenraumh\u00f6he (cm): 170<br \/>\nRaumvolumen (m3): 1,36<br \/>\nKeine Nische<\/p><\/div><\/div><div class='clear_column'><\/div><\/p>\n<p><img loading=\"lazy\" decoding=\"async\" class=\"aligncenter size-full wp-image-58835\" src=\"https:\/\/www.topohvar.at\/wp-content\/uploads\/2022\/04\/gj-tr-c6-sca.jpg\" alt=\"\" width=\"640\" height=\"962\" srcset=\"https:\/\/www.topohvar.at\/wp-content\/uploads\/2022\/04\/gj-tr-c6-sca.jpg 640w, https:\/\/www.topohvar.at\/wp-content\/uploads\/2022\/04\/gj-tr-c6-sca-200x300.jpg 200w\" sizes=\"auto, (max-width: 640px) 100vw, 640px\" \/><\/p>\n<p style=\"text-align: right;\"><span style=\"color: #3366ff;\"><a style=\"color: #3366ff;\" href=\"#seite_oben\">natrag na vrh \/ Seitenanfang<\/a><\/span><\/p>\n<hr \/>\n<p><strong>Linkovi \/ Links<\/strong><\/p>\n<p>&#8211;<\/p>\n","protected":false},"excerpt":{"rendered":"<p>Ime \/ Name Trim \u00bbGJ-TR-C6\u00ab Code: GJ-TR-C6\u00a0 \u00a0 \u00a0 \u00a0 \u00a0 \u00a0 \u00a0 \u00a0 \u00a0 \u00a0 \u00a0 \u00a0 \u00a0 \u00a0 \u00a0 \u00a0 Adresa \/ Adresse Gdinj, sjeveroisto\u010dno od Stare Crkve \/ nord\u00f6stlich von Stara Crkva Lokacija \/ Position Latitude: N &hellip; <a href=\"https:\/\/www.topohvar.at\/topo\/orte\/gj\/gj-tr-c6-1\/\">Weiterlesen <span class=\"meta-nav\">&rarr;<\/span><\/a><\/p>\n","protected":false},"author":1,"featured_media":0,"parent":72,"menu_order":0,"comment_status":"closed","ping_status":"closed","template":"","meta":{"footnotes":""},"class_list":["post-58541","page","type-page","status-publish","hentry"],"_links":{"self":[{"href":"https:\/\/www.topohvar.at\/topo\/wp-json\/wp\/v2\/pages\/58541","targetHints":{"allow":["GET"]}}],"collection":[{"href":"https:\/\/www.topohvar.at\/topo\/wp-json\/wp\/v2\/pages"}],"about":[{"href":"https:\/\/www.topohvar.at\/topo\/wp-json\/wp\/v2\/types\/page"}],"author":[{"embeddable":true,"href":"https:\/\/www.topohvar.at\/topo\/wp-json\/wp\/v2\/users\/1"}],"replies":[{"embeddable":true,"href":"https:\/\/www.topohvar.at\/topo\/wp-json\/wp\/v2\/comments?post=58541"}],"version-history":[{"count":9,"href":"https:\/\/www.topohvar.at\/topo\/wp-json\/wp\/v2\/pages\/58541\/revisions"}],"predecessor-version":[{"id":60177,"href":"https:\/\/www.topohvar.at\/topo\/wp-json\/wp\/v2\/pages\/58541\/revisions\/60177"}],"up":[{"embeddable":true,"href":"https:\/\/www.topohvar.at\/topo\/wp-json\/wp\/v2\/pages\/72"}],"wp:attachment":[{"href":"https:\/\/www.topohvar.at\/topo\/wp-json\/wp\/v2\/media?parent=58541"}],"curies":[{"name":"wp","href":"https:\/\/api.w.org\/{rel}","templated":true}]}}