{"id":5860,"date":"2018-08-16T18:44:24","date_gmt":"2018-08-16T16:44:24","guid":{"rendered":"https:\/\/www.topohvar.at\/?page_id=5860"},"modified":"2024-10-02T14:48:19","modified_gmt":"2024-10-02T12:48:19","slug":"sa-tr-05-1","status":"publish","type":"page","link":"https:\/\/www.topohvar.at\/topo\/orte\/sa\/sa-tr-05-1\/","title":{"rendered":"SELCA (kod Starog Grada) &#8211; Trim \u00bbSA-TR-05\u00ab"},"content":{"rendered":"<p><a name=\"seite_oben\"><\/a><br \/>\n<img loading=\"lazy\" decoding=\"async\" class=\"alignleft wp-image-24314 size-large\" src=\"https:\/\/www.topohvar.at\/wp-content\/uploads\/2019\/10\/sa-tr-05-21-1024x503.jpg\" alt=\"\" width=\"640\" height=\"314\" srcset=\"https:\/\/www.topohvar.at\/wp-content\/uploads\/2019\/10\/sa-tr-05-21-1024x503.jpg 1024w, https:\/\/www.topohvar.at\/wp-content\/uploads\/2019\/10\/sa-tr-05-21-300x147.jpg 300w, https:\/\/www.topohvar.at\/wp-content\/uploads\/2019\/10\/sa-tr-05-21-768x377.jpg 768w, https:\/\/www.topohvar.at\/wp-content\/uploads\/2019\/10\/sa-tr-05-21.jpg 1080w\" sizes=\"auto, (max-width: 640px) 100vw, 640px\" \/><\/p>\n<p><strong>Ime \/ Name<br \/>\n<\/strong>Trim \u00bbSA-TR-05\u00ab<\/p>\n<p><strong>Code: <\/strong>SA-TR-05\u00a0 \u00a0 \u00a0 \u00a0 \u00a0 \u00a0 \u00a0 \u00a0 \u00a0 \u00a0 \u00a0 \u00a0 \u00a0 \u00a0 \u00a0 \u00a0 \u00a0 \u00a0 \u00a0 \u00a0 <strong><a href=\"https:\/\/www.topohvar.at\/orte\/sa\/sa-tr-00-1\/\"><img loading=\"lazy\" decoding=\"async\" class=\"alignnone wp-image-12300 size-full\" src=\"https:\/\/www.topohvar.at\/wp-content\/uploads\/2018\/09\/push-vor-30.jpg\" alt=\"\" width=\"61\" height=\"30\" \/><\/a><\/strong><strong>\u00a0<a href=\"https:\/\/www.topohvar.at\/orte\/sa\/sa-tr-02-1\/\"><img loading=\"lazy\" decoding=\"async\" class=\"alignnone wp-image-533 size-full\" src=\"https:\/\/www.topohvar.at\/wp-content\/uploads\/2018\/07\/push-l-30.jpg\" alt=\"\" width=\"61\" height=\"30\" \/><\/a> <a href=\"https:\/\/www.topohvar.at\/orte\/sa\/\"><img loading=\"lazy\" decoding=\"async\" class=\"alignnone wp-image-535 size-full\" src=\"https:\/\/www.topohvar.at\/wp-content\/uploads\/2018\/07\/push-o-30.jpg\" alt=\"\" width=\"61\" height=\"30\" \/><\/a> <a href=\"https:\/\/www.topohvar.at\/orte\/sa\/sa-tr-17-1\/\"><img loading=\"lazy\" decoding=\"async\" class=\"alignnone wp-image-536 size-full\" src=\"https:\/\/www.topohvar.at\/wp-content\/uploads\/2018\/07\/push-r-30.jpg\" alt=\"\" width=\"61\" height=\"30\" \/><\/a><\/strong><\/p>\n<hr \/>\n<p><strong>Adresa \/ Adresse<br \/>\n<\/strong>Selca (kod Starog Grada), put Selca &#8211; Sv. Nikola<\/p>\n<p><strong>Lokacija \/ Position<a href=\"https:\/\/goo.gl\/maps\/U8otnfFSkogLRXGf6\"><img loading=\"lazy\" decoding=\"async\" class=\"alignright wp-image-5894\" src=\"https:\/\/www.topohvar.at\/wp-content\/uploads\/2018\/08\/0515.jpg\" alt=\"\" width=\"133\" height=\"100\" \/><\/a><br \/>\n<\/strong><span style=\"color: #3366ff;\"><a style=\"color: #3366ff;\" href=\"https:\/\/goo.gl\/maps\/U8otnfFSkogLRXGf6\">Latitude: N 43,15322\u00b0\u00a0 \u00a0Longitude: E 16,57107\u00b0<\/a> <\/span><strong><br \/>\n<\/strong>Visina \/ H\u00f6he: 414 m<\/p>\n<p><strong>Katastarska \u010destica \/ Grundst\u00fccke<br \/>\n<\/strong>839\/2<div class='content-column one_half'><div style=\"padding-right:6px;\"><p><strong>Datum snimanja \/ Erfassungsdatum<br \/>\n<\/strong>23.05.2014 10:50:00<\/p>\n<hr \/>\n<p><strong>Informacije<\/strong><\/p>\n<p>Trim se nalazi u vinogradu sjeverno od raskri\u017eja ceste Dubovi Dol (u blizini ju\u017enog portala cestovnog tunela) do Sv. Nikole s cestom koja vodi od lipe pe\u0107i na Roskarnici do Sv. Nikola vodi. O\u0161te\u0107eni su gornji prsten i stra\u017enji dio dvostrana trima. Nad ulazom se nalazi mala zidna ni\u0161a, a u unutra\u0161njosti je kamen sjedala. Trim je jo\u0161 uvijek u upotrebi.<\/p><\/div><\/div><div class='content-column one_half last_column'><div style=\"padding-right:0px;padding-left:6px;\"><p><strong>Stupanj za\u0161tite \/ Schutzstellung<br \/>\n<\/strong>&#8211;<\/p>\n<hr \/>\n<p><strong>Info<\/strong><\/p>\n<p>Der Trim befindet sich in einem Weingarten n\u00f6rdlich der Kreuzung der Stra\u00dfe von Dubovi Dol (nahe des S\u00fcdportales des Stra\u00dfentunnels) nach Sv. Nikola mit der Stra\u00dfe, die vom Kalkofen auf Roskarnica nach Sv. Nikola f\u00fchrt. Die obere Stufe und die R\u00fcckseite des zweistufigen Trims sind besch\u00e4digt. \u00dcber dem Eingang befindet sich eine kleine Wandnische und im Innenraum ein Sitzstein. Der Trim wird noch genutzt.<\/p><\/div><\/div><div class='clear_column'><\/div><div class='content-column one_half'><div style=\"padding-right:6px;\"><div id=\"attachment_24793\" style=\"width: 310px\" class=\"wp-caption aligncenter\"><img loading=\"lazy\" decoding=\"async\" aria-describedby=\"caption-attachment-24793\" class=\"size-full wp-image-24793\" src=\"https:\/\/www.topohvar.at\/wp-content\/uploads\/2019\/12\/sa-tr-05-20.jpg\" alt=\"\" width=\"300\" height=\"300\" srcset=\"https:\/\/www.topohvar.at\/wp-content\/uploads\/2019\/12\/sa-tr-05-20.jpg 300w, https:\/\/www.topohvar.at\/wp-content\/uploads\/2019\/12\/sa-tr-05-20-150x150.jpg 150w\" sizes=\"auto, (max-width: 300px) 100vw, 300px\" \/><p id=\"caption-attachment-24793\" class=\"wp-caption-text\">Ulaz \/ Eingang<\/p><\/div>\n<p>Dana 09.10.2019 trim je posje\u0107en i prona\u0111en je sljede\u0107i<\/p>\n<p>Lokacija: vinograd<br \/>\nPodzemlje: ravan<br \/>\nSklop: izoliran<br \/>\nUpotreba: koristi<br \/>\nStanje izgradnje: dobro sa\u010duvan<br \/>\nBroj prstenova trima: dva prstena<br \/>\nDodatni kameni prsten: nema kamenog prstena<br \/>\nStepeni\u0161te: nema stepenica<br \/>\nOblik kamena: zaokru\u017een<br \/>\nPodru\u010dje ispred ulaza: lako dostupni<br \/>\nVrata na stranicu: Z (250\u00b0)<br \/>\nPromjer trima (cm): 370<br \/>\nVisina trima (cm): 230<br \/>\nVisina prstena (cm): prsten 1: 130 , prsten 2: 200<br \/>\nDebljina zida (cm): 90<br \/>\n\u0160irina vrata (cm): 65<br \/>\nVisina vrata (cm): 90<br \/>\n\u0160irina unutra (cm): 150 &#8211; 190<br \/>\nVisina unutra (cm): 210<br \/>\nVolumen iznutra (m3): 2,92<br \/>\nNema ni\u0161e<\/p><\/div><\/div><div class='content-column one_half last_column'><div style=\"padding-right:0px;padding-left:6px;\"><div id=\"attachment_24794\" style=\"width: 310px\" class=\"wp-caption aligncenter\"><img loading=\"lazy\" decoding=\"async\" aria-describedby=\"caption-attachment-24794\" class=\"size-full wp-image-24794\" src=\"https:\/\/www.topohvar.at\/wp-content\/uploads\/2019\/12\/sa-tr-05-22.jpg\" alt=\"\" width=\"300\" height=\"300\" srcset=\"https:\/\/www.topohvar.at\/wp-content\/uploads\/2019\/12\/sa-tr-05-22.jpg 300w, https:\/\/www.topohvar.at\/wp-content\/uploads\/2019\/12\/sa-tr-05-22-150x150.jpg 150w\" sizes=\"auto, (max-width: 300px) 100vw, 300px\" \/><p id=\"caption-attachment-24794\" class=\"wp-caption-text\">Pogled na istok \/ Blick nach Osten<\/p><\/div>\n<p>Am 09.10.2019 wurde der Trim besucht und untersucht<\/p>\n<p>Standort: Weingarten<br \/>\nUntergrund: eben<br \/>\nVerbunden mit: freistehend<br \/>\nNutzung: genutzt<br \/>\nZustand: gut erhalten<br \/>\nRinge\/Stufen des Trim: zweistufig<br \/>\nZus\u00e4tzlicher Steinring: kein Steinring<br \/>\nStiege: keine Stufen<br \/>\nSteinform: rundlich<br \/>\nEingangsbereich: frei<br \/>\nEingangsseite: W (250\u00b0)<br \/>\nTrimdurchmesser (cm): 370<br \/>\nTrimh\u00f6he (cm): 230<br \/>\nStufen\/Ringh\u00f6he (cm): Ring 1: 130 , Ring 2: 200<br \/>\nWandst\u00e4rke: 90<br \/>\nT\u00fcrbreite (cm): 65<br \/>\nT\u00fcrh\u00f6he (cm): 90<br \/>\nInnenraumbreite (cm): 150 &#8211; 190<br \/>\nInnenraumh\u00f6he (cm): 210<br \/>\nRaumvolumen (m3): 2,92<br \/>\nKeine Nische<\/p><\/div><\/div><div class='clear_column'><\/div><\/p>\n<p><img loading=\"lazy\" decoding=\"async\" class=\"aligncenter size-full wp-image-24795\" src=\"https:\/\/www.topohvar.at\/wp-content\/uploads\/2019\/12\/sa-tr-05-sc.jpg\" alt=\"\" width=\"600\" height=\"910\" srcset=\"https:\/\/www.topohvar.at\/wp-content\/uploads\/2019\/12\/sa-tr-05-sc.jpg 600w, https:\/\/www.topohvar.at\/wp-content\/uploads\/2019\/12\/sa-tr-05-sc-198x300.jpg 198w\" sizes=\"auto, (max-width: 600px) 100vw, 600px\" \/><\/p>\n<p style=\"text-align: right;\"><a href=\"#seite_oben\">natrag na vrh \/ Seitenanfang<\/a><\/p>\n<hr \/>\n<p><strong>Linkovi \/ Links<\/strong><\/p>\n<p>&#8211;<\/p>\n","protected":false},"excerpt":{"rendered":"<p>Ime \/ Name Trim \u00bbSA-TR-05\u00ab Code: SA-TR-05\u00a0 \u00a0 \u00a0 \u00a0 \u00a0 \u00a0 \u00a0 \u00a0 \u00a0 \u00a0 \u00a0 \u00a0 \u00a0 \u00a0 \u00a0 \u00a0 \u00a0 \u00a0 \u00a0 \u00a0 \u00a0 Adresa \/ Adresse Selca (kod Starog Grada), put Selca &#8211; Sv. Nikola Lokacija &hellip; <a href=\"https:\/\/www.topohvar.at\/topo\/orte\/sa\/sa-tr-05-1\/\">Weiterlesen <span class=\"meta-nav\">&rarr;<\/span><\/a><\/p>\n","protected":false},"author":1,"featured_media":0,"parent":95,"menu_order":0,"comment_status":"closed","ping_status":"closed","template":"","meta":{"footnotes":""},"class_list":["post-5860","page","type-page","status-publish","hentry"],"_links":{"self":[{"href":"https:\/\/www.topohvar.at\/topo\/wp-json\/wp\/v2\/pages\/5860","targetHints":{"allow":["GET"]}}],"collection":[{"href":"https:\/\/www.topohvar.at\/topo\/wp-json\/wp\/v2\/pages"}],"about":[{"href":"https:\/\/www.topohvar.at\/topo\/wp-json\/wp\/v2\/types\/page"}],"author":[{"embeddable":true,"href":"https:\/\/www.topohvar.at\/topo\/wp-json\/wp\/v2\/users\/1"}],"replies":[{"embeddable":true,"href":"https:\/\/www.topohvar.at\/topo\/wp-json\/wp\/v2\/comments?post=5860"}],"version-history":[{"count":14,"href":"https:\/\/www.topohvar.at\/topo\/wp-json\/wp\/v2\/pages\/5860\/revisions"}],"predecessor-version":[{"id":69676,"href":"https:\/\/www.topohvar.at\/topo\/wp-json\/wp\/v2\/pages\/5860\/revisions\/69676"}],"up":[{"embeddable":true,"href":"https:\/\/www.topohvar.at\/topo\/wp-json\/wp\/v2\/pages\/95"}],"wp:attachment":[{"href":"https:\/\/www.topohvar.at\/topo\/wp-json\/wp\/v2\/media?parent=5860"}],"curies":[{"name":"wp","href":"https:\/\/api.w.org\/{rel}","templated":true}]}}