{"id":5862,"date":"2018-08-16T18:46:18","date_gmt":"2018-08-16T16:46:18","guid":{"rendered":"https:\/\/www.topohvar.at\/?page_id=5862"},"modified":"2021-05-12T09:37:12","modified_gmt":"2021-05-12T07:37:12","slug":"sa-tr-12-1","status":"publish","type":"page","link":"https:\/\/www.topohvar.at\/topo\/orte\/sa\/sa-tr-12-1\/","title":{"rendered":"SELCA (kod Starog Grada) &#8211; Trim \u00bbSA-TR-12\u00ab"},"content":{"rendered":"<p><a name=\"seite_oben\"><\/a><br \/>\n<img loading=\"lazy\" decoding=\"async\" class=\"alignleft wp-image-24341 size-full\" src=\"https:\/\/www.topohvar.at\/wp-content\/uploads\/2019\/10\/sa-tr-12-22.jpg\" alt=\"\" width=\"1080\" height=\"530\" srcset=\"https:\/\/www.topohvar.at\/wp-content\/uploads\/2019\/10\/sa-tr-12-22.jpg 1080w, https:\/\/www.topohvar.at\/wp-content\/uploads\/2019\/10\/sa-tr-12-22-300x147.jpg 300w, https:\/\/www.topohvar.at\/wp-content\/uploads\/2019\/10\/sa-tr-12-22-768x377.jpg 768w, https:\/\/www.topohvar.at\/wp-content\/uploads\/2019\/10\/sa-tr-12-22-1024x503.jpg 1024w\" sizes=\"auto, (max-width: 1080px) 100vw, 1080px\" \/><\/p>\n<p><strong>Ime \/ Name<br \/>\n<\/strong>Trim \u00bbSA-TR-12\u00ab<\/p>\n<p><strong>Code: <\/strong>SA-TR-12\u00a0 \u00a0 \u00a0 \u00a0 \u00a0 \u00a0 \u00a0 \u00a0 \u00a0 \u00a0 \u00a0 \u00a0 \u00a0 \u00a0 \u00a0 \u00a0 \u00a0 \u00a0 \u00a0 \u00a0 <strong><a href=\"https:\/\/www.topohvar.at\/orte\/sa\/sa-tr-00-1\/\"><img loading=\"lazy\" decoding=\"async\" class=\"alignnone wp-image-12300 size-full\" src=\"https:\/\/www.topohvar.at\/wp-content\/uploads\/2018\/09\/push-vor-30.jpg\" alt=\"\" width=\"61\" height=\"30\" \/><\/a><\/strong><strong>\u00a0<a href=\"https:\/\/www.topohvar.at\/orte\/sa\/sa-tr-03-1\/\"><img loading=\"lazy\" decoding=\"async\" class=\"alignnone wp-image-533 size-full\" src=\"https:\/\/www.topohvar.at\/wp-content\/uploads\/2018\/07\/push-l-30.jpg\" alt=\"\" width=\"61\" height=\"30\" \/><\/a> <a href=\"https:\/\/www.topohvar.at\/orte\/sa\/\"><img loading=\"lazy\" decoding=\"async\" class=\"alignnone wp-image-535 size-full\" src=\"https:\/\/www.topohvar.at\/wp-content\/uploads\/2018\/07\/push-o-30.jpg\" alt=\"\" width=\"61\" height=\"30\" \/><\/a> <a href=\"https:\/\/www.topohvar.at\/orte\/sa\/sa-tr-22-1\/\"><img loading=\"lazy\" decoding=\"async\" class=\"alignnone wp-image-536 size-full\" src=\"https:\/\/www.topohvar.at\/wp-content\/uploads\/2018\/07\/push-r-30.jpg\" alt=\"\" width=\"61\" height=\"30\" \/><\/a><\/strong><\/p>\n<hr \/>\n<p><strong>Adresa \/ Adresse<br \/>\n<\/strong>Selca (kod Starog Grada), put Selca &#8211; Sv. Nikola<\/p>\n<p><strong>Lokacija \/ Position<a href=\"https:\/\/goo.gl\/maps\/c9y1ut5YjYwJvtaM6\"><img loading=\"lazy\" decoding=\"async\" class=\"alignright wp-image-5888\" src=\"https:\/\/www.topohvar.at\/wp-content\/uploads\/2018\/08\/1091.jpg\" alt=\"\" width=\"133\" height=\"100\" \/><\/a><br \/>\n<\/strong><span style=\"color: #3366ff;\"><a style=\"color: #3366ff;\" href=\"https:\/\/goo.gl\/maps\/c9y1ut5YjYwJvtaM6\">Latitude: N 43,15412\u00b0\u00a0 \u00a0Longitude: E 16,58188\u00b0<\/a> <\/span><strong><br \/>\n<\/strong>Visina \/ H\u00f6he: 470 m<\/p>\n<p><strong>Katastarska \u010destica \/ Grundst\u00fccke<br \/>\n<\/strong>652\/52<div class='content-column one_half'><div style=\"padding-right:6px;\"><p><strong>Datum snimanja \/ Erfassungsdatum<br \/>\n<\/strong>23.05.2016 10:21:25<\/p>\n<hr \/>\n<p><strong>Informacije<\/strong><\/p>\n<p>Trim smje\u0161ten je na cesti, koja vodi od vapnene pe\u0107i na Roskarnici do Sv. Nikola. Lijeva strana dvostepena trima str\u0161i u stjenovitu padinu planine. Desna strana (strana doline) poja\u010dana je dodatnim kamenim prstenom. Ovdje se pridru\u017euje i kameni zid. Na planinskoj strani ulaz sastoji se od monolita. Lijeva strana nepravilne unutra\u0161njosti odre\u0111ena je stijenama. Trim je dobro o\u010duvan, ali se vi\u0161e ne koristi.<\/p><\/div><\/div><div class='content-column one_half last_column'><div style=\"padding-right:0px;padding-left:6px;\"><p><strong>Stupanj za\u0161tite \/ Schutzstellung<br \/>\n<\/strong>&#8211;<\/p>\n<hr \/>\n<p><strong>Info<\/strong><\/p>\n<p>Der Trim befindet sich an der Stra\u00dfe, die vom Kalkofen auf Roskarnica nach Sv. Nikola f\u00fchrt. Der zweistufige Trim ragt mit seiner linken Seite in den felsigen Berghang. Die rechte Seite (Talseite) wird durch einen zus\u00e4tzlichen Steinring verst\u00e4rkt. Hier schlie\u00dft auch eine Steinmauer an. Der Eingang besteht bergseitig aus einem Monolith. Die linke Seite des unregelm\u00e4\u00dfigen Innenraums wird durch Felsformationen bestimmt. Der Trim ist gut erhalten, wird aber nicht mehr genutzt.<\/p><\/div><\/div><div class='clear_column'><\/div><div class='content-column one_half'><div style=\"padding-right:6px;\"><div id=\"attachment_24823\" style=\"width: 310px\" class=\"wp-caption aligncenter\"><img loading=\"lazy\" decoding=\"async\" aria-describedby=\"caption-attachment-24823\" class=\"size-full wp-image-24823\" src=\"https:\/\/www.topohvar.at\/wp-content\/uploads\/2019\/12\/sa-tr-12-21.jpg\" alt=\"\" width=\"300\" height=\"300\" srcset=\"https:\/\/www.topohvar.at\/wp-content\/uploads\/2019\/12\/sa-tr-12-21.jpg 300w, https:\/\/www.topohvar.at\/wp-content\/uploads\/2019\/12\/sa-tr-12-21-150x150.jpg 150w\" sizes=\"auto, (max-width: 300px) 100vw, 300px\" \/><p id=\"caption-attachment-24823\" class=\"wp-caption-text\">Ulaz \/ Eingang<\/p><\/div>\n<p>Dana 10.10.2019 trim je posje\u0107en i prona\u0111en je sljede\u0107i<\/p>\n<p>Lokacija: grmlje<br \/>\nPodzemlje: padina<br \/>\nSklop: kameni zid<br \/>\nUpotreba: ne koristi<br \/>\nStanje izgradnje: dobro sa\u010duvan<br \/>\nBroj prstenova trima: dva prstena<br \/>\nDodatni kameni prsten: kameni prsten djelomi\u010dno<br \/>\nStepeni\u0161te: nema stepenica<br \/>\nOblik kamena: uglast<br \/>\nPodru\u010dje ispred ulaza: lako dostupni<br \/>\nVrata na stranicu: Z (250\u00b0)<br \/>\nPromjer trima (cm): 390<br \/>\nVisina trima (cm): 260<br \/>\nVisina prstena (cm): prsten 1: 160 , prsten 2: 220<br \/>\nDebljina zida (cm): 100<br \/>\n\u0160irina vrata (cm): 50<br \/>\nVisina vrata (cm): 100<br \/>\n\u0160irina unutra (cm): 160 &#8211; 190<br \/>\nVisina unutra (cm): 240<br \/>\nVolumen iznutra (m3): 3,47<br \/>\nNema ni\u0161e<\/p><\/div><\/div><div class='content-column one_half last_column'><div style=\"padding-right:0px;padding-left:6px;\"><div id=\"attachment_24824\" style=\"width: 310px\" class=\"wp-caption aligncenter\"><img loading=\"lazy\" decoding=\"async\" aria-describedby=\"caption-attachment-24824\" class=\"size-full wp-image-24824\" src=\"https:\/\/www.topohvar.at\/wp-content\/uploads\/2019\/12\/sa-tr-12-25.jpg\" alt=\"\" width=\"300\" height=\"300\" srcset=\"https:\/\/www.topohvar.at\/wp-content\/uploads\/2019\/12\/sa-tr-12-25.jpg 300w, https:\/\/www.topohvar.at\/wp-content\/uploads\/2019\/12\/sa-tr-12-25-150x150.jpg 150w\" sizes=\"auto, (max-width: 300px) 100vw, 300px\" \/><p id=\"caption-attachment-24824\" class=\"wp-caption-text\">Pogled na zapad \/ Blick nach Westen<\/p><\/div>\n<p>Am 10.10.2019 wurde der Trim besucht und untersucht<\/p>\n<p>Standort: Buschwerk<br \/>\nUntergrund: Hanglage<br \/>\nVerbunden mit: Steinmauer<br \/>\nNutzung: ungenutzt<br \/>\nZustand: gut erhalten<br \/>\nRinge\/Stufen des Trim: zweistufig<br \/>\nZus\u00e4tzlicher Steinring: Steinring teilweise<br \/>\nStiege: keine Stufen<br \/>\nSteinform: kantig<br \/>\nEingangsbereich: frei<br \/>\nEingangsseite: W (250\u00b0)<br \/>\nTrimdurchmesser (cm): 390<br \/>\nTrimh\u00f6he (cm): 260<br \/>\nStufen\/Ringh\u00f6he (cm): Ring 1: 160 , Ring 2: 220<br \/>\nWandst\u00e4rke: 100<br \/>\nT\u00fcrbreite (cm): 50<br \/>\nT\u00fcrh\u00f6he (cm): 100<br \/>\nInnenraumbreite (cm): 160 &#8211; 190<br \/>\nInnenraumh\u00f6he (cm): 240<br \/>\nRaumvolumen (m3): 3,47<br \/>\nKeine Nische<\/p><\/div><\/div><div class='clear_column'><\/div><\/p>\n<p><img loading=\"lazy\" decoding=\"async\" class=\"aligncenter size-full wp-image-24822\" src=\"https:\/\/www.topohvar.at\/wp-content\/uploads\/2019\/12\/sa-tr-12-sc.jpg\" alt=\"\" width=\"600\" height=\"915\" srcset=\"https:\/\/www.topohvar.at\/wp-content\/uploads\/2019\/12\/sa-tr-12-sc.jpg 600w, https:\/\/www.topohvar.at\/wp-content\/uploads\/2019\/12\/sa-tr-12-sc-197x300.jpg 197w\" sizes=\"auto, (max-width: 600px) 100vw, 600px\" \/><\/p>\n<p style=\"text-align: right;\"><a href=\"#seite_oben\">natrag na vrh \/ Seitenanfang<\/a><\/p>\n<hr \/>\n<p><strong>Linkovi \/ Links<\/strong><\/p>\n<p>&#8211;<\/p>\n","protected":false},"excerpt":{"rendered":"<p>Ime \/ Name Trim \u00bbSA-TR-12\u00ab Code: SA-TR-12\u00a0 \u00a0 \u00a0 \u00a0 \u00a0 \u00a0 \u00a0 \u00a0 \u00a0 \u00a0 \u00a0 \u00a0 \u00a0 \u00a0 \u00a0 \u00a0 \u00a0 \u00a0 \u00a0 \u00a0 \u00a0 Adresa \/ Adresse Selca (kod Starog Grada), put Selca &#8211; Sv. Nikola Lokacija &hellip; <a href=\"https:\/\/www.topohvar.at\/topo\/orte\/sa\/sa-tr-12-1\/\">Weiterlesen <span class=\"meta-nav\">&rarr;<\/span><\/a><\/p>\n","protected":false},"author":1,"featured_media":0,"parent":95,"menu_order":0,"comment_status":"closed","ping_status":"closed","template":"","meta":{"footnotes":""},"class_list":["post-5862","page","type-page","status-publish","hentry"],"_links":{"self":[{"href":"https:\/\/www.topohvar.at\/topo\/wp-json\/wp\/v2\/pages\/5862","targetHints":{"allow":["GET"]}}],"collection":[{"href":"https:\/\/www.topohvar.at\/topo\/wp-json\/wp\/v2\/pages"}],"about":[{"href":"https:\/\/www.topohvar.at\/topo\/wp-json\/wp\/v2\/types\/page"}],"author":[{"embeddable":true,"href":"https:\/\/www.topohvar.at\/topo\/wp-json\/wp\/v2\/users\/1"}],"replies":[{"embeddable":true,"href":"https:\/\/www.topohvar.at\/topo\/wp-json\/wp\/v2\/comments?post=5862"}],"version-history":[{"count":16,"href":"https:\/\/www.topohvar.at\/topo\/wp-json\/wp\/v2\/pages\/5862\/revisions"}],"predecessor-version":[{"id":49124,"href":"https:\/\/www.topohvar.at\/topo\/wp-json\/wp\/v2\/pages\/5862\/revisions\/49124"}],"up":[{"embeddable":true,"href":"https:\/\/www.topohvar.at\/topo\/wp-json\/wp\/v2\/pages\/95"}],"wp:attachment":[{"href":"https:\/\/www.topohvar.at\/topo\/wp-json\/wp\/v2\/media?parent=5862"}],"curies":[{"name":"wp","href":"https:\/\/api.w.org\/{rel}","templated":true}]}}