{"id":58648,"date":"2022-04-07T14:07:53","date_gmt":"2022-04-07T12:07:53","guid":{"rendered":"https:\/\/www.topohvar.at\/topo\/?page_id=58648"},"modified":"2024-11-07T17:16:54","modified_gmt":"2024-11-07T16:16:54","slug":"gj-tr-88-1","status":"publish","type":"page","link":"https:\/\/www.topohvar.at\/topo\/orte\/gj\/gj-tr-88-1\/","title":{"rendered":"GDINJ &#8211; Trim \u00bbGJ-TR-88\u00ab"},"content":{"rendered":"<p><a name=\"seite_oben\"><\/a><br \/>\n<strong><img loading=\"lazy\" decoding=\"async\" class=\"aligncenter wp-image-58649 size-full\" src=\"https:\/\/www.topohvar.at\/wp-content\/uploads\/2022\/04\/gj-tr-88-0.jpg\" alt=\"\" width=\"1080\" height=\"530\" srcset=\"https:\/\/www.topohvar.at\/wp-content\/uploads\/2022\/04\/gj-tr-88-0.jpg 1080w, https:\/\/www.topohvar.at\/wp-content\/uploads\/2022\/04\/gj-tr-88-0-300x147.jpg 300w, https:\/\/www.topohvar.at\/wp-content\/uploads\/2022\/04\/gj-tr-88-0-1024x503.jpg 1024w, https:\/\/www.topohvar.at\/wp-content\/uploads\/2022\/04\/gj-tr-88-0-768x377.jpg 768w\" sizes=\"auto, (max-width: 1080px) 100vw, 1080px\" \/><\/strong><\/p>\n<p><strong>Ime \/ Name<br \/>\n<\/strong>Trim \u00bbGJ-TR-88\u00ab<\/p>\n<p><strong>Code: <\/strong>GJ-TR-88\u00a0 \u00a0 \u00a0 \u00a0 \u00a0 \u00a0 \u00a0 \u00a0 \u00a0 \u00a0 \u00a0 \u00a0 \u00a0 \u00a0 <a href=\"https:\/\/www.topohvar.at\/orte\/gj\/gj-tr-00-00\/\"><img loading=\"lazy\" decoding=\"async\" class=\"alignnone wp-image-12300 size-full\" src=\"https:\/\/www.topohvar.at\/wp-content\/uploads\/2018\/09\/push-vor-30.jpg\" alt=\"\" width=\"61\" height=\"30\" \/><\/a>\u00a0<strong><a href=\"https:\/\/www.topohvar.at\/orte\/gj\/gj-tr-85-1\/\"><img loading=\"lazy\" decoding=\"async\" class=\"alignnone wp-image-533 size-full\" src=\"https:\/\/www.topohvar.at\/wp-content\/uploads\/2018\/07\/push-l-30.jpg\" alt=\"\" width=\"61\" height=\"30\" \/><\/a> <a href=\"https:\/\/www.topohvar.at\/orte\/gj\/\"><img loading=\"lazy\" decoding=\"async\" class=\"alignnone wp-image-535 size-full\" src=\"https:\/\/www.topohvar.at\/wp-content\/uploads\/2018\/07\/push-o-30.jpg\" alt=\"\" width=\"61\" height=\"30\" \/><\/a> <a href=\"https:\/\/www.topohvar.at\/topo\/orte\/gj\/gj-tr-d0-1\/\"><img loading=\"lazy\" decoding=\"async\" class=\"alignnone wp-image-536 size-full\" src=\"https:\/\/www.topohvar.at\/wp-content\/uploads\/2018\/07\/push-r-30.jpg\" alt=\"\" width=\"61\" height=\"30\" \/><\/a><\/strong><\/p>\n<hr \/>\n<p><strong>Adresa \/ Adresse<br \/>\n<\/strong>Gdinj, na dr\u017eavnoj cesti DC 116 \/ an der Hauptstra\u00dfe DC 116<\/p>\n<p><strong>Lokacija \/ Position<a href=\"https:\/\/goo.gl\/maps\/4Cme9sQSbsisNAn89\"><img loading=\"lazy\" decoding=\"async\" class=\"alignright wp-image-58884\" src=\"https:\/\/www.topohvar.at\/wp-content\/uploads\/2022\/04\/3577.jpg\" alt=\"\" width=\"134\" height=\"100\" \/><\/a><br \/>\n<\/strong><a href=\"https:\/\/goo.gl\/maps\/4Cme9sQSbsisNAn89\"><span style=\"color: #3366ff;\">Latitude: N 43,13142\u00b0\u00a0 \u00a0Longitude: E 16,90023\u00b0<\/span><\/a> <strong><br \/>\n<\/strong>Visina \/ H\u00f6he: 258 m<\/p>\n<p><strong>Katastarska \u010destica \/ Grundst\u00fccke<br \/>\n<\/strong>2805\/41<div class='content-column one_half'><div style=\"padding-right:6px;\"><p><strong>Datum snimanja \/ Erfassungsdatum<br \/>\n<\/strong>24.03.2022 09:50:00<\/p>\n<hr \/>\n<p><strong>Informacije<\/strong><\/p>\n<p>Trim se nalazi na nekada\u0161njem poljoprivrednom podru\u010dju zapadno od sela Dugi Dolac, ju\u017eno od dr\u017eavne ceste DC 116. Vrlo dobro o\u010duvan i lijepi trim je kru\u017enog tlocrta i ima malo dvori\u0161te ispred ulaza. Oko 10 m sjeverozapadno od trima nalazi se cisterna. Relativno visok ulaz vodi u kru\u017eni interijer.<\/p><\/div><\/div><div class='content-column one_half last_column'><div style=\"padding-right:0px;padding-left:6px;\"><p><strong>Stupanj za\u0161tite \/ Schutzstellung<br \/>\n<\/strong>&#8211;<\/p>\n<hr \/>\n<p><strong>Info<\/strong><\/p>\n<p>Der Trim befindet sich in einem ehemals landwirtschaftlichen Bereich westlich der Ortschaft Dugi Dolac, etwas s\u00fcdlich der Staatsstra\u00dfe DC 116. Der sehr gut erhaltene, sch\u00f6ne Trim hat eine kreisrunde Grundrissform und besitzt vor seinem Eingang einen kleinen Hof. Etwa 10 m nordwestlich des Trims befindet sich eine Zisterne. Ein relativ hoher Eingang f\u00fchrt in das kreisrunde Innere.<\/p><\/div><\/div><div class='clear_column'><\/div><div class='content-column one_half'><div style=\"padding-right:6px;\"><div id=\"attachment_58650\" style=\"width: 310px\" class=\"wp-caption aligncenter\"><img loading=\"lazy\" decoding=\"async\" aria-describedby=\"caption-attachment-58650\" class=\"wp-image-58650 size-medium\" src=\"https:\/\/www.topohvar.at\/wp-content\/uploads\/2022\/04\/gj-tr-88-11-300x300.jpg\" alt=\"\" width=\"300\" height=\"300\" srcset=\"https:\/\/www.topohvar.at\/wp-content\/uploads\/2022\/04\/gj-tr-88-11-300x300.jpg 300w, https:\/\/www.topohvar.at\/wp-content\/uploads\/2022\/04\/gj-tr-88-11-150x150.jpg 150w, https:\/\/www.topohvar.at\/wp-content\/uploads\/2022\/04\/gj-tr-88-11.jpg 450w\" sizes=\"auto, (max-width: 300px) 100vw, 300px\" \/><p id=\"caption-attachment-58650\" class=\"wp-caption-text\">Ulaz \/ Eingang<\/p><\/div><\/div><\/div><div class='content-column one_half last_column'><div style=\"padding-right:0px;padding-left:6px;\"><div id=\"attachment_58651\" style=\"width: 310px\" class=\"wp-caption aligncenter\"><img loading=\"lazy\" decoding=\"async\" aria-describedby=\"caption-attachment-58651\" class=\"wp-image-58651 size-medium\" src=\"https:\/\/www.topohvar.at\/wp-content\/uploads\/2022\/04\/gj-tr-88-13-300x300.jpg\" alt=\"\" width=\"300\" height=\"300\" srcset=\"https:\/\/www.topohvar.at\/wp-content\/uploads\/2022\/04\/gj-tr-88-13-300x300.jpg 300w, https:\/\/www.topohvar.at\/wp-content\/uploads\/2022\/04\/gj-tr-88-13-150x150.jpg 150w, https:\/\/www.topohvar.at\/wp-content\/uploads\/2022\/04\/gj-tr-88-13.jpg 450w\" sizes=\"auto, (max-width: 300px) 100vw, 300px\" \/><p id=\"caption-attachment-58651\" class=\"wp-caption-text\">Pristup dvori\u0161tu \/ Zugang in den Hof<\/p><\/div><\/div><\/div><div class='clear_column'><\/div><div class='content-column one_half'><div style=\"padding-right:6px;\"><p>Dana 24.03.2022 trim GJ-TR-88 je posje\u0107en i ustanovljeno je sljede\u0107e:<\/p>\n<p>Lokacija:<br \/>\nPodloga: ravna<br \/>\nPovezan s: ure\u0111enom kamenom gomilom,<br \/>\nkamenim zidom<br \/>\nUpotreba: ne koristi se<br \/>\nStanje: vrlo dobro uzdr\u017eati<br \/>\nBroj stepenica trima: 1<br \/>\nDodatni kameni prsten: nema kamenog prstena<br \/>\nStepeni\u0161te: nema<br \/>\nOblik kamena: uglast<br \/>\nPodru\u010dje ispred ulaza: lako dostupno<br \/>\nOrijentacija ulaza: Z (280\u00b0)<br \/>\nPromjer trima (cm): 420<br \/>\nVisina trima (cm): 210<br \/>\nVisina stepenica (cm): stepenica 1: 190<br \/>\nDebljina zida (cm): 90<br \/>\n\u0160irina vrata (cm): 70<br \/>\nVisina vrata (cm): 125<br \/>\n\u0160irina unutra (cm): 240<br \/>\nVisina unutra (cm): 210<br \/>\nVolumen iznutra (m3): 6,45<br \/>\nNema ni\u0161e<\/p><\/div><\/div><div class='content-column one_half last_column'><div style=\"padding-right:0px;padding-left:6px;\"><p>Am 24.03.2022 wurde der Trim GJ-TR-88 besucht und n\u00e4her untersucht:<\/p>\n<p>Standort: landwirtsch. Gemenge<br \/>\nUntergrund: eben<br \/>\nVerbunden mit: Steinhaufen geordnet und<br \/>\nSteinmauer<br \/>\nNutzung: ungenutzt<br \/>\nZustand: sehr gut erhalten<br \/>\nAnzahl der Trimstufen: 1<br \/>\nZus\u00e4tzlicher Steinring: kein Steinring<br \/>\nStiege: keine<br \/>\nSteinform: kantig<br \/>\nEingangsbereich: frei<br \/>\nEingangsseite: W (280\u00b0)<br \/>\nTrimdurchmesser (cm): 420<br \/>\nTrimh\u00f6he (cm): 210<br \/>\nH\u00f6he der Trimstufen (cm): Stufe 1: 190<br \/>\nWandst\u00e4rke (cm): 90<br \/>\nT\u00fcrbreite (cm): 70<br \/>\nT\u00fcrh\u00f6he (cm): 125<br \/>\nInnenraumbreite (cm): 240<br \/>\nInnenraumh\u00f6he (cm): 210<br \/>\nRaumvolumen (m3): 6,45<br \/>\nKeine Nische<\/p><\/div><\/div><div class='clear_column'><\/div><br \/>\n<img loading=\"lazy\" decoding=\"async\" class=\"aligncenter size-full wp-image-58789\" src=\"https:\/\/www.topohvar.at\/wp-content\/uploads\/2022\/04\/gj-tr-88-sca.jpg\" alt=\"\" width=\"640\" height=\"957\" srcset=\"https:\/\/www.topohvar.at\/wp-content\/uploads\/2022\/04\/gj-tr-88-sca.jpg 640w, https:\/\/www.topohvar.at\/wp-content\/uploads\/2022\/04\/gj-tr-88-sca-201x300.jpg 201w\" sizes=\"auto, (max-width: 640px) 100vw, 640px\" \/><\/p>\n<p style=\"text-align: right;\"><span style=\"color: #3366ff;\"><a style=\"color: #3366ff;\" href=\"#seite_oben\">natrag na vrh \/ Seitenanfang<\/a><\/span><\/p>\n<hr \/>\n<p><strong>Linkovi \/ Links<\/strong><\/p>\n<p><span style=\"color: #3366ff;\"><a style=\"color: #3366ff;\" href=\"https:\/\/www.topohvar.at\/topo\/orte\/gj\/gj-op-00-0\/#op-r1\">Gustirna \/ Zisterne GJ-OP-R1<\/a><\/span><\/p>\n","protected":false},"excerpt":{"rendered":"<p>Ime \/ Name Trim \u00bbGJ-TR-88\u00ab Code: GJ-TR-88\u00a0 \u00a0 \u00a0 \u00a0 \u00a0 \u00a0 \u00a0 \u00a0 \u00a0 \u00a0 \u00a0 \u00a0 \u00a0 \u00a0 \u00a0 Adresa \/ Adresse Gdinj, na dr\u017eavnoj cesti DC 116 \/ an der Hauptstra\u00dfe DC 116 Lokacija \/ Position Latitude: &hellip; <a href=\"https:\/\/www.topohvar.at\/topo\/orte\/gj\/gj-tr-88-1\/\">Weiterlesen <span class=\"meta-nav\">&rarr;<\/span><\/a><\/p>\n","protected":false},"author":1,"featured_media":0,"parent":72,"menu_order":0,"comment_status":"closed","ping_status":"closed","template":"","meta":{"footnotes":""},"class_list":["post-58648","page","type-page","status-publish","hentry"],"_links":{"self":[{"href":"https:\/\/www.topohvar.at\/topo\/wp-json\/wp\/v2\/pages\/58648","targetHints":{"allow":["GET"]}}],"collection":[{"href":"https:\/\/www.topohvar.at\/topo\/wp-json\/wp\/v2\/pages"}],"about":[{"href":"https:\/\/www.topohvar.at\/topo\/wp-json\/wp\/v2\/types\/page"}],"author":[{"embeddable":true,"href":"https:\/\/www.topohvar.at\/topo\/wp-json\/wp\/v2\/users\/1"}],"replies":[{"embeddable":true,"href":"https:\/\/www.topohvar.at\/topo\/wp-json\/wp\/v2\/comments?post=58648"}],"version-history":[{"count":11,"href":"https:\/\/www.topohvar.at\/topo\/wp-json\/wp\/v2\/pages\/58648\/revisions"}],"predecessor-version":[{"id":70074,"href":"https:\/\/www.topohvar.at\/topo\/wp-json\/wp\/v2\/pages\/58648\/revisions\/70074"}],"up":[{"embeddable":true,"href":"https:\/\/www.topohvar.at\/topo\/wp-json\/wp\/v2\/pages\/72"}],"wp:attachment":[{"href":"https:\/\/www.topohvar.at\/topo\/wp-json\/wp\/v2\/media?parent=58648"}],"curies":[{"name":"wp","href":"https:\/\/api.w.org\/{rel}","templated":true}]}}