{"id":5866,"date":"2018-08-16T18:49:39","date_gmt":"2018-08-16T16:49:39","guid":{"rendered":"https:\/\/www.topohvar.at\/?page_id=5866"},"modified":"2021-05-12T09:25:20","modified_gmt":"2021-05-12T07:25:20","slug":"sa-tr-04-1","status":"publish","type":"page","link":"https:\/\/www.topohvar.at\/topo\/orte\/sa\/sa-tr-04-1\/","title":{"rendered":"SELCA (kod Starog Grada) &#8211; Trim \u00bbSA-TR-04\u00ab"},"content":{"rendered":"<p><a name=\"seite_oben\"><\/a><br \/>\n<img loading=\"lazy\" decoding=\"async\" class=\"alignleft wp-image-24418 size-large\" src=\"https:\/\/www.topohvar.at\/wp-content\/uploads\/2019\/10\/sa-tr-04-22-1024x503.jpg\" alt=\"\" width=\"640\" height=\"314\" srcset=\"https:\/\/www.topohvar.at\/wp-content\/uploads\/2019\/10\/sa-tr-04-22-1024x503.jpg 1024w, https:\/\/www.topohvar.at\/wp-content\/uploads\/2019\/10\/sa-tr-04-22-300x147.jpg 300w, https:\/\/www.topohvar.at\/wp-content\/uploads\/2019\/10\/sa-tr-04-22-768x377.jpg 768w, https:\/\/www.topohvar.at\/wp-content\/uploads\/2019\/10\/sa-tr-04-22.jpg 1080w\" sizes=\"auto, (max-width: 640px) 100vw, 640px\" \/><\/p>\n<p><strong>Ime \/ Name<br \/>\n<\/strong>Trim \u00bbSA-TR-04\u00ab<\/p>\n<p><strong>Code: <\/strong>SA-TR-04\u00a0 \u00a0 \u00a0 \u00a0 \u00a0 \u00a0 \u00a0 \u00a0 \u00a0 \u00a0 \u00a0 \u00a0 \u00a0 \u00a0 \u00a0 \u00a0 \u00a0 \u00a0 \u00a0 \u00a0 <strong><a href=\"https:\/\/www.topohvar.at\/orte\/sa\/sa-tr-00-1\/\"><img loading=\"lazy\" decoding=\"async\" class=\"alignnone wp-image-12300 size-full\" src=\"https:\/\/www.topohvar.at\/wp-content\/uploads\/2018\/09\/push-vor-30.jpg\" alt=\"\" width=\"61\" height=\"30\" \/><\/a><\/strong><strong>\u00a0<a href=\"https:\/\/www.topohvar.at\/orte\/sa\/sa-tr-24-1\/\"><img loading=\"lazy\" decoding=\"async\" class=\"alignnone wp-image-533 size-full\" src=\"https:\/\/www.topohvar.at\/wp-content\/uploads\/2018\/07\/push-l-30.jpg\" alt=\"\" width=\"61\" height=\"30\" \/><\/a> <a href=\"https:\/\/www.topohvar.at\/orte\/sa\/\"><img loading=\"lazy\" decoding=\"async\" class=\"alignnone wp-image-535 size-full\" src=\"https:\/\/www.topohvar.at\/wp-content\/uploads\/2018\/07\/push-o-30.jpg\" alt=\"\" width=\"61\" height=\"30\" \/><\/a> <a href=\"https:\/\/www.topohvar.at\/orte\/sa\/sa-tr-15-1\/\"><img loading=\"lazy\" decoding=\"async\" class=\"alignnone wp-image-536 size-full\" src=\"https:\/\/www.topohvar.at\/wp-content\/uploads\/2018\/07\/push-r-30.jpg\" alt=\"\" width=\"61\" height=\"30\" \/><\/a><\/strong><\/p>\n<hr \/>\n<p><strong>Adresa \/ Adresse<br \/>\n<\/strong>Selca (kod Starog Grada), pod Borovik \/ unterhalb von Borovik<\/p>\n<p><strong>Lokacija \/ Position<a href=\"https:\/\/goo.gl\/maps\/azHc3dRJ67VpP11Z8\"><img loading=\"lazy\" decoding=\"async\" class=\"alignright wp-image-5882\" src=\"https:\/\/www.topohvar.at\/wp-content\/uploads\/2018\/08\/0726.jpg\" alt=\"\" width=\"133\" height=\"100\" \/><\/a><br \/>\n<\/strong><span style=\"color: #3366ff;\"><a style=\"color: #3366ff;\" href=\"https:\/\/goo.gl\/maps\/azHc3dRJ67VpP11Z8\">Latitude: N 43,16319\u00b0\u00a0 \u00a0Longitude: E 16,59718\u00b0<\/a> <\/span><strong><br \/>\n<\/strong>Visina \/ H\u00f6he: 305 m<\/p>\n<p><strong>Katastarska \u010destica \/ Grundst\u00fccke<br \/>\n<\/strong>217<div class='content-column one_half'><div style=\"padding-right:6px;\"><p><strong>Datum snimanja \/ Erfassungsdatum<br \/>\n<\/strong>17.09.2015 11:23:46<\/p>\n<hr \/>\n<p><strong>Informacije<\/strong><\/p>\n<p>Trim je pored rute od Dola (Purkin Kuk) do Borovika. Lijeva strana jednostepena trima jako je o\u0161te\u0107ena. Njegov je ulaz bio obrastao grmljem. Trim se vi\u0161e ne koristi.<\/p><\/div><\/div><div class='content-column one_half last_column'><div style=\"padding-right:0px;padding-left:6px;\"><p><strong>Stupanj za\u0161tite \/ Schutzstellung<br \/>\n<\/strong>&#8211;<\/p>\n<hr \/>\n<p><strong>Info<\/strong><\/p>\n<p>Der Trim befindet sich neben dem Weg von Dol (Purkin Kuk) nach Borovik. Die linke Seite des einstufigen Trims ist schwer besch\u00e4digt. Sein Eingang war durch Buschwerk verwachsen. Der Trim wird nicht mehr genutzt.<\/p><\/div><\/div><div class='clear_column'><\/div><div class='content-column one_half'><div style=\"padding-right:6px;\"><div id=\"attachment_24900\" style=\"width: 310px\" class=\"wp-caption aligncenter\"><img loading=\"lazy\" decoding=\"async\" aria-describedby=\"caption-attachment-24900\" class=\"size-full wp-image-24900\" src=\"https:\/\/www.topohvar.at\/wp-content\/uploads\/2019\/12\/sa-tr-04-20.jpg\" alt=\"\" width=\"300\" height=\"300\" srcset=\"https:\/\/www.topohvar.at\/wp-content\/uploads\/2019\/12\/sa-tr-04-20.jpg 300w, https:\/\/www.topohvar.at\/wp-content\/uploads\/2019\/12\/sa-tr-04-20-150x150.jpg 150w\" sizes=\"auto, (max-width: 300px) 100vw, 300px\" \/><p id=\"caption-attachment-24900\" class=\"wp-caption-text\">Ulaz \/ Eingang<\/p><\/div>\n<p>Dana 16.10.2019 trim je posje\u0107en i prona\u0111en je sljede\u0107i<\/p>\n<p>Lokacija: grmlje<br \/>\nPodzemlje: stjenovit<br \/>\nSklop: izoliran<br \/>\nUpotreba: ne koristi<br \/>\nStanje izgradnje: dijelovi su se sru\u0161ili<br \/>\nBroj prstenova trima: jedan prsten<br \/>\nDodatni kameni prsten: nema kamenog prstena<br \/>\nStepeni\u0161te: nema stepenica<br \/>\nOblik kamena: plosnat<br \/>\nPodru\u010dje ispred ulaza: zarastao<br \/>\nVrata na stranicu: J (190\u00b0)<br \/>\nPromjer trima (cm): 300<br \/>\nVisina trima (cm): 160<br \/>\nVisina prstena (cm): 120<br \/>\nDebljina zida (cm): 75<br \/>\n\u0160irina vrata (cm): 50<br \/>\nVisina vrata (cm): 95<br \/>\n\u0160irina unutra (cm): 150<br \/>\nVisina unutra (cm): 140<br \/>\nVolumen iznutra (m3): 1,9<br \/>\nNema ni\u0161e<\/p><\/div><\/div><div class='content-column one_half last_column'><div style=\"padding-right:0px;padding-left:6px;\"><div id=\"attachment_24901\" style=\"width: 310px\" class=\"wp-caption aligncenter\"><img loading=\"lazy\" decoding=\"async\" aria-describedby=\"caption-attachment-24901\" class=\"size-full wp-image-24901\" src=\"https:\/\/www.topohvar.at\/wp-content\/uploads\/2019\/12\/sa-tr-04-23.jpg\" alt=\"\" width=\"300\" height=\"300\" srcset=\"https:\/\/www.topohvar.at\/wp-content\/uploads\/2019\/12\/sa-tr-04-23.jpg 300w, https:\/\/www.topohvar.at\/wp-content\/uploads\/2019\/12\/sa-tr-04-23-150x150.jpg 150w\" sizes=\"auto, (max-width: 300px) 100vw, 300px\" \/><p id=\"caption-attachment-24901\" class=\"wp-caption-text\">Pogled na istok \/ Blick nach Osten<\/p><\/div>\n<p>Am 16.10.2019 wurde der Trim besucht und untersucht<\/p>\n<p>Standort: Buschwerk<br \/>\nUntergrund: Fels<br \/>\nVerbunden mit: freistehend<br \/>\nNutzung: ungenutzt<br \/>\nZustand: Teile abgest\u00fcrzt<br \/>\nRinge\/Stufen des Trim: einstufig<br \/>\nZus\u00e4tzlicher Steinring: kein Steinring<br \/>\nStiege: keine Stufen<br \/>\nSteinform: plattig<br \/>\nEingangsbereich: verwachsen<br \/>\nEingangsseite: S (190\u00b0)<br \/>\nTrimdurchmesser (cm): 300<br \/>\nTrimh\u00f6he (cm): 160<br \/>\nStufen\/Ringh\u00f6he (cm): 120<br \/>\nWandst\u00e4rke: 75<br \/>\nT\u00fcrbreite (cm): 50<br \/>\nT\u00fcrh\u00f6he (cm): 95<br \/>\nInnenraumbreite (cm): 150<br \/>\nInnenraumh\u00f6he (cm): 140<br \/>\nRaumvolumen (m3): 1,9<br \/>\nKeine Nische<\/p><\/div><\/div><div class='clear_column'><\/div><\/p>\n<p><img loading=\"lazy\" decoding=\"async\" class=\"aligncenter size-full wp-image-24902\" src=\"https:\/\/www.topohvar.at\/wp-content\/uploads\/2019\/12\/sa-tr-04-sc.jpg\" alt=\"\" width=\"600\" height=\"911\" srcset=\"https:\/\/www.topohvar.at\/wp-content\/uploads\/2019\/12\/sa-tr-04-sc.jpg 600w, https:\/\/www.topohvar.at\/wp-content\/uploads\/2019\/12\/sa-tr-04-sc-198x300.jpg 198w\" sizes=\"auto, (max-width: 600px) 100vw, 600px\" \/><\/p>\n<p style=\"text-align: right;\"><a href=\"#seite_oben\">natrag na vrh \/ Seitenanfang<\/a><\/p>\n<hr \/>\n<p><strong>Linkovi \/ Links<\/strong><\/p>\n<p>&#8211;<\/p>\n","protected":false},"excerpt":{"rendered":"<p>Ime \/ Name Trim \u00bbSA-TR-04\u00ab Code: SA-TR-04\u00a0 \u00a0 \u00a0 \u00a0 \u00a0 \u00a0 \u00a0 \u00a0 \u00a0 \u00a0 \u00a0 \u00a0 \u00a0 \u00a0 \u00a0 \u00a0 \u00a0 \u00a0 \u00a0 \u00a0 \u00a0 Adresa \/ Adresse Selca (kod Starog Grada), pod Borovik \/ unterhalb von Borovik &hellip; <a href=\"https:\/\/www.topohvar.at\/topo\/orte\/sa\/sa-tr-04-1\/\">Weiterlesen <span class=\"meta-nav\">&rarr;<\/span><\/a><\/p>\n","protected":false},"author":1,"featured_media":0,"parent":95,"menu_order":0,"comment_status":"closed","ping_status":"closed","template":"","meta":{"footnotes":""},"class_list":["post-5866","page","type-page","status-publish","hentry"],"_links":{"self":[{"href":"https:\/\/www.topohvar.at\/topo\/wp-json\/wp\/v2\/pages\/5866","targetHints":{"allow":["GET"]}}],"collection":[{"href":"https:\/\/www.topohvar.at\/topo\/wp-json\/wp\/v2\/pages"}],"about":[{"href":"https:\/\/www.topohvar.at\/topo\/wp-json\/wp\/v2\/types\/page"}],"author":[{"embeddable":true,"href":"https:\/\/www.topohvar.at\/topo\/wp-json\/wp\/v2\/users\/1"}],"replies":[{"embeddable":true,"href":"https:\/\/www.topohvar.at\/topo\/wp-json\/wp\/v2\/comments?post=5866"}],"version-history":[{"count":15,"href":"https:\/\/www.topohvar.at\/topo\/wp-json\/wp\/v2\/pages\/5866\/revisions"}],"predecessor-version":[{"id":49111,"href":"https:\/\/www.topohvar.at\/topo\/wp-json\/wp\/v2\/pages\/5866\/revisions\/49111"}],"up":[{"embeddable":true,"href":"https:\/\/www.topohvar.at\/topo\/wp-json\/wp\/v2\/pages\/95"}],"wp:attachment":[{"href":"https:\/\/www.topohvar.at\/topo\/wp-json\/wp\/v2\/media?parent=5866"}],"curies":[{"name":"wp","href":"https:\/\/api.w.org\/{rel}","templated":true}]}}