{"id":59064,"date":"2022-05-19T11:32:56","date_gmt":"2022-05-19T09:32:56","guid":{"rendered":"https:\/\/www.topohvar.at\/topo\/?page_id=59064"},"modified":"2022-06-22T06:36:13","modified_gmt":"2022-06-22T04:36:13","slug":"gj-tr-96-1","status":"publish","type":"page","link":"https:\/\/www.topohvar.at\/topo\/orte\/gj\/gj-tr-96-1\/","title":{"rendered":"GDINJ &#8211; Trim \u00bbGJ-TR-96\u00ab"},"content":{"rendered":"<p><a name=\"seite_oben\"><\/a><br \/>\n<strong><img loading=\"lazy\" decoding=\"async\" class=\"aligncenter wp-image-59069 size-full\" src=\"https:\/\/www.topohvar.at\/wp-content\/uploads\/2022\/05\/gj-tr-96-01.jpg\" alt=\"\" width=\"1080\" height=\"530\" srcset=\"https:\/\/www.topohvar.at\/wp-content\/uploads\/2022\/05\/gj-tr-96-01.jpg 1080w, https:\/\/www.topohvar.at\/wp-content\/uploads\/2022\/05\/gj-tr-96-01-300x147.jpg 300w, https:\/\/www.topohvar.at\/wp-content\/uploads\/2022\/05\/gj-tr-96-01-1024x503.jpg 1024w, https:\/\/www.topohvar.at\/wp-content\/uploads\/2022\/05\/gj-tr-96-01-768x377.jpg 768w\" sizes=\"auto, (max-width: 1080px) 100vw, 1080px\" \/><\/strong><\/p>\n<p><strong>Ime \/ Name<br \/>\n<\/strong>Trim \u00bbGJ-TR-96\u00ab<\/p>\n<p><strong>Code: <\/strong>GJ-TR-96\u00a0 \u00a0 \u00a0 \u00a0 \u00a0 \u00a0 \u00a0 \u00a0 \u00a0 \u00a0 \u00a0 \u00a0 \u00a0 \u00a0 <a href=\"https:\/\/www.topohvar.at\/orte\/gj\/gj-tr-00-1\/\"><img loading=\"lazy\" decoding=\"async\" class=\"alignnone wp-image-12300 size-full\" src=\"https:\/\/www.topohvar.at\/wp-content\/uploads\/2018\/09\/push-vor-30.jpg\" alt=\"\" width=\"61\" height=\"30\" \/><\/a>\u00a0<strong><a href=\"https:\/\/www.topohvar.at\/orte\/gj\/gj-tr-24-1\/\"><img loading=\"lazy\" decoding=\"async\" class=\"alignnone wp-image-533 size-full\" src=\"https:\/\/www.topohvar.at\/wp-content\/uploads\/2018\/07\/push-l-30.jpg\" alt=\"\" width=\"61\" height=\"30\" \/><\/a> <a href=\"https:\/\/www.topohvar.at\/orte\/gj\/\"><img loading=\"lazy\" decoding=\"async\" class=\"alignnone wp-image-535 size-full\" src=\"https:\/\/www.topohvar.at\/wp-content\/uploads\/2018\/07\/push-o-30.jpg\" alt=\"\" width=\"61\" height=\"30\" \/><\/a> <a href=\"https:\/\/www.topohvar.at\/orte\/gj\/gj-tr-d1-1\/\"><img loading=\"lazy\" decoding=\"async\" class=\"alignnone wp-image-536 size-full\" src=\"https:\/\/www.topohvar.at\/wp-content\/uploads\/2018\/07\/push-r-30.jpg\" alt=\"\" width=\"61\" height=\"30\" \/><\/a><\/strong><\/p>\n<hr \/>\n<p><strong>Adresa \/ Adresse<br \/>\n<\/strong>Gdinj, Dugi Dolac<\/p>\n<p><strong>Lokacija \/ Position<a href=\"https:\/\/goo.gl\/maps\/rJyy9EWBb1djESnz7\"><img loading=\"lazy\" decoding=\"async\" class=\"alignright wp-image-59065\" src=\"https:\/\/www.topohvar.at\/wp-content\/uploads\/2022\/05\/3592.jpg\" alt=\"\" width=\"134\" height=\"100\" \/><\/a><br \/>\n<\/strong><a href=\"https:\/\/goo.gl\/maps\/rJyy9EWBb1djESnz7\"><span style=\"color: #3366ff;\">Latitude: N 43,13378\u00b0\u00a0 \u00a0Longitude: E 16,92632\u00b0<\/span><\/a> <strong><br \/>\n<\/strong>Visina \/ H\u00f6he: 328 m<\/p>\n<p><strong>Katastarska \u010destica \/ Grundst\u00fccke<br \/>\n<\/strong>3557<div class='content-column one_half'><div style=\"padding-right:6px;\"><p><strong>Datum snimanja \/ Erfassungsdatum<br \/>\n<\/strong>02.05.2022 09:20:57<\/p>\n<hr \/>\n<p><strong>Informacije<\/strong><\/p>\n<p>Dvostupanjski trim se nalazi uz kamene zidove na nekada\u0161njem poljoprivrednom podru\u010dju sjeverno od sela Dugi Dolac. Malo je o\u0161te\u0107en sa stra\u017enje strane i desno od ulaza, ali je ina\u010de u dobrom stanju. Zidanje mu je pa\u017eljivo slojevito od kockaste stijene. Ima ravan krov. Pristup iz razine vrta je prirodnim kamenim stepenicama, a sa kamenog zida kamenim stepenicama. Visoki ulaz vodi u kru\u017eni interijer.<\/p><\/div><\/div><div class='content-column one_half last_column'><div style=\"padding-right:0px;padding-left:6px;\"><p><strong>Stupanj za\u0161tite \/ Schutzstellung<br \/>\n<\/strong>&#8211;<\/p>\n<hr \/>\n<p><strong>Info<\/strong><\/p>\n<p>Der zweistufige Trim befindet sich an Steinmauern in einem ehemals landwirtschaftlich genutzten Bereich n\u00f6rdlich der Ortschaft Dugi Dolac. Er ist an seiner R\u00fcckseite und rechts neben dem Eingang leicht besch\u00e4digt aber ansonsten gut erhalten. Sein Mauerwerk ist aus quaderf\u00f6rmigem Gestein sorgf\u00e4ltig geschichtet. Er besitzt ein ebenes Dach. Der Zugang vom Gartenniveau f\u00fchrt \u00fcber nat\u00fcrliche Felsstufen, von der Steinmauer aus ist er \u00fcber Steinstufen erreichbar. Durch den hohen Eingang gelangt man in den kreisrunden Innenraum.<\/p><\/div><\/div><div class='clear_column'><\/div><div class='content-column one_half'><div style=\"padding-right:6px;\"><div id=\"attachment_59867\" style=\"width: 310px\" class=\"wp-caption aligncenter\"><img loading=\"lazy\" decoding=\"async\" aria-describedby=\"caption-attachment-59867\" class=\"wp-image-59867 size-medium\" src=\"https:\/\/www.topohvar.at\/wp-content\/uploads\/2022\/06\/gj-tr-96-001-300x300.jpg\" alt=\"\" width=\"300\" height=\"300\" srcset=\"https:\/\/www.topohvar.at\/wp-content\/uploads\/2022\/06\/gj-tr-96-001-300x300.jpg 300w, https:\/\/www.topohvar.at\/wp-content\/uploads\/2022\/06\/gj-tr-96-001-150x150.jpg 150w, https:\/\/www.topohvar.at\/wp-content\/uploads\/2022\/06\/gj-tr-96-001.jpg 450w\" sizes=\"auto, (max-width: 300px) 100vw, 300px\" \/><p id=\"caption-attachment-59867\" class=\"wp-caption-text\">Ulaz \/ Eingang<\/p><\/div><\/div><\/div><div class='content-column one_half last_column'><div style=\"padding-right:0px;padding-left:6px;\"><div id=\"attachment_59868\" style=\"width: 310px\" class=\"wp-caption aligncenter\"><img loading=\"lazy\" decoding=\"async\" aria-describedby=\"caption-attachment-59868\" class=\"size-medium wp-image-59868\" src=\"https:\/\/www.topohvar.at\/wp-content\/uploads\/2022\/06\/gj-tr-96-03-300x300.jpg\" alt=\"\" width=\"300\" height=\"300\" srcset=\"https:\/\/www.topohvar.at\/wp-content\/uploads\/2022\/06\/gj-tr-96-03-300x300.jpg 300w, https:\/\/www.topohvar.at\/wp-content\/uploads\/2022\/06\/gj-tr-96-03-150x150.jpg 150w, https:\/\/www.topohvar.at\/wp-content\/uploads\/2022\/06\/gj-tr-96-03.jpg 450w\" sizes=\"auto, (max-width: 300px) 100vw, 300px\" \/><p id=\"caption-attachment-59868\" class=\"wp-caption-text\">Ju\u017ena strana trima \/ S\u00fcdseite des Trims<\/p><\/div><\/div><\/div><div class='clear_column'><\/div><div class='content-column one_half'><div style=\"padding-right:6px;\"><p>Dana 02.05.2022 trim GJ-TR-96 je posje\u0107en i ustanovljeno je sljede\u0107e:<\/p>\n<p>Lokacija: poljoprivredni sklop<br \/>\nPodloga: ravna<br \/>\nPovezan s: kamenim zidom<br \/>\nUpotreba: malo se koristi<br \/>\nStanje: dijelovi su se sru\u0161ili<br \/>\nBroj stepenica trima: 2<br \/>\nDodatni kameni prsten: nema kamenog prstena<br \/>\nStepeni\u0161te: nema<br \/>\nOblik kamena: uglast<br \/>\nPodru\u010dje ispred ulaza: lako dostupno<br \/>\nOrijentacija ulaza: Z (280\u00b0)<br \/>\nPromjer trima (cm): 410<br \/>\nVisina trima (cm): 300<br \/>\nVisina stepenica (cm): stepenica 1: 190 , stepenica 2: 300<br \/>\nDebljina zida (cm): 80<br \/>\n\u0160irina vrata (cm): 70<br \/>\nVisina vrata (cm): 150<br \/>\n\u0160irina unutra (cm): 250<br \/>\nVisina unutra (cm): 290<br \/>\nVolumen iznutra (m3): 9,84<br \/>\nNema ni\u0161e<\/p><\/div><\/div><div class='content-column one_half last_column'><div style=\"padding-right:0px;padding-left:6px;\"><p>Am 02.05.2022 wurde der Trim GJ-TR-96 besucht und n\u00e4her untersucht:<\/p>\n<p>Standort: landwirtsch. Gemenge<br \/>\nUntergrund: eben<br \/>\nVerbunden mit: Steinmauer<br \/>\nNutzung: kaum genutzt<br \/>\nZustand: Teile abgest\u00fcrzt<br \/>\nAnzahl der Trimstufen: 2<br \/>\nZus\u00e4tzlicher Steinring: kein Steinring<br \/>\nStiege: keine<br \/>\nSteinform: kantig<br \/>\nEingangsbereich: frei<br \/>\nEingangsseite: W (280\u00b0)<br \/>\nTrimdurchmesser (cm): 410<br \/>\nTrimh\u00f6he (cm): 300<br \/>\nH\u00f6he der Trimstufen (cm): Stufe 1: 190 , Stufe 2: 300<br \/>\nWandst\u00e4rke (cm): 80<br \/>\nT\u00fcrbreite (cm): 70<br \/>\nT\u00fcrh\u00f6he (cm): 150<br \/>\nInnenraumbreite (cm): 250<br \/>\nInnenraumh\u00f6he (cm): 290<br \/>\nRaumvolumen (m3): 9,84<br \/>\nKeine Nische<\/p><\/div><\/div><div class='clear_column'><\/div><\/p>\n<p><img loading=\"lazy\" decoding=\"async\" class=\"aligncenter size-full wp-image-59866\" src=\"https:\/\/www.topohvar.at\/wp-content\/uploads\/2022\/06\/gj-tr-96-scan.jpg\" alt=\"\" width=\"640\" height=\"974\" srcset=\"https:\/\/www.topohvar.at\/wp-content\/uploads\/2022\/06\/gj-tr-96-scan.jpg 640w, https:\/\/www.topohvar.at\/wp-content\/uploads\/2022\/06\/gj-tr-96-scan-197x300.jpg 197w\" sizes=\"auto, (max-width: 640px) 100vw, 640px\" \/><\/p>\n<p style=\"text-align: right;\"><a href=\"#seite_oben\">natrag na vrh \/ Seitenanfang<\/a><\/p>\n<hr \/>\n<p><strong>Linkovi \/ Links<\/strong><\/p>\n<p>&#8211;<\/p>\n","protected":false},"excerpt":{"rendered":"<p>Ime \/ Name Trim \u00bbGJ-TR-96\u00ab Code: GJ-TR-96\u00a0 \u00a0 \u00a0 \u00a0 \u00a0 \u00a0 \u00a0 \u00a0 \u00a0 \u00a0 \u00a0 \u00a0 \u00a0 \u00a0 \u00a0 Adresa \/ Adresse Gdinj, Dugi Dolac Lokacija \/ Position Latitude: N 43,13378\u00b0\u00a0 \u00a0Longitude: E 16,92632\u00b0 Visina \/ H\u00f6he: 328 &hellip; <a href=\"https:\/\/www.topohvar.at\/topo\/orte\/gj\/gj-tr-96-1\/\">Weiterlesen <span class=\"meta-nav\">&rarr;<\/span><\/a><\/p>\n","protected":false},"author":1,"featured_media":0,"parent":72,"menu_order":0,"comment_status":"closed","ping_status":"closed","template":"","meta":{"footnotes":""},"class_list":["post-59064","page","type-page","status-publish","hentry"],"_links":{"self":[{"href":"https:\/\/www.topohvar.at\/topo\/wp-json\/wp\/v2\/pages\/59064","targetHints":{"allow":["GET"]}}],"collection":[{"href":"https:\/\/www.topohvar.at\/topo\/wp-json\/wp\/v2\/pages"}],"about":[{"href":"https:\/\/www.topohvar.at\/topo\/wp-json\/wp\/v2\/types\/page"}],"author":[{"embeddable":true,"href":"https:\/\/www.topohvar.at\/topo\/wp-json\/wp\/v2\/users\/1"}],"replies":[{"embeddable":true,"href":"https:\/\/www.topohvar.at\/topo\/wp-json\/wp\/v2\/comments?post=59064"}],"version-history":[{"count":7,"href":"https:\/\/www.topohvar.at\/topo\/wp-json\/wp\/v2\/pages\/59064\/revisions"}],"predecessor-version":[{"id":59900,"href":"https:\/\/www.topohvar.at\/topo\/wp-json\/wp\/v2\/pages\/59064\/revisions\/59900"}],"up":[{"embeddable":true,"href":"https:\/\/www.topohvar.at\/topo\/wp-json\/wp\/v2\/pages\/72"}],"wp:attachment":[{"href":"https:\/\/www.topohvar.at\/topo\/wp-json\/wp\/v2\/media?parent=59064"}],"curies":[{"name":"wp","href":"https:\/\/api.w.org\/{rel}","templated":true}]}}