{"id":59229,"date":"2022-05-20T17:42:30","date_gmt":"2022-05-20T15:42:30","guid":{"rendered":"https:\/\/www.topohvar.at\/topo\/?page_id=59229"},"modified":"2022-06-23T11:38:51","modified_gmt":"2022-06-23T09:38:51","slug":"gj-tr-b8-1","status":"publish","type":"page","link":"https:\/\/www.topohvar.at\/topo\/orte\/gj\/gj-tr-b8-1\/","title":{"rendered":"GDINJ &#8211; Trim \u00bbGJ-TR-B8\u00ab"},"content":{"rendered":"<p><a name=\"seite_oben\"><\/a><br \/>\n<strong><img loading=\"lazy\" decoding=\"async\" class=\"aligncenter wp-image-59230 size-full\" src=\"https:\/\/www.topohvar.at\/wp-content\/uploads\/2022\/05\/gj-tr-b8-01.jpg\" alt=\"\" width=\"1080\" height=\"530\" srcset=\"https:\/\/www.topohvar.at\/wp-content\/uploads\/2022\/05\/gj-tr-b8-01.jpg 1080w, https:\/\/www.topohvar.at\/wp-content\/uploads\/2022\/05\/gj-tr-b8-01-300x147.jpg 300w, https:\/\/www.topohvar.at\/wp-content\/uploads\/2022\/05\/gj-tr-b8-01-1024x503.jpg 1024w, https:\/\/www.topohvar.at\/wp-content\/uploads\/2022\/05\/gj-tr-b8-01-768x377.jpg 768w\" sizes=\"auto, (max-width: 1080px) 100vw, 1080px\" \/><\/strong><\/p>\n<p><strong>Ime \/ Name<br \/>\n<\/strong>Trim \u00bbGJ-TR-B8\u00ab<\/p>\n<p><strong>Code: <\/strong>GJ-TR-B8\u00a0 \u00a0 \u00a0 \u00a0 \u00a0 \u00a0 \u00a0 \u00a0 \u00a0 \u00a0 \u00a0 \u00a0 \u00a0 \u00a0 \u00a0 \u00a0<strong><a href=\"https:\/\/www.topohvar.at\/orte\/gj\/gj-tr-00-1\/\"><img loading=\"lazy\" decoding=\"async\" class=\"alignnone wp-image-12300 size-full\" src=\"https:\/\/www.topohvar.at\/wp-content\/uploads\/2018\/09\/push-vor-30.jpg\" alt=\"\" width=\"61\" height=\"30\" \/><\/a> <a href=\"https:\/\/www.topohvar.at\/orte\/gj\/gj-tr-b9-1\/\"><img loading=\"lazy\" decoding=\"async\" class=\"alignnone wp-image-533 size-full\" src=\"https:\/\/www.topohvar.at\/wp-content\/uploads\/2018\/07\/push-l-30.jpg\" alt=\"\" width=\"61\" height=\"30\" \/><\/a> <a href=\"https:\/\/www.topohvar.at\/orte\/gj\/\"><img loading=\"lazy\" decoding=\"async\" class=\"alignnone wp-image-535 size-full\" src=\"https:\/\/www.topohvar.at\/wp-content\/uploads\/2018\/07\/push-o-30.jpg\" alt=\"\" width=\"61\" height=\"30\" \/><\/a> <a href=\"https:\/\/www.topohvar.at\/orte\/gj\/gj-tr-d6-1\/\"><img loading=\"lazy\" decoding=\"async\" class=\"alignnone wp-image-536 size-full\" src=\"https:\/\/www.topohvar.at\/wp-content\/uploads\/2018\/07\/push-r-30.jpg\" alt=\"\" width=\"61\" height=\"30\" \/><\/a><\/strong><\/p>\n<hr \/>\n<p><strong>Adresa \/ Adresse<br \/>\n<\/strong>Gdinj, Visoka<\/p>\n<p><strong>Lokacija \/ Position<a href=\"https:\/\/goo.gl\/maps\/uo1VVkHaaZdiGexB9\"><img loading=\"lazy\" decoding=\"async\" class=\"alignright wp-image-59223\" src=\"https:\/\/www.topohvar.at\/wp-content\/uploads\/2022\/05\/3644.jpg\" alt=\"\" width=\"134\" height=\"100\" \/><\/a><br \/>\n<\/strong><a href=\"https:\/\/goo.gl\/maps\/uo1VVkHaaZdiGexB9\"><span style=\"color: #3366ff;\">Latitude: N 43,13676\u00b0\u00a0 \u00a0Longitude: E 16,93930\u00b0 <\/span><\/a><strong><br \/>\n<\/strong>Visina \/ H\u00f6he: 357 m<\/p>\n<p><strong>Katastarska \u010destica \/ Grundst\u00fccke<br \/>\n<\/strong>5242\/3<div class='content-column one_half'><div style=\"padding-right:6px;\"><p><strong>Datum snimanja \/ Erfassungsdatum<br \/>\n<\/strong>12.05.2022 09:03:15<\/p>\n<hr \/>\n<p><strong>Informacije<\/strong><\/p>\n<p>Jednostupanjski trim nalazi se unutar sela Visoka. Trim ima neobi\u010dan kvadratni oblik. Ispred ulaza se nalazi dvori\u0161te ogra\u0111eno kamenim zidovima u koje se ulazi sa susjedne lokalne ceste. Neobi\u010dne i jedinstvene su ravne kamene plo\u010de postavljene okomito jedna do druge iznad nadvratnika. Trim je u dobrom stanju i jo\u0161 uvijek se povremeno koristi.<\/p><\/div><\/div><div class='content-column one_half last_column'><div style=\"padding-right:0px;padding-left:6px;\"><p><strong>Stupanj za\u0161tite \/ Schutzstellung<br \/>\n<\/strong>&#8211;<\/p>\n<hr \/>\n<p><strong>Info<\/strong><\/p>\n<p>Der einstufige Trim befindet innerhalb der Ortschaft Visoka. Der Trim hat eine ungew\u00f6hnliche quadratische Form.\u00a0 Vor dem Eingang befindet sich ein von Steinmauern umgrenzter Hof der von der angrenzenden Ortsstra\u00dfe her betreten werden kann. Ungew\u00f6hnlich ja einzigartig sind die \u00fcber dem T\u00fcr\u00fcberlager befindlichen flachen, lotrecht nebeneinander platzierten Steinplatten. Der Trim ist gut erhalten und wird noch fallweise genutzt.<\/p><\/div><\/div><div class='clear_column'><\/div><div class='content-column one_half'><div style=\"padding-right:6px;\"><div id=\"attachment_60079\" style=\"width: 310px\" class=\"wp-caption aligncenter\"><img loading=\"lazy\" decoding=\"async\" aria-describedby=\"caption-attachment-60079\" class=\"wp-image-60079 size-medium\" src=\"https:\/\/www.topohvar.at\/wp-content\/uploads\/2022\/06\/gj-tr-b8-001-300x300.jpg\" alt=\"\" width=\"300\" height=\"300\" srcset=\"https:\/\/www.topohvar.at\/wp-content\/uploads\/2022\/06\/gj-tr-b8-001-300x300.jpg 300w, https:\/\/www.topohvar.at\/wp-content\/uploads\/2022\/06\/gj-tr-b8-001-150x150.jpg 150w, https:\/\/www.topohvar.at\/wp-content\/uploads\/2022\/06\/gj-tr-b8-001.jpg 450w\" sizes=\"auto, (max-width: 300px) 100vw, 300px\" \/><p id=\"caption-attachment-60079\" class=\"wp-caption-text\">Ulaz \/ Eingang<\/p><\/div>\n<p>Dana 12.05.2022 trim GJ-TR-B8 je posje\u0107en i ustanovljeno je sljede\u0107e:<\/p>\n<p>Lokacija: vrt<br \/>\nPodloga: ravna<br \/>\nPovezan s: kamenim zidom<br \/>\nUpotreba: malo se koristi<br \/>\nStanje: dobro sa\u010duvan<br \/>\nBroj stepenica trima: 1<br \/>\nDodatni kameni prsten: nema kamenog prstena<br \/>\nStepeni\u0161te: nema<br \/>\nOblik kamena: uglast<br \/>\nPodru\u010dje ispred ulaza: lako dostupno<br \/>\nOrijentacija ulaza: JZ (210\u00b0)<br \/>\nPromjer trima (cm): 420<br \/>\nVisina trima (cm): 240<br \/>\nVisina stepenica (cm): stepenica 1: 220<br \/>\nDebljina zida (cm): 70<br \/>\n\u0160irina vrata (cm): 75<br \/>\nVisina vrata (cm): 120<br \/>\n\u0160irina unutra (cm): 260 &#8211; 280<br \/>\nVisina unutra (cm): 240<br \/>\nVolumen iznutra (m3): 9,32<br \/>\nNema ni\u0161e<\/p><\/div><\/div><div class='content-column one_half last_column'><div style=\"padding-right:0px;padding-left:6px;\"><div id=\"attachment_60080\" style=\"width: 310px\" class=\"wp-caption aligncenter\"><img loading=\"lazy\" decoding=\"async\" aria-describedby=\"caption-attachment-60080\" class=\"size-medium wp-image-60080\" src=\"https:\/\/www.topohvar.at\/wp-content\/uploads\/2022\/06\/gj-tr-b8-04-300x300.jpg\" alt=\"\" width=\"300\" height=\"300\" srcset=\"https:\/\/www.topohvar.at\/wp-content\/uploads\/2022\/06\/gj-tr-b8-04-300x300.jpg 300w, https:\/\/www.topohvar.at\/wp-content\/uploads\/2022\/06\/gj-tr-b8-04-150x150.jpg 150w, https:\/\/www.topohvar.at\/wp-content\/uploads\/2022\/06\/gj-tr-b8-04.jpg 450w\" sizes=\"auto, (max-width: 300px) 100vw, 300px\" \/><p id=\"caption-attachment-60080\" class=\"wp-caption-text\">Pogled prema jug \/ Blick nach S\u00fcden<\/p><\/div>\n<p>Am 12.05.2022 wurde der Trim GJ-TR-B8 besucht und n\u00e4her untersucht:<\/p>\n<p>Standort: Garten<br \/>\nUntergrund: eben<br \/>\nVerbunden mit: Steinmauer<br \/>\nNutzung: kaum genutzt<br \/>\nZustand: gut erhalten<br \/>\nAnzahl der Trimstufen: 1<br \/>\nZus\u00e4tzlicher Steinring: kein Steinring<br \/>\nStiege: keine<br \/>\nSteinform: kantig<br \/>\nEingangsbereich: frei<br \/>\nEingangsseite: SW (210\u00b0)<br \/>\nTrimdurchmesser (cm): 420<br \/>\nTrimh\u00f6he (cm): 240<br \/>\nH\u00f6he der Trimstufen (cm): Stufe 1: 220<br \/>\nWandst\u00e4rke (cm): 70<br \/>\nT\u00fcrbreite (cm): 75<br \/>\nT\u00fcrh\u00f6he (cm): 120<br \/>\nInnenraumbreite (cm): 260 &#8211; 280<br \/>\nInnenraumh\u00f6he (cm): 240<br \/>\nRaumvolumen (m3): 9,32<br \/>\nKeine Nische<\/p><\/div><\/div><div class='clear_column'><\/div><\/p>\n<p><img loading=\"lazy\" decoding=\"async\" class=\"aligncenter size-full wp-image-60078\" src=\"https:\/\/www.topohvar.at\/wp-content\/uploads\/2022\/06\/gj-tr-b8-scan.jpg\" alt=\"\" width=\"640\" height=\"976\" srcset=\"https:\/\/www.topohvar.at\/wp-content\/uploads\/2022\/06\/gj-tr-b8-scan.jpg 640w, https:\/\/www.topohvar.at\/wp-content\/uploads\/2022\/06\/gj-tr-b8-scan-197x300.jpg 197w\" sizes=\"auto, (max-width: 640px) 100vw, 640px\" \/><\/p>\n<p style=\"text-align: right;\"><span style=\"color: #3366ff;\"><a style=\"color: #3366ff;\" href=\"#seite_oben\">natrag na vrh \/ Seitenanfang<\/a><\/span><\/p>\n<hr \/>\n<p><strong>Linkovi \/ Links<\/strong><\/p>\n<p><span style=\"color: #3366ff;\">&#8211;<\/span><\/p>\n","protected":false},"excerpt":{"rendered":"<p>Ime \/ Name Trim \u00bbGJ-TR-B8\u00ab Code: GJ-TR-B8\u00a0 \u00a0 \u00a0 \u00a0 \u00a0 \u00a0 \u00a0 \u00a0 \u00a0 \u00a0 \u00a0 \u00a0 \u00a0 \u00a0 \u00a0 \u00a0 Adresa \/ Adresse Gdinj, Visoka Lokacija \/ Position Latitude: N 43,13676\u00b0\u00a0 \u00a0Longitude: E 16,93930\u00b0 Visina \/ H\u00f6he: 357 &hellip; <a href=\"https:\/\/www.topohvar.at\/topo\/orte\/gj\/gj-tr-b8-1\/\">Weiterlesen <span class=\"meta-nav\">&rarr;<\/span><\/a><\/p>\n","protected":false},"author":1,"featured_media":0,"parent":72,"menu_order":0,"comment_status":"closed","ping_status":"closed","template":"","meta":{"footnotes":""},"class_list":["post-59229","page","type-page","status-publish","hentry"],"_links":{"self":[{"href":"https:\/\/www.topohvar.at\/topo\/wp-json\/wp\/v2\/pages\/59229","targetHints":{"allow":["GET"]}}],"collection":[{"href":"https:\/\/www.topohvar.at\/topo\/wp-json\/wp\/v2\/pages"}],"about":[{"href":"https:\/\/www.topohvar.at\/topo\/wp-json\/wp\/v2\/types\/page"}],"author":[{"embeddable":true,"href":"https:\/\/www.topohvar.at\/topo\/wp-json\/wp\/v2\/users\/1"}],"replies":[{"embeddable":true,"href":"https:\/\/www.topohvar.at\/topo\/wp-json\/wp\/v2\/comments?post=59229"}],"version-history":[{"count":5,"href":"https:\/\/www.topohvar.at\/topo\/wp-json\/wp\/v2\/pages\/59229\/revisions"}],"predecessor-version":[{"id":60081,"href":"https:\/\/www.topohvar.at\/topo\/wp-json\/wp\/v2\/pages\/59229\/revisions\/60081"}],"up":[{"embeddable":true,"href":"https:\/\/www.topohvar.at\/topo\/wp-json\/wp\/v2\/pages\/72"}],"wp:attachment":[{"href":"https:\/\/www.topohvar.at\/topo\/wp-json\/wp\/v2\/media?parent=59229"}],"curies":[{"name":"wp","href":"https:\/\/api.w.org\/{rel}","templated":true}]}}