{"id":59314,"date":"2022-05-22T08:30:42","date_gmt":"2022-05-22T06:30:42","guid":{"rendered":"https:\/\/www.topohvar.at\/topo\/?page_id=59314"},"modified":"2022-06-23T11:17:15","modified_gmt":"2022-06-23T09:17:15","slug":"gj-tr-89-1","status":"publish","type":"page","link":"https:\/\/www.topohvar.at\/topo\/orte\/gj\/gj-tr-89-1\/","title":{"rendered":"GDINJ &#8211; Trim \u00bbGJ-TR-89\u00ab"},"content":{"rendered":"<p><a name=\"seite_oben\"><\/a><br \/>\n<strong><img loading=\"lazy\" decoding=\"async\" class=\"aligncenter wp-image-59315 size-full\" src=\"https:\/\/www.topohvar.at\/wp-content\/uploads\/2022\/05\/gj-tr-89-01.jpg\" alt=\"\" width=\"1080\" height=\"530\" srcset=\"https:\/\/www.topohvar.at\/wp-content\/uploads\/2022\/05\/gj-tr-89-01.jpg 1080w, https:\/\/www.topohvar.at\/wp-content\/uploads\/2022\/05\/gj-tr-89-01-300x147.jpg 300w, https:\/\/www.topohvar.at\/wp-content\/uploads\/2022\/05\/gj-tr-89-01-1024x503.jpg 1024w, https:\/\/www.topohvar.at\/wp-content\/uploads\/2022\/05\/gj-tr-89-01-768x377.jpg 768w\" sizes=\"auto, (max-width: 1080px) 100vw, 1080px\" \/><\/strong><\/p>\n<p><strong>Ime \/ Name<br \/>\n<\/strong>Trim \u00bbGJ-TR-89\u00ab<\/p>\n<p><strong>Code: <\/strong>GJ-TR-89\u00a0 \u00a0 \u00a0 \u00a0 \u00a0 \u00a0 \u00a0 \u00a0 \u00a0 \u00a0 \u00a0 \u00a0 \u00a0 \u00a0 <a href=\"https:\/\/www.topohvar.at\/orte\/gj\/gj-tr-00-1\/\"><img loading=\"lazy\" decoding=\"async\" class=\"alignnone wp-image-12300 size-full\" src=\"https:\/\/www.topohvar.at\/wp-content\/uploads\/2018\/09\/push-vor-30.jpg\" alt=\"\" width=\"61\" height=\"30\" \/><\/a>\u00a0<strong><a href=\"https:\/\/www.topohvar.at\/orte\/gj\/gj-tr-a4-1\/\"><img loading=\"lazy\" decoding=\"async\" class=\"alignnone wp-image-533 size-full\" src=\"https:\/\/www.topohvar.at\/wp-content\/uploads\/2018\/07\/push-l-30.jpg\" alt=\"\" width=\"61\" height=\"30\" \/><\/a> <a href=\"https:\/\/www.topohvar.at\/orte\/gj\/\"><img loading=\"lazy\" decoding=\"async\" class=\"alignnone wp-image-535 size-full\" src=\"https:\/\/www.topohvar.at\/wp-content\/uploads\/2018\/07\/push-o-30.jpg\" alt=\"\" width=\"61\" height=\"30\" \/><\/a> <a href=\"https:\/\/www.topohvar.at\/orte\/gj\/gj-tr-09-1\/\"><img loading=\"lazy\" decoding=\"async\" class=\"alignnone wp-image-536 size-full\" src=\"https:\/\/www.topohvar.at\/wp-content\/uploads\/2018\/07\/push-r-30.jpg\" alt=\"\" width=\"61\" height=\"30\" \/><\/a><\/strong><\/p>\n<hr \/>\n<p><strong>Adresa \/ Adresse<br \/>\n<\/strong>Gdinj, sjeverozapadno od Dugog Dolca<\/p>\n<p><strong>Lokacija \/ Position<a href=\"https:\/\/goo.gl\/maps\/xY1ih5GnrLic83PMA\"><img loading=\"lazy\" decoding=\"async\" class=\"alignright wp-image-59316\" src=\"https:\/\/www.topohvar.at\/wp-content\/uploads\/2022\/05\/3639.jpg\" alt=\"\" width=\"134\" height=\"100\" \/><\/a><br \/>\n<\/strong><a href=\"https:\/\/goo.gl\/maps\/xY1ih5GnrLic83PMA\"><span style=\"color: #3366ff;\">Latitude: N 43,14381\u00b0\u00a0 \u00a0Longitude: E 16,90179\u00b0<\/span><\/a> <strong><br \/>\n<\/strong>Visina \/ H\u00f6he: 240 m<\/p>\n<p><strong>Katastarska \u010destica \/ Grundst\u00fccke<br \/>\n<\/strong>6084\/185<div class='content-column one_half'><div style=\"padding-right:6px;\"><p><strong>Datum snimanja \/ Erfassungsdatum<br \/>\n<\/strong>11.05.2022 12:00:00<\/p>\n<hr \/>\n<p><strong>Informacije<\/strong><\/p>\n<p>Lijepi dvostupanjski trim smje\u0161ten je u masliniku sjeverozapadno od sela Dugi Dolac, u blizini brda Sv. Ivan i Greben. Desna strana kru\u017enog trima oja\u010dan je kamenim prstenom nalik na gusjenicu, koji tako\u0111er omogu\u0107ava pristup prvoj stupanj trima. Kru\u017en trim tako\u0111er ima kru\u017enu unutra\u0161njost koja je fugirana na dnu i ima zidnu ni\u0161u. Trim je u vrlo dobrom stanju i vjerojatno se jo\u0161 uvijek koristi.<\/p><\/div><\/div><div class='content-column one_half last_column'><div style=\"padding-right:0px;padding-left:6px;\"><p><strong>Stupanj za\u0161tite \/ Schutzstellung<br \/>\n<\/strong>&#8211;<\/p>\n<hr \/>\n<p><strong>Info<\/strong><\/p>\n<p>Der sch\u00f6ne zweistufige Trim befindet sich in einem Olivengarten nordwestlich der Ortschaft Dugi Dolac, nahe der H\u00fcgel Sv. Ivan und Greben. Seine rechte Seite des kreisrunden Trims wird durch einen raupenartigen Steinring verst\u00e4rkt, \u00fcber den man auch auf die erste Trimstufe gelangen kann. Der kreisf\u00f6rmige Trim hat auch einen kreisf\u00f6rmigen Innenraum, der im unteren Bereich verfugt ist und eine Wandnische besitzt. Der Trim ist sehr gut erhalten und wird wahrscheinlich noch genutzt.<\/p><\/div><\/div><div class='clear_column'><\/div><div class='content-column one_half'><div style=\"padding-right:6px;\"><p>Izvor: Hrvatska osnovna karta\u00a0\u2013 Geoportal DGU<\/p>\n<div id=\"attachment_60059\" style=\"width: 310px\" class=\"wp-caption aligncenter\"><img loading=\"lazy\" decoding=\"async\" aria-describedby=\"caption-attachment-60059\" class=\"size-medium wp-image-60059\" src=\"https:\/\/www.topohvar.at\/wp-content\/uploads\/2022\/06\/gj-tr-89-001-300x300.jpg\" alt=\"\" width=\"300\" height=\"300\" srcset=\"https:\/\/www.topohvar.at\/wp-content\/uploads\/2022\/06\/gj-tr-89-001-300x300.jpg 300w, https:\/\/www.topohvar.at\/wp-content\/uploads\/2022\/06\/gj-tr-89-001-150x150.jpg 150w, https:\/\/www.topohvar.at\/wp-content\/uploads\/2022\/06\/gj-tr-89-001.jpg 450w\" sizes=\"auto, (max-width: 300px) 100vw, 300px\" \/><p id=\"caption-attachment-60059\" class=\"wp-caption-text\">Ulaz \/ Eingang<\/p><\/div>\n<p>Dana 11.05.2022 trim GJ-TR-89 je posje\u0107en i ustanovljeno je sljede\u0107e:<\/p>\n<p>Lokacija: maslinik<br \/>\nPodloga: nako\u0161ena<br \/>\nPovezan s: nije povezan, samostoje\u0107i, izoliran<br \/>\nUpotreba: malo se koristi<br \/>\nStanje: vrlo dobro uzdr\u017eati<br \/>\nBroj stepenica trima: 2<br \/>\nDodatni kameni prsten: kameni prsten djelomi\u010dno<br \/>\nStepeni\u0161te: nema<br \/>\nOblik kamena: uglast<br \/>\nPodru\u010dje ispred ulaza: lako dostupno<br \/>\nOrijentacija ulaza: Z (270\u00b0)<br \/>\nPromjer trima (cm): 450<br \/>\nVisina trima (cm): 350<br \/>\nVisina stepenica (cm): stepenica 1: 240 , stepenica 2: 310<br \/>\nDebljina zida (cm): 90<br \/>\n\u0160irina vrata (cm): 80<br \/>\nVisina vrata (cm): 115<br \/>\n\u0160irina unutra (cm): 260 &#8211; 270<br \/>\nVisina unutra (cm): 320<br \/>\nVolumen iznutra (m3): 11,07<br \/>\nNi\u0161a 1 (P\/\u0160\/V\/D) (cm): 65 \/ 25 \/ 35 \/ 35<\/p><\/div><\/div><div class='content-column one_half last_column'><div style=\"padding-right:0px;padding-left:6px;\"><p>Quelle: Grundkarte Kroatiens\u00a0\u2013 Geoportal DGU<\/p>\n<div id=\"attachment_60060\" style=\"width: 310px\" class=\"wp-caption aligncenter\"><img loading=\"lazy\" decoding=\"async\" aria-describedby=\"caption-attachment-60060\" class=\"size-medium wp-image-60060\" src=\"https:\/\/www.topohvar.at\/wp-content\/uploads\/2022\/06\/gj-tr-89-02-300x300.jpg\" alt=\"\" width=\"300\" height=\"300\" srcset=\"https:\/\/www.topohvar.at\/wp-content\/uploads\/2022\/06\/gj-tr-89-02-300x300.jpg 300w, https:\/\/www.topohvar.at\/wp-content\/uploads\/2022\/06\/gj-tr-89-02-150x150.jpg 150w, https:\/\/www.topohvar.at\/wp-content\/uploads\/2022\/06\/gj-tr-89-02.jpg 450w\" sizes=\"auto, (max-width: 300px) 100vw, 300px\" \/><p id=\"caption-attachment-60060\" class=\"wp-caption-text\">Desna strana trima \/ Rechte Seite des Trims<\/p><\/div>\n<p>Am 11.05.2022 wurde der Trim GJ-TR-89 besucht und n\u00e4her untersucht:<\/p>\n<p>Standort: Olivenhain<br \/>\nUntergrund: geneigt<br \/>\nVerbunden mit: freistehend<br \/>\nNutzung: kaum genutzt<br \/>\nZustand: sehr gut erhalten<br \/>\nAnzahl der Trimstufen: 2<br \/>\nZus\u00e4tzlicher Steinring: Steinring teilweise<br \/>\nStiege: keine<br \/>\nSteinform: kantig<br \/>\nEingangsbereich: frei<br \/>\nEingangsseite: W (270\u00b0)<br \/>\nTrimdurchmesser (cm): 450<br \/>\nTrimh\u00f6he (cm): 350<br \/>\nH\u00f6he der Trimstufen (cm): Stufe 1: 240 , Stufe 2: 310<br \/>\nWandst\u00e4rke (cm): 90<br \/>\nT\u00fcrbreite (cm): 80<br \/>\nT\u00fcrh\u00f6he (cm): 115<br \/>\nInnenraumbreite (cm): 260 &#8211; 270<br \/>\nInnenraumh\u00f6he (cm): 320<br \/>\nRaumvolumen (m3): 11,07<br \/>\nNische 1 (P\/B\/H\/T) (cm): 65 \/ 25 \/ 35 \/ 35<\/p><\/div><\/div><div class='clear_column'><\/div><\/p>\n<p><img loading=\"lazy\" decoding=\"async\" class=\"aligncenter size-full wp-image-60061\" src=\"https:\/\/www.topohvar.at\/wp-content\/uploads\/2022\/06\/gj-tr-89-scan.jpg\" alt=\"\" width=\"640\" height=\"981\" srcset=\"https:\/\/www.topohvar.at\/wp-content\/uploads\/2022\/06\/gj-tr-89-scan.jpg 640w, https:\/\/www.topohvar.at\/wp-content\/uploads\/2022\/06\/gj-tr-89-scan-196x300.jpg 196w\" sizes=\"auto, (max-width: 640px) 100vw, 640px\" \/><\/p>\n<p style=\"text-align: right;\"><span style=\"color: #3366ff;\"><a style=\"color: #3366ff;\" href=\"#seite_oben\">natrag na vrh \/ Seitenanfang<\/a><\/span><\/p>\n<hr \/>\n<p><strong>Linkovi \/ Links<\/strong><\/p>\n<p>&#8211;<\/p>\n","protected":false},"excerpt":{"rendered":"<p>Ime \/ Name Trim \u00bbGJ-TR-89\u00ab Code: GJ-TR-89\u00a0 \u00a0 \u00a0 \u00a0 \u00a0 \u00a0 \u00a0 \u00a0 \u00a0 \u00a0 \u00a0 \u00a0 \u00a0 \u00a0 \u00a0 Adresa \/ Adresse Gdinj, sjeverozapadno od Dugog Dolca Lokacija \/ Position Latitude: N 43,14381\u00b0\u00a0 \u00a0Longitude: E 16,90179\u00b0 Visina \/ &hellip; <a href=\"https:\/\/www.topohvar.at\/topo\/orte\/gj\/gj-tr-89-1\/\">Weiterlesen <span class=\"meta-nav\">&rarr;<\/span><\/a><\/p>\n","protected":false},"author":1,"featured_media":0,"parent":72,"menu_order":0,"comment_status":"closed","ping_status":"closed","template":"","meta":{"footnotes":""},"class_list":["post-59314","page","type-page","status-publish","hentry"],"_links":{"self":[{"href":"https:\/\/www.topohvar.at\/topo\/wp-json\/wp\/v2\/pages\/59314","targetHints":{"allow":["GET"]}}],"collection":[{"href":"https:\/\/www.topohvar.at\/topo\/wp-json\/wp\/v2\/pages"}],"about":[{"href":"https:\/\/www.topohvar.at\/topo\/wp-json\/wp\/v2\/types\/page"}],"author":[{"embeddable":true,"href":"https:\/\/www.topohvar.at\/topo\/wp-json\/wp\/v2\/users\/1"}],"replies":[{"embeddable":true,"href":"https:\/\/www.topohvar.at\/topo\/wp-json\/wp\/v2\/comments?post=59314"}],"version-history":[{"count":4,"href":"https:\/\/www.topohvar.at\/topo\/wp-json\/wp\/v2\/pages\/59314\/revisions"}],"predecessor-version":[{"id":60062,"href":"https:\/\/www.topohvar.at\/topo\/wp-json\/wp\/v2\/pages\/59314\/revisions\/60062"}],"up":[{"embeddable":true,"href":"https:\/\/www.topohvar.at\/topo\/wp-json\/wp\/v2\/pages\/72"}],"wp:attachment":[{"href":"https:\/\/www.topohvar.at\/topo\/wp-json\/wp\/v2\/media?parent=59314"}],"curies":[{"name":"wp","href":"https:\/\/api.w.org\/{rel}","templated":true}]}}