{"id":59518,"date":"2022-05-24T08:12:57","date_gmt":"2022-05-24T06:12:57","guid":{"rendered":"https:\/\/www.topohvar.at\/topo\/?page_id=59518"},"modified":"2022-05-29T08:53:39","modified_gmt":"2022-05-29T06:53:39","slug":"gj-in-03-1","status":"publish","type":"page","link":"https:\/\/www.topohvar.at\/topo\/orte\/gj\/gj-in-03-1\/","title":{"rendered":"GDINJ &#8211; Natpis \u00bbCMJ 1903\u00ab"},"content":{"rendered":"<p><a name=\"seite_oben\"><\/a><br \/>\n<strong><img loading=\"lazy\" decoding=\"async\" class=\"aligncenter wp-image-59571 size-full\" src=\"https:\/\/www.topohvar.at\/wp-content\/uploads\/2022\/05\/gj-in-03-01.jpg\" alt=\"\" width=\"1080\" height=\"530\" srcset=\"https:\/\/www.topohvar.at\/wp-content\/uploads\/2022\/05\/gj-in-03-01.jpg 1080w, https:\/\/www.topohvar.at\/wp-content\/uploads\/2022\/05\/gj-in-03-01-300x147.jpg 300w, https:\/\/www.topohvar.at\/wp-content\/uploads\/2022\/05\/gj-in-03-01-1024x503.jpg 1024w, https:\/\/www.topohvar.at\/wp-content\/uploads\/2022\/05\/gj-in-03-01-768x377.jpg 768w\" sizes=\"auto, (max-width: 1080px) 100vw, 1080px\" \/><\/strong><\/p>\n<p><strong>Ime \/ Name<br \/>\n<\/strong>Natpis \/ Inschrift \u00bbCMJ 1903\u00ab<\/p>\n<p><strong>Code: <\/strong>GJ-IN-03\u00a0 \u00a0 \u00a0 \u00a0 \u00a0 \u00a0 \u00a0 \u00a0 \u00a0 \u00a0 \u00a0 \u00a0 \u00a0 \u00a0 \u00a0 \u00a0 \u00a0 \u00a0 \u00a0 \u00a0 \u00a0<strong> <a href=\" https:\/\/www.topohvar.at\/topo\/orte\/gj\/gj-in-02-1\/\"><img loading=\"lazy\" decoding=\"async\" class=\"alignnone wp-image-533 size-full\" src=\"https:\/\/www.topohvar.at\/wp-content\/uploads\/2018\/07\/push-l-30.jpg\" alt=\"\" width=\"61\" height=\"30\" \/><\/a> <a href=\"https:\/\/www.topohvar.at\/orte\/gj\/\"><img loading=\"lazy\" decoding=\"async\" class=\"alignnone wp-image-535 size-full\" src=\"https:\/\/www.topohvar.at\/wp-content\/uploads\/2018\/07\/push-o-30.jpg\" alt=\"\" width=\"61\" height=\"30\" \/><\/a> <a href=\" https:\/\/www.topohvar.at\/topo\/orte\/gj\/gj-in-04-1\/\"><img loading=\"lazy\" decoding=\"async\" class=\"alignnone wp-image-536 size-full\" src=\"https:\/\/www.topohvar.at\/wp-content\/uploads\/2018\/07\/push-r-30.jpg\" alt=\"\" width=\"61\" height=\"30\" \/><\/a> <\/strong><\/p>\n<hr \/>\n<p><strong>Adresa \/ Adresse<br \/>\n<\/strong>Gdinj, iznad ceste za Pokrvenik \/ oberhalb der Stra\u00dfe nach Pokrvenik<\/p>\n<p><strong>Lokacija \/ Position<a href=\"https:\/\/goo.gl\/maps\/SLah6eXKYdb3iiei8\"><img loading=\"lazy\" decoding=\"async\" class=\"alignright wp-image-59519\" src=\"https:\/\/www.topohvar.at\/wp-content\/uploads\/2022\/05\/3680.jpg\" alt=\"\" width=\"134\" height=\"100\" \/><\/a><br \/>\n<\/strong><a href=\"https:\/\/goo.gl\/maps\/SLah6eXKYdb3iiei8\"><span style=\"color: #3366ff;\">Latitude: N 43,14047\u00b0\u00a0 \u00a0Longitude: E 16,90311\u00b0 <\/span><\/a><strong><br \/>\n<\/strong>Visina \/ H\u00f6he: 224 m<\/p>\n<p><strong>Katastarska \u010destica \/ Grundst\u00fccke<br \/>\n<\/strong>&#8211; <div class='content-column one_half'><div style=\"padding-right:6px;\"><p><strong>Datum snimanja \/ Erfassungsdatum<br \/>\n<\/strong>07.05.2022 14:59:38<\/p>\n<hr \/>\n<p><strong>Informacije<\/strong><\/p>\n<p>Natpis je na ku\u0107i na nekada\u0161njoj poljoprivrednoj povr\u0161ini iznad ceste za Pokrvenik. Ovdje su jo\u0161 ku\u0107ice, trimi, cisterne i turan za gro\u017e\u0111e.<\/p><\/div><\/div><div class='content-column one_half last_column'><div style=\"padding-right:0px;padding-left:6px;\"><p><strong>Stupanj za\u0161tite \/ Schutzstellung<br \/>\n<\/strong>&#8211;<\/p>\n<hr \/>\n<p><strong>Info<\/strong><\/p>\n<p>Die Inschrift\u00a0 befindet sich auf einem Haus in einem ehemals landwirtschaftlichen Bereich oberhalb der Stra\u00dfe nach Pokrvenik. Hier finden sich weitere H\u00e4user, Trims, Zisternen und ein Podest f\u00fcr eine Weinpresse.<\/p><\/div><\/div><div class='clear_column'><\/div><div class='content-column one_half'><div style=\"padding-right:6px;\"><p><img loading=\"lazy\" decoding=\"async\" class=\"aligncenter size-full wp-image-59837\" src=\"https:\/\/www.topohvar.at\/wp-content\/uploads\/2022\/05\/gj-tr-64-65-66-315.jpg\" alt=\"\" width=\"315\" height=\"235\" srcset=\"https:\/\/www.topohvar.at\/wp-content\/uploads\/2022\/05\/gj-tr-64-65-66-315.jpg 315w, https:\/\/www.topohvar.at\/wp-content\/uploads\/2022\/05\/gj-tr-64-65-66-315-300x224.jpg 300w\" sizes=\"auto, (max-width: 315px) 100vw, 315px\" \/><\/p><\/div><\/div><div class='content-column one_half last_column'><div style=\"padding-right:0px;padding-left:6px;\"><p>Trimi \/ Trims:<br \/>\nGJ-TR-64, GJ-TR-65, GJ-TR-66<br \/>\nGustirne \/ Zisternen:<br \/>\nGJ-OP-62, GJ-OP-63, GJ-OP-S4<br \/>\nTuran za gro\u017e\u0111e \/ Weinpressenpodest:<br \/>\nGJ-OB-15<br \/>\nNatpis \/ Inschrift:<br \/>\n<strong>GJ-IN-03<\/strong><\/p><\/div><\/div><div class='clear_column'><\/div><div class='content-column one_half'><div style=\"padding-right:6px;\"><p>Uz ulazna vrata u kamenu ku\u0107u uklesan je na kamen na jednostavan na\u010din:<\/p><\/div><\/div><div class='content-column one_half last_column'><div style=\"padding-right:0px;padding-left:6px;\"><p>Neben dem Eingangstor in ein Steinhaus ist in einem Stein auf einfache Weise eingeritzt:<\/p><\/div><\/div><div class='clear_column'><\/div><\/p>\n<p style=\"text-align: center;\">C M J<\/p>\n<p style=\"text-align: left;\"><div class='content-column one_half'><div style=\"padding-right:6px;\"><p>Godina 1903. uklesana je na bolji na\u010din na drugom kamenu s desne strane.<\/p><\/div><\/div><div class='content-column one_half last_column'><div style=\"padding-right:0px;padding-left:6px;\"><p>Rechts daneben ist in in einem weiteren Stein, in besserer Art und Weise, die Jahreszahl 1903 eingemei\u00dfelt.<\/p><\/div><\/div><div class='clear_column'><\/div><div class='content-column one_half'><div style=\"padding-right:6px;\"><p>Gustirna GJ-OP-S4 je pri\u010dvr\u0161\u0107en za ku\u0107u.<\/p><\/div><\/div><div class='content-column one_half last_column'><div style=\"padding-right:0px;padding-left:6px;\"><p>Am Haus angebaut ist die Zisterne GJ-OP-S4.<\/p><\/div><\/div><div class='clear_column'><\/div><\/p>\n<p style=\"text-align: right;\"><span style=\"color: #3366ff;\"><a style=\"color: #3366ff;\" href=\"#seite_oben\">natrag na vrh \/ Seitenanfang<\/a><\/span><\/p>\n<hr \/>\n<p><strong>Linkovi \/ Links<\/strong><\/p>\n<p><span style=\"color: #3366ff;\"><a style=\"color: #3366ff;\" href=\"https:\/\/www.topohvar.at\/topo\/orte\/gj\/gj-tr-64-1\">Trim \u00bbGJ-TR-64\u00ab<\/a><br \/>\n<a style=\"color: #3366ff;\" href=\"https:\/\/www.topohvar.at\/topo\/orte\/gj\/gj-tr-65-1\">Trim \u00bbGJ-TR-65\u00ab<\/a><br \/>\n<a style=\"color: #3366ff;\" href=\"https:\/\/www.topohvar.at\/topo\/orte\/gj\/gj-tr-66-1\">Trim \u00bbGJ-TR-66\u00ab<\/a><br \/>\n<a style=\"color: #3366ff;\" href=\"https:\/\/www.topohvar.at\/topo\/orte\/gj\/gj-op-62-1\">Cisterna \/ Zisterne \u00bbGJ-OP-62\u00ab<\/a><br \/>\n<a style=\"color: #3366ff;\" href=\"https:\/\/www.topohvar.at\/topo\/orte\/gj\/gj-op-63-1\">Cisterna \/ Zisterne \u00bbGJ-OP-63\u00ab<\/a><br \/>\n<a style=\"color: #3366ff;\" href=\"https:\/\/www.topohvar.at\/topo\/orte\/gj\/gj-op-s4-1\">Cisterna \/ Zisterne \u00bbGJ-OP-S4\u00ab<\/a><br \/>\n<a style=\"color: #3366ff;\" href=\"https:\/\/www.topohvar.at\/topo\/orte\/gj\/gj-ob-15-1\/\">Objekt \u00bbTuran za gro\u017e\u0111e\u00ab \/ Podest f\u00fcr Weinpresse<\/a><br \/>\n<\/span><\/p>\n","protected":false},"excerpt":{"rendered":"<p>Ime \/ Name Natpis \/ Inschrift \u00bbCMJ 1903\u00ab Code: GJ-IN-03\u00a0 \u00a0 \u00a0 \u00a0 \u00a0 \u00a0 \u00a0 \u00a0 \u00a0 \u00a0 \u00a0 \u00a0 \u00a0 \u00a0 \u00a0 \u00a0 \u00a0 \u00a0 \u00a0 \u00a0 \u00a0 Adresa \/ Adresse Gdinj, iznad ceste za Pokrvenik \/ oberhalb &hellip; <a href=\"https:\/\/www.topohvar.at\/topo\/orte\/gj\/gj-in-03-1\/\">Weiterlesen <span class=\"meta-nav\">&rarr;<\/span><\/a><\/p>\n","protected":false},"author":1,"featured_media":0,"parent":72,"menu_order":0,"comment_status":"closed","ping_status":"closed","template":"","meta":{"footnotes":""},"class_list":["post-59518","page","type-page","status-publish","hentry"],"_links":{"self":[{"href":"https:\/\/www.topohvar.at\/topo\/wp-json\/wp\/v2\/pages\/59518","targetHints":{"allow":["GET"]}}],"collection":[{"href":"https:\/\/www.topohvar.at\/topo\/wp-json\/wp\/v2\/pages"}],"about":[{"href":"https:\/\/www.topohvar.at\/topo\/wp-json\/wp\/v2\/types\/page"}],"author":[{"embeddable":true,"href":"https:\/\/www.topohvar.at\/topo\/wp-json\/wp\/v2\/users\/1"}],"replies":[{"embeddable":true,"href":"https:\/\/www.topohvar.at\/topo\/wp-json\/wp\/v2\/comments?post=59518"}],"version-history":[{"count":11,"href":"https:\/\/www.topohvar.at\/topo\/wp-json\/wp\/v2\/pages\/59518\/revisions"}],"predecessor-version":[{"id":59859,"href":"https:\/\/www.topohvar.at\/topo\/wp-json\/wp\/v2\/pages\/59518\/revisions\/59859"}],"up":[{"embeddable":true,"href":"https:\/\/www.topohvar.at\/topo\/wp-json\/wp\/v2\/pages\/72"}],"wp:attachment":[{"href":"https:\/\/www.topohvar.at\/topo\/wp-json\/wp\/v2\/media?parent=59518"}],"curies":[{"name":"wp","href":"https:\/\/api.w.org\/{rel}","templated":true}]}}