{"id":59544,"date":"2022-05-24T08:49:10","date_gmt":"2022-05-24T06:49:10","guid":{"rendered":"https:\/\/www.topohvar.at\/topo\/?page_id=59544"},"modified":"2022-05-24T13:37:01","modified_gmt":"2022-05-24T11:37:01","slug":"gj-mo-04-1","status":"publish","type":"page","link":"https:\/\/www.topohvar.at\/topo\/orte\/gj\/gj-mo-04-1\/","title":{"rendered":"GDINJ &#8211; Objekt \u00bbMonolith\u00ab"},"content":{"rendered":"<p><a name=\"seite_oben\"><\/a><br \/>\n<strong><img loading=\"lazy\" decoding=\"async\" class=\"aligncenter wp-image-59584 size-full\" src=\"https:\/\/www.topohvar.at\/wp-content\/uploads\/2022\/05\/gj-mo-04-01.jpg\" alt=\"\" width=\"1080\" height=\"530\" srcset=\"https:\/\/www.topohvar.at\/wp-content\/uploads\/2022\/05\/gj-mo-04-01.jpg 1080w, https:\/\/www.topohvar.at\/wp-content\/uploads\/2022\/05\/gj-mo-04-01-300x147.jpg 300w, https:\/\/www.topohvar.at\/wp-content\/uploads\/2022\/05\/gj-mo-04-01-1024x503.jpg 1024w, https:\/\/www.topohvar.at\/wp-content\/uploads\/2022\/05\/gj-mo-04-01-768x377.jpg 768w\" sizes=\"auto, (max-width: 1080px) 100vw, 1080px\" \/><\/strong><\/p>\n<p><strong>Ime \/ Name<br \/>\n<\/strong>Objekt \u00bbMonolith\u00ab<\/p>\n<p><strong>Code: <\/strong>GJ-MO-04\u00a0 \u00a0 \u00a0 \u00a0 \u00a0 \u00a0 \u00a0 \u00a0 \u00a0 \u00a0 \u00a0 \u00a0 \u00a0 \u00a0 \u00a0 \u00a0 \u00a0 \u00a0 \u00a0 \u00a0 \u00a0<strong> <a href=\"https:\/\/www.topohvar.at\/topo\/orte\/gj\/gj-mo-02-1\/\"><img loading=\"lazy\" decoding=\"async\" class=\"alignnone wp-image-533 size-full\" src=\"https:\/\/www.topohvar.at\/wp-content\/uploads\/2018\/07\/push-l-30.jpg\" alt=\"\" width=\"61\" height=\"30\" \/><\/a> <a href=\"https:\/\/www.topohvar.at\/orte\/gj\/\"><img loading=\"lazy\" decoding=\"async\" class=\"alignnone wp-image-535 size-full\" src=\"https:\/\/www.topohvar.at\/wp-content\/uploads\/2018\/07\/push-o-30.jpg\" alt=\"\" width=\"61\" height=\"30\" \/><\/a> <a href=\"https:\/\/www.topohvar.at\/topo\/orte\/gj\/gj-mo-01-1\/\"><img loading=\"lazy\" decoding=\"async\" class=\"alignnone wp-image-536 size-full\" src=\"https:\/\/www.topohvar.at\/wp-content\/uploads\/2018\/07\/push-r-30.jpg\" alt=\"\" width=\"61\" height=\"30\" \/><\/a> <\/strong><\/p>\n<hr \/>\n<p><strong>Adresa \/ Adresse<br \/>\n<\/strong>Gdinj, sjeverozapadno od Dugog Dolca \/ nordwestlich von Dugi Dolac<\/p>\n<p><strong>Lokacija \/ Position<a href=\"https:\/\/goo.gl\/maps\/oWeayTATG629Ukr67\"><img loading=\"lazy\" decoding=\"async\" class=\"alignright wp-image-59545\" src=\"https:\/\/www.topohvar.at\/wp-content\/uploads\/2022\/05\/3681.jpg\" alt=\"\" width=\"134\" height=\"100\" \/><\/a><br \/>\n<\/strong><a href=\"https:\/\/goo.gl\/maps\/oWeayTATG629Ukr67\"><span style=\"color: #3366ff;\">Latitude: N 43,13572\u00b0\u00a0 \u00a0Longitude: E 16,92323\u00b0 <\/span><\/a><strong><br \/>\n<\/strong>Visina \/ H\u00f6he: 311 m<\/p>\n<p><strong>Katastarska \u010destica \/ Grundst\u00fccke<br \/>\n<\/strong>4437<div class='content-column one_half'><div style=\"padding-right:6px;\"><p><strong>Datum snimanja \/ Erfassungsdatum<br \/>\n<\/strong>08.05.2022 09:54:04<\/p>\n<hr \/>\n<p><strong>Informacije<\/strong><\/p>\n<p>Monolit, visok vi\u0161e od 2 metra, postavljen je na (u?) hrpu kamenja na poljoprivrednom podru\u010dju sjeveroisto\u010dno od Dugog Dolca.<\/p><\/div><\/div><div class='content-column one_half last_column'><div style=\"padding-right:0px;padding-left:6px;\"><p><strong>Stupanj za\u0161tite \/ Schutzstellung<br \/>\n<\/strong>&#8211;<\/p>\n<hr \/>\n<p><strong>Info<\/strong><\/p>\n<p>Der mehr als 2 Meter hohe Monolith wurde auf (in?) einem Steinhaufen in einem landwirtschaftlichen Bereich nord\u00f6stlich von Dugi Dolac aufgestellt.<\/p><\/div><\/div><div class='clear_column'><\/div><div class='content-column one_half'><div style=\"padding-right:6px;\"><p>U blizini je trim \u00bbGJ-TR-A0\u00ab.<\/p><\/div><\/div><div class='content-column one_half last_column'><div style=\"padding-right:0px;padding-left:6px;\"><p>In der N\u00e4he befindet sich der Trim \u00bbGJ-TR-A0\u00ab.<\/p><\/div><\/div><div class='clear_column'><\/div><\/p>\n<p><img loading=\"lazy\" decoding=\"async\" class=\"aligncenter wp-image-59585 size-full\" src=\"https:\/\/www.topohvar.at\/wp-content\/uploads\/2022\/05\/gj-mo-04-02.jpg\" alt=\"\" width=\"1080\" height=\"530\" srcset=\"https:\/\/www.topohvar.at\/wp-content\/uploads\/2022\/05\/gj-mo-04-02.jpg 1080w, https:\/\/www.topohvar.at\/wp-content\/uploads\/2022\/05\/gj-mo-04-02-300x147.jpg 300w, https:\/\/www.topohvar.at\/wp-content\/uploads\/2022\/05\/gj-mo-04-02-1024x503.jpg 1024w, https:\/\/www.topohvar.at\/wp-content\/uploads\/2022\/05\/gj-mo-04-02-768x377.jpg 768w\" sizes=\"auto, (max-width: 1080px) 100vw, 1080px\" \/><\/p>\n<p style=\"text-align: right;\"><span style=\"color: #3366ff;\"><a style=\"color: #3366ff;\" href=\"#seite_oben\">natrag na vrh \/ Seitenanfang<\/a><\/span><\/p>\n<hr \/>\n<p><strong>Linkovi \/ Links<\/strong><\/p>\n<p><span style=\"color: #3366ff;\"><a style=\"color: #3366ff;\" href=\"https:\/\/www.topohvar.at\/topo\/orte\/gj\/gj-tr-a0-1\/\">Trim \u00bbGJ-TR-A0\u00ab<\/a><\/span><\/p>\n","protected":false},"excerpt":{"rendered":"<p>Ime \/ Name Objekt \u00bbMonolith\u00ab Code: GJ-MO-04\u00a0 \u00a0 \u00a0 \u00a0 \u00a0 \u00a0 \u00a0 \u00a0 \u00a0 \u00a0 \u00a0 \u00a0 \u00a0 \u00a0 \u00a0 \u00a0 \u00a0 \u00a0 \u00a0 \u00a0 \u00a0 Adresa \/ Adresse Gdinj, sjeverozapadno od Dugog Dolca \/ nordwestlich von Dugi Dolac &hellip; <a href=\"https:\/\/www.topohvar.at\/topo\/orte\/gj\/gj-mo-04-1\/\">Weiterlesen <span class=\"meta-nav\">&rarr;<\/span><\/a><\/p>\n","protected":false},"author":1,"featured_media":0,"parent":72,"menu_order":0,"comment_status":"closed","ping_status":"closed","template":"","meta":{"footnotes":""},"class_list":["post-59544","page","type-page","status-publish","hentry"],"_links":{"self":[{"href":"https:\/\/www.topohvar.at\/topo\/wp-json\/wp\/v2\/pages\/59544","targetHints":{"allow":["GET"]}}],"collection":[{"href":"https:\/\/www.topohvar.at\/topo\/wp-json\/wp\/v2\/pages"}],"about":[{"href":"https:\/\/www.topohvar.at\/topo\/wp-json\/wp\/v2\/types\/page"}],"author":[{"embeddable":true,"href":"https:\/\/www.topohvar.at\/topo\/wp-json\/wp\/v2\/users\/1"}],"replies":[{"embeddable":true,"href":"https:\/\/www.topohvar.at\/topo\/wp-json\/wp\/v2\/comments?post=59544"}],"version-history":[{"count":7,"href":"https:\/\/www.topohvar.at\/topo\/wp-json\/wp\/v2\/pages\/59544\/revisions"}],"predecessor-version":[{"id":59591,"href":"https:\/\/www.topohvar.at\/topo\/wp-json\/wp\/v2\/pages\/59544\/revisions\/59591"}],"up":[{"embeddable":true,"href":"https:\/\/www.topohvar.at\/topo\/wp-json\/wp\/v2\/pages\/72"}],"wp:attachment":[{"href":"https:\/\/www.topohvar.at\/topo\/wp-json\/wp\/v2\/media?parent=59544"}],"curies":[{"name":"wp","href":"https:\/\/api.w.org\/{rel}","templated":true}]}}