{"id":6028,"date":"2018-08-18T06:59:51","date_gmt":"2018-08-18T04:59:51","guid":{"rendered":"https:\/\/www.topohvar.at\/?page_id=6028"},"modified":"2021-02-03T07:57:05","modified_gmt":"2021-02-03T06:57:05","slug":"va-aa-00-1","status":"publish","type":"page","link":"https:\/\/www.topohvar.at\/topo\/orte\/va\/va-aa-00-1\/","title":{"rendered":"VRBOSKA &#8211; \u00bbUrbano-ruralna cjelina, povijesna jezgra\u00ab"},"content":{"rendered":"<p><strong><img loading=\"lazy\" decoding=\"async\" class=\"alignnone wp-image-6007 size-large\" src=\"https:\/\/www.topohvar.at\/wp-content\/uploads\/2018\/08\/va-tg-00-0-1024x503.jpg\" alt=\"\" width=\"640\" height=\"314\" srcset=\"https:\/\/www.topohvar.at\/wp-content\/uploads\/2018\/08\/va-tg-00-0-1024x503.jpg 1024w, https:\/\/www.topohvar.at\/wp-content\/uploads\/2018\/08\/va-tg-00-0-300x147.jpg 300w, https:\/\/www.topohvar.at\/wp-content\/uploads\/2018\/08\/va-tg-00-0-768x377.jpg 768w, https:\/\/www.topohvar.at\/wp-content\/uploads\/2018\/08\/va-tg-00-0.jpg 1080w\" sizes=\"auto, (max-width: 640px) 100vw, 640px\" \/><\/strong><\/p>\n<p><strong>Ime \/ Name<br \/>\n<\/strong>Vrboska \u00bbUrbano-ruralna cjelina, povijesna jezgra\u00ab \/ st\u00e4dtisch-l\u00e4ndliches Ensemble Vrboska, historisches Zentrum<\/p>\n<p><strong>Code: <\/strong>VA-AA-00\u00a0 \u00a0 \u00a0 \u00a0 \u00a0 \u00a0 \u00a0 \u00a0<strong>\u00a0 \u00a0 \u00a0 \u00a0 \u00a0 \u00a0 \u00a0 \u00a0 \u00a0 \u00a0 \u00a0 \u00a0\u00a0 <a href=\"https:\/\/www.topohvar.at\/orte\/va\/va-ai-01-1\/\"><img loading=\"lazy\" decoding=\"async\" class=\"alignnone wp-image-533 size-full\" src=\"https:\/\/www.topohvar.at\/wp-content\/uploads\/2018\/07\/push-l-30.jpg\" alt=\"\" width=\"61\" height=\"30\" \/><\/a> <a href=\"https:\/\/www.topohvar.at\/orte\/va\/\"><img loading=\"lazy\" decoding=\"async\" class=\"alignnone wp-image-535 size-full\" src=\"https:\/\/www.topohvar.at\/wp-content\/uploads\/2018\/07\/push-o-30.jpg\" alt=\"\" width=\"61\" height=\"30\" \/><\/a>\u00a0<a href=\"https:\/\/www.topohvar.at\/orte\/va\/va-aa-05-1\/\"><img loading=\"lazy\" decoding=\"async\" class=\"alignnone wp-image-536 size-full\" src=\"https:\/\/www.topohvar.at\/wp-content\/uploads\/2018\/07\/push-r-30.jpg\" alt=\"\" width=\"61\" height=\"30\" \/><\/a> <a href=\"https:\/\/www.topohvar.at\/orte\/va\/va-au-10-1\/\"><img loading=\"lazy\" decoding=\"async\" class=\"alignnone wp-image-12299 size-full\" src=\"https:\/\/www.topohvar.at\/wp-content\/uploads\/2018\/09\/push-next-30.jpg\" alt=\"\" width=\"61\" height=\"30\" \/><\/a><\/strong><\/p>\n<hr \/>\n<p><strong>Adresa \/ Adresse<br \/>\n<\/strong>Selo Vrboska<\/p>\n<p><strong>Lokalna polo\u017eaj \/ Position<a href=\"https:\/\/goo.gl\/maps\/daHqw1caNuGVBFqA9\"><img loading=\"lazy\" decoding=\"async\" class=\"alignright wp-image-6162\" src=\"https:\/\/www.topohvar.at\/wp-content\/uploads\/2018\/08\/1320.jpg\" alt=\"\" width=\"134\" height=\"100\" \/><\/a><br \/>\n<\/strong><span style=\"color: #3366ff;\"><a style=\"color: #3366ff;\" href=\"https:\/\/goo.gl\/maps\/daHqw1caNuGVBFqA9\">Latitude: N 43,18210\u00b0\u00a0 \u00a0 Longitude: E 16,67245\u00b0\u00a0<\/a><\/span><strong><br \/>\n<\/strong>Visina \/ H\u00f6he: 5 m<\/p>\n<p><strong>Zemlji\u0161te \/ Grundst\u00fccke<br \/>\n<\/strong>&#8211;<div class='content-column one_half'><div style=\"padding-right:6px;\"><p><strong>Datum snimanja \/ Erfassungsdatum<br \/>\n<\/strong>02.05.2014 16:02:34<\/p>\n<hr \/>\n<p><strong>Informacije<\/strong><\/p>\n<p>Vrboska, (lok. Varboska) Ime je dobila po mjestu Vrbanj, budu\u0107i je Vrboska nastala kao luka Vrbanja ili od latinskog verboscam = \u0161umovita uvala. Postoje jo\u0161 mnoge teorije o imenu, ali niti jedna nije pouzdana. Pouzdana je teorija da se na lokalnom dijalektu Vrboska zvala Varbonska (odnosno vala Varbanja jer se i Vrbanj na lokalnom narje\u010dju zove Varbonj). Tijekom godina ono &#8222;n&#8220; se je &#8222;zahvaljuju\u0107i&#8220; nekom prepisiva\u010du izgubilo.<\/p><\/div><\/div><div class='content-column one_half last_column'><div style=\"padding-right:0px;padding-left:6px;\"><p><strong>Za\u0161titni polo\u017eaj \/ Schutzstellung<br \/>\n<\/strong>RST-0804-1974<\/p>\n<hr \/>\n<p><strong>Info<\/strong><\/p>\n<p>Vrboska (Varboska) &#8211; Der Name stammt vom Dorf Vrbanj, da Vrboska als Hafen von Vrbanj oder aus dem Lateinischen verboscam = bewaldete Bucht entstand. Es gibt viele andere Theorien \u00fcber den Namen, aber keiner ist zuverl\u00e4ssig. Eine zuverl\u00e4ssige Theorie ist allerdings, dass im lokalen Dialekt Vrboska- Varbonska genannt wird (d.h. Varbana-Tal, weil Vrbanj im lokalen Dialekt Varbonj genannt wird). Im Laufe der Jahre ist das &#8222;n&#8220; durch einige \u201eSchreiber\u201c verlorenen gegangen.<\/p><\/div><\/div><div class='clear_column'><\/div><div class='content-column one_half'><div style=\"padding-right:6px;\"><p>Nastaje u srednjem vijeku, najkasnije u 15 stolje\u0107u. Najstarija gra\u0111evina u mjestu je crkvica Svetog Petra koja je izgra\u0111ena prije 14. stolje\u0107a na razme\u0111i povjesnih podru\u010dija Pitava i Vrbanja. U neposrednoj blizini, na hvarskom ageru nalaze se ostaci anti\u010dke Ville Rustice.<\/p><\/div><\/div><div class='content-column one_half last_column'><div style=\"padding-right:0px;padding-left:6px;\"><p>Vrboska wurde im Mittelalter, sp\u00e4testens im 15. Jh. errichtet. Das \u00e4lteste Geb\u00e4ude im Dorf ist die kleine Kirche St. Peter, die vor dem 14. Jh. an der Grenze zwischen Pitve und Vrbanj errichtet wurde. In der N\u00e4he befinden sich auf dem Hvarer-Ager die Reste einer antiken Ville Rustica.<\/p><\/div><\/div><div class='clear_column'><\/div><div class='content-column one_half'><div style=\"padding-right:6px;\"><p>Najstarije ku\u0107e goti\u010dki su stilizirane ili ornamentirane i potje\u010du iz XV st. Na nekim starim ku\u0107ama vide se tragovi po\u017eara.<\/p><\/div><\/div><div class='content-column one_half last_column'><div style=\"padding-right:0px;padding-left:6px;\"><p>Die \u00e4ltesten H\u00e4user sind gotisch stilisiert oder verziert und stammen aus dem 15. Jh. Einige der alten H\u00e4user weisen Brandspuren auf.<\/p><\/div><\/div><div class='clear_column'><\/div><div class='content-column one_half'><div style=\"padding-right:6px;\"><p>Matija Ivani\u0107, vo\u0111a pu\u010dkog ustanka na Hvaru bio je iz Vrbanja, a u Vrboskoj je imao ku\u0107u. Tijekom borbi 1512 mjesto je stradalo od Mleta\u010dkih trupa pod vodstvom providura Sebastijana Justiniana pora\u017eenih u bitci kod Jelse. Crkva Sv. Lovre bila je spaljena. Tijekom XVII stolje\u0107a bila je rekonstruirana u baroknom stilu.<\/p><\/div><\/div><div class='content-column one_half last_column'><div style=\"padding-right:0px;padding-left:6px;\"><p>Matija Ivani\u0107, Anf\u00fchrer der Inselaufst\u00e4nde auf Hvar, kam aus Vrbanj und hatte in Vrboska ein Haus. W\u00e4hrend der K\u00e4mpfe von 1512 wurde das Dorf von den venezianischen Truppen unter der F\u00fchrung von Sebastian Justinian im Kampf um Jelsa besch\u00e4digt. Die Kirche zum hl. Laurenzius wurde niedergebrannt und im 17. Jh. im Barockstil wieder errichtet.<\/p><\/div><\/div><div class='clear_column'><\/div><div class='content-column one_half'><div style=\"padding-right:6px;\"><p>Godine 1571. Turci pod votstvom bega Ulu\u010d-Alije spaljuju Vrbosku.<\/p><\/div><\/div><div class='content-column one_half last_column'><div style=\"padding-right:0px;padding-left:6px;\"><p>Im Jahre 1571 verbrannten die T\u00fcrken, unter der F\u00fchrung von Ulu\u010d-Alije Vrboska, das Dorf.<\/p><\/div><\/div><div class='clear_column'><\/div><div class='content-column one_half'><div style=\"padding-right:6px;\"><p>Nakon toga Mleta\u010dka Republika projektira a Vrbovljani financiraju fortifikaciju crkve svete Marije, poznate kao crkva-tvr\u0111ava, zavr\u0161enu 1575.<\/p><\/div><\/div><div class='content-column one_half last_column'><div style=\"padding-right:0px;padding-left:6px;\"><p>Danach wird die Venezianische Republik errichtet, und die Vrboskaner finanzierten die Befestigung der Kirche zur Heiligen Maria, die als Wehrkirche bekannt ist und 1575 vollendet wurde.<\/p><\/div><\/div><div class='clear_column'><\/div><div class='content-column one_half'><div style=\"padding-right:6px;\"><p>11. travnja 1614. zbilo se u Vrboskoj \u010dudo kad je proplakao sv. Kri\u017e, koje se od tad obilje\u017eava zbog nesloge i netrpeljivosti dviju vjerni\u010dkih bratov\u0161tine koje su u razmiricama oko osamostaljenja od \u017eupe Vrbanj predvodile dvije suprostavljene bratov\u0161tine. Suze sv. Kri\u017ea prepoznate su kao Bo\u017eji poziv na pomirenje i pokoru zava\u0111enih strana. kao zavjetni blagdan Mara\u0161ki petak.<\/p><\/div><\/div><div class='content-column one_half last_column'><div style=\"padding-right:0px;padding-left:6px;\"><p>Am 11. April 1614 kam es in Vrboska zu einem Wunder. Das hl. Kreuz begann wegen der Untreue und Intoleranz der beiden Bruderschaften zu &#8222;weinen&#8220;. Die Auseinandersetzungen die von zwei gegens\u00e4tzlichen Bruderschaften gef\u00fchrt wurden gingen um die Unabh\u00e4ngigkeit der Pfarrei Vrbanj. Die Tr\u00e4nen des hl. Kreuzes werden als Gottes Ruf zur Vers\u00f6hnung und Mitleid von beiden Seiten anerkannt. Seitdem wird das Fest &#8222;Mara\u0161-Freitag&#8220; gefeiert.<\/p><\/div><\/div><div class='clear_column'><\/div><div class='content-column one_half'><div style=\"padding-right:6px;\"><p>Povijesna jezgra mjesta &#8211; Pjaca &#8211; nalazi se na strmoj uzvisini s ju\u017ene strane oko \u010detiri kilometra dubokog zaljeva, ome\u0111enog Rtom Glavica i ulazom u Jel\u0161anski zaljev. Smjestila se oko Crkve Svete Marije (crkva-tvr\u0111ava) do iza Crkve Svetog Lovre (za\u0161titnika mjesta) i Zapadno od jezgre, uz bo\u010dati poto\u010di\u0107 premo\u0161ten s tri mosti\u0107a, nalazi se vrlo slikoviti stari dio &#8211; Podva. Prema legendi, ime dolazi od \u010dinjenice da mnogi njegovi stanovnici rekli su da potje\u010du iz Padove. Na sjevernoj obali izgra\u0111eno je naselje vikendica. Izgled mjesta vrlo je slikovit i osebujan, a njime dominira monumentalna gra\u0111evina Crkve svete Marije. Mjesto je sa sjevera i istoka okru\u017eeno gustom borovom \u0161umom, a s juga i zapada Starigradskim poljem.<\/p><\/div><\/div><div class='content-column one_half last_column'><div style=\"padding-right:0px;padding-left:6px;\"><p>Der historische Kern des Dorfes &#8211; Pjaca &#8211; liegt auf einer steilen Anh\u00f6he auf der S\u00fcdseite\u00a0 der etwa vier Kilometer tiefen Bucht, die vom Kap Glavica und dem Eingang zur Jelsaner-Bucht begrenzt wird. Er erstreckt sich vom Bereich um die Wehrkirche zur hl. Maria bis westlich der Kirche des hl. Laurenzius (Schutzpatron). Westlich des Kerns, wo ein kleiner Bach, der von drei Br\u00fccken \u00fcberbr\u00fcckt wird, in die Bucht m\u00fcndet, gibt es einen sehr malerischen alten Teil &#8211; Podva. Der Name kommt laut Legende daher, weil viele seiner Bewohner aus Padua stammten sollen. \u00dcber dem Nordufer wurde eine Bungalowsiedlung gebaut. Die Anordnung des Ortes ist sehr malerisch und eigen, dominiert vom monumentalen Geb\u00e4ude der Marienkirche. Der Ort ist im Norden und Osten von dichten Kiefernw\u00e4ldern umgeben und grenzt im S\u00fcden und Westen an das Starigrader-Feld.<\/p><\/div><\/div><div class='clear_column'><\/div><div class='content-column one_half'><div style=\"padding-right:6px;\"><p>Mjesto se razvija kao ribarsko-te\u017ea\u010dka zajednica, a brojne i bogato ukra\u0161ene sakralne gra\u0111evine ukazuju da je bilo vrlo prosperitetno. U 20. stolje\u0107u, Vrboska je imala tvornicu sardina, brodogradili\u0161te za drvene brodove, redovnu brodsku vezu s Splitom i Bra\u010dem, hotel i nekoliko ribarskih dru\u017eina. U mjestu je djelovao dom kulture, knji\u017enica i ambulanta i \u0161kola. Neefikasno upravljanje nakon privatizacije 1990-ih dovodi do zatvaranja tvornica. Posljedi\u010dno gubi se vitalnost stanovni\u0161tva, a svi se ostali sadr\u017eaji osim po\u0161te gase ili prenose u druga ve\u0107a mjesta.<\/p><\/div><\/div><div class='content-column one_half last_column'><div style=\"padding-right:0px;padding-left:6px;\"><p>Der Ort entwickelte sich f\u00fcr eine Gemeinschaft der Fischereiwirtschaft, und zahlreiche und reich verzierte Sakralbauten lassen vermuten, dass er sehr wohlhabend war. Im 20. Jahrhundert besa\u00df Vrboska eine Sardinenfabrik, eine Werft f\u00fcr Holzboote, eine regelm\u00e4\u00dfige Schiffsverbindung mit Split und Bra\u010d, ein Hotel und mehrere Fischereiunternehmer. Im Ort gab es ein Kulturhaus, eine B\u00fccherei, ein Ambulatorium und eine Schule. Ineffizientes Management nach der Privatisierung f\u00fchrte in den 1990er Jahren zur Schlie\u00dfung der Fabrik. Infolgedessen ist die Vitalit\u00e4t von Vrboska verloren gegangen, und viele Einrichtungen au\u00dfer der Post sind an andere gr\u00f6\u00dfere \u00a0Orte \u00fcbertragen worden.<\/p><\/div><\/div><div class='clear_column'><\/div><\/p>\n<p><img loading=\"lazy\" decoding=\"async\" class=\"aligncenter size-full wp-image-37851\" src=\"https:\/\/www.topohvar.at\/wp-content\/uploads\/2020\/05\/va-aa-00-11.jpg\" alt=\"\" width=\"1080\" height=\"530\" srcset=\"https:\/\/www.topohvar.at\/wp-content\/uploads\/2020\/05\/va-aa-00-11.jpg 1080w, https:\/\/www.topohvar.at\/wp-content\/uploads\/2020\/05\/va-aa-00-11-300x147.jpg 300w, https:\/\/www.topohvar.at\/wp-content\/uploads\/2020\/05\/va-aa-00-11-1024x503.jpg 1024w, https:\/\/www.topohvar.at\/wp-content\/uploads\/2020\/05\/va-aa-00-11-768x377.jpg 768w\" sizes=\"auto, (max-width: 1080px) 100vw, 1080px\" \/><\/p>\n<hr \/>\n<p><strong>Linkovi \/ Links<\/strong><\/p>\n<p><span style=\"color: #3366ff;\"><a href=\"https:\/\/youtu.be\/aSc22rAX040\"><img loading=\"lazy\" decoding=\"async\" class=\"alignleft wp-image-37853 size-full\" src=\"https:\/\/www.topohvar.at\/wp-content\/uploads\/2020\/05\/va-aa-00-10.jpg\" alt=\"\" width=\"200\" height=\"56\" \/><\/a><\/span><\/p>\n<p><a style=\"color: #3366ff;\" href=\"https:\/\/www.topohvar.at\/orte\/va\/va-ci-01-1\/\">Crkva Sv. Lovre \/ Kirche zum hl. Laurenzius<\/a><br \/>\n<span style=\"color: #3366ff;\"><a style=\"color: #3366ff;\" href=\"https:\/\/www.topohvar.at\/orte\/va\/va-ci-02-1\/\">Crkva-tvr\u0111ava Sv. Marije \/ Wehrkirche zur hl. Maria<\/a><\/span><br \/>\n<span style=\"color: #3366ff;\"><a style=\"color: #3366ff;\" href=\"https:\/\/www.topohvar.at\/orte\/va\/va-ck-01-1\/\">Crkvica Sv. Petra \/ Kirche St. Peter<\/a><\/span><br \/>\n<span style=\"color: #3366ff;\"><a style=\"color: #3366ff;\" href=\"https:\/\/www.topohvar.at\/orte\/va\/va-tg-05-1\/\">Ku\u0107a \/ Haus Matij Ivani\u0107<\/a><\/span><br \/>\n<span style=\"color: #3366ff;\"><a style=\"color: #3366ff;\" href=\"https:\/\/www.topohvar.at\/orte\/va\/va-tg-07-1\/\">Tvornicu sardina \/ Sardinenfabrik<\/a><\/span><\/p>\n","protected":false},"excerpt":{"rendered":"<p>Ime \/ Name Vrboska \u00bbUrbano-ruralna cjelina, povijesna jezgra\u00ab \/ st\u00e4dtisch-l\u00e4ndliches Ensemble Vrboska, historisches Zentrum Code: VA-AA-00\u00a0 \u00a0 \u00a0 \u00a0 \u00a0 \u00a0 \u00a0 \u00a0\u00a0 \u00a0 \u00a0 \u00a0 \u00a0 \u00a0 \u00a0 \u00a0 \u00a0 \u00a0 \u00a0 \u00a0\u00a0 \u00a0 Adresa \/ Adresse Selo Vrboska &hellip; <a href=\"https:\/\/www.topohvar.at\/topo\/orte\/va\/va-aa-00-1\/\">Weiterlesen <span class=\"meta-nav\">&rarr;<\/span><\/a><\/p>\n","protected":false},"author":1,"featured_media":0,"parent":109,"menu_order":0,"comment_status":"closed","ping_status":"closed","template":"","meta":{"footnotes":""},"class_list":["post-6028","page","type-page","status-publish","hentry"],"_links":{"self":[{"href":"https:\/\/www.topohvar.at\/topo\/wp-json\/wp\/v2\/pages\/6028","targetHints":{"allow":["GET"]}}],"collection":[{"href":"https:\/\/www.topohvar.at\/topo\/wp-json\/wp\/v2\/pages"}],"about":[{"href":"https:\/\/www.topohvar.at\/topo\/wp-json\/wp\/v2\/types\/page"}],"author":[{"embeddable":true,"href":"https:\/\/www.topohvar.at\/topo\/wp-json\/wp\/v2\/users\/1"}],"replies":[{"embeddable":true,"href":"https:\/\/www.topohvar.at\/topo\/wp-json\/wp\/v2\/comments?post=6028"}],"version-history":[{"count":23,"href":"https:\/\/www.topohvar.at\/topo\/wp-json\/wp\/v2\/pages\/6028\/revisions"}],"predecessor-version":[{"id":46390,"href":"https:\/\/www.topohvar.at\/topo\/wp-json\/wp\/v2\/pages\/6028\/revisions\/46390"}],"up":[{"embeddable":true,"href":"https:\/\/www.topohvar.at\/topo\/wp-json\/wp\/v2\/pages\/109"}],"wp:attachment":[{"href":"https:\/\/www.topohvar.at\/topo\/wp-json\/wp\/v2\/media?parent=6028"}],"curies":[{"name":"wp","href":"https:\/\/api.w.org\/{rel}","templated":true}]}}