{"id":6031,"date":"2018-08-18T07:28:26","date_gmt":"2018-08-18T05:28:26","guid":{"rendered":"https:\/\/www.topohvar.at\/?page_id=6031"},"modified":"2021-02-03T07:55:53","modified_gmt":"2021-02-03T06:55:53","slug":"va-aa-05-1","status":"publish","type":"page","link":"https:\/\/www.topohvar.at\/topo\/orte\/va\/va-aa-05-1\/","title":{"rendered":"VRBOSKA &#8211; Selo \/ Uvala \u00bbMala Basina, Rosohotnica\u00ab"},"content":{"rendered":"<p><strong><img loading=\"lazy\" decoding=\"async\" class=\"alignnone wp-image-5963 size-large\" src=\"https:\/\/www.topohvar.at\/wp-content\/uploads\/2018\/08\/VA-AA-05-0-1024x503.jpg\" alt=\"\" width=\"640\" height=\"314\" srcset=\"https:\/\/www.topohvar.at\/wp-content\/uploads\/2018\/08\/VA-AA-05-0-1024x503.jpg 1024w, https:\/\/www.topohvar.at\/wp-content\/uploads\/2018\/08\/VA-AA-05-0-300x147.jpg 300w, https:\/\/www.topohvar.at\/wp-content\/uploads\/2018\/08\/VA-AA-05-0-768x377.jpg 768w, https:\/\/www.topohvar.at\/wp-content\/uploads\/2018\/08\/VA-AA-05-0.jpg 1080w\" sizes=\"auto, (max-width: 640px) 100vw, 640px\" \/><\/strong><\/p>\n<p><strong>Ime \/ Name<br \/>\n<\/strong>Selo \/ Uvala \u00bbMala Basina, Rosohotnica\u00ab<\/p>\n<p><strong>Code: <\/strong>VA-AA-05\u00a0 \u00a0 \u00a0 \u00a0 \u00a0 \u00a0 \u00a0 \u00a0<strong>\u00a0 \u00a0 \u00a0 \u00a0 \u00a0 \u00a0 \u00a0 \u00a0 \u00a0 \u00a0\u00a0\u00a0 \u00a0 \u00a0 <a href=\"https:\/\/www.topohvar.at\/orte\/va\/va-aa-00-1\/\"><img loading=\"lazy\" decoding=\"async\" class=\"alignnone wp-image-533 size-full\" src=\"https:\/\/www.topohvar.at\/wp-content\/uploads\/2018\/07\/push-l-30.jpg\" alt=\"\" width=\"61\" height=\"30\" \/><\/a>\u00a0<a href=\"https:\/\/www.topohvar.at\/orte\/va\/\"><img loading=\"lazy\" decoding=\"async\" class=\"alignnone wp-image-535 size-full\" src=\"https:\/\/www.topohvar.at\/wp-content\/uploads\/2018\/07\/push-o-30.jpg\" alt=\"\" width=\"61\" height=\"30\" \/><\/a> <a href=\"https:\/\/www.topohvar.at\/orte\/va\/va-ai-01-1\/\"><img loading=\"lazy\" decoding=\"async\" class=\"alignnone wp-image-536 size-full\" src=\"https:\/\/www.topohvar.at\/wp-content\/uploads\/2018\/07\/push-r-30.jpg\" alt=\"\" width=\"61\" height=\"30\" \/><\/a> <a href=\"https:\/\/www.topohvar.at\/orte\/va\/va-au-10-1\/\"><img loading=\"lazy\" decoding=\"async\" class=\"alignnone wp-image-12299 size-full\" src=\"https:\/\/www.topohvar.at\/wp-content\/uploads\/2018\/09\/push-next-30.jpg\" alt=\"\" width=\"61\" height=\"30\" \/><\/a><\/strong><\/p>\n<hr \/>\n<p><strong>Adresa \/ Adresse<br \/>\n<\/strong>Vrboska, Mala Basina, Roshotnica<\/p>\n<p><strong>Lokalna polo\u017eaj \/ Position<a href=\"https:\/\/goo.gl\/maps\/mMhLbXU6BBpEwyMW9\"><img loading=\"lazy\" decoding=\"async\" class=\"alignright wp-image-6168\" src=\"https:\/\/www.topohvar.at\/wp-content\/uploads\/2018\/08\/1767.jpg\" alt=\"\" width=\"133\" height=\"100\" \/><\/a><br \/>\n<\/strong><span style=\"color: #3366ff;\"><a style=\"color: #3366ff;\" href=\"https:\/\/goo.gl\/maps\/mMhLbXU6BBpEwyMW9\">Latitude: N 43,19782\u00b0\u00a0 \u00a0 Longitude: E 16,66120\u00b0\u00a0<\/a><\/span><strong><br \/>\n<\/strong>Visina \/ H\u00f6he: 10 m<\/p>\n<p><strong>Zemlji\u0161te \/ Grundst\u00fccke<br \/>\n<\/strong>1436<div class='content-column one_half'><div style=\"padding-right:6px;\"><p><strong>Datum snimanja \/ Erfassungsdatum<br \/>\n<\/strong>22.05.2018 10:10:00<\/p>\n<hr \/>\n<p><strong>Informacije<\/strong><\/p>\n<p>Ju\u017eni dio\u00a0od zaljeva Basina &#8222;Mala-Basina&#8220; ili\u00a0 &#8222;Roshotnica&#8220; pripada KP Vrbosku i sjeverni dio zaljeva Basina\u00a0pripada KP Vrbanju.<\/p><\/div><\/div><div class='content-column one_half last_column'><div style=\"padding-right:0px;padding-left:6px;\"><p><strong>Za\u0161titni polo\u017eaj \/ Schutzstellung<br \/>\n<\/strong>&#8211;<\/p>\n<hr \/>\n<p><strong>Info<\/strong><\/p>\n<p>Der s\u00fcdliche Teil der Bucht &#8222;Mala-Basina&#8220; bzw.\u00a0 &#8222;Roshotnica&#8220; geh\u00f6rt zur KG Vrboska und der n\u00f6rdliche Teil der Bucht Basina zur KG Vrbanj.<\/p><\/div><\/div><div class='clear_column'><\/div><div class='content-column one_half'><div style=\"padding-right:6px;\"><p>Naselje sa oko 140 objekata (uglavnom vikend objekti), smje\u0161teno na sjevernoj strani otoka Hvara, udaljeno od Vrboske 3 km. Morskim putem udaljeno podjednako od Jelse, Vrboske i Bola na otoku Bra\u010du (oko 3 Nm) \u0161to je pogodno za vo\u017enju malim brodicama i gliserima. Ovo podru\u010dje je mjesto za pravi odmor bez automobila i previ\u0161e turista. Naselje je smje\u0161teno u tri prekrasne uvalice tako da se mo\u017ee izabrati kupanje na \u0161ljun\u010danoj pla\u017ei, sun\u010danje na ravnim kamenim terasama ili skakanje sa litica u more. Podru\u010dje je vrlo interesantno za surfere (posebno po\u010detnike).<\/p><\/div><\/div><div class='content-column one_half last_column'><div style=\"padding-right:0px;padding-left:6px;\"><p>Die Siedlung Basina mit etwa 140 Touristenanlagen (vor allem Wochenendh\u00e4user) befindet sich auf der Nordseite der Insel Hvar und ist 3 km von Vrboska entfernt. Auf dem Seeweg ist die Siedlung gleich von Jelsa, Vrboska und Bol auf der Insel Bra\u010d entfernt (etwa 3 Seemeilen) und deswegen ist es empfehlenswert, kleine Boote und Gleitboote zu benutzen. Das ganze Gebiet ist besonders f\u00fcr einen ruhigen Urlaub geeignet, weil es dort keine Autos und nur wenige Touristen gibt. Die Siedlung befindet sich in drei kleinen Buchten, so dass man sich f\u00fcr das Baden an einem der mehreren Kiesstr\u00e4nde, f\u00fcr das Sonnenbad auf flachen Steinterrassen oder f\u00fcr das Springen von den Felsen ins Meer entscheiden kann. Das ganze Gebiet ist sehr interessant f\u00fcr Surfer, besonders f\u00fcr Anf\u00e4nger.<\/p><\/div><\/div><div class='clear_column'><\/div><\/p>\n<hr \/>\n<p><strong>Linkovi \/ Links<\/strong><\/p>\n<p><span style=\"color: #3366ff;\"><a style=\"color: #3366ff;\" href=\"https:\/\/www.topohvar.at\/topo\/orte\/vj\/vj-aa-05-1\/\">Selo \/ Ortschaft Basina (Vrbanj)<\/a><\/span><\/p>\n","protected":false},"excerpt":{"rendered":"<p>Ime \/ Name Selo \/ Uvala \u00bbMala Basina, Rosohotnica\u00ab Code: VA-AA-05\u00a0 \u00a0 \u00a0 \u00a0 \u00a0 \u00a0 \u00a0 \u00a0\u00a0 \u00a0 \u00a0 \u00a0 \u00a0 \u00a0 \u00a0 \u00a0 \u00a0 \u00a0\u00a0\u00a0 \u00a0 \u00a0 \u00a0 Adresa \/ Adresse Vrboska, Mala Basina, Roshotnica Lokalna polo\u017eaj \/ &hellip; <a href=\"https:\/\/www.topohvar.at\/topo\/orte\/va\/va-aa-05-1\/\">Weiterlesen <span class=\"meta-nav\">&rarr;<\/span><\/a><\/p>\n","protected":false},"author":1,"featured_media":0,"parent":109,"menu_order":0,"comment_status":"closed","ping_status":"closed","template":"","meta":{"footnotes":""},"class_list":["post-6031","page","type-page","status-publish","hentry"],"_links":{"self":[{"href":"https:\/\/www.topohvar.at\/topo\/wp-json\/wp\/v2\/pages\/6031","targetHints":{"allow":["GET"]}}],"collection":[{"href":"https:\/\/www.topohvar.at\/topo\/wp-json\/wp\/v2\/pages"}],"about":[{"href":"https:\/\/www.topohvar.at\/topo\/wp-json\/wp\/v2\/types\/page"}],"author":[{"embeddable":true,"href":"https:\/\/www.topohvar.at\/topo\/wp-json\/wp\/v2\/users\/1"}],"replies":[{"embeddable":true,"href":"https:\/\/www.topohvar.at\/topo\/wp-json\/wp\/v2\/comments?post=6031"}],"version-history":[{"count":13,"href":"https:\/\/www.topohvar.at\/topo\/wp-json\/wp\/v2\/pages\/6031\/revisions"}],"predecessor-version":[{"id":46389,"href":"https:\/\/www.topohvar.at\/topo\/wp-json\/wp\/v2\/pages\/6031\/revisions\/46389"}],"up":[{"embeddable":true,"href":"https:\/\/www.topohvar.at\/topo\/wp-json\/wp\/v2\/pages\/109"}],"wp:attachment":[{"href":"https:\/\/www.topohvar.at\/topo\/wp-json\/wp\/v2\/media?parent=6031"}],"curies":[{"name":"wp","href":"https:\/\/api.w.org\/{rel}","templated":true}]}}