{"id":6066,"date":"2018-08-18T08:01:58","date_gmt":"2018-08-18T06:01:58","guid":{"rendered":"https:\/\/www.topohvar.at\/?page_id=6066"},"modified":"2025-05-20T12:25:30","modified_gmt":"2025-05-20T10:25:30","slug":"va-ip-01-1","status":"publish","type":"page","link":"https:\/\/www.topohvar.at\/topo\/orte\/va\/va-ip-01-1\/","title":{"rendered":"VRBOSKA &#8211; Informativna plo\u010da \u00bbVrboska\u00ab"},"content":{"rendered":"<p><a name=\"seite_oben\"><\/a><br \/>\n<strong><img loading=\"lazy\" decoding=\"async\" class=\"alignnone wp-image-5980 size-large\" src=\"https:\/\/www.topohvar.at\/wp-content\/uploads\/2018\/08\/va-ip-01-0-1024x503.jpg\" alt=\"\" width=\"640\" height=\"314\" srcset=\"https:\/\/www.topohvar.at\/wp-content\/uploads\/2018\/08\/va-ip-01-0-1024x503.jpg 1024w, https:\/\/www.topohvar.at\/wp-content\/uploads\/2018\/08\/va-ip-01-0-300x147.jpg 300w, https:\/\/www.topohvar.at\/wp-content\/uploads\/2018\/08\/va-ip-01-0-768x377.jpg 768w, https:\/\/www.topohvar.at\/wp-content\/uploads\/2018\/08\/va-ip-01-0.jpg 1080w\" sizes=\"auto, (max-width: 640px) 100vw, 640px\" \/><\/strong><\/p>\n<p><strong>Ime \/ Name<br \/>\n<\/strong>Informativna plo\u010da \u00bbVrboska\u00ab \/ Infotafel Ortschaft Vrboska<\/p>\n<p><strong>Code: <\/strong>VA-IP-01\u00a0 \u00a0 \u00a0 \u00a0 \u00a0 \u00a0 \u00a0 \u00a0<strong>\u00a0 \u00a0 \u00a0 \u00a0 \u00a0 \u00a0 \u00a0 \u00a0 \u00a0 \u00a0<a href=\"https:\/\/www.topohvar.at\/orte\/va\/va-ip-02-1\/\"><img loading=\"lazy\" decoding=\"async\" class=\"alignnone wp-image-533 size-full\" src=\"https:\/\/www.topohvar.at\/wp-content\/uploads\/2018\/07\/push-l-30.jpg\" alt=\"\" width=\"61\" height=\"30\" \/><\/a>\u00a0<a href=\"https:\/\/www.topohvar.at\/orte\/va\/\"><img loading=\"lazy\" decoding=\"async\" class=\"alignnone wp-image-535 size-full\" src=\"https:\/\/www.topohvar.at\/wp-content\/uploads\/2018\/07\/push-o-30.jpg\" alt=\"\" width=\"61\" height=\"30\" \/><\/a>\u00a0<a href=\"https:\/\/www.topohvar.at\/orte\/va\/va-ip-03-1\/\"><img loading=\"lazy\" decoding=\"async\" class=\"alignnone wp-image-536 size-full\" src=\"https:\/\/www.topohvar.at\/wp-content\/uploads\/2018\/07\/push-r-30.jpg\" alt=\"\" width=\"61\" height=\"30\" \/><\/a>\u00a0<a href=\"https:\/\/www.topohvar.at\/orte\/va\/va-ih-00-0\/\"><img loading=\"lazy\" decoding=\"async\" class=\"alignnone wp-image-12299 size-full\" src=\"https:\/\/www.topohvar.at\/wp-content\/uploads\/2018\/09\/push-next-30.jpg\" alt=\"\" width=\"61\" height=\"30\" \/><\/a><\/strong><\/p>\n<hr \/>\n<p><strong>Adresa \/ Adresse<br \/>\n<\/strong>Vrboska,\u00a0u blizini marine \/ Nahe der Marina<\/p>\n<p><strong>Lokacija \/ Position<a href=\"https:\/\/goo.gl\/maps\/FT4ZqAeeesSTcD4C6\"><img loading=\"lazy\" decoding=\"async\" class=\"alignright wp-image-6245\" src=\"https:\/\/www.topohvar.at\/wp-content\/uploads\/2018\/08\/0847.jpg\" alt=\"\" width=\"133\" height=\"100\" \/><\/a><br \/>\n<\/strong><span style=\"color: #3366ff;\"><a style=\"color: #3366ff;\" href=\"https:\/\/goo.gl\/maps\/FT4ZqAeeesSTcD4C6\">Latitude: N 43,17993\u00b0\u00a0 \u00a0 Longitude: E 16,67350\u00b0<\/a>\u00a0<\/span><strong><br \/>\n<\/strong>Visina \/ H\u00f6he: 1 m<\/p>\n<p><strong>Katastarska \u010destica \/ Grundst\u00fccke<br \/>\n<\/strong>2700\/5<div class='content-column one_half'><div style=\"padding-right:6px;\"><p><strong>Datum snimanja \/ Erfassungsdatum<br \/>\n<\/strong>11.05.2015 11:13:22<\/p>\n<hr \/>\n<p><strong>Informacije<\/strong><\/p>\n<p>Informativna tabla nalazi se na rubu malog parka u Marini Vrboska i sadr\u017ei kartu Vrboske i informacije za izlete i posjetitelje.<\/p><\/div><\/div><div class='content-column one_half last_column'><div style=\"padding-right:0px;padding-left:6px;\"><p><strong>Stupanj za\u0161tite \/ Schutzstellung<br \/>\n<\/strong>&#8211;<\/p>\n<hr \/>\n<p><strong>Info<\/strong><\/p>\n<p>Die Infotafel steht am Rande des kleinen Parks bei der Marina Vrboska und enth\u00e4lt einen Plan von Vrboska und Hinweise f\u00fcr Ausfl\u00fcge und Besucher.<\/p><\/div><\/div><div class='clear_column'><\/div><div class='content-column one_half'><div style=\"padding-right:6px;\"><p>SAVJETI IZLETNIVIMA I POSJETITELJIMA<\/p>\n<ul>\n<li>Izbrati izlet \u010dije se trajanje i te\u017eina mogu tjelesno izdr\u017e<\/li>\n<li>Obavijestiti oboitelj o smerju kretanja i vremenu povtratka; dr\u017eati se re\u010d<\/li>\n<li>Dr\u017eati se isklju\u010divo signaliziranih staza.<\/li>\n<li>Nositi prikladnu odje\u0107u i obu\u0107<\/li>\n<li>Uvijek imati vode.<\/li>\n<li>Imati malu osobnu prvu pomo\u0107.<\/li>\n<li>Ponijeti rezervnu odje\u0107u, kapu te za\u0161titu od sunca, ki\u0161e i vjetra, ra\u010dunati na mogu\u0107e promjene vremenskih prilika<\/li>\n<\/ul><\/div><\/div><div class='content-column one_half last_column'><div style=\"padding-right:0px;padding-left:6px;\"><p>HINWEISE F\u00dcR AUSFL\u00dcGE UND BESUCHER<\/p>\n<ul>\n<li>W\u00e4hlen Sie eine Reise, deren Dauer und Schwere physisch vertragen werden kann.<\/li>\n<li>Informieren Sie die Familie \u00fcber die Fahrtziel und den Zeitpunkt der R\u00fcckkehr; halten Sie sich daran.<\/li>\n<li>Begehen Sie ausschlie\u00dflich gekennzeichnete Wege.<\/li>\n<li>Tragen Sie geeignete Kleidung und Schuhe.<\/li>\n<li>Nehmen Sie immer Wasser mit.<\/li>\n<li>Leisten Sie ein wenig pers\u00f6nliche Erste Hilfe.<\/li>\n<li>Halten Sie Reservekleidung bereit, einen Hut, Sonnen-, Regen- und Windschutz, rechnen Sie mit m\u00f6glichen Wetter\u00e4nderungen<\/li>\n<\/ul><\/div><\/div><div class='clear_column'><\/div><div class='content-column one_half'><div style=\"padding-right:6px;\"><p>AKO SE DOGONI NESRE\u0106A<\/p>\n<ul>\n<li>Pru\u017eiti prvu pomo\u0107<\/li>\n<li>Unesre\u0107enog za\u0161tititi od hladno\u0107e\/vru\u0107ine<\/li>\n<li>Obavijestiti Hrvatsku gorsku slu\u017ebu spa\u0161avanja<\/li>\n<\/ul><\/div><\/div><div class='content-column one_half last_column'><div style=\"padding-right:0px;padding-left:6px;\"><p>WENN EIN UNFALL PASSIERT<\/p>\n<ul>\n<li>Erste Hilfe leisten<\/li>\n<li>Sch\u00fctzen Sie die verletzte Person vor K\u00e4lte \/ Hitze<\/li>\n<li>Informieren Sie den kroatischen Bergrettungsdienst<\/li>\n<\/ul><\/div><\/div><div class='clear_column'><\/div><div class='content-column one_half'><div style=\"padding-right:6px;\"><p>OBAVIJEST O NESRE\u0106I OBAVEZNO NAVESTI SLJEDE\u0106E PODATKE<\/p>\n<ul>\n<li>Ime i prezime, adresu i telefon osobe koja je obavijestila o nesre\u0107i<\/li>\n<li>Ime i prezime, adresu i telefon unesre\u0107enoga<\/li>\n<li>Lokaciju unesre\u0107enoga i opis ozljeda<\/li>\n<li>\u0160to se poduzelo i tko je jo\u0161 obavije\u0161ten o nesre\u0107i<\/li>\n<\/ul><\/div><\/div><div class='content-column one_half last_column'><div style=\"padding-right:0px;padding-left:6px;\"><p>EINE UNFALLMELDUNG MUSS FOLGENDE INFORMATIONEN ENTHALTEN<\/p>\n<ul>\n<li>Vor- und Nachname, Anschrift und Telefonnummer der Person, die den Unfall gemeldet hat<\/li>\n<li>Vor- und Nachname, Anschrift und Telefonnummer der verletzten Person<\/li>\n<li>Ort der verletzten Person und Beschreibung der Verletzungen<\/li>\n<li>Was wurde getan und wer wurde noch \u00fcber den Unfall informiert<\/li>\n<\/ul><\/div><\/div><div class='clear_column'><\/div><div class='content-column one_half'><div style=\"padding-right:6px;\"><p>OBAVIJEST O NESRE\u0106I MO\u017dE SE DATI<\/p>\n<ul>\n<li>Na telefon 112, tra\u017eiti Hrvatsku gorsku slu\u017ebu spa\u0161avanja<\/li>\n<li>Na obavje\u0161tajnim to\u010dkama HGSS-a (<strong>H<\/strong>vratska <strong>G<\/strong>orska <strong>S<\/strong>lu\u017eba <strong>S<\/strong>pa\u0161avanja)<\/li>\n<\/ul><\/div><\/div><div class='content-column one_half last_column'><div style=\"padding-right:0px;padding-left:6px;\"><p>EINE UNFALLMELDUNG KANN ABGEGEBEN WERDEN<\/p>\n<ul>\n<li>Kontaktieren Sie 112 &#8211; den kroatischen Bergrettungsdienst<\/li>\n<li>An St\u00fctzpunkten des Bergrettungsdienstes (HGSS &#8211;\u00a0<strong>H<\/strong>vratska <strong>G<\/strong>orska <strong>S<\/strong>lu\u017eba <strong>S<\/strong>pa\u0161avanja)<\/li>\n<\/ul><\/div><\/div><div class='clear_column'><\/div><\/p>\n<p style=\"text-align: right;\"><span style=\"color: #3366ff;\"><a style=\"color: #3366ff;\" href=\"#seite_oben\">natrag na vrh \/ Seitenanfang<\/a><\/span><\/p>\n<hr \/>\n<p><strong>Linkovi \/ Links<\/strong><\/p>\n<p>&#8211;<\/p>\n","protected":false},"excerpt":{"rendered":"<p>Ime \/ Name Informativna plo\u010da \u00bbVrboska\u00ab \/ Infotafel Ortschaft Vrboska Code: VA-IP-01\u00a0 \u00a0 \u00a0 \u00a0 \u00a0 \u00a0 \u00a0 \u00a0\u00a0 \u00a0 \u00a0 \u00a0 \u00a0 \u00a0 \u00a0 \u00a0 \u00a0 \u00a0\u00a0\u00a0\u00a0 Adresa \/ Adresse Vrboska,\u00a0u blizini marine \/ Nahe der Marina Lokacija \/ &hellip; <a href=\"https:\/\/www.topohvar.at\/topo\/orte\/va\/va-ip-01-1\/\">Weiterlesen <span class=\"meta-nav\">&rarr;<\/span><\/a><\/p>\n","protected":false},"author":1,"featured_media":0,"parent":109,"menu_order":0,"comment_status":"closed","ping_status":"closed","template":"","meta":{"footnotes":""},"class_list":["post-6066","page","type-page","status-publish","hentry"],"_links":{"self":[{"href":"https:\/\/www.topohvar.at\/topo\/wp-json\/wp\/v2\/pages\/6066","targetHints":{"allow":["GET"]}}],"collection":[{"href":"https:\/\/www.topohvar.at\/topo\/wp-json\/wp\/v2\/pages"}],"about":[{"href":"https:\/\/www.topohvar.at\/topo\/wp-json\/wp\/v2\/types\/page"}],"author":[{"embeddable":true,"href":"https:\/\/www.topohvar.at\/topo\/wp-json\/wp\/v2\/users\/1"}],"replies":[{"embeddable":true,"href":"https:\/\/www.topohvar.at\/topo\/wp-json\/wp\/v2\/comments?post=6066"}],"version-history":[{"count":11,"href":"https:\/\/www.topohvar.at\/topo\/wp-json\/wp\/v2\/pages\/6066\/revisions"}],"predecessor-version":[{"id":72100,"href":"https:\/\/www.topohvar.at\/topo\/wp-json\/wp\/v2\/pages\/6066\/revisions\/72100"}],"up":[{"embeddable":true,"href":"https:\/\/www.topohvar.at\/topo\/wp-json\/wp\/v2\/pages\/109"}],"wp:attachment":[{"href":"https:\/\/www.topohvar.at\/topo\/wp-json\/wp\/v2\/media?parent=6066"}],"curies":[{"name":"wp","href":"https:\/\/api.w.org\/{rel}","templated":true}]}}