{"id":60708,"date":"2022-09-29T16:57:53","date_gmt":"2022-09-29T14:57:53","guid":{"rendered":"https:\/\/www.topohvar.at\/topo\/?page_id=60708"},"modified":"2022-10-16T07:45:48","modified_gmt":"2022-10-16T05:45:48","slug":"sb-tr-12-1","status":"publish","type":"page","link":"https:\/\/www.topohvar.at\/topo\/orte\/sb\/sb-tr-12-1\/","title":{"rendered":"SELCA KOD BOGOMOLJA \u2013 Trim (Torijun) \u00bbSB-TR-12\u00ab"},"content":{"rendered":"<p><a name=\"seite_oben\"><\/a><br \/>\n<strong><img loading=\"lazy\" decoding=\"async\" class=\"aligncenter wp-image-60711 size-full\" src=\"https:\/\/www.topohvar.at\/wp-content\/uploads\/2022\/09\/sb-tr-13-01.jpg\" alt=\"\" width=\"1080\" height=\"530\" srcset=\"https:\/\/www.topohvar.at\/wp-content\/uploads\/2022\/09\/sb-tr-13-01.jpg 1080w, https:\/\/www.topohvar.at\/wp-content\/uploads\/2022\/09\/sb-tr-13-01-300x147.jpg 300w, https:\/\/www.topohvar.at\/wp-content\/uploads\/2022\/09\/sb-tr-13-01-1024x503.jpg 1024w, https:\/\/www.topohvar.at\/wp-content\/uploads\/2022\/09\/sb-tr-13-01-768x377.jpg 768w\" sizes=\"auto, (max-width: 1080px) 100vw, 1080px\" \/><\/strong><\/p>\n<p><strong>Ime \/ Name<br \/>\n<\/strong>Trim \u00bbSB-TR-12\u00ab<\/p>\n<p><strong>Code: <\/strong>SB-TR-12\u00a0 \u00a0 \u00a0 \u00a0 \u00a0 \u00a0 \u00a0 \u00a0 \u00a0 \u00a0 \u00a0 \u00a0 \u00a0 \u00a0 <a href=\"https:\/\/www.topohvar.at\/orte\/sb\/sb-tr-00-1\/\"><img loading=\"lazy\" decoding=\"async\" class=\"alignnone wp-image-12300 size-full\" src=\"https:\/\/www.topohvar.at\/wp-content\/uploads\/2018\/09\/push-vor-30.jpg\" alt=\"\" width=\"61\" height=\"30\" \/><\/a>\u00a0<strong><a href=\"https:\/\/www.topohvar.at\/orte\/sb\/sb-tr-08-1\/\"><img loading=\"lazy\" decoding=\"async\" class=\"alignnone wp-image-533 size-full\" src=\"https:\/\/www.topohvar.at\/wp-content\/uploads\/2018\/07\/push-l-30.jpg\" alt=\"\" width=\"61\" height=\"30\" \/><\/a> <a href=\"https:\/\/www.topohvar.at\/orte\/sb\/\"><img loading=\"lazy\" decoding=\"async\" class=\"alignnone wp-image-535 size-full\" src=\"https:\/\/www.topohvar.at\/wp-content\/uploads\/2018\/07\/push-o-30.jpg\" alt=\"\" width=\"61\" height=\"30\" \/><\/a> <a href=\"https:\/\/www.topohvar.at\/orte\/sb\/sb-tr-02-1\/\"><img loading=\"lazy\" decoding=\"async\" class=\"alignnone wp-image-536 size-full\" src=\"https:\/\/www.topohvar.at\/wp-content\/uploads\/2018\/07\/push-r-30.jpg\" alt=\"\" width=\"61\" height=\"30\" \/><\/a><\/strong><\/p>\n<hr \/>\n<p><strong>Adresa \/ Adresse<br \/>\n<\/strong>Selca kod Bogomolja, Grabak<\/p>\n<p><strong>Lokacija \/ Position<a href=\"https:\/\/goo.gl\/maps\/6n63MXAFjbJSranL6\"><img loading=\"lazy\" decoding=\"async\" class=\"alignright wp-image-60713\" src=\"https:\/\/www.topohvar.at\/wp-content\/uploads\/2022\/09\/3693.jpg\" alt=\"\" width=\"134\" height=\"100\" \/><\/a><br \/>\n<\/strong><a href=\"https:\/\/goo.gl\/maps\/6n63MXAFjbJSranL6\"><span style=\"color: #3366ff;\">Latitude: N 43,13101\u00b0\u00a0 \u00a0Longitude: E 17,05571\u00b0<\/span><\/a> <strong><br \/>\n<\/strong>Visina \/ H\u00f6he: 169 m<\/p>\n<p><strong>Katastarska \u010destica \/ Grundst\u00fccke<br \/>\n<\/strong>4194\/156, 4194\/158<div class='content-column one_half'><div style=\"padding-right:6px;\"><p><strong>Datum snimanja \/ Erfassungsdatum<br \/>\n<\/strong>16.09.2022 10:19:18<\/p>\n<hr \/>\n<p><strong>Informacije<\/strong><\/p>\n<p>Trim se nalazi u masliniku sjeverno od glavne ceste DC-116 na podru\u010dju Grabak. Kupola \u0161irokog trima uglavnom nedostaje. Desna mu je strana zaglavljena u kameni zid. Stijenke okruglog trima su vrlo debele, unutra\u0161njost je blago nepravilna. Budu\u0107i da ima malo (sru\u0161enog) kamenja unutar obruba, a tako\u0111er i izvana, mogu\u0107e je da trim nije dovr\u0161en. \u010cvrsto\u0107a zida, a tako\u0111er i visina ulaza (170 cm!) ukazuju da je bio ovdje planiran vrlo mo\u0107ni trim.<\/p><\/div><\/div><div class='content-column one_half last_column'><div style=\"padding-right:0px;padding-left:6px;\"><p><strong>Stupanj za\u0161tite \/ Schutzstellung<br \/>\n<\/strong>&#8211;<\/p>\n<hr \/>\n<p><strong>Info<\/strong><\/p>\n<p>Der Trim befindet sich in einem Olivengarten, n\u00f6rdlich der Hauptstra\u00dfe DC-116 im Bereich Grabak. Die Kuppel des breiten Trims mit dicken Mauern fehlt zum Gro\u00dfteil. Seine rechte Seite steckt in einer Steinmauer. Da im Inneren des Trims und auch an seiner Au\u00dfenseite wenig (abgest\u00fcrzte) Steine zu finden sind, k\u00f6nnte sein, dass der Trim nicht fertig gestellt wurde. Mauerst\u00e4rke und auch die Eingangsh\u00f6he (170 cm!) deuten darauf hin, dass hier ein sehr m\u00e4chtiger Trim geplant war.<\/p><\/div><\/div><div class='clear_column'><\/div><div class='content-column one_half'><div style=\"padding-right:6px;\"><div id=\"attachment_61457\" style=\"width: 310px\" class=\"wp-caption aligncenter\"><img loading=\"lazy\" decoding=\"async\" aria-describedby=\"caption-attachment-61457\" class=\"size-medium wp-image-61457\" src=\"https:\/\/www.topohvar.at\/wp-content\/uploads\/2022\/10\/sb-tr-12-22-300x300.jpg\" alt=\"\" width=\"300\" height=\"300\" srcset=\"https:\/\/www.topohvar.at\/wp-content\/uploads\/2022\/10\/sb-tr-12-22-300x300.jpg 300w, https:\/\/www.topohvar.at\/wp-content\/uploads\/2022\/10\/sb-tr-12-22-150x150.jpg 150w, https:\/\/www.topohvar.at\/wp-content\/uploads\/2022\/10\/sb-tr-12-22.jpg 450w\" sizes=\"auto, (max-width: 300px) 100vw, 300px\" \/><p id=\"caption-attachment-61457\" class=\"wp-caption-text\">Izlaz \/ Ausgang<\/p><\/div>\n<p>Dana 16.09.2022 trim SB-TR-12 je posje\u0107en i ustanovljeno je sljede\u0107e:<\/p>\n<p>Lokacija: maslinik<br \/>\nPodloga: ravna<br \/>\nPovezan s: kamenim zidom<br \/>\nUpotreba: ne koristi se<br \/>\nStanje: kupola se djelomi\u010dno sru\u0161ila<br \/>\nBroj stepenica trima: ?<br \/>\nDodatni kameni prsten: nema<br \/>\nStepeni\u0161te: nema<br \/>\nOblik kamena: uglast<br \/>\nPodru\u010dje ispred ulaza: zaraslo<br \/>\nOrijentacija ulaza: Z (280\u00b0)<br \/>\nPromjer trima (cm): 690<br \/>\nVisina trima (cm): ?<br \/>\nVisina stepenica (cm): stepenica 1: 160 , stepenica 2: ?<br \/>\nDebljina zida (cm): 145<br \/>\n\u0160irina vrata (cm): 100<br \/>\nVisina vrata (cm): 170<br \/>\n\u0160irina unutra (cm): 380 &#8211; 400<br \/>\nVisina unutra (cm): ?<br \/>\nVolumen iznutra (m3): ?<br \/>\nNema ni\u0161e<\/p><\/div><\/div><div class='content-column one_half last_column'><div style=\"padding-right:0px;padding-left:6px;\"><div id=\"attachment_61458\" style=\"width: 310px\" class=\"wp-caption aligncenter\"><img loading=\"lazy\" decoding=\"async\" aria-describedby=\"caption-attachment-61458\" class=\"size-medium wp-image-61458\" src=\"https:\/\/www.topohvar.at\/wp-content\/uploads\/2022\/10\/sb-tr-12-23-300x300.jpg\" alt=\"\" width=\"300\" height=\"300\" srcset=\"https:\/\/www.topohvar.at\/wp-content\/uploads\/2022\/10\/sb-tr-12-23-300x300.jpg 300w, https:\/\/www.topohvar.at\/wp-content\/uploads\/2022\/10\/sb-tr-12-23-150x150.jpg 150w, https:\/\/www.topohvar.at\/wp-content\/uploads\/2022\/10\/sb-tr-12-23.jpg 450w\" sizes=\"auto, (max-width: 300px) 100vw, 300px\" \/><p id=\"caption-attachment-61458\" class=\"wp-caption-text\">Pogled prema sjeveru \/ Blick nach Norden<\/p><\/div>\n<p>Am 16.09.2022 wurde der Trim SB-TR-12 besucht und n\u00e4her untersucht:<\/p>\n<p>Standort: Olivenhain<br \/>\nUntergrund: eben<br \/>\nVerbunden mit: Steinmauer<br \/>\nNutzung: ungenutzt<br \/>\nZustand: Kuppel teilweise eingest\u00fcrzt<br \/>\nAnzahl der Trimstufen: ?<br \/>\nZus\u00e4tzlicher Steinring: kein Steinring<br \/>\nStiege: keine<br \/>\nSteinform: kantig<br \/>\nEingangsbereich: verwachsen<br \/>\nEingangsseite: W (280\u00b0)<br \/>\nTrimdurchmesser (cm): 690<br \/>\nTrimh\u00f6he (cm): ?<br \/>\nH\u00f6he der Trimstufen (cm): Stufe 1: 160 , Stufe 2: ?<br \/>\nWandst\u00e4rke (cm): 145<br \/>\nT\u00fcrbreite (cm): 100<br \/>\nT\u00fcrh\u00f6he (cm): 170<br \/>\nInnenraumbreite (cm): 380 &#8211; 400<br \/>\nInnenraumh\u00f6he (cm): ?<br \/>\nRaumvolumen (m3): ?<br \/>\nKeine Nische<\/p><\/div><\/div><div class='clear_column'><\/div><\/p>\n<p><img loading=\"lazy\" decoding=\"async\" class=\"aligncenter size-full wp-image-61420\" src=\"https:\/\/www.topohvar.at\/wp-content\/uploads\/2022\/10\/sb-tr-12-scan.jpg\" alt=\"\" width=\"640\" height=\"938\" srcset=\"https:\/\/www.topohvar.at\/wp-content\/uploads\/2022\/10\/sb-tr-12-scan.jpg 640w, https:\/\/www.topohvar.at\/wp-content\/uploads\/2022\/10\/sb-tr-12-scan-205x300.jpg 205w\" sizes=\"auto, (max-width: 640px) 100vw, 640px\" \/><\/p>\n<p style=\"text-align: right;\"><a href=\"#seite_oben\">natrag na vrh \/ Seitenanfang<\/a><\/p>\n<hr \/>\n<p><strong>Linkovi \/ Links<\/strong><\/p>\n<p>&#8211;<\/p>\n","protected":false},"excerpt":{"rendered":"<p>Ime \/ Name Trim \u00bbSB-TR-12\u00ab Code: SB-TR-12\u00a0 \u00a0 \u00a0 \u00a0 \u00a0 \u00a0 \u00a0 \u00a0 \u00a0 \u00a0 \u00a0 \u00a0 \u00a0 \u00a0 \u00a0 Adresa \/ Adresse Selca kod Bogomolja, Grabak Lokacija \/ Position Latitude: N 43,13101\u00b0\u00a0 \u00a0Longitude: E 17,05571\u00b0 Visina \/ H\u00f6he: &hellip; <a href=\"https:\/\/www.topohvar.at\/topo\/orte\/sb\/sb-tr-12-1\/\">Weiterlesen <span class=\"meta-nav\">&rarr;<\/span><\/a><\/p>\n","protected":false},"author":1,"featured_media":0,"parent":97,"menu_order":0,"comment_status":"closed","ping_status":"closed","template":"","meta":{"footnotes":""},"class_list":["post-60708","page","type-page","status-publish","hentry"],"_links":{"self":[{"href":"https:\/\/www.topohvar.at\/topo\/wp-json\/wp\/v2\/pages\/60708","targetHints":{"allow":["GET"]}}],"collection":[{"href":"https:\/\/www.topohvar.at\/topo\/wp-json\/wp\/v2\/pages"}],"about":[{"href":"https:\/\/www.topohvar.at\/topo\/wp-json\/wp\/v2\/types\/page"}],"author":[{"embeddable":true,"href":"https:\/\/www.topohvar.at\/topo\/wp-json\/wp\/v2\/users\/1"}],"replies":[{"embeddable":true,"href":"https:\/\/www.topohvar.at\/topo\/wp-json\/wp\/v2\/comments?post=60708"}],"version-history":[{"count":14,"href":"https:\/\/www.topohvar.at\/topo\/wp-json\/wp\/v2\/pages\/60708\/revisions"}],"predecessor-version":[{"id":61488,"href":"https:\/\/www.topohvar.at\/topo\/wp-json\/wp\/v2\/pages\/60708\/revisions\/61488"}],"up":[{"embeddable":true,"href":"https:\/\/www.topohvar.at\/topo\/wp-json\/wp\/v2\/pages\/97"}],"wp:attachment":[{"href":"https:\/\/www.topohvar.at\/topo\/wp-json\/wp\/v2\/media?parent=60708"}],"curies":[{"name":"wp","href":"https:\/\/api.w.org\/{rel}","templated":true}]}}