{"id":6080,"date":"2018-08-18T08:16:08","date_gmt":"2018-08-18T06:16:08","guid":{"rendered":"https:\/\/www.topohvar.at\/?page_id=6080"},"modified":"2025-05-20T12:32:49","modified_gmt":"2025-05-20T10:32:49","slug":"va-is-07-1","status":"publish","type":"page","link":"https:\/\/www.topohvar.at\/topo\/orte\/va\/va-is-07-1\/","title":{"rendered":"VRBOSKA &#8211; Spomen plo\u010da \u00bbna procelju brodogradili\u0161ta\u00ab"},"content":{"rendered":"<p><strong><img loading=\"lazy\" decoding=\"async\" class=\"alignnone wp-image-38546 size-full\" src=\"https:\/\/www.topohvar.at\/wp-content\/uploads\/2020\/06\/va-is-07-11.jpg\" alt=\"\" width=\"1080\" height=\"530\" srcset=\"https:\/\/www.topohvar.at\/wp-content\/uploads\/2020\/06\/va-is-07-11.jpg 1080w, https:\/\/www.topohvar.at\/wp-content\/uploads\/2020\/06\/va-is-07-11-300x147.jpg 300w, https:\/\/www.topohvar.at\/wp-content\/uploads\/2020\/06\/va-is-07-11-1024x503.jpg 1024w, https:\/\/www.topohvar.at\/wp-content\/uploads\/2020\/06\/va-is-07-11-768x377.jpg 768w\" sizes=\"auto, (max-width: 1080px) 100vw, 1080px\" \/><\/strong><\/p>\n<p><strong>Ime \/ Name<br \/>\n<\/strong>Spomen plo\u010da \u00bbna procelju brodogradili\u0161ta\u00ab \/ Gedenktafel an der Schiffswerft<\/p>\n<p><strong>Code: <\/strong>VA-IS-07\u00a0 \u00a0 \u00a0 \u00a0 \u00a0 \u00a0 \u00a0 \u00a0<strong>\u00a0 \u00a0 \u00a0 \u00a0 \u00a0 \u00a0 \u00a0 \u00a0 \u00a0 <a href=\"https:\/\/www.topohvar.at\/orte\/va\/va-ih-00-0\/\"><img loading=\"lazy\" decoding=\"async\" class=\"alignnone wp-image-12300 size-full\" src=\"https:\/\/www.topohvar.at\/wp-content\/uploads\/2018\/09\/push-vor-30.jpg\" alt=\"\" width=\"61\" height=\"30\" \/><\/a>\u00a0<a href=\"https:\/\/www.topohvar.at\/orte\/va\/va-is-06-1\/\"><img loading=\"lazy\" decoding=\"async\" class=\"alignnone wp-image-533 size-full\" src=\"https:\/\/www.topohvar.at\/wp-content\/uploads\/2018\/07\/push-l-30.jpg\" alt=\"\" width=\"61\" height=\"30\" \/><\/a>\u00a0<a href=\"https:\/\/www.topohvar.at\/orte\/va\/\"><img loading=\"lazy\" decoding=\"async\" class=\"alignnone wp-image-535 size-full\" src=\"https:\/\/www.topohvar.at\/wp-content\/uploads\/2018\/07\/push-o-30.jpg\" alt=\"\" width=\"61\" height=\"30\" \/><\/a>\u00a0<a href=\"https:\/\/www.topohvar.at\/orte\/va\/va-is-08-1\/\"><img loading=\"lazy\" decoding=\"async\" class=\"alignnone wp-image-536 size-full\" src=\"https:\/\/www.topohvar.at\/wp-content\/uploads\/2018\/07\/push-r-30.jpg\" alt=\"\" width=\"61\" height=\"30\" \/><\/a><\/strong><\/p>\n<hr \/>\n<p><strong>Adresa \/ Adresse<br \/>\n<\/strong>Vrboska, Molo Bonda, biv\u0161eg brodogradili\u0161ta \/ ehemalige Werft<\/p>\n<p><strong>Lokalna polo\u017eaj \/ Position<a href=\"https:\/\/goo.gl\/maps\/XURqYwqkByLuD9Fg6\"><img loading=\"lazy\" decoding=\"async\" class=\"alignright wp-image-6271\" src=\"https:\/\/www.topohvar.at\/wp-content\/uploads\/2018\/08\/0853.jpg\" alt=\"\" width=\"134\" height=\"100\" \/><\/a><br \/>\n<\/strong><a href=\"https:\/\/goo.gl\/maps\/XURqYwqkByLuD9Fg6\">Latitude: N 43,18189\u00b0\u00a0 \u00a0 Longitude: E 16,67309\u00b0\u00a0<\/a><strong><br \/>\n<\/strong>Visina \/ H\u00f6he: 1 m<\/p>\n<p><strong>Zemlji\u0161te \/ Grundst\u00fccke<br \/>\n<\/strong>1436<div class='content-column one_half'><div style=\"padding-right:6px;\"><p><strong>Datum snimanja \/ Erfassungsdatum<br \/>\n<\/strong>30.05.2014 10:40:00<\/p>\n<hr \/>\n<p><strong>Informacije<\/strong><\/p>\n<p>Spomen plo\u010da nalazi se na pro\u010delju brodogradili\u0161ta, pri\u010dvr\u0161\u0107ena na kameni nosa\u010d barake. Postavljena je u spomen rada brodogradili\u0161ta u toku NOB-a, kada\u00a0\u00a0 su se u njemu popravljali i naoru\u017eavali brodovi partizanske mornarice.<\/p><\/div><\/div><div class='content-column one_half last_column'><div style=\"padding-right:0px;padding-left:6px;\"><p><strong>Za\u0161titni polo\u017eaj \/ Schutzstellung<br \/>\n<\/strong>&#8211;<\/p>\n<hr \/>\n<p><strong>Info<\/strong><\/p>\n<p>Die Gedenktafel befand sich (2014 nicht mehr vorhanden) an der Vorderseite der Werft, wo sie an einem steinernen Tr\u00e4ger einer Baracke angebracht ist. Das Denkmal wurde errichtet, um der Arbeit in der Werft w\u00e4hrend des Nationalen Befreiungskampfes zu gedenken, in der die Schiffe der Partisanenmarine repariert und bewaffnet wurden.<\/p><\/div><\/div><div class='clear_column'><\/div><div class='content-column one_half'><div style=\"padding-right:6px;\"><p>Spomen plo\u010da postavljena je od Vojnopomorskog muzeja u Splitu i Udru\u017eenja boraca NOR-a Vrboska, 10.9.1970. godine, uz 28-u godi\u0161njicu osnutka Ratne mornarice.<\/p><\/div><\/div><div class='content-column one_half last_column'><div style=\"padding-right:0px;padding-left:6px;\"><p>Die Gedenktafel wurde vom Milit\u00e4r- und Marinemuseum in Split sowie der Vereinigung der Kriegsveteranen des Nationalen Befreiungskampfes von Vrboska am 10. September 1970, dem 28. Jahrestag der Gr\u00fcndung der Marine, errichtet.<\/p><\/div><\/div><div class='clear_column'><\/div><div class='content-column one_half'><div style=\"padding-right:6px;\"><p>Natpis:<\/p>\n<p style=\"text-align: center;\">GODINE 1943 U OVOM<br \/>\nBRODOGRADILI\u0160TU POPRAVLJANI SU<br \/>\nI NAORU\u017dAVANI BRODOVI<br \/>\nMORNARICE NOVJ<\/p>\n<p style=\"text-align: center;\">NAROD VRBOSKE<br \/>\nI JUGOSLAVENSKA<br \/>\nRATNA MORNARICA<\/p>\n<p style=\"text-align: left;\">10. IX 1970.<\/p><\/div><\/div><div class='content-column one_half last_column'><div style=\"padding-right:0px;padding-left:6px;\"><p>Inschrift:<\/p>\n<p style=\"text-align: center;\">Im Jahr 1943 wurden<br \/>\nin dieser Werft<br \/>\ndie Marineschiffe<br \/>\nerneuert und bewaffnet.<\/p>\n<p style=\"text-align: center;\">Das Volk von Vrboska<br \/>\nund die jugoslawische<br \/>\nKriegsmarine<\/p>\n<p style=\"text-align: left;\">10. September 1970.<\/p><\/div><\/div><div class='clear_column'><\/div><\/p>\n<hr \/>\n<div class='content-column one_half'><div style=\"padding-right:6px;\"><p>Na istom brodogradili\u0161tu nalazi se brod P\u010d-56 Partizan III. \/<\/p><\/div><\/div><div class='content-column one_half last_column'><div style=\"padding-right:0px;padding-left:6px;\"><p>Aus dieser Werft stammt das Schiff P\u010d-56 Partizan III.<\/p><\/div><\/div><div class='clear_column'><\/div><\/p>\n<hr \/>\n<p><strong>Linkovi \/ Links<\/strong><\/p>\n<p><span style=\"color: #3366ff;\"><a style=\"color: #3366ff;\" href=\"https:\/\/www.topohvar.at\/orte\/va\/va-tg-12-1\/\">Biv\u0161i mali \u0161kver \/ ehemalige Werft<\/a><\/span><\/p>\n","protected":false},"excerpt":{"rendered":"<p>Ime \/ Name Spomen plo\u010da \u00bbna procelju brodogradili\u0161ta\u00ab \/ Gedenktafel an der Schiffswerft Code: VA-IS-07\u00a0 \u00a0 \u00a0 \u00a0 \u00a0 \u00a0 \u00a0 \u00a0\u00a0 \u00a0 \u00a0 \u00a0 \u00a0 \u00a0 \u00a0 \u00a0 \u00a0 \u00a0\u00a0\u00a0 Adresa \/ Adresse Vrboska, Molo Bonda, biv\u0161eg brodogradili\u0161ta \/ &hellip; <a href=\"https:\/\/www.topohvar.at\/topo\/orte\/va\/va-is-07-1\/\">Weiterlesen <span class=\"meta-nav\">&rarr;<\/span><\/a><\/p>\n","protected":false},"author":1,"featured_media":0,"parent":109,"menu_order":0,"comment_status":"closed","ping_status":"closed","template":"","meta":{"footnotes":""},"class_list":["post-6080","page","type-page","status-publish","hentry"],"_links":{"self":[{"href":"https:\/\/www.topohvar.at\/topo\/wp-json\/wp\/v2\/pages\/6080","targetHints":{"allow":["GET"]}}],"collection":[{"href":"https:\/\/www.topohvar.at\/topo\/wp-json\/wp\/v2\/pages"}],"about":[{"href":"https:\/\/www.topohvar.at\/topo\/wp-json\/wp\/v2\/types\/page"}],"author":[{"embeddable":true,"href":"https:\/\/www.topohvar.at\/topo\/wp-json\/wp\/v2\/users\/1"}],"replies":[{"embeddable":true,"href":"https:\/\/www.topohvar.at\/topo\/wp-json\/wp\/v2\/comments?post=6080"}],"version-history":[{"count":19,"href":"https:\/\/www.topohvar.at\/topo\/wp-json\/wp\/v2\/pages\/6080\/revisions"}],"predecessor-version":[{"id":72112,"href":"https:\/\/www.topohvar.at\/topo\/wp-json\/wp\/v2\/pages\/6080\/revisions\/72112"}],"up":[{"embeddable":true,"href":"https:\/\/www.topohvar.at\/topo\/wp-json\/wp\/v2\/pages\/109"}],"wp:attachment":[{"href":"https:\/\/www.topohvar.at\/topo\/wp-json\/wp\/v2\/media?parent=6080"}],"curies":[{"name":"wp","href":"https:\/\/api.w.org\/{rel}","templated":true}]}}