{"id":60924,"date":"2022-10-02T09:31:31","date_gmt":"2022-10-02T07:31:31","guid":{"rendered":"https:\/\/www.topohvar.at\/topo\/?page_id=60924"},"modified":"2022-10-15T18:33:56","modified_gmt":"2022-10-15T16:33:56","slug":"sb-tr-15-1","status":"publish","type":"page","link":"https:\/\/www.topohvar.at\/topo\/orte\/sb\/sb-tr-15-1\/","title":{"rendered":"SELCA KOD BOGOMOLJA &#8211; Trim \u00bbSB-TR-15\u00ab"},"content":{"rendered":"<p><a name=\"seite_oben\"><\/a><br \/>\n<strong><img loading=\"lazy\" decoding=\"async\" class=\"aligncenter wp-image-60925 size-full\" src=\"https:\/\/www.topohvar.at\/wp-content\/uploads\/2022\/10\/bo-tr-24-10.jpg\" alt=\"\" width=\"1080\" height=\"530\" srcset=\"https:\/\/www.topohvar.at\/wp-content\/uploads\/2022\/10\/bo-tr-24-10.jpg 1080w, https:\/\/www.topohvar.at\/wp-content\/uploads\/2022\/10\/bo-tr-24-10-300x147.jpg 300w, https:\/\/www.topohvar.at\/wp-content\/uploads\/2022\/10\/bo-tr-24-10-1024x503.jpg 1024w, https:\/\/www.topohvar.at\/wp-content\/uploads\/2022\/10\/bo-tr-24-10-768x377.jpg 768w\" sizes=\"auto, (max-width: 1080px) 100vw, 1080px\" \/><\/strong><\/p>\n<p><strong>Ime \/ Name<br \/>\n<\/strong>Trim \u00bbSB-TR-15\u00ab<\/p>\n<p><strong>Code: <\/strong>SB-TR-15\u00a0 \u00a0 \u00a0 \u00a0 \u00a0 \u00a0 \u00a0 \u00a0 \u00a0 \u00a0 \u00a0 \u00a0 \u00a0 \u00a0 <a href=\"https:\/\/www.topohvar.at\/orte\/bo\/bo-tr-00-1\/\"><img loading=\"lazy\" decoding=\"async\" class=\"alignnone wp-image-12300 size-full\" src=\"https:\/\/www.topohvar.at\/wp-content\/uploads\/2018\/09\/push-vor-30.jpg\" alt=\"\" width=\"61\" height=\"30\" \/><\/a>\u00a0<strong><a href=\"https:\/\/www.topohvar.at\/orte\/sb\/sb-tr-09-1\/\"><img loading=\"lazy\" decoding=\"async\" class=\"alignnone wp-image-533 size-full\" src=\"https:\/\/www.topohvar.at\/wp-content\/uploads\/2018\/07\/push-l-30.jpg\" alt=\"\" width=\"61\" height=\"30\" \/><\/a> <a href=\"https:\/\/www.topohvar.at\/orte\/sb\/\"><img loading=\"lazy\" decoding=\"async\" class=\"alignnone wp-image-535 size-full\" src=\"https:\/\/www.topohvar.at\/wp-content\/uploads\/2018\/07\/push-o-30.jpg\" alt=\"\" width=\"61\" height=\"30\" \/><\/a> <a href=\"https:\/\/www.topohvar.at\/orte\/sb\/sb-tr-11-1\/\"><img loading=\"lazy\" decoding=\"async\" class=\"alignnone wp-image-536 size-full\" src=\"https:\/\/www.topohvar.at\/wp-content\/uploads\/2018\/07\/push-r-30.jpg\" alt=\"\" width=\"61\" height=\"30\" \/><\/a><\/strong><\/p>\n<hr \/>\n<p><strong>Adresa \/ Adresse<br \/>\n<\/strong>Selca kod Bogomolja, Lokav<\/p>\n<p><strong>Lokacija \/ Position<a href=\"https:\/\/goo.gl\/maps\/2ybmURdwtiWE97Fs6\"><img loading=\"lazy\" decoding=\"async\" class=\"alignright wp-image-60917\" src=\"https:\/\/www.topohvar.at\/wp-content\/uploads\/2022\/10\/3724.jpg\" alt=\"\" width=\"134\" height=\"100\" \/><\/a><br \/>\n<\/strong><a href=\"https:\/\/goo.gl\/maps\/2ybmURdwtiWE97Fs6\"><span style=\"color: #3366ff;\">Latitude: N 43,13059\u00b0\u00a0 \u00a0Longitude: E 17,04388\u00b0<\/span><\/a> <strong><br \/>\n<\/strong>Visina \/ H\u00f6he: 149 m<\/p>\n<p><strong>Katastarska \u010destica \/ Grundst\u00fccke<br \/>\n<\/strong>4159\/205<div class='content-column one_half'><div style=\"padding-right:6px;\"><p><strong>Datum snimanja \/ Erfassungsdatum<br \/>\n<\/strong>20.09.2022 10:51:06<\/p>\n<hr \/>\n<p><strong>Informacije<\/strong><\/p>\n<p>Prekrasan trim nalazi se na zapadnoj granici Selaca ju\u017eno od DC-116 u predjelu &#8222;Lokav&#8220;. Jednostupanjski trim nalazi se na rubu velikog maslinika. Na ulazu u maslinik nalazi se velika kamena plo\u010da s natpisom. Trim je vrlo pa\u017eljivo napravljen ili obnovljen, vjerojatno nedavno. Prednji dio joj zavr\u0161ava kutom s lijeve strane do kojeg vodi kameni zid. Le\u0111a su mu zapela u hrpi kamenja. Duboki ljevkasti ulaz vodi u ovalnu unutra\u0161njost. Ovdje je ni\u0161a u zidu. Trim je u jako dobrom stanju i kori\u0161ten je.<\/p><\/div><\/div><div class='content-column one_half last_column'><div style=\"padding-right:0px;padding-left:6px;\"><p><strong>Stupanj za\u0161tite \/ Schutzstellung<br \/>\n<\/strong>&#8211;<\/p>\n<hr \/>\n<p><strong>Info<\/strong><\/p>\n<p>Der sch\u00f6ne Trim befindet sich an der westlichen Grenze von Selca s\u00fcdlich der DC-116 im Bereich &#8222;Lokav&#8220;. Der einstufige Trim liegt am Rande eines gro\u00dfen Olivengartens. Am Eingang zum Olivengarten findet sich eine gro\u00dfe Steintafel mit Inschrift. Der Trim wurde sehr sorgf\u00e4ltig, wohl in j\u00fcngerer Zeit, errichtet oder erneuert. Seine Vorderseite endet links in einer Ecke, zu der eine Steinmauer f\u00fchrt. Seine R\u00fcckseite steckt in einem Steinhaufen. Durch den tiefen, trichterf\u00f6rmigen Eingang gelangt man in den ovalern Innenraum. Hier findet sich eine Wandnische. Der Trim ist sehr gut erhalten und wird genutzt.<\/p><\/div><\/div><div class='clear_column'><\/div><div class='content-column one_half'><div style=\"padding-right:6px;\"><div id=\"attachment_61472\" style=\"width: 310px\" class=\"wp-caption aligncenter\"><img loading=\"lazy\" decoding=\"async\" aria-describedby=\"caption-attachment-61472\" class=\"size-medium wp-image-61472\" src=\"https:\/\/www.topohvar.at\/wp-content\/uploads\/2022\/10\/sb-tr-15-13-300x300.jpg\" alt=\"\" width=\"300\" height=\"300\" srcset=\"https:\/\/www.topohvar.at\/wp-content\/uploads\/2022\/10\/sb-tr-15-13-300x300.jpg 300w, https:\/\/www.topohvar.at\/wp-content\/uploads\/2022\/10\/sb-tr-15-13-150x150.jpg 150w, https:\/\/www.topohvar.at\/wp-content\/uploads\/2022\/10\/sb-tr-15-13.jpg 450w\" sizes=\"auto, (max-width: 300px) 100vw, 300px\" \/><p id=\"caption-attachment-61472\" class=\"wp-caption-text\">Ulaz \/ Eingang<\/p><\/div>\n<p>Dana 20.09.2022 trim SB-TR-15 je posje\u0107en i ustanovljeno je sljede\u0107e:<\/p>\n<p>Lokacija: maslinik<br \/>\nPodloga: nako\u0161ena<br \/>\nPovezan s: kamenim zidom<br \/>\nUpotreba: u upotrebi<br \/>\nStanje: vrlo dobro uzdr\u017eati<br \/>\nBroj stepenica trima: 1<br \/>\nDodatni kameni prsten: nema<br \/>\nStepeni\u0161te: nema<br \/>\nOblik kamena: uglast<br \/>\nPodru\u010dje ispred ulaza: lako dostupno<br \/>\nOrijentacija ulaza: J (180\u00b0)<br \/>\nPromjer trima (cm): 490<br \/>\nVisina trima (cm): 240<br \/>\nVisina stepenica (cm): stepenica 1: 190<br \/>\nDebljina zida (cm): 120<br \/>\n\u0160irina vrata (cm): 90<br \/>\nVisina vrata (cm): 130<br \/>\n\u0160irina unutra (cm): 200 &#8211; 250<br \/>\nVisina unutra (cm): 230<br \/>\nVolumen iznutra (m3): 6,67<br \/>\nNi\u0161a 1 (P\/\u0160\/V\/D) (cm): 85 \/ 35 \/ 25 \/ 35<\/p><\/div><\/div><div class='content-column one_half last_column'><div style=\"padding-right:0px;padding-left:6px;\"><div id=\"attachment_61473\" style=\"width: 310px\" class=\"wp-caption aligncenter\"><img loading=\"lazy\" decoding=\"async\" aria-describedby=\"caption-attachment-61473\" class=\"size-medium wp-image-61473\" src=\"https:\/\/www.topohvar.at\/wp-content\/uploads\/2022\/10\/sb-tr-15-14-300x300.jpg\" alt=\"\" width=\"300\" height=\"300\" srcset=\"https:\/\/www.topohvar.at\/wp-content\/uploads\/2022\/10\/sb-tr-15-14-300x300.jpg 300w, https:\/\/www.topohvar.at\/wp-content\/uploads\/2022\/10\/sb-tr-15-14-150x150.jpg 150w, https:\/\/www.topohvar.at\/wp-content\/uploads\/2022\/10\/sb-tr-15-14.jpg 450w\" sizes=\"auto, (max-width: 300px) 100vw, 300px\" \/><p id=\"caption-attachment-61473\" class=\"wp-caption-text\">Ulazna stranica \/ Eingangsseite<\/p><\/div>\n<p>Am 20.09.2022 wurde der Trim SB-TR-15 besucht und n\u00e4her untersucht:<\/p>\n<p>Standort: Olivenhain<br \/>\nUntergrund: geneigt<br \/>\nVerbunden mit: Steinmauer<br \/>\nNutzung: genutzt<br \/>\nZustand: sehr gut erhalten<br \/>\nAnzahl der Trimstufen: 1<br \/>\nZus\u00e4tzlicher Steinring: kein Steinring<br \/>\nStiege: keine<br \/>\nSteinform: kantig<br \/>\nEingangsbereich: frei<br \/>\nEingangsseite: S (180\u00b0)<br \/>\nTrimdurchmesser (cm): 490<br \/>\nTrimh\u00f6he (cm): 240<br \/>\nH\u00f6he der Trimstufen (cm): Stufe 1: 190<br \/>\nWandst\u00e4rke (cm): 120<br \/>\nT\u00fcrbreite (cm): 90<br \/>\nT\u00fcrh\u00f6he (cm): 130<br \/>\nInnenraumbreite (cm): 200 &#8211; 250<br \/>\nInnenraumh\u00f6he (cm): 230<br \/>\nRaumvolumen (m3): 6,67<br \/>\nNische 1 (P\/B\/H\/T) (cm): 85 \/ 35 \/ 25 \/ 35<\/p><\/div><\/div><div class='clear_column'><\/div><\/p>\n<p><img loading=\"lazy\" decoding=\"async\" class=\"aligncenter size-full wp-image-61421\" src=\"https:\/\/www.topohvar.at\/wp-content\/uploads\/2022\/10\/sb-tr-15-scan.jpg\" alt=\"\" width=\"640\" height=\"966\" srcset=\"https:\/\/www.topohvar.at\/wp-content\/uploads\/2022\/10\/sb-tr-15-scan.jpg 640w, https:\/\/www.topohvar.at\/wp-content\/uploads\/2022\/10\/sb-tr-15-scan-199x300.jpg 199w\" sizes=\"auto, (max-width: 640px) 100vw, 640px\" \/><\/p>\n<p style=\"text-align: right;\"><a href=\"#seite_oben\">natrag na vrh \/ Seitenanfang<\/a><\/p>\n<hr \/>\n<p><strong>Linkovi \/ Links<\/strong><\/p>\n<p><span style=\"color: #3366ff;\"><a style=\"color: #3366ff;\" href=\"https:\/\/www.topohvar.at\/topo\/orte\/sb\/sb-mo-01-1\/\">Velika kamena plo\u010da s natpisom \/ Gro\u00dfe Steinplatte mit Inschrift<\/a><\/span><\/p>\n","protected":false},"excerpt":{"rendered":"<p>Ime \/ Name Trim \u00bbSB-TR-15\u00ab Code: SB-TR-15\u00a0 \u00a0 \u00a0 \u00a0 \u00a0 \u00a0 \u00a0 \u00a0 \u00a0 \u00a0 \u00a0 \u00a0 \u00a0 \u00a0 \u00a0 Adresa \/ Adresse Selca kod Bogomolja, Lokav Lokacija \/ Position Latitude: N 43,13059\u00b0\u00a0 \u00a0Longitude: E 17,04388\u00b0 Visina \/ H\u00f6he: &hellip; <a href=\"https:\/\/www.topohvar.at\/topo\/orte\/sb\/sb-tr-15-1\/\">Weiterlesen <span class=\"meta-nav\">&rarr;<\/span><\/a><\/p>\n","protected":false},"author":1,"featured_media":0,"parent":97,"menu_order":0,"comment_status":"closed","ping_status":"closed","template":"","meta":{"footnotes":""},"class_list":["post-60924","page","type-page","status-publish","hentry"],"_links":{"self":[{"href":"https:\/\/www.topohvar.at\/topo\/wp-json\/wp\/v2\/pages\/60924","targetHints":{"allow":["GET"]}}],"collection":[{"href":"https:\/\/www.topohvar.at\/topo\/wp-json\/wp\/v2\/pages"}],"about":[{"href":"https:\/\/www.topohvar.at\/topo\/wp-json\/wp\/v2\/types\/page"}],"author":[{"embeddable":true,"href":"https:\/\/www.topohvar.at\/topo\/wp-json\/wp\/v2\/users\/1"}],"replies":[{"embeddable":true,"href":"https:\/\/www.topohvar.at\/topo\/wp-json\/wp\/v2\/comments?post=60924"}],"version-history":[{"count":12,"href":"https:\/\/www.topohvar.at\/topo\/wp-json\/wp\/v2\/pages\/60924\/revisions"}],"predecessor-version":[{"id":61478,"href":"https:\/\/www.topohvar.at\/topo\/wp-json\/wp\/v2\/pages\/60924\/revisions\/61478"}],"up":[{"embeddable":true,"href":"https:\/\/www.topohvar.at\/topo\/wp-json\/wp\/v2\/pages\/97"}],"wp:attachment":[{"href":"https:\/\/www.topohvar.at\/topo\/wp-json\/wp\/v2\/media?parent=60924"}],"curies":[{"name":"wp","href":"https:\/\/api.w.org\/{rel}","templated":true}]}}