{"id":60982,"date":"2022-10-03T06:52:22","date_gmt":"2022-10-03T04:52:22","guid":{"rendered":"https:\/\/www.topohvar.at\/topo\/?page_id=60982"},"modified":"2022-10-03T08:21:39","modified_gmt":"2022-10-03T06:21:39","slug":"bo-on-02-1","status":"publish","type":"page","link":"https:\/\/www.topohvar.at\/topo\/orte\/bo\/bo-on-02-1\/","title":{"rendered":"BOGOMOLJE &#8211; Objekt \u00bbBalote Glava Maslinova\u00ab"},"content":{"rendered":"<p><a name=\"seite_oben\"><\/a><br \/>\n<img loading=\"lazy\" decoding=\"async\" class=\"alignnone wp-image-60984 size-full\" src=\"https:\/\/www.topohvar.at\/wp-content\/uploads\/2022\/10\/bo-on-02-11.jpg\" alt=\"\" width=\"1080\" height=\"530\" srcset=\"https:\/\/www.topohvar.at\/wp-content\/uploads\/2022\/10\/bo-on-02-11.jpg 1080w, https:\/\/www.topohvar.at\/wp-content\/uploads\/2022\/10\/bo-on-02-11-300x147.jpg 300w, https:\/\/www.topohvar.at\/wp-content\/uploads\/2022\/10\/bo-on-02-11-1024x503.jpg 1024w, https:\/\/www.topohvar.at\/wp-content\/uploads\/2022\/10\/bo-on-02-11-768x377.jpg 768w\" sizes=\"auto, (max-width: 1080px) 100vw, 1080px\" \/><\/p>\n<p><strong>Ime \/ Name<br \/>\n<\/strong>Objekt \u00bbBalote Glava Maslinova\u00ab \/ Balote-Bahn<\/p>\n<p><strong>Code: <\/strong>BO-ON-02\u00a0 \u00a0 \u00a0 \u00a0 \u00a0 \u00a0 \u00a0 \u00a0<strong>\u00a0 \u00a0 \u00a0 \u00a0 \u00a0 \u00a0 \u00a0 \u00a0 <a href=\"https:\/\/www.topohvar.at\/orte\/bo\/bo-or-01-1\/\"><img loading=\"lazy\" decoding=\"async\" class=\"alignnone wp-image-12300 size-full\" src=\"https:\/\/www.topohvar.at\/wp-content\/uploads\/2018\/09\/push-vor-30.jpg\" alt=\"\" width=\"61\" height=\"30\" \/><\/a> <a href=\" https:\/\/www.topohvar.at\/topo\/orte\/bo\/bo-on-01-2\/\"><img loading=\"lazy\" decoding=\"async\" class=\"alignnone wp-image-533 size-full\" src=\"https:\/\/www.topohvar.at\/wp-content\/uploads\/2018\/07\/push-l-30.jpg\" alt=\"\" width=\"61\" height=\"30\" \/><\/a> <a href=\"https:\/\/www.topohvar.at\/orte\/bo\/\"><img loading=\"lazy\" decoding=\"async\" class=\"alignnone wp-image-535 size-full\" src=\"https:\/\/www.topohvar.at\/wp-content\/uploads\/2018\/07\/push-o-30.jpg\" alt=\"\" width=\"61\" height=\"30\" \/><\/a> <a href=\" https:\/\/www.topohvar.at\/topo\/orte\/bo\/bo-pu-01-1\/\"><img loading=\"lazy\" decoding=\"async\" class=\"alignnone wp-image-536 size-full\" src=\"https:\/\/www.topohvar.at\/wp-content\/uploads\/2018\/07\/push-r-30.jpg\" alt=\"\" width=\"61\" height=\"30\" \/><\/a> <a href=\"https:\/\/www.topohvar.at\/topo\/orte\/bo\/bo-og-01-1\/\"><img loading=\"lazy\" decoding=\"async\" class=\"alignnone wp-image-12299 size-full\" src=\"https:\/\/www.topohvar.at\/wp-content\/uploads\/2018\/09\/push-next-30.jpg\" alt=\"\" width=\"61\" height=\"30\" \/><\/a><\/strong><\/p>\n<hr \/>\n<p><strong>Adresa \/ Adresse<br \/>\n<\/strong>Bogomolje, Glava, Ulica Glava maslinova 5<\/p>\n<p><strong>Lokacija \/ Position<a href=\"https:\/\/goo.gl\/maps\/3QKs7Rvbtu1JnecU9\"><img loading=\"lazy\" decoding=\"async\" class=\"alignright wp-image-60983\" src=\"https:\/\/www.topohvar.at\/wp-content\/uploads\/2022\/10\/3738.jpg\" alt=\"\" width=\"133\" height=\"100\" \/><\/a><br \/>\n<\/strong><a href=\"https:\/\/goo.gl\/maps\/3QKs7Rvbtu1JnecU9\"><span style=\"color: #3366ff;\">Latitude: N 43,13167\u00b0\u00a0 \u00a0 Longitude: E 17,00194\u00b0<\/span><\/a><strong><br \/>\n<\/strong>Visina \/ H\u00f6he: 242 m<\/p>\n<p><strong>Katastarska \u010destica<\/strong><strong> \/ Grundst\u00fccke<br \/>\n<\/strong>2717<div class='content-column one_half'><div style=\"padding-right:6px;\"><p><strong>Datum snimanja \/ Erfassungsdatum<br \/>\n<\/strong>21.09.2022 11:36:06<\/p>\n<hr \/>\n<p><strong>Informacije<\/strong><\/p>\n<p>Na ulazu u Glavu, nasuprot javne cisterne, nalazi se (biv\u0161a) Balote.<\/p><\/div><\/div><div class='content-column one_half last_column'><div style=\"padding-right:0px;padding-left:6px;\"><p><strong>Stupanj za\u0161tite<\/strong><strong> \/ Schutzstellung<br \/>\n<\/strong>&#8211;<\/p>\n<hr \/>\n<p><strong>Info<\/strong><\/p>\n<p>Am Ortsanfang von Glava, gegen\u00fcber der \u00f6ffentlichen Zisterne, befindet sich die (ehemalige) Balote-Bahn.<\/p><\/div><\/div><div class='clear_column'><\/div><\/p>\n<p><img loading=\"lazy\" decoding=\"async\" class=\"alignnone size-full wp-image-60987\" src=\"https:\/\/www.topohvar.at\/wp-content\/uploads\/2022\/10\/bo-on-02-23.jpg\" alt=\"\" width=\"1080\" height=\"530\" srcset=\"https:\/\/www.topohvar.at\/wp-content\/uploads\/2022\/10\/bo-on-02-23.jpg 1080w, https:\/\/www.topohvar.at\/wp-content\/uploads\/2022\/10\/bo-on-02-23-300x147.jpg 300w, https:\/\/www.topohvar.at\/wp-content\/uploads\/2022\/10\/bo-on-02-23-1024x503.jpg 1024w, https:\/\/www.topohvar.at\/wp-content\/uploads\/2022\/10\/bo-on-02-23-768x377.jpg 768w\" sizes=\"auto, (max-width: 1080px) 100vw, 1080px\" \/><\/p>\n<div class='content-column one_half'><div style=\"padding-right:6px;\"><p style=\"text-align: center;\">Zadrzimo stare obicaje Bogomolje 1982<br \/>\n-\/-<br \/>\nErhalten wir die alten Br\u00e4uche von Bogomolje im Jahr 1982 beibehalten<\/p><\/div><\/div><div class='content-column one_half last_column'><div style=\"padding-right:0px;padding-left:6px;\"><p style=\"text-align: center;\">Balote Glava Maslinova<br \/>\n-\/-<br \/>\nBalote (Boccia) Glava Maslinova<\/p><\/div><\/div><div class='clear_column'><\/div><div class='content-column one_half'><div style=\"padding-right:6px;\"><p><img loading=\"lazy\" decoding=\"async\" class=\"size-full wp-image-60988\" src=\"https:\/\/www.topohvar.at\/wp-content\/uploads\/2022\/10\/bo-on-02-5.jpg\" alt=\"\" width=\"315\" height=\"315\" srcset=\"https:\/\/www.topohvar.at\/wp-content\/uploads\/2022\/10\/bo-on-02-5.jpg 315w, https:\/\/www.topohvar.at\/wp-content\/uploads\/2022\/10\/bo-on-02-5-300x300.jpg 300w, https:\/\/www.topohvar.at\/wp-content\/uploads\/2022\/10\/bo-on-02-5-150x150.jpg 150w\" sizes=\"auto, (max-width: 315px) 100vw, 315px\" \/><\/p><\/div><\/div><div class='content-column one_half last_column'><div style=\"padding-right:0px;padding-left:6px;\"><p>&nbsp;<\/p>\n<p style=\"text-align: center;\">Organizacija Maher<\/p>\n<p style=\"text-align: center;\">-\/-<\/p>\n<p style=\"text-align: center;\">Organisation Maher<\/p><\/div><\/div><div class='clear_column'><\/div><div class='content-column one_half'><div style=\"padding-right:6px;\"><p><img loading=\"lazy\" decoding=\"async\" class=\"size-full wp-image-60989\" src=\"https:\/\/www.topohvar.at\/wp-content\/uploads\/2022\/10\/bo-on-02-6.jpg\" alt=\"\" width=\"315\" height=\"315\" srcset=\"https:\/\/www.topohvar.at\/wp-content\/uploads\/2022\/10\/bo-on-02-6.jpg 315w, https:\/\/www.topohvar.at\/wp-content\/uploads\/2022\/10\/bo-on-02-6-300x300.jpg 300w, https:\/\/www.topohvar.at\/wp-content\/uploads\/2022\/10\/bo-on-02-6-150x150.jpg 150w\" sizes=\"auto, (max-width: 315px) 100vw, 315px\" \/><\/p><\/div><\/div><div class='content-column one_half last_column'><div style=\"padding-right:0px;padding-left:6px;\"><p>&nbsp;<\/p>\n<p style=\"text-align: center;\">Hvala na<br \/>\nDobrov. Prilogu<\/p>\n<p style=\"text-align: center;\">-\/-<\/p>\n<p style=\"text-align: center;\">Danke f\u00fcr die<br \/>\nfreiwilligen Spenden<\/p><\/div><\/div><div class='clear_column'><\/div><div class='content-column one_half'><div style=\"padding-right:6px;\"><p><img loading=\"lazy\" decoding=\"async\" class=\"size-full wp-image-60990\" src=\"https:\/\/www.topohvar.at\/wp-content\/uploads\/2022\/10\/bo-on-02-7.jpg\" alt=\"\" width=\"315\" height=\"315\" srcset=\"https:\/\/www.topohvar.at\/wp-content\/uploads\/2022\/10\/bo-on-02-7.jpg 315w, https:\/\/www.topohvar.at\/wp-content\/uploads\/2022\/10\/bo-on-02-7-300x300.jpg 300w, https:\/\/www.topohvar.at\/wp-content\/uploads\/2022\/10\/bo-on-02-7-150x150.jpg 150w\" sizes=\"auto, (max-width: 315px) 100vw, 315px\" \/><\/p><\/div><\/div><div class='content-column one_half last_column'><div style=\"padding-right:0px;padding-left:6px;\"><p style=\"text-align: center;\">Balotarsko igrali\u0161te<br \/>\nBra\u0107e Matija\u0161evi\u0107<\/p>\n<p style=\"text-align: center;\">-\/-<\/p>\n<p style=\"text-align: center;\">Bociabahn<br \/>\nBr\u00fcder Matija\u0161evi\u0107<br \/>\nTonko i Pi\u0107o<\/p><\/div><\/div><div class='clear_column'><\/div><\/p>\n<p style=\"text-align: right;\"><a href=\"#seite_oben\">natrag na vrh \/ Seitenanfang<\/a><\/p>\n<hr \/>\n<p><strong>Linkovi \/ Links<\/strong><\/p>\n<p><span style=\"color: #3366ff;\">&#8211;<\/span><\/p>\n","protected":false},"excerpt":{"rendered":"<p>Ime \/ Name Objekt \u00bbBalote Glava Maslinova\u00ab \/ Balote-Bahn Code: BO-ON-02\u00a0 \u00a0 \u00a0 \u00a0 \u00a0 \u00a0 \u00a0 \u00a0\u00a0 \u00a0 \u00a0 \u00a0 \u00a0 \u00a0 \u00a0 \u00a0 Adresa \/ Adresse Bogomolje, Glava, Ulica Glava maslinova 5 Lokacija \/ Position Latitude: N 43,13167\u00b0\u00a0 &hellip; <a href=\"https:\/\/www.topohvar.at\/topo\/orte\/bo\/bo-on-02-1\/\">Weiterlesen <span class=\"meta-nav\">&rarr;<\/span><\/a><\/p>\n","protected":false},"author":1,"featured_media":0,"parent":63,"menu_order":0,"comment_status":"closed","ping_status":"closed","template":"","meta":{"footnotes":""},"class_list":["post-60982","page","type-page","status-publish","hentry"],"_links":{"self":[{"href":"https:\/\/www.topohvar.at\/topo\/wp-json\/wp\/v2\/pages\/60982","targetHints":{"allow":["GET"]}}],"collection":[{"href":"https:\/\/www.topohvar.at\/topo\/wp-json\/wp\/v2\/pages"}],"about":[{"href":"https:\/\/www.topohvar.at\/topo\/wp-json\/wp\/v2\/types\/page"}],"author":[{"embeddable":true,"href":"https:\/\/www.topohvar.at\/topo\/wp-json\/wp\/v2\/users\/1"}],"replies":[{"embeddable":true,"href":"https:\/\/www.topohvar.at\/topo\/wp-json\/wp\/v2\/comments?post=60982"}],"version-history":[{"count":8,"href":"https:\/\/www.topohvar.at\/topo\/wp-json\/wp\/v2\/pages\/60982\/revisions"}],"predecessor-version":[{"id":60996,"href":"https:\/\/www.topohvar.at\/topo\/wp-json\/wp\/v2\/pages\/60982\/revisions\/60996"}],"up":[{"embeddable":true,"href":"https:\/\/www.topohvar.at\/topo\/wp-json\/wp\/v2\/pages\/63"}],"wp:attachment":[{"href":"https:\/\/www.topohvar.at\/topo\/wp-json\/wp\/v2\/media?parent=60982"}],"curies":[{"name":"wp","href":"https:\/\/api.w.org\/{rel}","templated":true}]}}