{"id":61049,"date":"2022-10-04T06:58:49","date_gmt":"2022-10-04T04:58:49","guid":{"rendered":"https:\/\/www.topohvar.at\/topo\/?page_id=61049"},"modified":"2022-10-25T11:00:48","modified_gmt":"2022-10-25T09:00:48","slug":"bo-tr-26-1","status":"publish","type":"page","link":"https:\/\/www.topohvar.at\/topo\/orte\/bo\/bo-tr-26-1\/","title":{"rendered":"BOGOMOLJE &#8211; Trim \u00bbBO-TR-26\u00ab"},"content":{"rendered":"<p><a name=\"seite_oben\"><\/a><br \/>\n<strong><img loading=\"lazy\" decoding=\"async\" class=\"aligncenter wp-image-61051 size-full\" src=\"https:\/\/www.topohvar.at\/wp-content\/uploads\/2022\/10\/bo-tr-26-10.jpg\" alt=\"\" width=\"1080\" height=\"530\" srcset=\"https:\/\/www.topohvar.at\/wp-content\/uploads\/2022\/10\/bo-tr-26-10.jpg 1080w, https:\/\/www.topohvar.at\/wp-content\/uploads\/2022\/10\/bo-tr-26-10-300x147.jpg 300w, https:\/\/www.topohvar.at\/wp-content\/uploads\/2022\/10\/bo-tr-26-10-1024x503.jpg 1024w, https:\/\/www.topohvar.at\/wp-content\/uploads\/2022\/10\/bo-tr-26-10-768x377.jpg 768w\" sizes=\"auto, (max-width: 1080px) 100vw, 1080px\" \/><\/strong><\/p>\n<p><strong>Ime \/ Name<br \/>\n<\/strong>Trim \u00bbBO-TR-26\u00ab<\/p>\n<p><strong>Code: <\/strong>BO-TR-26\u00a0 \u00a0 \u00a0 \u00a0 \u00a0 \u00a0 \u00a0 \u00a0 \u00a0 \u00a0 \u00a0 \u00a0 \u00a0 \u00a0 <a href=\"https:\/\/www.topohvar.at\/orte\/bo\/bo-tr-00-1\/\"><img loading=\"lazy\" decoding=\"async\" class=\"alignnone wp-image-12300 size-full\" src=\"https:\/\/www.topohvar.at\/wp-content\/uploads\/2018\/09\/push-vor-30.jpg\" alt=\"\" width=\"61\" height=\"30\" \/><\/a>\u00a0<strong><a href=\"https:\/\/www.topohvar.at\/orte\/bo\/bo-tr-19-2\/\"><img loading=\"lazy\" decoding=\"async\" class=\"alignnone wp-image-533 size-full\" src=\"https:\/\/www.topohvar.at\/wp-content\/uploads\/2018\/07\/push-l-30.jpg\" alt=\"\" width=\"61\" height=\"30\" \/><\/a> <a href=\"https:\/\/www.topohvar.at\/orte\/bo\/\"><img loading=\"lazy\" decoding=\"async\" class=\"alignnone wp-image-535 size-full\" src=\"https:\/\/www.topohvar.at\/wp-content\/uploads\/2018\/07\/push-o-30.jpg\" alt=\"\" width=\"61\" height=\"30\" \/><\/a> <a href=\"https:\/\/www.topohvar.at\/orte\/bo\/bo-tr-08-1\/\"><img loading=\"lazy\" decoding=\"async\" class=\"alignnone wp-image-536 size-full\" src=\"https:\/\/www.topohvar.at\/wp-content\/uploads\/2018\/07\/push-r-30.jpg\" alt=\"\" width=\"61\" height=\"30\" \/><\/a><\/strong><\/p>\n<hr \/>\n<p><strong>Adresa \/ Adresse<br \/>\n<\/strong>Bogomolje<\/p>\n<p><strong>Lokacija \/ Position<a href=\"https:\/\/goo.gl\/maps\/Q18TvDtNK3LC5xrG6\"><img loading=\"lazy\" decoding=\"async\" class=\"alignright wp-image-61050\" src=\"https:\/\/www.topohvar.at\/wp-content\/uploads\/2022\/10\/3754.jpg\" alt=\"\" width=\"134\" height=\"100\" \/><\/a><br \/>\n<\/strong><span style=\"color: #3366ff;\"><a style=\"color: #3366ff;\" href=\"https:\/\/goo.gl\/maps\/Q18TvDtNK3LC5xrG6\">Latitude: N 43,13393\u00b0\u00a0 \u00a0Longitude: E 17,01444\u00b0<\/a><\/span> <strong><br \/>\n<\/strong>Visina \/ H\u00f6he: 211 m<\/p>\n<p><strong>Katastarska \u010destica \/ Grundst\u00fccke<br \/>\n<\/strong>3403, 3404 <div class='content-column one_half'><div style=\"padding-right:6px;\"><p><strong>Datum snimanja \/ Erfassungsdatum<br \/>\n<\/strong>21.09.2022 10:10:51<\/p>\n<hr \/>\n<p><strong>Informacije<\/strong><\/p>\n<p>Skloni\u0161te u obliku trima nalazi se u masliniku isto\u010dno od sela. Stra\u017enja strana mu je u velikoj hrpi kamenja, a prednja strana ima veliki otvor. Pristup je bio zarastao. U pravokutnom interijeru nalazi se klupa za sjedenje. Trim se vi\u0161e ne koristi.<\/p><\/div><\/div><div class='content-column one_half last_column'><div style=\"padding-right:0px;padding-left:6px;\"><p><strong>Stupanj za\u0161tite \/ Schutzstellung<br \/>\n<\/strong>&#8211;<\/p>\n<hr \/>\n<p><strong>Info<\/strong><\/p>\n<p>Der trimartige Unterstand befindet sich in einem Olivengarten \u00f6stlich der Ortschaft. Seine R\u00fcckseite steckt in einem gro\u00dfen Steinhaufen, seine Vorderseite besitzt eine gro\u00dfe \u00d6ffnung. Der Zugang war verwachsen. Im rechteckigen Innenraum findet sich eine Sitzbank. Der Trim wird nicht mehr genutzt.<\/p><\/div><\/div><div class='clear_column'><\/div><div class='content-column one_half'><div style=\"padding-right:6px;\"><div id=\"attachment_61568\" style=\"width: 310px\" class=\"wp-caption aligncenter\"><img loading=\"lazy\" decoding=\"async\" aria-describedby=\"caption-attachment-61568\" class=\"size-medium wp-image-61568\" src=\"https:\/\/www.topohvar.at\/wp-content\/uploads\/2022\/10\/bo-tr-26-21-300x300.jpg\" alt=\"\" width=\"300\" height=\"300\" srcset=\"https:\/\/www.topohvar.at\/wp-content\/uploads\/2022\/10\/bo-tr-26-21-300x300.jpg 300w, https:\/\/www.topohvar.at\/wp-content\/uploads\/2022\/10\/bo-tr-26-21-150x150.jpg 150w, https:\/\/www.topohvar.at\/wp-content\/uploads\/2022\/10\/bo-tr-26-21.jpg 450w\" sizes=\"auto, (max-width: 300px) 100vw, 300px\" \/><p id=\"caption-attachment-61568\" class=\"wp-caption-text\">Ulaz sa sjedi\u0161tem \/ Eingang mit Sitzbank<\/p><\/div>\n<p>Dana 21.09.2022 trim BO-TR-26 je posje\u0107en i ustanovljeno je sljede\u0107e:<\/p>\n<p>Lokacija: maslinik<br \/>\nPodloga: ravna<br \/>\nPovezan s: kamenim zidom , nesre\u0111nom kamenom gomilom<br \/>\nUpotreba: ne koristi se<br \/>\nStanje: dobro, prekriven vegetacijom<br \/>\nBroj stepenica trima: 1<br \/>\nDodatni kameni prsten: nema prstena<br \/>\nStepeni\u0161te: nema<br \/>\nOblik kamena: plosnat<br \/>\nPodru\u010dje ispred ulaza: zaraslo<br \/>\nOrijentacija ulaza: Z (260\u00b0)<br \/>\nPromjer trima (cm): 270<br \/>\nVisina trima (cm): 190<br \/>\nVisina stepenica (cm): stepenica 1: 170<br \/>\nDebljina zida (cm): 50<br \/>\n\u0160irina vrata (cm): 80<br \/>\nVisina vrata (cm): 140<br \/>\n\u0160irina unutra (cm): 80 &#8211; 170<br \/>\nVisina unutra (cm): 170<br \/>\nVolumen iznutra (m3): 2,20<br \/>\nNema ni\u0161e<\/p><\/div><\/div><div class='content-column one_half last_column'><div style=\"padding-right:0px;padding-left:6px;\"><div id=\"attachment_61569\" style=\"width: 310px\" class=\"wp-caption aligncenter\"><img loading=\"lazy\" decoding=\"async\" aria-describedby=\"caption-attachment-61569\" class=\"size-medium wp-image-61569\" src=\"https:\/\/www.topohvar.at\/wp-content\/uploads\/2022\/10\/bo-tr-26-22-300x300.jpg\" alt=\"\" width=\"300\" height=\"300\" srcset=\"https:\/\/www.topohvar.at\/wp-content\/uploads\/2022\/10\/bo-tr-26-22-300x300.jpg 300w, https:\/\/www.topohvar.at\/wp-content\/uploads\/2022\/10\/bo-tr-26-22-150x150.jpg 150w, https:\/\/www.topohvar.at\/wp-content\/uploads\/2022\/10\/bo-tr-26-22.jpg 450w\" sizes=\"auto, (max-width: 300px) 100vw, 300px\" \/><p id=\"caption-attachment-61569\" class=\"wp-caption-text\">Pogled prema zapadu \/ Blick nach Westen<\/p><\/div>\n<p>Am 21.09.2022 wurde der Trim BO-TR-26 besucht und n\u00e4her untersucht:<\/p>\n<p>Standort: Olivenhain<br \/>\nUntergrund: eben<br \/>\nVerbunden mit: Steinmauer , Steinhaufen ungeordnet<br \/>\nNutzung: ungenutzt<br \/>\nZustand: gut, verwachsen<br \/>\nAnzahl der Trimstufen: 1<br \/>\nZus\u00e4tzlicher Steinring: kein Steinring<br \/>\nStiege: keine<br \/>\nSteinform: plattig<br \/>\nEingangsbereich: verwachsen<br \/>\nEingangsseite: W (260\u00b0)<br \/>\nTrimdurchmesser (cm): 270<br \/>\nTrimh\u00f6he (cm): 190<br \/>\nH\u00f6he der Trimstufen (cm): Stufe 1: 170<br \/>\nWandst\u00e4rke (cm): 50<br \/>\nT\u00fcrbreite (cm): 80<br \/>\nT\u00fcrh\u00f6he (cm): 140<br \/>\nInnenraumbreite (cm): 80 &#8211; 170<br \/>\nInnenraumh\u00f6he (cm): 170<br \/>\nRaumvolumen (m3): 2,20<br \/>\nKeine Nische<\/p><\/div><\/div><div class='clear_column'><\/div><\/p>\n<p><img loading=\"lazy\" decoding=\"async\" class=\"aligncenter size-full wp-image-61526\" src=\"https:\/\/www.topohvar.at\/wp-content\/uploads\/2022\/10\/bo-tr-26-scan.jpg\" alt=\"\" width=\"640\" height=\"932\" srcset=\"https:\/\/www.topohvar.at\/wp-content\/uploads\/2022\/10\/bo-tr-26-scan.jpg 640w, https:\/\/www.topohvar.at\/wp-content\/uploads\/2022\/10\/bo-tr-26-scan-206x300.jpg 206w\" sizes=\"auto, (max-width: 640px) 100vw, 640px\" \/><\/p>\n<p style=\"text-align: right;\"><a href=\"#seite_oben\">natrag na vrh \/ Seitenanfang<\/a><\/p>\n<hr \/>\n<p><strong>Linkovi \/ Links<\/strong><\/p>\n<p>&#8211;<\/p>\n","protected":false},"excerpt":{"rendered":"<p>Ime \/ Name Trim \u00bbBO-TR-26\u00ab Code: BO-TR-26\u00a0 \u00a0 \u00a0 \u00a0 \u00a0 \u00a0 \u00a0 \u00a0 \u00a0 \u00a0 \u00a0 \u00a0 \u00a0 \u00a0 \u00a0 Adresa \/ Adresse Bogomolje Lokacija \/ Position Latitude: N 43,13393\u00b0\u00a0 \u00a0Longitude: E 17,01444\u00b0 Visina \/ H\u00f6he: 211 m Katastarska &hellip; <a href=\"https:\/\/www.topohvar.at\/topo\/orte\/bo\/bo-tr-26-1\/\">Weiterlesen <span class=\"meta-nav\">&rarr;<\/span><\/a><\/p>\n","protected":false},"author":1,"featured_media":0,"parent":63,"menu_order":0,"comment_status":"closed","ping_status":"closed","template":"","meta":{"footnotes":""},"class_list":["post-61049","page","type-page","status-publish","hentry"],"_links":{"self":[{"href":"https:\/\/www.topohvar.at\/topo\/wp-json\/wp\/v2\/pages\/61049","targetHints":{"allow":["GET"]}}],"collection":[{"href":"https:\/\/www.topohvar.at\/topo\/wp-json\/wp\/v2\/pages"}],"about":[{"href":"https:\/\/www.topohvar.at\/topo\/wp-json\/wp\/v2\/types\/page"}],"author":[{"embeddable":true,"href":"https:\/\/www.topohvar.at\/topo\/wp-json\/wp\/v2\/users\/1"}],"replies":[{"embeddable":true,"href":"https:\/\/www.topohvar.at\/topo\/wp-json\/wp\/v2\/comments?post=61049"}],"version-history":[{"count":10,"href":"https:\/\/www.topohvar.at\/topo\/wp-json\/wp\/v2\/pages\/61049\/revisions"}],"predecessor-version":[{"id":61601,"href":"https:\/\/www.topohvar.at\/topo\/wp-json\/wp\/v2\/pages\/61049\/revisions\/61601"}],"up":[{"embeddable":true,"href":"https:\/\/www.topohvar.at\/topo\/wp-json\/wp\/v2\/pages\/63"}],"wp:attachment":[{"href":"https:\/\/www.topohvar.at\/topo\/wp-json\/wp\/v2\/media?parent=61049"}],"curies":[{"name":"wp","href":"https:\/\/api.w.org\/{rel}","templated":true}]}}