{"id":61098,"date":"2022-10-04T11:42:27","date_gmt":"2022-10-04T09:42:27","guid":{"rendered":"https:\/\/www.topohvar.at\/topo\/?page_id=61098"},"modified":"2022-10-25T09:15:27","modified_gmt":"2022-10-25T07:15:27","slug":"bo-tr-23-1","status":"publish","type":"page","link":"https:\/\/www.topohvar.at\/topo\/orte\/bo\/bo-tr-23-1\/","title":{"rendered":"BOGOMOLJE &#8211; Trim \u00bbBO-TR-23\u00ab"},"content":{"rendered":"<p><a name=\"seite_oben\"><\/a><br \/>\n<strong><img loading=\"lazy\" decoding=\"async\" class=\"aligncenter wp-image-61100 size-full\" src=\"https:\/\/www.topohvar.at\/wp-content\/uploads\/2022\/10\/bo-tr-23-10.jpg\" alt=\"\" width=\"1080\" height=\"530\" srcset=\"https:\/\/www.topohvar.at\/wp-content\/uploads\/2022\/10\/bo-tr-23-10.jpg 1080w, https:\/\/www.topohvar.at\/wp-content\/uploads\/2022\/10\/bo-tr-23-10-300x147.jpg 300w, https:\/\/www.topohvar.at\/wp-content\/uploads\/2022\/10\/bo-tr-23-10-1024x503.jpg 1024w, https:\/\/www.topohvar.at\/wp-content\/uploads\/2022\/10\/bo-tr-23-10-768x377.jpg 768w\" sizes=\"auto, (max-width: 1080px) 100vw, 1080px\" \/><\/strong><\/p>\n<p><strong>Ime \/ Name<br \/>\n<\/strong>Trim \u00bbBO-TR-23\u00ab<\/p>\n<p><strong>Code: <\/strong>BO-TR-23\u00a0 \u00a0 \u00a0 \u00a0 \u00a0 \u00a0 \u00a0 \u00a0 \u00a0 \u00a0 \u00a0 \u00a0 \u00a0 \u00a0 <a href=\"https:\/\/www.topohvar.at\/orte\/bo\/bo-tr-00-1\/\"><img loading=\"lazy\" decoding=\"async\" class=\"alignnone wp-image-12300 size-full\" src=\"https:\/\/www.topohvar.at\/wp-content\/uploads\/2018\/09\/push-vor-30.jpg\" alt=\"\" width=\"61\" height=\"30\" \/><\/a>\u00a0<strong><a href=\"https:\/\/www.topohvar.at\/orte\/bo\/bo-tr-07-1\/\"><img loading=\"lazy\" decoding=\"async\" class=\"alignnone wp-image-533 size-full\" src=\"https:\/\/www.topohvar.at\/wp-content\/uploads\/2018\/07\/push-l-30.jpg\" alt=\"\" width=\"61\" height=\"30\" \/><\/a> <a href=\"https:\/\/www.topohvar.at\/orte\/bo\/\"><img loading=\"lazy\" decoding=\"async\" class=\"alignnone wp-image-535 size-full\" src=\"https:\/\/www.topohvar.at\/wp-content\/uploads\/2018\/07\/push-o-30.jpg\" alt=\"\" width=\"61\" height=\"30\" \/><\/a> <a href=\"https:\/\/www.topohvar.at\/orte\/bo\/bo-tr-24-1\/\"><img loading=\"lazy\" decoding=\"async\" class=\"alignnone wp-image-536 size-full\" src=\"https:\/\/www.topohvar.at\/wp-content\/uploads\/2018\/07\/push-r-30.jpg\" alt=\"\" width=\"61\" height=\"30\" \/><\/a><\/strong><\/p>\n<hr \/>\n<p><strong>Adresa \/ Adresse<br \/>\n<\/strong>Bogomolje, Vela gomila<\/p>\n<p><strong>Lokacija \/ Position<a href=\"https:\/\/goo.gl\/maps\/DcPYn7VNRwJYBm8U7\"><img loading=\"lazy\" decoding=\"async\" class=\"alignright wp-image-61099\" src=\"https:\/\/www.topohvar.at\/wp-content\/uploads\/2022\/10\/3762.jpg\" alt=\"\" width=\"134\" height=\"100\" \/><\/a><br \/>\n<\/strong><a href=\"https:\/\/goo.gl\/maps\/DcPYn7VNRwJYBm8U7\"><span style=\"color: #3366ff;\">Latitude: N 43,12500\u00b0\u00a0 \u00a0Longitude: E 17,00737\u00b0<\/span><\/a> <strong><br \/>\n<\/strong>Visina \/ H\u00f6he: 235 m<\/p>\n<p><strong>Katastarska \u010destica \/ Grundst\u00fccke<br \/>\n<\/strong>2502\/26<div class='content-column one_half'><div style=\"padding-right:6px;\"><p><strong>Datum snimanja \/ Erfassungsdatum<br \/>\n<\/strong>23.09.2022 12:06:10<\/p>\n<hr \/>\n<p><strong>Informacije<\/strong><\/p>\n<p>Prekrasni trim, jugoisto\u010dno od sela, nalazi se na rubu maslinika u predjelu Vela gomila. Prednji dio jednostupanjskog trima zavr\u0161ava u istaknutom kutu s desne strane. Visoki, uski ulaz vodi u okruglu, relativno visoku unutra\u0161njost. BO-OP-73 cisterna s pjoverom povr\u0161inom grani\u010di sa stra\u017enjom stranom trima.<\/p><\/div><\/div><div class='content-column one_half last_column'><div style=\"padding-right:0px;padding-left:6px;\"><p><strong>Stupanj za\u0161tite \/ Schutzstellung<br \/>\n<\/strong>&#8211;<\/p>\n<hr \/>\n<p><strong>Info<\/strong><\/p>\n<p>Der sch\u00f6ne Trim, s\u00fcd\u00f6stlich der Ortschaft, befindet sich am Rand eines Olivengartens im Bereich Vela gomila. Die Vorderseite des einstufigen Trims endet rechts in einer markanten Ecke. Durch den hohen, schmalen Eingang gelangt man in den runden, relativ hohen Innenraum. An die R\u00fcckseite des Trims grenzt die Zisterne BO-OP-73 mit einer Wasserauffangfl\u00e4che.<\/p><\/div><\/div><div class='clear_column'><\/div><div class='content-column one_half'><div style=\"padding-right:6px;\"><div id=\"attachment_61543\" style=\"width: 310px\" class=\"wp-caption aligncenter\"><img loading=\"lazy\" decoding=\"async\" aria-describedby=\"caption-attachment-61543\" class=\"size-medium wp-image-61543\" src=\"https:\/\/www.topohvar.at\/wp-content\/uploads\/2022\/10\/bo-tr-23-21-300x300.jpg\" alt=\"\" width=\"300\" height=\"300\" srcset=\"https:\/\/www.topohvar.at\/wp-content\/uploads\/2022\/10\/bo-tr-23-21-300x300.jpg 300w, https:\/\/www.topohvar.at\/wp-content\/uploads\/2022\/10\/bo-tr-23-21-150x150.jpg 150w, https:\/\/www.topohvar.at\/wp-content\/uploads\/2022\/10\/bo-tr-23-21.jpg 450w\" sizes=\"auto, (max-width: 300px) 100vw, 300px\" \/><p id=\"caption-attachment-61543\" class=\"wp-caption-text\">Ulaz \/ Eingang<\/p><\/div>\n<p>Dana 23.09.2022 trim BO-TR-23 je posje\u0107en i ustanovljeno je sljede\u0107e:<\/p>\n<p>Lokacija: maslinik<br \/>\nPodloga: ravna<br \/>\nPovezan s: kamenim zidom , pjoverom<br \/>\nUpotreba: malo se koristi<br \/>\nStanje: dobro sa\u010duvan<br \/>\nBroj stepenica trima: 1<br \/>\nDodatni kameni prsten: nema kamenog prstena<br \/>\nStepeni\u0161te: nema<br \/>\nOblik kamena: mje\u0161ovit<br \/>\nPodru\u010dje ispred ulaza: lako dostupno<br \/>\nOrijentacija ulaza: SZ (300\u00b0)<br \/>\nPromjer trima (cm): 300<br \/>\nVisina trima (cm): 240<br \/>\nVisina stepenica (cm): stepenica 1: 160<br \/>\nDebljina zida (cm): 70<br \/>\n\u0160irina vrata (cm): 55<br \/>\nVisina vrata (cm): 120<br \/>\n\u0160irina unutra (cm): 160<br \/>\nVisina unutra (cm): 220<br \/>\nVolumen iznutra (m3): 3,01<br \/>\nNema ni\u0161e<\/p><\/div><\/div><div class='content-column one_half last_column'><div style=\"padding-right:0px;padding-left:6px;\"><div id=\"attachment_61544\" style=\"width: 310px\" class=\"wp-caption aligncenter\"><img loading=\"lazy\" decoding=\"async\" aria-describedby=\"caption-attachment-61544\" class=\"size-medium wp-image-61544\" src=\"https:\/\/www.topohvar.at\/wp-content\/uploads\/2022\/10\/bo-tr-23-22-300x300.jpg\" alt=\"\" width=\"300\" height=\"300\" srcset=\"https:\/\/www.topohvar.at\/wp-content\/uploads\/2022\/10\/bo-tr-23-22-300x300.jpg 300w, https:\/\/www.topohvar.at\/wp-content\/uploads\/2022\/10\/bo-tr-23-22-150x150.jpg 150w, https:\/\/www.topohvar.at\/wp-content\/uploads\/2022\/10\/bo-tr-23-22.jpg 450w\" sizes=\"auto, (max-width: 300px) 100vw, 300px\" \/><p id=\"caption-attachment-61544\" class=\"wp-caption-text\">Pogled prema sjeveru \/ Blick nach Norden<\/p><\/div>\n<p>Am 23.09.2022 wurde der Trim BO-TR-23 besucht und n\u00e4her untersucht:<\/p>\n<p>Standort: Olivenhain<br \/>\nUntergrund: eben<br \/>\nVerbunden mit: Steinmauer , Wasserauffangbecken<br \/>\nNutzung: kaum genutzt<br \/>\nZustand: gut erhalten<br \/>\nAnzahl der Trimstufen: 1<br \/>\nZus\u00e4tzlicher Steinring: kein Steinring<br \/>\nStiege: keine<br \/>\nSteinform: gemischt<br \/>\nEingangsbereich: frei<br \/>\nEingangsseite: NW (300\u00b0)<br \/>\nTrimdurchmesser (cm): 300<br \/>\nTrimh\u00f6he (cm): 240<br \/>\nH\u00f6he der Trimstufen (cm): Stufe 1: 160<br \/>\nWandst\u00e4rke (cm): 70<br \/>\nT\u00fcrbreite (cm): 55<br \/>\nT\u00fcrh\u00f6he (cm): 120<br \/>\nInnenraumbreite (cm): 160<br \/>\nInnenraumh\u00f6he (cm): 220<br \/>\nRaumvolumen (m3): 3,01<br \/>\nKeine Nische<\/p><\/div><\/div><div class='clear_column'><\/div><\/p>\n<p><img loading=\"lazy\" decoding=\"async\" class=\"aligncenter size-full wp-image-61511\" src=\"https:\/\/www.topohvar.at\/wp-content\/uploads\/2022\/10\/bo-tr-23-scan.jpg\" alt=\"\" width=\"640\" height=\"956\" srcset=\"https:\/\/www.topohvar.at\/wp-content\/uploads\/2022\/10\/bo-tr-23-scan.jpg 640w, https:\/\/www.topohvar.at\/wp-content\/uploads\/2022\/10\/bo-tr-23-scan-201x300.jpg 201w\" sizes=\"auto, (max-width: 640px) 100vw, 640px\" \/><\/p>\n<p style=\"text-align: right;\"><a href=\"#seite_oben\">natrag na vrh \/ Seitenanfang<\/a><\/p>\n<hr \/>\n<p><strong>Linkovi \/ Links<\/strong><\/p>\n<p><span style=\"color: #3366ff;\"><a style=\"color: #3366ff;\" href=\"https:\/\/www.topohvar.at\/orte\/bo\/bo-op-00-0\/#op-73\">Gustirna \/ Zisterne \u00bbBO-OP-73\u00ab<\/a><\/span><\/p>\n","protected":false},"excerpt":{"rendered":"<p>Ime \/ Name Trim \u00bbBO-TR-23\u00ab Code: BO-TR-23\u00a0 \u00a0 \u00a0 \u00a0 \u00a0 \u00a0 \u00a0 \u00a0 \u00a0 \u00a0 \u00a0 \u00a0 \u00a0 \u00a0 \u00a0 Adresa \/ Adresse Bogomolje, Vela gomila Lokacija \/ Position Latitude: N 43,12500\u00b0\u00a0 \u00a0Longitude: E 17,00737\u00b0 Visina \/ H\u00f6he: 235 &hellip; <a href=\"https:\/\/www.topohvar.at\/topo\/orte\/bo\/bo-tr-23-1\/\">Weiterlesen <span class=\"meta-nav\">&rarr;<\/span><\/a><\/p>\n","protected":false},"author":1,"featured_media":0,"parent":63,"menu_order":0,"comment_status":"closed","ping_status":"closed","template":"","meta":{"footnotes":""},"class_list":["post-61098","page","type-page","status-publish","hentry"],"_links":{"self":[{"href":"https:\/\/www.topohvar.at\/topo\/wp-json\/wp\/v2\/pages\/61098","targetHints":{"allow":["GET"]}}],"collection":[{"href":"https:\/\/www.topohvar.at\/topo\/wp-json\/wp\/v2\/pages"}],"about":[{"href":"https:\/\/www.topohvar.at\/topo\/wp-json\/wp\/v2\/types\/page"}],"author":[{"embeddable":true,"href":"https:\/\/www.topohvar.at\/topo\/wp-json\/wp\/v2\/users\/1"}],"replies":[{"embeddable":true,"href":"https:\/\/www.topohvar.at\/topo\/wp-json\/wp\/v2\/comments?post=61098"}],"version-history":[{"count":10,"href":"https:\/\/www.topohvar.at\/topo\/wp-json\/wp\/v2\/pages\/61098\/revisions"}],"predecessor-version":[{"id":61591,"href":"https:\/\/www.topohvar.at\/topo\/wp-json\/wp\/v2\/pages\/61098\/revisions\/61591"}],"up":[{"embeddable":true,"href":"https:\/\/www.topohvar.at\/topo\/wp-json\/wp\/v2\/pages\/63"}],"wp:attachment":[{"href":"https:\/\/www.topohvar.at\/topo\/wp-json\/wp\/v2\/media?parent=61098"}],"curies":[{"name":"wp","href":"https:\/\/api.w.org\/{rel}","templated":true}]}}