{"id":6133,"date":"2018-08-18T09:05:41","date_gmt":"2018-08-18T07:05:41","guid":{"rendered":"https:\/\/www.topohvar.at\/?page_id=6133"},"modified":"2020-03-02T08:45:05","modified_gmt":"2020-03-02T07:45:05","slug":"va-tg-09-1","status":"publish","type":"page","link":"https:\/\/www.topohvar.at\/topo\/orte\/va\/va-tg-09-1\/","title":{"rendered":"VRBOSKA &#8211; Ljetnikovac \u00bbs goti\u010dkim stilskim obilje\u017ejima\u00ab"},"content":{"rendered":"<p><strong><img loading=\"lazy\" decoding=\"async\" class=\"aligncenter wp-image-24566 size-large\" src=\"https:\/\/www.topohvar.at\/wp-content\/uploads\/2019\/10\/va-tg-10-1-1-1024x503.jpg\" alt=\"\" width=\"640\" height=\"314\" srcset=\"https:\/\/www.topohvar.at\/wp-content\/uploads\/2019\/10\/va-tg-10-1-1-1024x503.jpg 1024w, https:\/\/www.topohvar.at\/wp-content\/uploads\/2019\/10\/va-tg-10-1-1-300x147.jpg 300w, https:\/\/www.topohvar.at\/wp-content\/uploads\/2019\/10\/va-tg-10-1-1-768x377.jpg 768w, https:\/\/www.topohvar.at\/wp-content\/uploads\/2019\/10\/va-tg-10-1-1.jpg 1080w\" sizes=\"auto, (max-width: 640px) 100vw, 640px\" \/><\/strong><\/p>\n<p><strong>Ime \/ Name<br \/>\n<\/strong>Ljetnikovac \u00bbs goti\u010dkim stilskim obilje\u017ejima\u00ab \/ Sommerhaus mit gotischen Stilmerkmalen<\/p>\n<p><strong>Code: <\/strong>VA-TG-09\u00a0 \u00a0 \u00a0 \u00a0 \u00a0 \u00a0 \u00a0 \u00a0<strong>\u00a0 \u00a0 \u00a0 \u00a0 \u00a0 \u00a0 \u00a0 \u00a0 \u00a0 \u00a0<a href=\"https:\/\/www.topohvar.at\/orte\/va\/va-tg-02-1\/\"><img loading=\"lazy\" decoding=\"async\" class=\"alignnone wp-image-533 size-full\" src=\"https:\/\/www.topohvar.at\/wp-content\/uploads\/2018\/07\/push-l-30.jpg\" alt=\"\" width=\"61\" height=\"30\" \/><\/a>\u00a0<a href=\"https:\/\/www.topohvar.at\/orte\/va\/\"><img loading=\"lazy\" decoding=\"async\" class=\"alignnone wp-image-535 size-full\" src=\"https:\/\/www.topohvar.at\/wp-content\/uploads\/2018\/07\/push-o-30.jpg\" alt=\"\" width=\"61\" height=\"30\" \/><\/a>\u00a0<a href=\"https:\/\/www.topohvar.at\/orte\/va\/va-tg-04-1\/\"><img loading=\"lazy\" decoding=\"async\" class=\"alignnone wp-image-536 size-full\" src=\"https:\/\/www.topohvar.at\/wp-content\/uploads\/2018\/07\/push-r-30.jpg\" alt=\"\" width=\"61\" height=\"30\" \/><\/a><\/strong><\/p>\n<hr \/>\n<p><strong>Adresa \/ Adresse<br \/>\n<\/strong>Vrboska, Riva<\/p>\n<p><strong>Lokalna polo\u017eaj \/ Position<a href=\"https:\/\/goo.gl\/maps\/y8FL4frUCkmc5q5v5\"><img loading=\"lazy\" decoding=\"async\" class=\"alignright wp-image-24565\" src=\"https:\/\/www.topohvar.at\/wp-content\/uploads\/2019\/10\/2099.jpg\" alt=\"\" width=\"133\" height=\"100\" \/><\/a><br \/>\n<\/strong><span style=\"color: #3366ff;\"><a style=\"color: #3366ff;\" href=\"https:\/\/goo.gl\/maps\/y8FL4frUCkmc5q5v5\">Latitude: N 43,18119\u00b0\u00a0 \u00a0 Longitude: E 16,67054\u00b0<\/a>\u00a0<\/span><strong><br \/>\n<\/strong>Visina \/ H\u00f6he: 1 m<\/p>\n<p><strong>Zemlji\u0161te \/ Grundst\u00fccke<br \/>\n<\/strong>*150\/1<div class='content-column one_half'><div style=\"padding-right:6px;\"><p><strong>Datum snimanja \/ Erfassungsdatum<br \/>\n<\/strong>16.10.2019 12:54:00<\/p>\n<hr \/>\n<p><strong>Informacije<\/strong><\/p>\n<p>Na otocima Visu i Hvaru sa\u010duvan je, osim ulomaka ljetnikovca Fazani\u0107 u Starom Gradu, samo jedan ljetnikovac s goti\u010dkim stilskim obilje\u017ejima, a mo\u017ee se datirati u kraj 15. ili sam po\u010detak 16. stolje\u0107a. Nalazi se u Vrboskoj, preko puta neostilske zgrade ribarnice.<\/p><\/div><\/div><div class='content-column one_half last_column'><div style=\"padding-right:0px;padding-left:6px;\"><p><strong>Za\u0161titni polo\u017eaj \/ Schutzstellung<br \/>\n<\/strong>&#8211;<\/p>\n<hr \/>\n<p><strong>Info<\/strong><\/p>\n<p>Auf den Inseln Vis und Hvar, abgesehen von den Fragmenten der Sommerresidenz Fazani\u0107 in Stari Grad, gibt es nur ein Sommerhaus mit gotischen Stilmerkmalen, die auf das Ende des 15. oder Anfang des 16. Jh. datiert werden kann. Es befindet sich in Vrboska, gegen\u00fcber eines neueren Fischhalle.<\/p><\/div><\/div><div class='clear_column'><\/div><div class='content-column one_half'><div style=\"padding-right:6px;\"><p>lspred glavnog, sjevernog pro\u010delja nalazi se duga\u010dko, ogra\u0111eno dvori\u0161te, a u za\u010delju je tako\u0111er ogra\u0111eni vrt. U prizemlju ku\u0107e je gospodarski prostor, a na katu stambeni. Na kat se iz dvori\u0161ta prilazi vanjskim stubi\u0161tem. Ovdje je okrugli reljef na nadvratniku\u00a0iznad ulaza s profiliranim okvirom.\u00a0 Ovaj ljetnikovac je znatno preina\u010den u kasnijim stolje\u0107ima, posebice prigradnjama u za\u010delju sklopa.\u00a0Danas ovdje je restoran &#8222;Bonaca&#8220;.<\/p><\/div><\/div><div class='content-column one_half last_column'><div style=\"padding-right:0px;padding-left:6px;\"><p>Vor der Nordfassade befindet sich ein langer, umz\u00e4unter Hof und hinter dem Haus noch ein umz\u00e4unter Garten. Im Erdgeschoss des Hauses befinden sich Wirtschafts- und im Stock dar\u00fcber Wohnr\u00e4ume. In den ersten Stock gelangt man vom Hof aus \u00fcber eine Au\u00dfentreppe. Hier befindet sich auch \u00fcber dem Eingang mit profiliertem Rahmen ein Rundrelief. Das Haus wurde in den sp\u00e4teren Jahrhunderten vor allem durch Zubauten an der R\u00fcckseite des Komplexes erheblich ver\u00e4ndert. Heute befindet sich hier das Restaurant &#8222;Bonaca&#8220;.<\/p><\/div><\/div><div class='clear_column'><\/div><div class='content-column one_half'><div style=\"padding-right:6px;\"><p>Zanimljivo je da sli\u010dnu prostornu organizaciju ima ve\u0107ina ljetnikovaca sagra\u0111enih u kasnijim stolje\u010dima, iz \u010dega se mo\u017ee zaklju\u010diti da su osnove prostorne organizacije hvarskih ljetnikovaca, barem onih smje\u0161tenih unutar naselja, postavljene ve\u0107 u 15. stolje\u0107u.<\/p><\/div><\/div><div class='content-column one_half last_column'><div style=\"padding-right:0px;padding-left:6px;\"><p>Es ist interessant, dass die meisten der Sommerh\u00e4user die in den sp\u00e4teren Jahrhunderten gebaut wurden eine \u00e4hnliche r\u00e4umliche Organisation aufweisen. Daraus l\u00e4sst sich ableiten, dass die Grundlagen der r\u00e4umlichen Organisation der Hvarer Sommerh\u00e4user, zumindest der H\u00e4user innerhalb von Siedlungen, bereits im 15. Jh. entstanden sind.<\/p><\/div><\/div><div class='clear_column'><\/div><\/p>\n<p style=\"text-align: center;\"><em>(Izvor \/ Quelle: Ladanjska izgradnja prostora hvarske komune: Nik\u0161a Petri\u0107 &#8211; Ambroz Tudor)<\/em><\/p>\n<hr \/>\n<p><strong>Linkovi \/ Links<\/strong><\/p>\n<p><span style=\"color: #3366ff;\"><a style=\"color: #3366ff;\" href=\"https:\/\/www.topohvar.at\/topo\/orte\/va\/va-ir-04-1\/\">Reljef \/ Relief \u00bbIHS\u00ab<\/a><\/span><\/p>\n","protected":false},"excerpt":{"rendered":"<p>Ime \/ Name Ljetnikovac \u00bbs goti\u010dkim stilskim obilje\u017ejima\u00ab \/ Sommerhaus mit gotischen Stilmerkmalen Code: VA-TG-09\u00a0 \u00a0 \u00a0 \u00a0 \u00a0 \u00a0 \u00a0 \u00a0\u00a0 \u00a0 \u00a0 \u00a0 \u00a0 \u00a0 \u00a0 \u00a0 \u00a0 \u00a0\u00a0\u00a0 Adresa \/ Adresse Vrboska, Riva Lokalna polo\u017eaj \/ Position &hellip; <a href=\"https:\/\/www.topohvar.at\/topo\/orte\/va\/va-tg-09-1\/\">Weiterlesen <span class=\"meta-nav\">&rarr;<\/span><\/a><\/p>\n","protected":false},"author":1,"featured_media":0,"parent":109,"menu_order":0,"comment_status":"closed","ping_status":"closed","template":"","meta":{"footnotes":""},"class_list":["post-6133","page","type-page","status-publish","hentry"],"_links":{"self":[{"href":"https:\/\/www.topohvar.at\/topo\/wp-json\/wp\/v2\/pages\/6133","targetHints":{"allow":["GET"]}}],"collection":[{"href":"https:\/\/www.topohvar.at\/topo\/wp-json\/wp\/v2\/pages"}],"about":[{"href":"https:\/\/www.topohvar.at\/topo\/wp-json\/wp\/v2\/types\/page"}],"author":[{"embeddable":true,"href":"https:\/\/www.topohvar.at\/topo\/wp-json\/wp\/v2\/users\/1"}],"replies":[{"embeddable":true,"href":"https:\/\/www.topohvar.at\/topo\/wp-json\/wp\/v2\/comments?post=6133"}],"version-history":[{"count":12,"href":"https:\/\/www.topohvar.at\/topo\/wp-json\/wp\/v2\/pages\/6133\/revisions"}],"predecessor-version":[{"id":32018,"href":"https:\/\/www.topohvar.at\/topo\/wp-json\/wp\/v2\/pages\/6133\/revisions\/32018"}],"up":[{"embeddable":true,"href":"https:\/\/www.topohvar.at\/topo\/wp-json\/wp\/v2\/pages\/109"}],"wp:attachment":[{"href":"https:\/\/www.topohvar.at\/topo\/wp-json\/wp\/v2\/media?parent=6133"}],"curies":[{"name":"wp","href":"https:\/\/api.w.org\/{rel}","templated":true}]}}