{"id":6135,"date":"2018-08-18T09:07:14","date_gmt":"2018-08-18T07:07:14","guid":{"rendered":"https:\/\/www.topohvar.at\/?page_id=6135"},"modified":"2020-06-19T22:19:43","modified_gmt":"2020-06-19T20:19:43","slug":"va-tg-07-1","status":"publish","type":"page","link":"https:\/\/www.topohvar.at\/topo\/orte\/va\/va-tg-07-1\/","title":{"rendered":"VRBOSKA &#8211; Zgrada gospodarske \u00bbBiv\u0161e tvornice sardina\u00ab"},"content":{"rendered":"<p><strong><img loading=\"lazy\" decoding=\"async\" class=\"alignnone wp-image-6013 size-large\" src=\"https:\/\/www.topohvar.at\/wp-content\/uploads\/2018\/08\/va-tg-07-0-1024x503.jpg\" alt=\"\" width=\"640\" height=\"314\" srcset=\"https:\/\/www.topohvar.at\/wp-content\/uploads\/2018\/08\/va-tg-07-0-1024x503.jpg 1024w, https:\/\/www.topohvar.at\/wp-content\/uploads\/2018\/08\/va-tg-07-0-300x147.jpg 300w, https:\/\/www.topohvar.at\/wp-content\/uploads\/2018\/08\/va-tg-07-0-768x377.jpg 768w, https:\/\/www.topohvar.at\/wp-content\/uploads\/2018\/08\/va-tg-07-0.jpg 1080w\" sizes=\"auto, (max-width: 640px) 100vw, 640px\" \/><\/strong><\/p>\n<p><strong>Ime \/ Name<br \/>\n<\/strong>Zgrada gospodarske \u00bbBiv\u0161e tvornice sardina\u00ab \/ ehemalige Sardinenfabrik<\/p>\n<p><strong>Code: <\/strong>VA-TG-07\u00a0 \u00a0 \u00a0 \u00a0 \u00a0 \u00a0 \u00a0 \u00a0<strong>\u00a0 \u00a0 \u00a0 \u00a0 \u00a0 \u00a0 \u00a0 \u00a0 \u00a0 \u00a0<a href=\"https:\/\/www.topohvar.at\/orte\/va\/va-tg-03-1\/\"><img loading=\"lazy\" decoding=\"async\" class=\"alignnone wp-image-533 size-full\" src=\"https:\/\/www.topohvar.at\/wp-content\/uploads\/2018\/07\/push-l-30.jpg\" alt=\"\" width=\"61\" height=\"30\" \/><\/a>\u00a0<a href=\"https:\/\/www.topohvar.at\/orte\/va\/\"><img loading=\"lazy\" decoding=\"async\" class=\"alignnone wp-image-535 size-full\" src=\"https:\/\/www.topohvar.at\/wp-content\/uploads\/2018\/07\/push-o-30.jpg\" alt=\"\" width=\"61\" height=\"30\" \/><\/a>\u00a0<a href=\"https:\/\/www.topohvar.at\/orte\/va\/va-tg-12-1\/\"><img loading=\"lazy\" decoding=\"async\" class=\"alignnone wp-image-536 size-full\" src=\"https:\/\/www.topohvar.at\/wp-content\/uploads\/2018\/07\/push-r-30.jpg\" alt=\"\" width=\"61\" height=\"30\" \/><\/a><\/strong><\/p>\n<hr \/>\n<p><strong>Adresa \/ Adresse<br \/>\n<\/strong>Vrboska, Molo Bonda<\/p>\n<p><strong>Lokalna polo\u017eaj \/ Position<a href=\"https:\/\/goo.gl\/maps\/Tnq28p5Hzjn59HQF7\"><img loading=\"lazy\" decoding=\"async\" class=\"alignright wp-image-6395\" src=\"https:\/\/www.topohvar.at\/wp-content\/uploads\/2018\/08\/1040.jpg\" alt=\"\" width=\"134\" height=\"100\" \/><\/a><br \/>\n<\/strong><span style=\"color: #3366ff;\"><a style=\"color: #3366ff;\" href=\"https:\/\/goo.gl\/maps\/Tnq28p5Hzjn59HQF7\">Latitude: N 43,18218\u00b0\u00a0 \u00a0 Longitude: E 16,67255\u00b0\u00a0<\/a><\/span><strong><br \/>\n<\/strong>Visina \/ H\u00f6he: 5 m<\/p>\n<p><strong>Zemlji\u0161te \/ Grundst\u00fccke<br \/>\n<\/strong>*366, 811\/2, 811\/3<div class='content-column one_half'><div style=\"padding-right:6px;\"><p><strong>Datum snimanja \/ Erfassungsdatum<br \/>\n<\/strong>06.05.2016 11:05:20<\/p>\n<hr \/>\n<p><strong>Informacije<\/strong><\/p>\n<p>Na Moloj bondi, oko 100 metara isto\u010dno od oto\u010di\u0107a uzdi\u017ee se zdanje \u00abFabrike sardina\u00bb koju je francuska kompanija Societe Generale Francaise utemeljila 1894. godine. Sardine i srdele iz ove tvornice bilo su izrazito tra\u017eene zbog tehnologije pakiranja u maslinovom ulju koje je konzerviranoj ribi davalo posebno dobar okus. Postrojenje je ugasnulo 1972. godine, a povijesna je ironija htjela da to bude i godina otvaranja Ribarskog muzeja. Ribarstvo, nekad glavna vrbova\u010dka djelatnost, danas je spalo na simboli\u010dnu razinu ustupiv\u0161i mjesto nezaobilaznom turizmu.<\/p><\/div><\/div><div class='content-column one_half last_column'><div style=\"padding-right:0px;padding-left:6px;\"><p><strong>Za\u0161titni polo\u017eaj \/ Schutzstellung<br \/>\n<\/strong>(P-827)<\/p>\n<hr \/>\n<p><strong>Info<\/strong><\/p>\n<p>In Molo Bonda, etwa 100 Meter \u00f6stlich der Insel, wurde 1894 die &#8222;Sardinenfabrik&#8220; von der franz\u00f6sischen Firma Generale Francaise errichtet. Sardinen und Sardellen dieser Fabrik waren wegen ihrer Konservierung in Oliven\u00f6l, das den Fischen einen besonders guten Geschmack gab, sehr gesucht. Die Anlage wurde 1972 geschlossen, im gleichen Jahr wurde das Fischereimuseum er\u00f6ffnet. Der Fischfang, einst eine Hauptaktivit\u00e4t, ist jetzt auf ein symbolisches Niveau gefallen und hat dem unvermeidlichen Tourismus Platz gemacht.<\/p><\/div><\/div><div class='clear_column'><\/div><\/p>\n<p><img loading=\"lazy\" decoding=\"async\" class=\"aligncenter size-large wp-image-29578\" src=\"https:\/\/www.topohvar.at\/wp-content\/uploads\/2020\/01\/va-tg-07-7-1024x503.jpg\" alt=\"\" width=\"640\" height=\"314\" srcset=\"https:\/\/www.topohvar.at\/wp-content\/uploads\/2020\/01\/va-tg-07-7-1024x503.jpg 1024w, https:\/\/www.topohvar.at\/wp-content\/uploads\/2020\/01\/va-tg-07-7-300x147.jpg 300w, https:\/\/www.topohvar.at\/wp-content\/uploads\/2020\/01\/va-tg-07-7-768x377.jpg 768w, https:\/\/www.topohvar.at\/wp-content\/uploads\/2020\/01\/va-tg-07-7.jpg 1080w\" sizes=\"auto, (max-width: 640px) 100vw, 640px\" \/><\/p>\n<p style=\"text-align: center;\"><em>(VRBOSKA, Dinko Odak, Zagreb 2008)<\/em><\/p>\n<hr \/>\n<div class='content-column one_half'><div style=\"padding-right:6px;\"><p>Zgrada je registrirana 13. 05. 2007. godine pod brojem P-827 pod kulturnih dobara Republike Hrvatske.<\/p><\/div><\/div><div class='content-column one_half last_column'><div style=\"padding-right:0px;padding-left:6px;\"><p>Die Geb\u00e4ude wurden am 13. 05. 2007 mit der Nummer P-827 unter den Kulturg\u00fctern der Republik Kroatien registriert.<\/p><\/div><\/div><div class='clear_column'><\/div><\/p>\n<hr \/>\n<p><strong>Linkovi \/ Links<\/strong><\/p>\n<p><span style=\"color: #3366ff;\">&#8211;<\/span><\/p>\n","protected":false},"excerpt":{"rendered":"<p>Ime \/ Name Zgrada gospodarske \u00bbBiv\u0161e tvornice sardina\u00ab \/ ehemalige Sardinenfabrik Code: VA-TG-07\u00a0 \u00a0 \u00a0 \u00a0 \u00a0 \u00a0 \u00a0 \u00a0\u00a0 \u00a0 \u00a0 \u00a0 \u00a0 \u00a0 \u00a0 \u00a0 \u00a0 \u00a0\u00a0\u00a0 Adresa \/ Adresse Vrboska, Molo Bonda Lokalna polo\u017eaj \/ Position Latitude: &hellip; <a href=\"https:\/\/www.topohvar.at\/topo\/orte\/va\/va-tg-07-1\/\">Weiterlesen <span class=\"meta-nav\">&rarr;<\/span><\/a><\/p>\n","protected":false},"author":1,"featured_media":0,"parent":109,"menu_order":0,"comment_status":"closed","ping_status":"closed","template":"","meta":{"footnotes":""},"class_list":["post-6135","page","type-page","status-publish","hentry"],"_links":{"self":[{"href":"https:\/\/www.topohvar.at\/topo\/wp-json\/wp\/v2\/pages\/6135","targetHints":{"allow":["GET"]}}],"collection":[{"href":"https:\/\/www.topohvar.at\/topo\/wp-json\/wp\/v2\/pages"}],"about":[{"href":"https:\/\/www.topohvar.at\/topo\/wp-json\/wp\/v2\/types\/page"}],"author":[{"embeddable":true,"href":"https:\/\/www.topohvar.at\/topo\/wp-json\/wp\/v2\/users\/1"}],"replies":[{"embeddable":true,"href":"https:\/\/www.topohvar.at\/topo\/wp-json\/wp\/v2\/comments?post=6135"}],"version-history":[{"count":16,"href":"https:\/\/www.topohvar.at\/topo\/wp-json\/wp\/v2\/pages\/6135\/revisions"}],"predecessor-version":[{"id":38597,"href":"https:\/\/www.topohvar.at\/topo\/wp-json\/wp\/v2\/pages\/6135\/revisions\/38597"}],"up":[{"embeddable":true,"href":"https:\/\/www.topohvar.at\/topo\/wp-json\/wp\/v2\/pages\/109"}],"wp:attachment":[{"href":"https:\/\/www.topohvar.at\/topo\/wp-json\/wp\/v2\/media?parent=6135"}],"curies":[{"name":"wp","href":"https:\/\/api.w.org\/{rel}","templated":true}]}}