{"id":6139,"date":"2018-08-18T09:10:38","date_gmt":"2018-08-18T07:10:38","guid":{"rendered":"https:\/\/www.topohvar.at\/?page_id=6139"},"modified":"2020-11-22T05:31:50","modified_gmt":"2020-11-22T04:31:50","slug":"va-tr-07-1","status":"publish","type":"page","link":"https:\/\/www.topohvar.at\/topo\/orte\/va\/va-tr-07-1\/","title":{"rendered":"VRBOSKA &#8211; Trim \u00bbVA-TR-07\u00ab"},"content":{"rendered":"<p><a name=\"seite_oben\"><\/a><br \/>\n<strong><img loading=\"lazy\" decoding=\"async\" class=\"alignnone wp-image-6021 size-large\" src=\"https:\/\/www.topohvar.at\/wp-content\/uploads\/2018\/08\/va-tr-07-0-1024x503.jpg\" alt=\"\" width=\"640\" height=\"314\" srcset=\"https:\/\/www.topohvar.at\/wp-content\/uploads\/2018\/08\/va-tr-07-0-1024x503.jpg 1024w, https:\/\/www.topohvar.at\/wp-content\/uploads\/2018\/08\/va-tr-07-0-300x147.jpg 300w, https:\/\/www.topohvar.at\/wp-content\/uploads\/2018\/08\/va-tr-07-0-768x377.jpg 768w, https:\/\/www.topohvar.at\/wp-content\/uploads\/2018\/08\/va-tr-07-0.jpg 1080w\" sizes=\"auto, (max-width: 640px) 100vw, 640px\" \/><\/strong><\/p>\n<p><strong>Ime \/ Name<br \/>\n<\/strong>Trim \u00bbVA-TR-07\u00ab<\/p>\n<p><strong>Code: <\/strong>VA-TR-07\u00a0 \u00a0 \u00a0 \u00a0 \u00a0 \u00a0 \u00a0 \u00a0<strong>\u00a0 \u00a0 \u00a0 \u00a0 \u00a0 \u00a0 \u00a0 \u00a0 \u00a0 <a href=\"https:\/\/www.topohvar.at\/orte\/va\/va-tr-00-1\/\"><img loading=\"lazy\" decoding=\"async\" class=\"alignnone wp-image-12300 size-full\" src=\"https:\/\/www.topohvar.at\/wp-content\/uploads\/2018\/09\/push-vor-30.jpg\" alt=\"\" width=\"61\" height=\"30\" \/><\/a> <a href=\"https:\/\/www.topohvar.at\/orte\/va\/va-tr-01-1\/\"><img loading=\"lazy\" decoding=\"async\" class=\"alignnone wp-image-533 size-full\" src=\"https:\/\/www.topohvar.at\/wp-content\/uploads\/2018\/07\/push-l-30.jpg\" alt=\"\" width=\"61\" height=\"30\" \/><\/a>\u00a0<a href=\"https:\/\/www.topohvar.at\/orte\/va\/\"><img loading=\"lazy\" decoding=\"async\" class=\"alignnone wp-image-535 size-full\" src=\"https:\/\/www.topohvar.at\/wp-content\/uploads\/2018\/07\/push-o-30.jpg\" alt=\"\" width=\"61\" height=\"30\" \/><\/a>\u00a0<a href=\"https:\/\/www.topohvar.at\/orte\/va\/va-tr-03-1\/\"><img loading=\"lazy\" decoding=\"async\" class=\"alignnone wp-image-536 size-full\" src=\"https:\/\/www.topohvar.at\/wp-content\/uploads\/2018\/07\/push-r-30.jpg\" alt=\"\" width=\"61\" height=\"30\" \/><\/a><\/strong><\/p>\n<hr \/>\n<p><strong>Adresa \/ Adresse<br \/>\n<\/strong>Vrboska,\u00a0Polje, ju\u017eno od ceste DC-116 \/ s\u00fcdlich der Landesstra\u00dfe Nr. 116<\/p>\n<p><strong>Lokalna polo\u017eaj \/ Position<a href=\"https:\/\/goo.gl\/maps\/ZP86us3J7T7dwPQVA\"><img loading=\"lazy\" decoding=\"async\" class=\"alignright wp-image-6407\" src=\"https:\/\/www.topohvar.at\/wp-content\/uploads\/2018\/08\/0920.jpg\" alt=\"\" width=\"133\" height=\"100\" \/><\/a><br \/>\n<\/strong><span style=\"color: #3366ff;\"><a style=\"color: #3366ff;\" href=\"https:\/\/goo.gl\/maps\/ZP86us3J7T7dwPQVA\">Latitude: N 43,16985\u00b0\u00a0 \u00a0 Longitude: E 16,66008\u00b0\u00a0<\/a><\/span><strong><br \/>\n<\/strong>Visina \/ H\u00f6he: 53 m<\/p>\n<p><strong>Zemlji\u0161te \/ Grundst\u00fccke<br \/>\n<\/strong>2119\/1<div class='content-column one_half'><div style=\"padding-right:6px;\"><p><strong>Datum snimanja \/ Erfassungsdatum<br \/>\n<\/strong>17.05.2015 11:06:14<\/p>\n<hr \/>\n<p><strong>Informacije<\/strong><\/p>\n<p>Trim se nalazi u masliniku ju\u017eno od glavne ceste DC-116 i integriran je u suhozid. Pristup donjoj unutra\u0161njosti je zarastao. Trim se vi\u0161e ne koristi.<\/p><\/div><\/div><div class='content-column one_half last_column'><div style=\"padding-right:0px;padding-left:6px;\"><p><strong>Za\u0161titni polo\u017eaj \/ Schutzstellung<br \/>\n<\/strong>&#8211;<\/p>\n<hr \/>\n<p><strong>Info<\/strong><\/p>\n<p>Der Trim befindet sich in einem Olivengarten s\u00fcdlich der Hauptstra\u00dfe DC-116 und ist in eine Trockensteinmauer integriert. Der Zugang in das tiefer liegende Innere ist verwachsen. Der Trim wird nicht mehr genutzt.<\/p><\/div><\/div><div class='clear_column'><\/div><div class='content-column one_half'><div style=\"padding-right:6px;\"><div id=\"attachment_23343\" style=\"width: 310px\" class=\"wp-caption aligncenter\"><img loading=\"lazy\" decoding=\"async\" aria-describedby=\"caption-attachment-23343\" class=\"wp-image-23343 size-medium\" src=\"https:\/\/www.topohvar.at\/wp-content\/uploads\/2019\/07\/va-tr-07-11-300x300.jpg\" alt=\"\" width=\"300\" height=\"300\" srcset=\"https:\/\/www.topohvar.at\/wp-content\/uploads\/2019\/07\/va-tr-07-11-300x300.jpg 300w, https:\/\/www.topohvar.at\/wp-content\/uploads\/2019\/07\/va-tr-07-11-150x150.jpg 150w, https:\/\/www.topohvar.at\/wp-content\/uploads\/2019\/07\/va-tr-07-11.jpg 450w\" sizes=\"auto, (max-width: 300px) 100vw, 300px\" \/><p id=\"caption-attachment-23343\" class=\"wp-caption-text\">Ulaz \/ Eingang<\/p><\/div>\n<p>Dana 08.05.2019 trim je posje\u0107en i prona\u0111en je sljede\u0107i<\/p>\n<p>Lokacija: maslinik<br \/>\nPodzemlje: ravan<br \/>\nSklop: bri\u017ena kamena gomila<br \/>\nUpotreba: ne koristi<br \/>\nStanje izgradnje: dobro sa\u010duvan<br \/>\nBroj prstenova trima: jedan prsten<br \/>\nDodatni kameni prsten: kameni prsten djelomi\u010dno<br \/>\nStepeni\u0161te: nema stepenica<br \/>\nOblik kamena: uglast<br \/>\nPodru\u010dje ispred ulaza: kamena<br \/>\nVrata na stranicu: SI (50\u00b0)<br \/>\nPromjer trima (cm): 340<br \/>\nVisina trima (cm): 280<br \/>\nVisina prstena (cm): 200<br \/>\nDebljina zida (cm): 70<br \/>\n\u0160irina vrata (cm): 55<br \/>\nVisina vrata (cm): 115<br \/>\n\u0160irina unutra (cm): 200<br \/>\nVisina unutra (cm): 230<br \/>\nVolumen iznutra (m3): 4,87<br \/>\nNema ni\u0161e<\/p><\/div><\/div><div class='content-column one_half last_column'><div style=\"padding-right:0px;padding-left:6px;\"><div id=\"attachment_23344\" style=\"width: 310px\" class=\"wp-caption aligncenter\"><img loading=\"lazy\" decoding=\"async\" aria-describedby=\"caption-attachment-23344\" class=\"size-medium wp-image-23344\" src=\"https:\/\/www.topohvar.at\/wp-content\/uploads\/2019\/07\/va-tr-07-12-300x300.jpg\" alt=\"\" width=\"300\" height=\"300\" srcset=\"https:\/\/www.topohvar.at\/wp-content\/uploads\/2019\/07\/va-tr-07-12-300x300.jpg 300w, https:\/\/www.topohvar.at\/wp-content\/uploads\/2019\/07\/va-tr-07-12-150x150.jpg 150w, https:\/\/www.topohvar.at\/wp-content\/uploads\/2019\/07\/va-tr-07-12.jpg 450w\" sizes=\"auto, (max-width: 300px) 100vw, 300px\" \/><p id=\"caption-attachment-23344\" class=\"wp-caption-text\">Pogled na jugozapad \/ Blick nach S\u00fcdwest<\/p><\/div>\n<p>Am 08.05.2019 wurde der Trim besucht und untersucht<\/p>\n<p>Standort: Olivenhain<br \/>\nUntergrund: eben<br \/>\nVerbunden mit: Steinhaufen geordnet<br \/>\nNutzung: ungenutzt<br \/>\nZustand: gut erhalten<br \/>\nRinge\/Stufen des Trim: einstufig<br \/>\nZus\u00e4tzlicher Steinring: Steinring teilweise<br \/>\nStiege: keine Stufen<br \/>\nSteinform: kantig<br \/>\nEingangsbereich: Steine<br \/>\nEingangsseite: NO (50\u00b0)<br \/>\nTrimdurchmesser (cm): 340<br \/>\nTrimh\u00f6he (cm): 280<br \/>\nStufen\/Ringh\u00f6he (cm): 200<br \/>\nWandst\u00e4rke: 70<br \/>\nT\u00fcrbreite (cm): 55<br \/>\nT\u00fcrh\u00f6he (cm): 115<br \/>\nInnenraumbreite (cm): 200<br \/>\nInnenraumh\u00f6he (cm): 230<br \/>\nRaumvolumen (m3): 4,87<br \/>\nKeine Nische<\/p><\/div><\/div><div class='clear_column'><\/div><\/p>\n<p><img loading=\"lazy\" decoding=\"async\" class=\"aligncenter size-full wp-image-23345\" src=\"https:\/\/www.topohvar.at\/wp-content\/uploads\/2019\/07\/va-tr-07-sca.jpg\" alt=\"\" width=\"640\" height=\"971\" srcset=\"https:\/\/www.topohvar.at\/wp-content\/uploads\/2019\/07\/va-tr-07-sca.jpg 640w, https:\/\/www.topohvar.at\/wp-content\/uploads\/2019\/07\/va-tr-07-sca-198x300.jpg 198w\" sizes=\"auto, (max-width: 640px) 100vw, 640px\" \/><\/p>\n<p style=\"text-align: right;\"><a href=\"#seite_oben\">gore \/ Seitenanfang<\/a><\/p>\n<hr \/>\n<p><strong>Linkovi \/ Links<\/strong><\/p>\n<p>&#8211;<\/p>\n","protected":false},"excerpt":{"rendered":"<p>Ime \/ Name Trim \u00bbVA-TR-07\u00ab Code: VA-TR-07\u00a0 \u00a0 \u00a0 \u00a0 \u00a0 \u00a0 \u00a0 \u00a0\u00a0 \u00a0 \u00a0 \u00a0 \u00a0 \u00a0 \u00a0 \u00a0 \u00a0 \u00a0\u00a0 Adresa \/ Adresse Vrboska,\u00a0Polje, ju\u017eno od ceste DC-116 \/ s\u00fcdlich der Landesstra\u00dfe Nr. 116 Lokalna polo\u017eaj \/ &hellip; <a href=\"https:\/\/www.topohvar.at\/topo\/orte\/va\/va-tr-07-1\/\">Weiterlesen <span class=\"meta-nav\">&rarr;<\/span><\/a><\/p>\n","protected":false},"author":1,"featured_media":0,"parent":109,"menu_order":0,"comment_status":"closed","ping_status":"closed","template":"","meta":{"footnotes":""},"class_list":["post-6139","page","type-page","status-publish","hentry"],"_links":{"self":[{"href":"https:\/\/www.topohvar.at\/topo\/wp-json\/wp\/v2\/pages\/6139","targetHints":{"allow":["GET"]}}],"collection":[{"href":"https:\/\/www.topohvar.at\/topo\/wp-json\/wp\/v2\/pages"}],"about":[{"href":"https:\/\/www.topohvar.at\/topo\/wp-json\/wp\/v2\/types\/page"}],"author":[{"embeddable":true,"href":"https:\/\/www.topohvar.at\/topo\/wp-json\/wp\/v2\/users\/1"}],"replies":[{"embeddable":true,"href":"https:\/\/www.topohvar.at\/topo\/wp-json\/wp\/v2\/comments?post=6139"}],"version-history":[{"count":10,"href":"https:\/\/www.topohvar.at\/topo\/wp-json\/wp\/v2\/pages\/6139\/revisions"}],"predecessor-version":[{"id":45303,"href":"https:\/\/www.topohvar.at\/topo\/wp-json\/wp\/v2\/pages\/6139\/revisions\/45303"}],"up":[{"embeddable":true,"href":"https:\/\/www.topohvar.at\/topo\/wp-json\/wp\/v2\/pages\/109"}],"wp:attachment":[{"href":"https:\/\/www.topohvar.at\/topo\/wp-json\/wp\/v2\/media?parent=6139"}],"curies":[{"name":"wp","href":"https:\/\/api.w.org\/{rel}","templated":true}]}}