{"id":6141,"date":"2018-08-18T09:12:13","date_gmt":"2018-08-18T07:12:13","guid":{"rendered":"https:\/\/www.topohvar.at\/?page_id=6141"},"modified":"2020-11-22T05:32:37","modified_gmt":"2020-11-22T04:32:37","slug":"va-tr-03-1","status":"publish","type":"page","link":"https:\/\/www.topohvar.at\/topo\/orte\/va\/va-tr-03-1\/","title":{"rendered":"VRBOSKA &#8211; Trim \u00bbVA-TR-03\u00ab"},"content":{"rendered":"<p><a name=\"seite_oben\"><\/a><br \/>\n<strong><img loading=\"lazy\" decoding=\"async\" class=\"alignnone wp-image-22588 size-large\" src=\"https:\/\/www.topohvar.at\/wp-content\/uploads\/2019\/05\/va-tr-03-12-1024x503.jpg\" alt=\"\" width=\"640\" height=\"314\" srcset=\"https:\/\/www.topohvar.at\/wp-content\/uploads\/2019\/05\/va-tr-03-12-1024x503.jpg 1024w, https:\/\/www.topohvar.at\/wp-content\/uploads\/2019\/05\/va-tr-03-12-300x147.jpg 300w, https:\/\/www.topohvar.at\/wp-content\/uploads\/2019\/05\/va-tr-03-12-768x377.jpg 768w, https:\/\/www.topohvar.at\/wp-content\/uploads\/2019\/05\/va-tr-03-12.jpg 1080w\" sizes=\"auto, (max-width: 640px) 100vw, 640px\" \/><\/strong><\/p>\n<p><strong>Ime \/ Name<br \/>\n<\/strong>Trim \u00bbVA-TR-03\u00ab<\/p>\n<p><strong>Code: <\/strong>VA-TR-03\u00a0 \u00a0 \u00a0 \u00a0 \u00a0 \u00a0 \u00a0 \u00a0<strong>\u00a0 \u00a0 \u00a0 \u00a0 \u00a0 \u00a0 \u00a0 \u00a0 \u00a0 <a href=\"https:\/\/www.topohvar.at\/orte\/va\/va-tr-00-1\/\"><img loading=\"lazy\" decoding=\"async\" class=\"alignnone wp-image-12300 size-full\" src=\"https:\/\/www.topohvar.at\/wp-content\/uploads\/2018\/09\/push-vor-30.jpg\" alt=\"\" width=\"61\" height=\"30\" \/><\/a> <a href=\"https:\/\/www.topohvar.at\/orte\/va\/va-tr-07-1\/\"><img loading=\"lazy\" decoding=\"async\" class=\"alignnone wp-image-533 size-full\" src=\"https:\/\/www.topohvar.at\/wp-content\/uploads\/2018\/07\/push-l-30.jpg\" alt=\"\" width=\"61\" height=\"30\" \/><\/a>\u00a0<a href=\"https:\/\/www.topohvar.at\/orte\/va\/\"><img loading=\"lazy\" decoding=\"async\" class=\"alignnone wp-image-535 size-full\" src=\"https:\/\/www.topohvar.at\/wp-content\/uploads\/2018\/07\/push-o-30.jpg\" alt=\"\" width=\"61\" height=\"30\" \/><\/a>\u00a0<a href=\"https:\/\/www.topohvar.at\/orte\/va\/va-tr-04-1\/\"><img loading=\"lazy\" decoding=\"async\" class=\"alignnone wp-image-536 size-full\" src=\"https:\/\/www.topohvar.at\/wp-content\/uploads\/2018\/07\/push-r-30.jpg\" alt=\"\" width=\"61\" height=\"30\" \/><\/a><\/strong><\/p>\n<hr \/>\n<p><strong>Adresa \/ Adresse<br \/>\n<\/strong>Vrboska, Polje \/ Ebene<\/p>\n<p><strong>Lokalna polo\u017eaj \/ Position<a href=\"https:\/\/goo.gl\/maps\/uLWGb2jojg47Xrzs9\"><img loading=\"lazy\" decoding=\"async\" class=\"alignright wp-image-6412\" src=\"https:\/\/www.topohvar.at\/wp-content\/uploads\/2018\/08\/0916.jpg\" alt=\"\" width=\"133\" height=\"100\" \/><\/a><br \/>\n<\/strong><span style=\"color: #3366ff;\"><a style=\"color: #3366ff;\" href=\"https:\/\/goo.gl\/maps\/uLWGb2jojg47Xrzs9\">Latitude: N 43,17561\u00b0\u00a0 \u00a0 Longitude: E 16,65831\u00b0\u00a0<\/a><\/span><strong><br \/>\n<\/strong>Visina \/ H\u00f6he: 26 m<\/p>\n<p><strong>Zemlji\u0161te \/ Grundst\u00fccke<br \/>\n<\/strong>1916\/2<div class='content-column one_half'><div style=\"padding-right:6px;\"><p><strong>Datum snimanja \/ Erfassungsdatum<br \/>\n<\/strong>08.05.2015 18:18:38<\/p>\n<hr \/>\n<p><strong>Informacije<\/strong><\/p>\n<p>Trim se nalazi u starogradskoj ravnici na makadamskoj cesti sjeverno od stare ceste od Starog Grada do Vrboske. Integriran je u kameni zid visine cca 0,8 metar.\u00a0Unutra\u0161njost je stoga oko 0,8 m ispod razine kamenog zida i mo\u017ee se do\u0107i do \u010detiri stupnja.\u00a0U kru\u017enom malom interijeru nalazi se svjetlosni otvor okrenut prema jugu s pogledom na maslinik.<\/p><\/div><\/div><div class='content-column one_half last_column'><div style=\"padding-right:0px;padding-left:6px;\"><p><strong>Za\u0161titni polo\u017eaj \/ Schutzstellung<br \/>\n<\/strong>&#8211;<\/p>\n<hr \/>\n<p><strong>Info<\/strong><\/p>\n<p>Der Trim befindet sich in der Starigrader Ebene an einem Feldweg n\u00f6rdlich der alten Stra\u00dfe von Stari Grad nach Vrboska. Er ist in die ca. 0,8 Meter hohe Steinmauer integriert. Der Innenraum liegt daher etwa 0,8 m unter dem Niveau der Steinmauer und ist \u00fcber vier Stufen erreichbar. Im kreisrunden kleinen Innenraum befindet sich eine nach S\u00fcden gerichtete Licht\u00f6ffnung mit Blick in den Olivengarten.<\/p><\/div><\/div><div class='clear_column'><\/div><div class='content-column one_half'><div style=\"padding-right:6px;\"><p>Trim s brojem &#8222;2&#8220; iz evidencije KO u Splitu. Teren sa studentima krajobrazne arhitekture UNIZG, studeni 2013<\/p><\/div><\/div><div class='content-column one_half last_column'><div style=\"padding-right:0px;padding-left:6px;\"><p>Der Trim ist mit Nummer &#8222;2&#8220; in Evidenz bei KO in Split. Das Gel\u00e4nde wurde mit den Studenten der Landschaftsarchitektur UNIZG um November 2013 aufgenommen.<\/p><\/div><\/div><div class='clear_column'><\/div><div class='content-column one_half'><div style=\"padding-right:6px;\"><div id=\"attachment_23322\" style=\"width: 310px\" class=\"wp-caption aligncenter\"><img loading=\"lazy\" decoding=\"async\" aria-describedby=\"caption-attachment-23322\" class=\"size-medium wp-image-23322\" src=\"https:\/\/www.topohvar.at\/wp-content\/uploads\/2019\/07\/va-tr-03-11-300x300.jpg\" alt=\"\" width=\"300\" height=\"300\" srcset=\"https:\/\/www.topohvar.at\/wp-content\/uploads\/2019\/07\/va-tr-03-11-300x300.jpg 300w, https:\/\/www.topohvar.at\/wp-content\/uploads\/2019\/07\/va-tr-03-11-150x150.jpg 150w, https:\/\/www.topohvar.at\/wp-content\/uploads\/2019\/07\/va-tr-03-11.jpg 450w\" sizes=\"auto, (max-width: 300px) 100vw, 300px\" \/><p id=\"caption-attachment-23322\" class=\"wp-caption-text\">Ulaz \/ Eingang<\/p><\/div>\n<p>Dana 08.05.2019 trim je posje\u0107en i prona\u0111en je sljede\u0107i<\/p>\n<p>Lokacija: maslinik<br \/>\nPodzemlje: nasip<br \/>\nSklop: bri\u017ena kamena gomila , kameni zid<br \/>\nUpotreba: koristi<br \/>\nStanje izgradnje: mali dijelovi su se sru\u0161ili<br \/>\nBroj prstenova trima: jedan prsten<br \/>\nDodatni kameni prsten: kameni prsten djelomi\u010dno<br \/>\nStepeni\u0161te: nema stepenica<br \/>\nOblik kamena: uglast<br \/>\nPodru\u010dje ispred ulaza: lako dostupni<br \/>\nVrata na stranicu: Z (260\u00b0)<br \/>\nPromjer trima (cm): 300<br \/>\nVisina trima (cm): 250<br \/>\nVisina prstena (cm): 210<br \/>\nDebljina zida (cm): 70<br \/>\n\u0160irina vrata (cm): 50<br \/>\nVisina vrata (cm): 115<br \/>\n\u0160irina unutra (cm): 150 &#8211; 160<br \/>\nVisina unutra (cm): 220<br \/>\nVolumen iznutra (m3): 2,84<br \/>\nni\u0161a 1 (P\/\u0160\/V\/D) (cm): 85 \/ 30 \/ 25 \/ 70<\/p><\/div><\/div><div class='content-column one_half last_column'><div style=\"padding-right:0px;padding-left:6px;\"><div id=\"attachment_23323\" style=\"width: 310px\" class=\"wp-caption aligncenter\"><img loading=\"lazy\" decoding=\"async\" aria-describedby=\"caption-attachment-23323\" class=\"wp-image-23323 size-medium\" src=\"https:\/\/www.topohvar.at\/wp-content\/uploads\/2019\/07\/va-tr-03-14-300x300.jpg\" alt=\"\" width=\"300\" height=\"300\" srcset=\"https:\/\/www.topohvar.at\/wp-content\/uploads\/2019\/07\/va-tr-03-14-300x300.jpg 300w, https:\/\/www.topohvar.at\/wp-content\/uploads\/2019\/07\/va-tr-03-14-150x150.jpg 150w, https:\/\/www.topohvar.at\/wp-content\/uploads\/2019\/07\/va-tr-03-14.jpg 450w\" sizes=\"auto, (max-width: 300px) 100vw, 300px\" \/><p id=\"caption-attachment-23323\" class=\"wp-caption-text\">Pogled na jug \/ Blick nach S\u00fcden<\/p><\/div>\n<p>Am 08.05.2019 wurde der Trim besucht und untersucht<\/p>\n<p>Standort: Olivenhain<br \/>\nUntergrund: B\u00f6schung<br \/>\nVerbunden mit: Steinhaufen geordnet , Steinmauer<br \/>\nNutzung: genutzt<br \/>\nZustand: kleine Teile abgest\u00fcrzt<br \/>\nRinge\/Stufen des Trim: einstufig<br \/>\nZus\u00e4tzlicher Steinring: Steinring teilweise<br \/>\nStiege: keine Stufen<br \/>\nSteinform: kantig<br \/>\nEingangsbereich: frei<br \/>\nEingangsseite: W (260\u00b0)<br \/>\nTrimdurchmesser (cm): 300<br \/>\nTrimh\u00f6he (cm): 250<br \/>\nStufen\/Ringh\u00f6he (cm): 210<br \/>\nWandst\u00e4rke: 70<br \/>\nT\u00fcrbreite (cm): 50<br \/>\nT\u00fcrh\u00f6he (cm): 115<br \/>\nInnenraumbreite (cm): 150 &#8211; 160<br \/>\nInnenraumh\u00f6he (cm): 220<br \/>\nRaumvolumen (m3): 2,84<br \/>\nNische 1 (P\/B\/H\/T) (cm): 85 \/ 30 \/ 25 \/ 70<\/p><\/div><\/div><div class='clear_column'><\/div><\/p>\n<p><img loading=\"lazy\" decoding=\"async\" class=\"aligncenter size-full wp-image-23324\" src=\"https:\/\/www.topohvar.at\/wp-content\/uploads\/2019\/07\/va-tr-03-sca.jpg\" alt=\"\" width=\"640\" height=\"974\" srcset=\"https:\/\/www.topohvar.at\/wp-content\/uploads\/2019\/07\/va-tr-03-sca.jpg 640w, https:\/\/www.topohvar.at\/wp-content\/uploads\/2019\/07\/va-tr-03-sca-197x300.jpg 197w\" sizes=\"auto, (max-width: 640px) 100vw, 640px\" \/><\/p>\n<p style=\"text-align: right;\"><a href=\"#seite_oben\">gore \/ Seitenanfang<\/a><\/p>\n<hr \/>\n<p><strong>Linkovi \/ Links<\/strong><\/p>\n<p>&#8211;<\/p>\n","protected":false},"excerpt":{"rendered":"<p>Ime \/ Name Trim \u00bbVA-TR-03\u00ab Code: VA-TR-03\u00a0 \u00a0 \u00a0 \u00a0 \u00a0 \u00a0 \u00a0 \u00a0\u00a0 \u00a0 \u00a0 \u00a0 \u00a0 \u00a0 \u00a0 \u00a0 \u00a0 \u00a0\u00a0 Adresa \/ Adresse Vrboska, Polje \/ Ebene Lokalna polo\u017eaj \/ Position Latitude: N 43,17561\u00b0\u00a0 \u00a0 Longitude: E &hellip; <a href=\"https:\/\/www.topohvar.at\/topo\/orte\/va\/va-tr-03-1\/\">Weiterlesen <span class=\"meta-nav\">&rarr;<\/span><\/a><\/p>\n","protected":false},"author":1,"featured_media":0,"parent":109,"menu_order":0,"comment_status":"closed","ping_status":"closed","template":"","meta":{"footnotes":""},"class_list":["post-6141","page","type-page","status-publish","hentry"],"_links":{"self":[{"href":"https:\/\/www.topohvar.at\/topo\/wp-json\/wp\/v2\/pages\/6141","targetHints":{"allow":["GET"]}}],"collection":[{"href":"https:\/\/www.topohvar.at\/topo\/wp-json\/wp\/v2\/pages"}],"about":[{"href":"https:\/\/www.topohvar.at\/topo\/wp-json\/wp\/v2\/types\/page"}],"author":[{"embeddable":true,"href":"https:\/\/www.topohvar.at\/topo\/wp-json\/wp\/v2\/users\/1"}],"replies":[{"embeddable":true,"href":"https:\/\/www.topohvar.at\/topo\/wp-json\/wp\/v2\/comments?post=6141"}],"version-history":[{"count":14,"href":"https:\/\/www.topohvar.at\/topo\/wp-json\/wp\/v2\/pages\/6141\/revisions"}],"predecessor-version":[{"id":45304,"href":"https:\/\/www.topohvar.at\/topo\/wp-json\/wp\/v2\/pages\/6141\/revisions\/45304"}],"up":[{"embeddable":true,"href":"https:\/\/www.topohvar.at\/topo\/wp-json\/wp\/v2\/pages\/109"}],"wp:attachment":[{"href":"https:\/\/www.topohvar.at\/topo\/wp-json\/wp\/v2\/media?parent=6141"}],"curies":[{"name":"wp","href":"https:\/\/api.w.org\/{rel}","templated":true}]}}