{"id":6159,"date":"2018-08-18T09:33:30","date_gmt":"2018-08-18T07:33:30","guid":{"rendered":"https:\/\/www.topohvar.at\/?page_id=6159"},"modified":"2025-04-16T18:19:24","modified_gmt":"2025-04-16T16:19:24","slug":"va-pv-01-1","status":"publish","type":"page","link":"https:\/\/www.topohvar.at\/topo\/orte\/va\/va-pv-01-1\/","title":{"rendered":"VRBOSKA &#8211; Podvodna nalazi\u0161te \u00bbAnti\u010dki brodolom\u00ab"},"content":{"rendered":"<p><a name=\"seite_oben\"><\/a><br \/>\n<strong><img loading=\"lazy\" decoding=\"async\" class=\"aligncenter wp-image-31685 size-full\" src=\"https:\/\/www.topohvar.at\/wp-content\/uploads\/2020\/02\/va-pv-01-1.jpg\" alt=\"\" width=\"640\" height=\"315\" srcset=\"https:\/\/www.topohvar.at\/wp-content\/uploads\/2020\/02\/va-pv-01-1.jpg 640w, https:\/\/www.topohvar.at\/wp-content\/uploads\/2020\/02\/va-pv-01-1-300x148.jpg 300w\" sizes=\"auto, (max-width: 640px) 100vw, 640px\" \/><\/strong><\/p>\n<p><strong>Ime \/ Name<br \/>\n<\/strong>Podvodna nalazi\u0161te \u00bbAnti\u010dki brodolom\u00ab \/ Unterwasserst\u00e4tte Antikes Schiffswrack<\/p>\n<p><strong>Code: <\/strong>VA-PV-01\u00a0 \u00a0 \u00a0 \u00a0 \u00a0 \u00a0 \u00a0 \u00a0<strong>\u00a0 \u00a0 \u00a0 \u00a0 \u00a0 \u00a0 \u00a0 \u00a0 \u00a0 \u00a0 \u00a0 \u00a0\u00a0\u00a0 \u00a0 \u00a0 <a href=\" https:\/\/www.topohvar.at\/topo\/orte\/va\/va-po-05-1\/\"><img loading=\"lazy\" decoding=\"async\" class=\"alignnone wp-image-533 size-full\" src=\"https:\/\/www.topohvar.at\/wp-content\/uploads\/2018\/07\/push-l-30.jpg\" alt=\"\" width=\"61\" height=\"30\" \/><\/a>\u00a0<a href=\"https:\/\/www.topohvar.at\/orte\/va\/\"><img loading=\"lazy\" decoding=\"async\" class=\"alignnone wp-image-535 size-full\" src=\"https:\/\/www.topohvar.at\/wp-content\/uploads\/2018\/07\/push-o-30.jpg\" alt=\"\" width=\"61\" height=\"30\" \/><\/a> <a href=\"https:\/\/www.topohvar.at\/orte\/va\/va-po-01-1\/\"><img loading=\"lazy\" decoding=\"async\" class=\"alignnone wp-image-536 size-full\" src=\"https:\/\/www.topohvar.at\/wp-content\/uploads\/2018\/07\/push-r-30.jpg\" alt=\"\" width=\"61\" height=\"30\" \/><\/a> \u00a0\u00a0<\/strong><\/p>\n<hr \/>\n<p><strong>Adresa \/ Adresse<br \/>\n<\/strong>Vrboska, more<\/p>\n<p><strong>Lokalna polo\u017eaj \/ Position<a href=\"https:\/\/goo.gl\/maps\/xp7My7AzLxGY9LUE7\"><img loading=\"lazy\" decoding=\"async\" class=\"alignright wp-image-6364\" src=\"https:\/\/www.topohvar.at\/wp-content\/uploads\/2018\/08\/1294.jpg\" alt=\"\" width=\"134\" height=\"100\" \/><\/a><br \/>\n<\/strong><span style=\"color: #3366ff;\"><a style=\"color: #3366ff;\" href=\"https:\/\/goo.gl\/maps\/xp7My7AzLxGY9LUE7\">Latitude: N 43,21194\u00b0\u00a0 \u00a0 Longitude: E 16,66889\u00b0<\/a>\u00a0<\/span><strong><br \/>\n<\/strong>Visina \/ H\u00f6he: -0 m<\/p>\n<p><strong>Zemlji\u0161te \/ Grundst\u00fccke<br \/>\n<\/strong>&#8211;<div class='content-column one_half'><div style=\"padding-right:6px;\"><p><strong>Datum snimanja \/ Erfassungsdatum<br \/>\n<\/strong>10.06.2020 11:00:00<\/p>\n<hr \/>\n<p><strong>Informacije<\/strong><\/p>\n<p>Unutar uvale Duboka na sjevernoj strani otoka Hvara, nalaze se ostaci brodoloma. Dno je pjeskovito i blago pada prema dubini. Po povr\u0161ini su razbacani ostaci ulomaka amfora. U pijesku se naziru i cijele amfore. Nalazi\u0161te je istra\u017eivano i ve\u0107ina arheolo\u0161kog materijala je izva\u0111ena. Lokacija nije do kraja istra\u017eena. Dio tereta je jo\u0161 pod pijeskom, a tu su i dobro o\u010duvani drveni ostaci brodske konstrukcije. Amfore su afri\u010dke, cilindri\u010dne, tipa Africana II (KeayIV-VI),i Keay XXV, te nekoliko ina\u010dica narebrenih kasnoanti\u010dkih ovalnih amfora. Brodolom je datiran u 4 st.<\/p><\/div><\/div><div class='content-column one_half last_column'><div style=\"padding-right:0px;padding-left:6px;\"><p><strong>Za\u0161titni polo\u017eaj \/ Schutzstellung<br \/>\n<\/strong>Z-0231<\/p>\n<hr \/>\n<p><strong>Info<\/strong><\/p>\n<p>In der Bucht von Duboka auf der Nordseite der Insel Hvar befinden sich die \u00dcberreste eines Schiffswracks. Der Boden ist sandig und f\u00e4llt leicht in Richtung Tiefe ab. Reste von Amphorenfragmenten sind auf der Oberfl\u00e4che verstreut. Es gibt auch Amphoren im Sand. Die St\u00e4tte wurde untersucht und das meiste arch\u00e4ologische Material wurde geborgen. Der Standort wurde noch nicht vollst\u00e4ndig erkundet. Ein Teil der Ladung befindet sich noch unter dem Sand, und es gibt gut erhaltene Holzreste der Schiffsstruktur. Die Amphoren sind afrikanische, zylindrische Amphoren vom Typ Africana II (KeayIV-VI) und Keay XXV sowie verschiedene Varianten der geriffelten sp\u00e4tantiken ovalen Amphoren. Das Schiffswrack stammt aus dem 4. Jahrhundert.<\/p><\/div><\/div><div class='clear_column'><\/div><div class='content-column one_half'><div style=\"padding-right:6px;\"><p>Individualno ronjenje na arheolo\u0161kim nalazi\u0161tima u Hrvatskoj je strogo zabranjeno.<br \/>\nLista za\u0161ti\u0107enih kulturnih dobara Republike Hrvatske br. 01\/2002.<br \/>\nBroj registra: Z-0231<br \/>\nDatum tiskanog izdanja: 18. 12. 2002.<\/p><\/div><\/div><div class='content-column one_half last_column'><div style=\"padding-right:0px;padding-left:6px;\"><p>Individuelles Tauchen an arch\u00e4ologischen St\u00e4tten ist in Kroatien, streng verboten.<br \/>\nListe der Kulturg\u00fcter der Republik Kroatien Nr. 01\/2002.<br \/>\nRegistriernummer: Z-0231<br \/>\nVer\u00f6ffentlichungsdatum: 18. 12. 2002.<\/p><\/div><\/div><div class='clear_column'><\/div><\/p>\n<p style=\"text-align: right;\"><a style=\"text-align: right;\" href=\"#seite_oben\">natrag na vrh \/ Seitenanfang<\/a><\/p>\n<hr \/>\n<p><strong>Linkovi \/ Links<\/strong><\/p>\n<p>&#8211;<\/p>\n","protected":false},"excerpt":{"rendered":"<p>Ime \/ Name Podvodna nalazi\u0161te \u00bbAnti\u010dki brodolom\u00ab \/ Unterwasserst\u00e4tte Antikes Schiffswrack Code: VA-PV-01\u00a0 \u00a0 \u00a0 \u00a0 \u00a0 \u00a0 \u00a0 \u00a0\u00a0 \u00a0 \u00a0 \u00a0 \u00a0 \u00a0 \u00a0 \u00a0 \u00a0 \u00a0 \u00a0 \u00a0\u00a0\u00a0 \u00a0 \u00a0 \u00a0 \u00a0\u00a0 Adresa \/ Adresse Vrboska, more &hellip; <a href=\"https:\/\/www.topohvar.at\/topo\/orte\/va\/va-pv-01-1\/\">Weiterlesen <span class=\"meta-nav\">&rarr;<\/span><\/a><\/p>\n","protected":false},"author":1,"featured_media":0,"parent":109,"menu_order":0,"comment_status":"closed","ping_status":"closed","template":"","meta":{"footnotes":""},"class_list":["post-6159","page","type-page","status-publish","hentry"],"_links":{"self":[{"href":"https:\/\/www.topohvar.at\/topo\/wp-json\/wp\/v2\/pages\/6159","targetHints":{"allow":["GET"]}}],"collection":[{"href":"https:\/\/www.topohvar.at\/topo\/wp-json\/wp\/v2\/pages"}],"about":[{"href":"https:\/\/www.topohvar.at\/topo\/wp-json\/wp\/v2\/types\/page"}],"author":[{"embeddable":true,"href":"https:\/\/www.topohvar.at\/topo\/wp-json\/wp\/v2\/users\/1"}],"replies":[{"embeddable":true,"href":"https:\/\/www.topohvar.at\/topo\/wp-json\/wp\/v2\/comments?post=6159"}],"version-history":[{"count":16,"href":"https:\/\/www.topohvar.at\/topo\/wp-json\/wp\/v2\/pages\/6159\/revisions"}],"predecessor-version":[{"id":71583,"href":"https:\/\/www.topohvar.at\/topo\/wp-json\/wp\/v2\/pages\/6159\/revisions\/71583"}],"up":[{"embeddable":true,"href":"https:\/\/www.topohvar.at\/topo\/wp-json\/wp\/v2\/pages\/109"}],"wp:attachment":[{"href":"https:\/\/www.topohvar.at\/topo\/wp-json\/wp\/v2\/media?parent=6159"}],"curies":[{"name":"wp","href":"https:\/\/api.w.org\/{rel}","templated":true}]}}