{"id":61857,"date":"2022-11-16T08:41:28","date_gmt":"2022-11-16T07:41:28","guid":{"rendered":"https:\/\/www.topohvar.at\/topo\/?page_id=61857"},"modified":"2025-04-14T14:52:08","modified_gmt":"2025-04-14T12:52:08","slug":"hv-in-19-1","status":"publish","type":"page","link":"https:\/\/www.topohvar.at\/topo\/orte\/hv\/hv-in-19-1\/","title":{"rendered":"HVAR &#8211; Natpis \u00bbPrag ispred hotela Pala\u010de\u00ab"},"content":{"rendered":"<p><a name=\"seite_oben\"><\/a><br \/>\n<img loading=\"lazy\" decoding=\"async\" class=\"aligncenter wp-image-61862 size-full\" src=\"https:\/\/www.topohvar.at\/wp-content\/uploads\/2022\/11\/hv-in-19-10.jpg\" alt=\"\" width=\"1080\" height=\"530\" srcset=\"https:\/\/www.topohvar.at\/wp-content\/uploads\/2022\/11\/hv-in-19-10.jpg 1080w, https:\/\/www.topohvar.at\/wp-content\/uploads\/2022\/11\/hv-in-19-10-300x147.jpg 300w, https:\/\/www.topohvar.at\/wp-content\/uploads\/2022\/11\/hv-in-19-10-1024x503.jpg 1024w, https:\/\/www.topohvar.at\/wp-content\/uploads\/2022\/11\/hv-in-19-10-768x377.jpg 768w\" sizes=\"auto, (max-width: 1080px) 100vw, 1080px\" \/><\/p>\n<p><strong>Ime \/ Name<br \/>\n<\/strong><\/p>\n<p>Natpis \u00bbPrag ispred hotela Pala\u010de\u00ab \/ Schwelle vor dem Hotel Pala\u010da<\/p>\n<p><strong>Code: <\/strong>HV-IN-19\u00a0 \u00a0 \u00a0 \u00a0 \u00a0 \u00a0 \u00a0 \u00a0 \u00a0 \u00a0 \u00a0 \u00a0 \u00a0 \u00a0 \u00a0 \u00a0 \u00a0 \u00a0 \u00a0<strong><a href=\"https:\/\/www.topohvar.at\/orte\/hv\/hv-in-16-1\/\"><img loading=\"lazy\" decoding=\"async\" class=\"alignnone wp-image-533 size-full\" src=\"https:\/\/www.topohvar.at\/wp-content\/uploads\/2018\/07\/push-l-30.jpg\" alt=\"\" width=\"61\" height=\"30\" \/><\/a> <a href=\"https:\/\/www.topohvar.at\/orte\/hv\/\"><img loading=\"lazy\" decoding=\"async\" class=\"alignnone wp-image-535 size-full\" src=\"https:\/\/www.topohvar.at\/wp-content\/uploads\/2018\/07\/push-o-30.jpg\" alt=\"\" width=\"61\" height=\"30\" \/><\/a> <a href=\"https:\/\/www.topohvar.at\/orte\/hv\/hv-in-17-1\/\"><img loading=\"lazy\" decoding=\"async\" class=\"alignnone wp-image-536 size-full\" src=\"https:\/\/www.topohvar.at\/wp-content\/uploads\/2018\/07\/push-r-30.jpg\" alt=\"\" width=\"61\" height=\"30\" \/><\/a>\u00a0<\/strong><\/p>\n<hr \/>\n<p><strong>Adresa \/ Adresse<br \/>\n<\/strong>Grad Hvar, Ulica Sveti Marak, ispred Hotela Pala\u010de<\/p>\n<p><strong>Lokacija<\/strong><strong> \/ Position<a href=\"https:\/\/goo.gl\/maps\/b4GXCzWabkg4HswP7\"><img loading=\"lazy\" decoding=\"async\" class=\"alignright wp-image-61858\" src=\"https:\/\/www.topohvar.at\/wp-content\/uploads\/2022\/11\/3781.jpg\" alt=\"\" width=\"134\" height=\"100\" \/><\/a><br \/>\n<\/strong><a href=\"https:\/\/goo.gl\/maps\/b4GXCzWabkg4HswP7\"><span style=\"color: #3366ff;\">Latitude: N 43,17284\u00b0\u00a0 \u00a0Longitude: E 16,44115\u00b0 <\/span><\/a><strong><br \/>\n<\/strong>Visina \/ H\u00f6he: 4 m<\/p>\n<p><strong>Katastarska \u010destica<\/strong><strong> \/ Grundst\u00fccke<br \/>\n<\/strong>224<div class='content-column one_half'><div style=\"padding-right:6px;\"><p><strong>Datum snimanja \/ Erfassungsdatum<br \/>\n<\/strong>06.11.2022 10:56:00<\/p>\n<hr \/>\n<p><strong>Informacije<\/strong><\/p>\n<p>U prednjem vrtu hotela &#8211; naslonjena na lijevi ogradni zid &#8211; nalazi se mo\u0107na kamena greda sa sljede\u0107im natpisom:<\/p><\/div><\/div><div class='content-column one_half last_column'><div style=\"padding-right:0px;padding-left:6px;\"><p><strong>Stupanj za\u0161tite<\/strong><strong> \/ Schutzstellung<br \/>\n<\/strong>&#8211;<\/p>\n<hr \/>\n<p><strong>Info<\/strong><\/p>\n<p>Im Vorgarten des Hotels liegt &#8211; an die linke Umfassungsmauer gelehnt &#8211; ein m\u00e4chtiger Steinbalken mit folgender Inschrift:<\/p><\/div><\/div><div class='clear_column'><\/div><div class='content-column one_half'><div style=\"padding-right:6px;\"><p style=\"text-align: center;\">NEKA SE ZNADE DA SU OVA DVA PRAGA<br \/>\nBILA NA ULAZU KAPELI KU\u0106E KNEZA PROVIDURA<br \/>\nSAGRADJENOJ NA SPOMEN IZMIRENJA PU\u010dANA I<br \/>\nPLEMI\u0106A NAKON STOGODI\u0160NJE BORBE GOD. 1611.<\/p>\n<p>POSTAVLJENO, 1.7.1934<\/p><\/div><\/div><div class='content-column one_half last_column'><div style=\"padding-right:0px;padding-left:6px;\"><p style=\"text-align: center;\">Sie m\u00fcssen wissen, dass diese beiden Schwellen am Eingang zur Kapelle des Hauses des F\u00fcrsten Providur waren, das zum Gedenken an die Vers\u00f6hnung von B\u00fcrgern und Adligen nach dem hundertj\u00e4hrigen Kamp im Jahr 1611 errichtet wurde.<\/p>\n<p style=\"text-align: left;\">installiert, 1.7.1934<\/p><\/div><\/div><div class='clear_column'><\/div><\/p>\n<hr \/>\n<div class='content-column one_half'><div style=\"padding-right:6px;\"><p>Ispred hotela, u blizini natpisa, nalaze se reprodukcije venecijanskih topova.<\/p><\/div><\/div><div class='content-column one_half last_column'><div style=\"padding-right:0px;padding-left:6px;\"><p>Vor dem Hotel, in der N\u00e4he der Inschrift finden sich Nachbildungen venezianischer Kanonen.<\/p><\/div><\/div><div class='clear_column'><\/div><\/p>\n<p style=\"text-align: right;\"><span style=\"color: #3366ff;\"><a style=\"color: #3366ff;\" href=\"#seite_oben\">natrag na vrh \/ Seitenanfang<\/a><\/span><\/p>\n<hr \/>\n<p><strong>Linkovi \/ Links<\/strong><\/p>\n<p><span style=\"color: #3366ff;\"><a style=\"color: #3366ff;\" href=\"https:\/\/www.topohvar.at\/orte\/hv\/hv-tg-10-1\/\">Zgrada \u00bbBiv\u0161i Kne\u017eev dvor (danas hotel Pala\u010da)\u00ab Geb\u00e4ude &#8211; ehemaliger Rektorenpalast (Palasthotel)<\/a><br \/>\n<a style=\"color: #3366ff;\" href=\"https:\/\/www.topohvar.at\/topo\/orte\/hv\/hv-in-16-1\/\">Natpis \u00bbNa nadvratniku biv\u0161e kapele\u00ab\u00a0\/ Inschrift am T\u00fcrsturz der ehemaligen Kapelle<\/a><br \/>\n<a style=\"color: #3366ff;\" href=\"https:\/\/www.topohvar.at\/topo\/orte\/hv\/hv-is-44-1\/\">Spomen plo\u010da \u00bbna miru 1610\/1611\u00ab \/ Gedenktafel an den Frieden 1610\/1611<\/a><br \/>\n<a style=\"color: #3366ff;\" href=\"https:\/\/www.topohvar.at\/topo\/orte\/hv\/hv-ob-21-1\/\">Objekt \u00bbReplike mleta\u010dkih topova\u00ab \/ Nachbildungen venezianischer Kanonen<\/a><\/span><\/p>\n","protected":false},"excerpt":{"rendered":"<p>Ime \/ Name Natpis \u00bbPrag ispred hotela Pala\u010de\u00ab \/ Schwelle vor dem Hotel Pala\u010da Code: HV-IN-19\u00a0 \u00a0 \u00a0 \u00a0 \u00a0 \u00a0 \u00a0 \u00a0 \u00a0 \u00a0 \u00a0 \u00a0 \u00a0 \u00a0 \u00a0 \u00a0 \u00a0 \u00a0 \u00a0 \u00a0 Adresa \/ Adresse Grad Hvar, &hellip; <a href=\"https:\/\/www.topohvar.at\/topo\/orte\/hv\/hv-in-19-1\/\">Weiterlesen <span class=\"meta-nav\">&rarr;<\/span><\/a><\/p>\n","protected":false},"author":1,"featured_media":0,"parent":80,"menu_order":0,"comment_status":"closed","ping_status":"closed","template":"","meta":{"footnotes":""},"class_list":["post-61857","page","type-page","status-publish","hentry"],"_links":{"self":[{"href":"https:\/\/www.topohvar.at\/topo\/wp-json\/wp\/v2\/pages\/61857","targetHints":{"allow":["GET"]}}],"collection":[{"href":"https:\/\/www.topohvar.at\/topo\/wp-json\/wp\/v2\/pages"}],"about":[{"href":"https:\/\/www.topohvar.at\/topo\/wp-json\/wp\/v2\/types\/page"}],"author":[{"embeddable":true,"href":"https:\/\/www.topohvar.at\/topo\/wp-json\/wp\/v2\/users\/1"}],"replies":[{"embeddable":true,"href":"https:\/\/www.topohvar.at\/topo\/wp-json\/wp\/v2\/comments?post=61857"}],"version-history":[{"count":7,"href":"https:\/\/www.topohvar.at\/topo\/wp-json\/wp\/v2\/pages\/61857\/revisions"}],"predecessor-version":[{"id":71488,"href":"https:\/\/www.topohvar.at\/topo\/wp-json\/wp\/v2\/pages\/61857\/revisions\/71488"}],"up":[{"embeddable":true,"href":"https:\/\/www.topohvar.at\/topo\/wp-json\/wp\/v2\/pages\/80"}],"wp:attachment":[{"href":"https:\/\/www.topohvar.at\/topo\/wp-json\/wp\/v2\/media?parent=61857"}],"curies":[{"name":"wp","href":"https:\/\/api.w.org\/{rel}","templated":true}]}}