{"id":61880,"date":"2022-11-16T16:53:53","date_gmt":"2022-11-16T15:53:53","guid":{"rendered":"https:\/\/www.topohvar.at\/topo\/?page_id=61880"},"modified":"2025-10-27T17:24:12","modified_gmt":"2025-10-27T16:24:12","slug":"je-ip-03-1","status":"publish","type":"page","link":"https:\/\/www.topohvar.at\/topo\/orte\/je\/je-ip-03-1\/","title":{"rendered":"JELSA &#8211; Informativna plo\u010da \u00bbVojtjeha Bride\u00ab"},"content":{"rendered":"<p><a name=\"seite_oben\"><\/a><strong><img loading=\"lazy\" decoding=\"async\" class=\"aligncenter size-full wp-image-61887\" src=\"https:\/\/www.topohvar.at\/wp-content\/uploads\/2022\/11\/je-ip-03-10.jpg\" alt=\"\" width=\"1080\" height=\"530\" srcset=\"https:\/\/www.topohvar.at\/wp-content\/uploads\/2022\/11\/je-ip-03-10.jpg 1080w, https:\/\/www.topohvar.at\/wp-content\/uploads\/2022\/11\/je-ip-03-10-300x147.jpg 300w, https:\/\/www.topohvar.at\/wp-content\/uploads\/2022\/11\/je-ip-03-10-1024x503.jpg 1024w, https:\/\/www.topohvar.at\/wp-content\/uploads\/2022\/11\/je-ip-03-10-768x377.jpg 768w\" sizes=\"auto, (max-width: 1080px) 100vw, 1080px\" \/>Ime \/ Name<br \/>\n<\/strong>Informativna plo\u010da \u00bbVojtjeha Bride\u00ab \/ Informationstafel Vojteh Bride<\/p>\n<p><strong>Code: <\/strong>JE-IP-03\u00a0 \u00a0 \u00a0 \u00a0 \u00a0 \u00a0 \u00a0 \u00a0 \u00a0 \u00a0 \u00a0 \u00a0 \u00a0 \u00a0 \u00a0 \u00a0 \u00a0 \u00a0 \u00a0 \u00a0 <strong><a href=\"https:\/\/www.topohvar.at\/orte\/je\/je-ip-02-1\/\"><img loading=\"lazy\" decoding=\"async\" class=\"alignnone wp-image-533 size-full\" src=\"https:\/\/www.topohvar.at\/wp-content\/uploads\/2018\/07\/push-l-30.jpg\" alt=\"\" width=\"61\" height=\"30\" \/><\/a> <a href=\"https:\/\/www.topohvar.at\/orte\/je\/\"><img loading=\"lazy\" decoding=\"async\" class=\"alignnone wp-image-535 size-full\" src=\"https:\/\/www.topohvar.at\/wp-content\/uploads\/2018\/07\/push-o-30.jpg\" alt=\"\" width=\"61\" height=\"30\" \/><\/a> <a href=\"https:\/\/www.topohvar.at\/orte\/je\/je-ip-05-1\/\"><img loading=\"lazy\" decoding=\"async\" class=\"alignnone wp-image-536 size-full\" src=\"https:\/\/www.topohvar.at\/wp-content\/uploads\/2018\/07\/push-r-30.jpg\" alt=\"\" width=\"61\" height=\"30\" \/><\/a>\u00a0<a href=\"https:\/\/www.topohvar.at\/orte\/je\/je-is-04-1\/\"><img loading=\"lazy\" decoding=\"async\" class=\"alignnone wp-image-12299 size-full\" src=\"https:\/\/www.topohvar.at\/wp-content\/uploads\/2018\/09\/push-next-30.jpg\" alt=\"\" width=\"61\" height=\"30\" \/><\/a><\/strong><\/p>\n<hr \/>\n<p><strong>Adresa \/ Adresse<br \/>\n<\/strong>Jelsa, Trg Vojtjeha Bride<\/p>\n<p><strong>Lokacija \/ Position<a href=\"https:\/\/goo.gl\/maps\/M61TEfBeAEUgLDbq5\"><img loading=\"lazy\" decoding=\"async\" class=\"alignright wp-image-61881\" src=\"https:\/\/www.topohvar.at\/wp-content\/uploads\/2022\/11\/3782.jpg\" alt=\"\" width=\"134\" height=\"100\" \/><\/a><br \/>\n<\/strong><a href=\"https:\/\/goo.gl\/maps\/M61TEfBeAEUgLDbq5\"><span style=\"color: #3366ff;\">Latitude: N 43,16305\u00b0\u00a0 \u00a0Longitude: E 16,69361\u00b0 <\/span><\/a><strong><br \/>\n<\/strong>Visina \/ H\u00f6he: 1 m<\/p>\n<p><strong>Katastarska \u010destica <\/strong><strong>\/ Grundst\u00fccke<br \/>\n<\/strong>9<div class='content-column one_half'><div style=\"padding-right:6px;\"><p><strong>Datum snimanja \/ Erfassungsdatum<br \/>\n<\/strong>13.05.2016 10:38:29<\/p>\n<hr \/>\n<p><strong>Informacije<\/strong><\/p>\n<p>Plo\u010da je postavljena na 100. obljetnicu Dr. Vojtjeh Bride postavljen 30.10.2021. Na njemu je sljede\u0107i natpis:<\/p><\/div><\/div><div class='content-column one_half last_column'><div style=\"padding-right:0px;padding-left:6px;\"><p><strong>Stupanj za\u0161tite<\/strong><strong> \/ Schutzstellung<br \/>\n<\/strong>&#8211;<\/p>\n<hr \/>\n<p><strong>Info<\/strong><\/p>\n<p>Die Gedenktafel wurde zum hundertsten Jahrestag der Ankunft von Dr. Bridi in Jelsa am 30.10.2021 errichtet. Sie tr\u00e4gt folgende Inschrift:<\/p><\/div><\/div><div class='clear_column'><\/div><div class='content-column one_half'><div style=\"padding-right:6px;\"><p style=\"text-align: center;\">Trg<br \/>\nDr. Vojtjeha Bride<br \/>\n1875-1954<br \/>\no stotoj obljetnici<br \/>\ndolaska Dr. Bride u Jelsu,<br \/>\npostavila op\u0107ina Jelsa<br \/>\n30.listopada 2021<\/p><\/div><\/div><div class='content-column one_half last_column'><div style=\"padding-right:0px;padding-left:6px;\"><p style=\"text-align: center;\">Platz<br \/>\nDr. Vojteh-Bridi<br \/>\n1875-1954<br \/>\nzum hundertsten Jahrestag<br \/>\nder Ankunft von Dr. Bridi in Jelsa,<br \/>\nerrichtet von der Gemeinde Jelsa<br \/>\n30. Oktober 2021<\/p><\/div><\/div><div class='clear_column'><\/div><\/p>\n<hr \/>\n<div class='content-column one_half'><div style=\"padding-right:6px;\"><p>U Jelsi na otoku Hvaru dr. Brida je djelovao kao doktor op\u0107e medicine i zubni lije\u010dnik trideset i tri godine. Prije dolaska u Jelsu djelovao je u Selcima na otoku Bra\u010du i Trpnju na Pelje\u0161cu ukupno dvanaest godina, \u0161to zna\u010di da je u Dalmaciji lije\u010dio punih \u010detrdeset i pet godina.<\/p><\/div><\/div><div class='content-column one_half last_column'><div style=\"padding-right:0px;padding-left:6px;\"><p>In Jelsa auf der Insel Hvar arbeitete Dr. Bridi dreiunddrei\u00dfig Jahre als Arzt f\u00fcr Allgemeinmedizin und Zahnarzt. Bevor er nach Jelsa kam, arbeitete er insgesamt zw\u00f6lf Jahre in Selca auf der Insel Bra\u010d und Trpanj auf Pelje\u0161ac, was bedeutet, dass er ganze f\u00fcnfundvierzig Jahre in Dalmatien wirkte.<\/p><\/div><\/div><div class='clear_column'><\/div><div class='content-column one_half'><div style=\"padding-right:6px;\"><p>Danas kada \u017eivimo u vremenu turizma i promjena pona\u0161anja kod mladih, bilo u \u0161kolskom \u017eivotu ili pri sportskim doga\u0111anjima, dr\u017eimo da su potrebiti sadr\u017eaji odgojne tematike koji bi potaknuli na kvalitetu shva\u0107anja \u017eivota i dru\u0161tvenog pona\u0161anja. Kada su osnovne humanisti\u010dke tekovine, kao \u0161to su obazrivost, po\u0161tovanje, odr\u017eavanje rije\u010di, odgovornost, solidarnost, ugro\u017eene poticanjem agresije, destrukcije i sl., tada lik dr. Vojtjeha Bride posebno dobiva na zna\u010denju. Humanisti\u010dke su vrline bile osobine dr. Bride koje je koristio u radu s bolesnicima. Ostao je zapam\u0107en kao uzor profesionalne etike, \u010destitosti, humanosti i po\u017ertvovanja.<\/p><\/div><\/div><div class='content-column one_half last_column'><div style=\"padding-right:0px;padding-left:6px;\"><p>Heute, wo wir in einer Zeit des Tourismus und der Verhaltens\u00e4nderungen junger Menschen leben, sei es im Schulleben oder bei Sportveranstaltungen, glauben wir, dass Bildungsinhalte ben\u00f6tigt werden, die ein qualitativ hochwertiges Verst\u00e4ndnis des Lebens und des sozialen Verhaltens f\u00f6rdern. Wenn humanistische Grundwerte wie Klugheit, Respekt, Wort halten, Verantwortung, Solidarit\u00e4t durch die Aufstachelung zu Aggression, Zerst\u00f6rung etc. bedroht werden, dann gewinnt die Figur von Dr. Vojtjeh Bridi besondere Bedeutung. Humanistische Tugenden waren die Qualit\u00e4ten von Dr. Bride, die er in seiner Arbeit mit Patienten einsetzte. Er blieb als Vorbild f\u00fcr Berufsethik, Ehrlichkeit, Menschlichkeit und Selbstaufopferung in Erinnerung.<\/p><\/div><\/div><div class='clear_column'><\/div><div class='content-column one_half'><div style=\"padding-right:6px;\"><p>Ta njegova osobnost ubraja ga me\u0111u najsposobnije i najzaslu\u017enije op\u0107inske lije\u010dnike otoka Hvara, \u0161to i nagla\u0161uju mnogi medicinari i mje\u0161tani.<\/p><\/div><\/div><div class='content-column one_half last_column'><div style=\"padding-right:0px;padding-left:6px;\"><p>Diese seine Pers\u00f6nlichkeit z\u00e4hlt er zu den f\u00e4higsten und verdienstvollsten Stadt\u00e4rzten auf der Insel Hvar, was von vielen Medizinern und Einheimischen betont wird.<\/p><\/div><\/div><div class='clear_column'><\/div><\/p>\n<p style=\"text-align: center;\"><em>Izvor:\/Quelle: Jaroslav Novak, Jasenka Splivalo. <span style=\"color: #3366ff;\"><a style=\"color: #3366ff;\" href=\"https:\/\/planhvar.com\/event\/100th-anniversary-of-the-arrival-of-dr-vojtjeh-bride-in-jelsa\">planhvar.com<\/a><\/span><\/em><\/p>\n<p style=\"text-align: right;\"><span style=\"color: #3366ff;\"><a style=\"color: #3366ff;\" href=\"#seite_oben\">natrag na vrh \/ Seitenanfang<\/a><\/span><\/p>\n<hr \/>\n<p><strong>Linkovi \/ Links<\/strong><\/p>\n<p><span style=\"color: #3366ff;\"><a style=\"color: #3366ff;\" href=\"https:\/\/www.topohvar.at\/wp-admin\/post.php?post=8855&amp;action=edit\">Zgrada javne \u00bbStara Ambulanta\u00ab \/ ehemalige Ambulanz<\/a><br \/>\n<a style=\"color: #3366ff;\" href=\"https:\/\/www.topohvar.at\/orte\/je\/je-mo-01-1\/\">Bista \/ B\u00fcste \u00bbDr. Vojteh Bridi\u00ab<\/a><br \/>\n<\/span><\/p>\n","protected":false},"excerpt":{"rendered":"<p>Ime \/ Name Informativna plo\u010da \u00bbVojtjeha Bride\u00ab \/ Informationstafel Vojteh Bride Code: JE-IP-03\u00a0 \u00a0 \u00a0 \u00a0 \u00a0 \u00a0 \u00a0 \u00a0 \u00a0 \u00a0 \u00a0 \u00a0 \u00a0 \u00a0 \u00a0 \u00a0 \u00a0 \u00a0 \u00a0 \u00a0 \u00a0 Adresa \/ Adresse Jelsa, Trg Vojtjeha Bride &hellip; <a href=\"https:\/\/www.topohvar.at\/topo\/orte\/je\/je-ip-03-1\/\">Weiterlesen <span class=\"meta-nav\">&rarr;<\/span><\/a><\/p>\n","protected":false},"author":1,"featured_media":0,"parent":85,"menu_order":0,"comment_status":"closed","ping_status":"closed","template":"","meta":{"footnotes":""},"class_list":["post-61880","page","type-page","status-publish","hentry"],"_links":{"self":[{"href":"https:\/\/www.topohvar.at\/topo\/wp-json\/wp\/v2\/pages\/61880","targetHints":{"allow":["GET"]}}],"collection":[{"href":"https:\/\/www.topohvar.at\/topo\/wp-json\/wp\/v2\/pages"}],"about":[{"href":"https:\/\/www.topohvar.at\/topo\/wp-json\/wp\/v2\/types\/page"}],"author":[{"embeddable":true,"href":"https:\/\/www.topohvar.at\/topo\/wp-json\/wp\/v2\/users\/1"}],"replies":[{"embeddable":true,"href":"https:\/\/www.topohvar.at\/topo\/wp-json\/wp\/v2\/comments?post=61880"}],"version-history":[{"count":7,"href":"https:\/\/www.topohvar.at\/topo\/wp-json\/wp\/v2\/pages\/61880\/revisions"}],"predecessor-version":[{"id":73059,"href":"https:\/\/www.topohvar.at\/topo\/wp-json\/wp\/v2\/pages\/61880\/revisions\/73059"}],"up":[{"embeddable":true,"href":"https:\/\/www.topohvar.at\/topo\/wp-json\/wp\/v2\/pages\/85"}],"wp:attachment":[{"href":"https:\/\/www.topohvar.at\/topo\/wp-json\/wp\/v2\/media?parent=61880"}],"curies":[{"name":"wp","href":"https:\/\/api.w.org\/{rel}","templated":true}]}}