{"id":61911,"date":"2022-11-17T07:53:21","date_gmt":"2022-11-17T06:53:21","guid":{"rendered":"https:\/\/www.topohvar.at\/topo\/?page_id=61911"},"modified":"2022-11-17T08:50:23","modified_gmt":"2022-11-17T07:50:23","slug":"je-mo-08-1","status":"publish","type":"page","link":"https:\/\/www.topohvar.at\/topo\/orte\/je\/je-mo-08-1\/","title":{"rendered":"JELSA &#8211; Spomen kamen prijateljstva Sankt Andr\u00e4 &#8211; Jelsa"},"content":{"rendered":"<p><a name=\"seite_oben\"><\/a><br \/>\n<strong><img loading=\"lazy\" decoding=\"async\" class=\"alignnone wp-image-61912 size-full\" src=\"https:\/\/www.topohvar.at\/wp-content\/uploads\/2022\/11\/je-mo-08-11.jpg\" alt=\"\" width=\"1080\" height=\"530\" srcset=\"https:\/\/www.topohvar.at\/wp-content\/uploads\/2022\/11\/je-mo-08-11.jpg 1080w, https:\/\/www.topohvar.at\/wp-content\/uploads\/2022\/11\/je-mo-08-11-300x147.jpg 300w, https:\/\/www.topohvar.at\/wp-content\/uploads\/2022\/11\/je-mo-08-11-1024x503.jpg 1024w, https:\/\/www.topohvar.at\/wp-content\/uploads\/2022\/11\/je-mo-08-11-768x377.jpg 768w\" sizes=\"auto, (max-width: 1080px) 100vw, 1080px\" \/><\/strong><\/p>\n<p><strong>Ime \/ Name<br \/>\n<\/strong>Spomen kamen prijateljstva Sankt Andr\u00e4 &#8211; Jelsa \/ Gedenkstein Freundschaft Sankt Andr\u00e4 &#8211; Jelsa<\/p>\n<p><strong>Code: <\/strong>JE-MO-08\u00a0 \u00a0 \u00a0 \u00a0 \u00a0 \u00a0 \u00a0 \u00a0 \u00a0 \u00a0 \u00a0 \u00a0 \u00a0 \u00a0 \u00a0 <strong><a href=\"https:\/\/www.topohvar.at\/orte\/je\/je-mo-10-1\/\"><img loading=\"lazy\" decoding=\"async\" class=\"alignnone wp-image-533 size-full\" src=\"https:\/\/www.topohvar.at\/wp-content\/uploads\/2018\/07\/push-l-30.jpg\" alt=\"\" width=\"61\" height=\"30\" \/><\/a> <a href=\"https:\/\/www.topohvar.at\/orte\/je\/\"><img loading=\"lazy\" decoding=\"async\" class=\"alignnone wp-image-535 size-full\" src=\"https:\/\/www.topohvar.at\/wp-content\/uploads\/2018\/07\/push-o-30.jpg\" alt=\"\" width=\"61\" height=\"30\" \/><\/a> <a href=\"https:\/\/www.topohvar.at\/orte\/je\/je-mo-06-1\/\"><img loading=\"lazy\" decoding=\"async\" class=\"alignnone wp-image-536 size-full\" src=\"https:\/\/www.topohvar.at\/wp-content\/uploads\/2018\/07\/push-r-30.jpg\" alt=\"\" width=\"61\" height=\"30\" \/><\/a><\/strong><\/p>\n<hr \/>\n<p><strong>Adresa \/ Adresse<br \/>\n<\/strong>Jelsa, Riva<\/p>\n<p><strong>Lokacija <\/strong><strong>\/ Position<a href=\"https:\/\/goo.gl\/maps\/wTTz4zwFKgzRQyhm6\"><img loading=\"lazy\" decoding=\"async\" class=\"alignright wp-image-61913\" src=\"https:\/\/www.topohvar.at\/wp-content\/uploads\/2022\/11\/3784.jpg\" alt=\"\" width=\"134\" height=\"100\" \/><\/a><br \/>\n<\/strong><a href=\"https:\/\/goo.gl\/maps\/wTTz4zwFKgzRQyhm6\"><span style=\"color: #3366ff;\">Latitude: N 43,16187\u00b0\u00a0 \u00a0Longitude: E 16,69309\u00b0 <\/span><\/a><strong><br \/>\n<\/strong>Visina \/ H\u00f6he: 1 m<\/p>\n<p><strong>Katastarska \u010destica <\/strong><strong>\/ Grundst\u00fccke<br \/>\n<\/strong>5663\/2<div class='content-column one_half'><div style=\"padding-right:6px;\"><p><strong>Datum snimanja \/ Erfassungsdatum<\/strong><br \/>\n06.11.2022 16:04:00<\/p>\n<hr \/>\n<p><strong>Informacije<\/strong><\/p>\n<p>Na zapadnom dijelu Rive, koji je redizajniran 2021.\/2022., 2022. godine podignut je spomenik u znak sje\u0107anja na 25-godi\u0161nje prijateljstvo op\u0107ine St. Andr\u00e4 u Austriji i Jelse.<\/p><\/div><\/div><div class='content-column one_half last_column'><div style=\"padding-right:0px;padding-left:6px;\"><p><strong>Stupanj za\u0161tite<\/strong><strong> \/ Schutzstellung<br \/>\n<\/strong>&#8211;<\/p>\n<hr \/>\n<p><strong>Info<\/strong><\/p>\n<p>Im Westteil der in den Jahren 2021\/2022 neugestalteten Riva wurde im Jahre 2022 ein Monument zur Erinnerung an die 25 j\u00e4hrige Freundschaft zwischen den Orten St. Andr\u00e4 (im Lavanttal) in \u00d6sterreich und Jelsa errichtet.<\/p><\/div><\/div><div class='clear_column'><\/div><div class='content-column one_half'><div style=\"padding-right:6px;\"><p>Spomenik se sastoji od prizmati\u010dno klesanog prirodnog kamena s bijelim mramornim vrhom i sljede\u0107im natpisom:<\/p><\/div><\/div><div class='content-column one_half last_column'><div style=\"padding-right:0px;padding-left:6px;\"><p>Das Monument besteht aus einem prismatisch geschnittenen Naturstein mit wei\u00dfer Marmorplatte und folgender Aufschrift:<\/p><\/div><\/div><div class='clear_column'><\/div><\/p>\n<p style=\"text-align: center;\">MJESTO SUSRETA<br \/>\nPRIJATELSKIH OP\u0106INA<br \/>\nSANKT ANDR\u00c4 I JELSA<br \/>\nPOVODOM 25 GODINA<br \/>\nPRIJATELSTVA<\/p>\n<p><img loading=\"lazy\" decoding=\"async\" class=\"aligncenter size-full wp-image-61917\" src=\"https:\/\/www.topohvar.at\/wp-content\/uploads\/2022\/11\/je-mo-08-13.jpg\" alt=\"\" width=\"350\" height=\"250\" srcset=\"https:\/\/www.topohvar.at\/wp-content\/uploads\/2022\/11\/je-mo-08-13.jpg 350w, https:\/\/www.topohvar.at\/wp-content\/uploads\/2022\/11\/je-mo-08-13-300x214.jpg 300w\" sizes=\"auto, (max-width: 350px) 100vw, 350px\" \/><\/p>\n<p style=\"text-align: center;\">TREFFPINKT DER<br \/>\nBEFREUNDETEN<br \/>\nGEMEINDEN<br \/>\nSANKT ANDR\u00c4 UND<br \/>\nJELSA ANL\u00c4SSLICH<br \/>\nDES 25 \u2013 J\u00c4HRIGEN<br \/>\nJUBIL\u00c4UMS DER<br \/>\nFREUNDSCVHAFT<\/p>\n<p style=\"text-align: right;\">Jelsa, 17.06.2022.<\/p>\n<p style=\"text-align: right;\"><span style=\"color: #3366ff;\"><a style=\"color: #3366ff;\" href=\"#seite_oben\">natrag na vrh \/ Seitenanfang<\/a><\/span><\/p>\n<hr \/>\n<p><strong>Linkovi \/ Links\u00a0<\/strong><\/p>\n<p><span style=\"color: #3366ff;\"><a style=\"color: #3366ff;\" href=\"https:\/\/de.wikipedia.org\/wiki\/Sankt_Andr%C3%A4_(K%C3%A4rnten)\">Sankt Andr\u00e4 ( Wikipedia)<\/a><\/span><\/p>\n","protected":false},"excerpt":{"rendered":"<p>Ime \/ Name Spomen kamen prijateljstva Sankt Andr\u00e4 &#8211; Jelsa \/ Gedenkstein Freundschaft Sankt Andr\u00e4 &#8211; Jelsa Code: JE-MO-08\u00a0 \u00a0 \u00a0 \u00a0 \u00a0 \u00a0 \u00a0 \u00a0 \u00a0 \u00a0 \u00a0 \u00a0 \u00a0 \u00a0 \u00a0 Adresa \/ Adresse Jelsa, Riva Lokacija \/ &hellip; <a href=\"https:\/\/www.topohvar.at\/topo\/orte\/je\/je-mo-08-1\/\">Weiterlesen <span class=\"meta-nav\">&rarr;<\/span><\/a><\/p>\n","protected":false},"author":1,"featured_media":0,"parent":85,"menu_order":0,"comment_status":"closed","ping_status":"closed","template":"","meta":{"footnotes":""},"class_list":["post-61911","page","type-page","status-publish","hentry"],"_links":{"self":[{"href":"https:\/\/www.topohvar.at\/topo\/wp-json\/wp\/v2\/pages\/61911","targetHints":{"allow":["GET"]}}],"collection":[{"href":"https:\/\/www.topohvar.at\/topo\/wp-json\/wp\/v2\/pages"}],"about":[{"href":"https:\/\/www.topohvar.at\/topo\/wp-json\/wp\/v2\/types\/page"}],"author":[{"embeddable":true,"href":"https:\/\/www.topohvar.at\/topo\/wp-json\/wp\/v2\/users\/1"}],"replies":[{"embeddable":true,"href":"https:\/\/www.topohvar.at\/topo\/wp-json\/wp\/v2\/comments?post=61911"}],"version-history":[{"count":6,"href":"https:\/\/www.topohvar.at\/topo\/wp-json\/wp\/v2\/pages\/61911\/revisions"}],"predecessor-version":[{"id":61920,"href":"https:\/\/www.topohvar.at\/topo\/wp-json\/wp\/v2\/pages\/61911\/revisions\/61920"}],"up":[{"embeddable":true,"href":"https:\/\/www.topohvar.at\/topo\/wp-json\/wp\/v2\/pages\/85"}],"wp:attachment":[{"href":"https:\/\/www.topohvar.at\/topo\/wp-json\/wp\/v2\/media?parent=61911"}],"curies":[{"name":"wp","href":"https:\/\/api.w.org\/{rel}","templated":true}]}}