{"id":61939,"date":"2022-11-17T14:23:00","date_gmt":"2022-11-17T13:23:00","guid":{"rendered":"https:\/\/www.topohvar.at\/topo\/?page_id=61939"},"modified":"2022-11-17T15:19:15","modified_gmt":"2022-11-17T14:19:15","slug":"je-tg-20-1","status":"publish","type":"page","link":"https:\/\/www.topohvar.at\/topo\/orte\/je\/je-tg-20-1\/","title":{"rendered":"JELSA &#8211; Zgrada javne \u00bbSlu\u017ebena zgrada, Lu\u010dka kapenaija\u00ab"},"content":{"rendered":"<p><a name=\"seite_oben\"><\/a><br \/>\n<img loading=\"lazy\" decoding=\"async\" class=\"aligncenter wp-image-61940 size-full\" src=\"https:\/\/www.topohvar.at\/wp-content\/uploads\/2022\/11\/je-tg-20-10.jpg\" alt=\"\" width=\"1080\" height=\"530\" srcset=\"https:\/\/www.topohvar.at\/wp-content\/uploads\/2022\/11\/je-tg-20-10.jpg 1080w, https:\/\/www.topohvar.at\/wp-content\/uploads\/2022\/11\/je-tg-20-10-300x147.jpg 300w, https:\/\/www.topohvar.at\/wp-content\/uploads\/2022\/11\/je-tg-20-10-1024x503.jpg 1024w, https:\/\/www.topohvar.at\/wp-content\/uploads\/2022\/11\/je-tg-20-10-768x377.jpg 768w\" sizes=\"auto, (max-width: 1080px) 100vw, 1080px\" \/><\/p>\n<p><strong>Ime \/ Name<br \/>\n<\/strong>Zgrada javne \u00bbSlu\u017ebena zgrada, Lu\u010dka kapenaija\u00ab \/ Amtsgeb\u00e4ude, Hafenbeh\u00f6rde<\/p>\n<p><strong>Code: <\/strong>JE-TG-20\u00a0 \u00a0 \u00a0 \u00a0 \u00a0 \u00a0 \u00a0 \u00a0 \u00a0 \u00a0 \u00a0 \u00a0 \u00a0 \u00a0 \u00a0 <strong><a href=\"https:\/\/www.topohvar.at\/orte\/je\/je-tg-04-1\/\"><img loading=\"lazy\" decoding=\"async\" class=\"alignnone wp-image-12300 size-full\" src=\"https:\/\/www.topohvar.at\/wp-content\/uploads\/2018\/09\/push-vor-30.jpg\" alt=\"\" width=\"61\" height=\"30\" \/><\/a> <a href=\"https:\/\/www.topohvar.at\/orte\/je\/je-tg-01-1\/\"><img loading=\"lazy\" decoding=\"async\" class=\"alignnone wp-image-533 size-full\" src=\"https:\/\/www.topohvar.at\/wp-content\/uploads\/2018\/07\/push-l-30.jpg\" alt=\"\" width=\"61\" height=\"30\" \/><\/a> <a href=\"https:\/\/www.topohvar.at\/orte\/je\/\"><img loading=\"lazy\" decoding=\"async\" class=\"alignnone wp-image-535 size-full\" src=\"https:\/\/www.topohvar.at\/wp-content\/uploads\/2018\/07\/push-o-30.jpg\" alt=\"\" width=\"61\" height=\"30\" \/><\/a> <a href=\"https:\/\/www.topohvar.at\/orte\/je\/je-tg-11-1\/\"><img loading=\"lazy\" decoding=\"async\" class=\"alignnone wp-image-536 size-full\" src=\"https:\/\/www.topohvar.at\/wp-content\/uploads\/2018\/07\/push-r-30.jpg\" alt=\"\" width=\"61\" height=\"30\" \/><\/a>\u00a0<a href=\"https:\/\/www.topohvar.at\/orte\/je\/je-tg-09-1\/\"><img loading=\"lazy\" decoding=\"async\" class=\"alignnone wp-image-12299 size-full\" src=\"https:\/\/www.topohvar.at\/wp-content\/uploads\/2018\/09\/push-next-30.jpg\" alt=\"\" width=\"61\" height=\"30\" \/><\/a><\/strong><\/p>\n<hr \/>\n<p><strong>Adresa \/ Adresse<br \/>\n<\/strong>Jelsa,\u00a0Obala Dubokovi\u0107, Lu\u010dka kapenaija<\/p>\n<p><strong>Lokacija \/ Position<a href=\"https:\/\/goo.gl\/maps\/pwqgSbMHLLAkbTU2A\"><img loading=\"lazy\" decoding=\"async\" class=\"alignright wp-image-9301\" src=\"https:\/\/www.topohvar.at\/wp-content\/uploads\/2018\/09\/0437.jpg\" alt=\"\" width=\"133\" height=\"100\" \/><\/a><br \/>\n<\/strong><span style=\"color: #3366ff;\"><a style=\"color: #3366ff;\" href=\"https:\/\/goo.gl\/maps\/pwqgSbMHLLAkbTU2A\">Latitude: N 43,16310\u00b0\u00a0 \u00a0Longitude: E 16,69397\u00b0<\/a> <\/span><strong><br \/>\n<\/strong>Visina \/ H\u00f6he: 1 m<\/p>\n<p><strong>Katastarska \u010destica \/ Grundst\u00fccke<br \/>\n<\/strong>*16\/2<div class='content-column one_half'><div style=\"padding-right:6px;\"><p><strong>Datum snimanja \/ Erfassungsdatum<br \/>\n<\/strong>06.11.2022 15:34:00<\/p>\n<hr \/>\n<p><strong>Informacije<\/strong><\/p>\n<p>Na fasadu je pri\u010dvr\u0161\u0107eno nekoliko plo\u010da:<\/p><\/div><\/div><div class='content-column one_half last_column'><div style=\"padding-right:0px;padding-left:6px;\"><p><strong>Stupanj za\u0161tite <\/strong><strong>\/ Schutzstellung<br \/>\n<\/strong>&#8211;<\/p>\n<hr \/>\n<p><strong>Info<\/strong><\/p>\n<p>An der Fassade sind mehrere Tafeln angebracht:<\/p><\/div><\/div><div class='clear_column'><\/div><div class='content-column one_half'><div style=\"padding-right:6px;\"><p><img loading=\"lazy\" decoding=\"async\" class=\"aligncenter size-full wp-image-61943\" src=\"https:\/\/www.topohvar.at\/wp-content\/uploads\/2022\/11\/je-tg-20-18.jpg\" alt=\"\" width=\"450\" height=\"314\" srcset=\"https:\/\/www.topohvar.at\/wp-content\/uploads\/2022\/11\/je-tg-20-18.jpg 450w, https:\/\/www.topohvar.at\/wp-content\/uploads\/2022\/11\/je-tg-20-18-300x209.jpg 300w\" sizes=\"auto, (max-width: 450px) 100vw, 450px\" \/><\/p><\/div><\/div><div class='content-column one_half last_column'><div style=\"padding-right:0px;padding-left:6px;\"><p style=\"text-align: center;\">REPUBLIKA HRVATSKA<br \/>\nHRVATSKI ZAVOD ZA ZAPO\u0160LJAVANJE<br \/>\nPODRU\u010cNA SLU\u017dBA SPLIT<br \/>\nISPOSTAVA JELSA<br \/>\n&#8211; \/ &#8211;<br \/>\nRepublik Kroatien<br \/>\nKroatische Arbeitsvermittlung<br \/>\nRegionalb0ro<br \/>\nFiliale Jelsa<br \/><\/div><\/div><div class='clear_column'><\/div><div class='content-column one_half'><div style=\"padding-right:6px;\"><p><img loading=\"lazy\" decoding=\"async\" class=\"aligncenter size-full wp-image-61944\" src=\"https:\/\/www.topohvar.at\/wp-content\/uploads\/2022\/11\/je-tg-20-19.jpg\" alt=\"\" width=\"450\" height=\"300\" srcset=\"https:\/\/www.topohvar.at\/wp-content\/uploads\/2022\/11\/je-tg-20-19.jpg 450w, https:\/\/www.topohvar.at\/wp-content\/uploads\/2022\/11\/je-tg-20-19-300x200.jpg 300w\" sizes=\"auto, (max-width: 450px) 100vw, 450px\" \/><\/p><\/div><\/div><div class='content-column one_half last_column'><div style=\"padding-right:0px;padding-left:6px;\"><p style=\"text-align: center;\">REPUBLIKA HRVATSKA<br \/>\nURED DR\u017dAVNE UPRAVE<br \/>\nU SPLITSKO-DALMATINSKOJ \u017dUPANIJI<br \/>\nMATI\u010cNI URED JELSA \u2013 JELSA<br \/>\n&#8211; \/ &#8211;<br \/>\nRepublik Kroatien<br \/>\nBezirksamt<br \/>\nin der Gespanschaft Split-Dalmatien<br \/>\nStandesamt Jelsa &#8211; Jelsa<\/p><\/div><\/div><div class='clear_column'><\/div><div class='content-column one_half'><div style=\"padding-right:6px;\"><p><img loading=\"lazy\" decoding=\"async\" class=\"size-full wp-image-61945\" src=\"https:\/\/www.topohvar.at\/wp-content\/uploads\/2022\/11\/je-tg-20-20.jpg\" alt=\"\" width=\"450\" height=\"298\" srcset=\"https:\/\/www.topohvar.at\/wp-content\/uploads\/2022\/11\/je-tg-20-20.jpg 450w, https:\/\/www.topohvar.at\/wp-content\/uploads\/2022\/11\/je-tg-20-20-300x199.jpg 300w\" sizes=\"auto, (max-width: 450px) 100vw, 450px\" \/><\/p><\/div><\/div><div class='content-column one_half last_column'><div style=\"padding-right:0px;padding-left:6px;\"><p style=\"text-align: center;\">LU\u010cKA UPRAVA<br \/>\nSPLITSKO-DALMATINSKE \u017dUPANIJE<br \/>\nPORT AUTHORITY<br \/>\nOF THE COUNTY OF SPLIT AND DALMATIA<br \/>\n&#8211; \/ &#8211;<br \/>\nHafenbeh\u00f6rde<br \/>\nGespanschaft Split-Dalmatien<\/p><\/div><\/div><div class='clear_column'><\/div><div class='content-column one_half'><div style=\"padding-right:6px;\"><p><img loading=\"lazy\" decoding=\"async\" class=\"wp-image-61954 size-full\" src=\"https:\/\/www.topohvar.at\/wp-content\/uploads\/2022\/11\/je-tg-20-21.jpg\" alt=\"\" width=\"450\" height=\"297\" srcset=\"https:\/\/www.topohvar.at\/wp-content\/uploads\/2022\/11\/je-tg-20-21.jpg 450w, https:\/\/www.topohvar.at\/wp-content\/uploads\/2022\/11\/je-tg-20-21-300x198.jpg 300w\" sizes=\"auto, (max-width: 450px) 100vw, 450px\" \/><\/p><\/div><\/div><div class='content-column one_half last_column'><div style=\"padding-right:0px;padding-left:6px;\"><p style=\"text-align: center;\">RPUBLIKA HRVATSKA<br \/>\nMINISTARSTVO POMORSTVA PROMETA I INFRASTRUKTURE<br \/>\nUPRAVA SIGURNOSTI PLOVIDBE<br \/>\nLU\u010cKA KAPETANIJA SPLIT<br \/>\nISPOSTAVA JELSA &#8211; JELSA<br \/>\n&#8211; \/ &#8211;<br \/>\nRepublik Kroatien<br \/>\nMinisterium f\u00fcr Seefahrt und Infrastruktur<br \/>\nBeh\u00f6rde f\u00fcr Seesicherheit<br \/>\nKapit\u00e4neria Split<br \/>\nFiliale Jelsa &#8211; Jelsa<\/p><\/div><\/div><div class='clear_column'><\/div><\/p>\n<hr \/>\n<div class='content-column one_half'><div style=\"padding-right:6px;\"><p>U ku\u0107i se nalazi i sun\u010dani sat.<\/p><\/div><\/div><div class='content-column one_half last_column'><div style=\"padding-right:0px;padding-left:6px;\"><p>Am Haus befindet sich auch eine Sonnenuhr.<\/p><\/div><\/div><div class='clear_column'><\/div><\/p>\n<p style=\"text-align: right;\"><span style=\"color: #3366ff;\"><a style=\"color: #3366ff;\" href=\"#seite_oben\">natrag na vrh \/ Seitenanfang<\/a><\/span><\/p>\n<hr \/>\n<p><strong>Linkovi \/ Links<\/strong><\/p>\n<p><span style=\"color: #3366ff;\"><a style=\"color: #3366ff;\" href=\"https:\/\/www.topohvar.at\/topo\/orte\/je\/je-ob-01-1\/\">Objekt \u00bbSun\u010dani sat\u00ab \/ Sonnenuhr<\/a><\/span><\/p>\n","protected":false},"excerpt":{"rendered":"<p>Ime \/ Name Zgrada javne \u00bbSlu\u017ebena zgrada, Lu\u010dka kapenaija\u00ab \/ Amtsgeb\u00e4ude, Hafenbeh\u00f6rde Code: JE-TG-20\u00a0 \u00a0 \u00a0 \u00a0 \u00a0 \u00a0 \u00a0 \u00a0 \u00a0 \u00a0 \u00a0 \u00a0 \u00a0 \u00a0 \u00a0 \u00a0 Adresa \/ Adresse Jelsa,\u00a0Obala Dubokovi\u0107, Lu\u010dka kapenaija Lokacija \/ Position Latitude: &hellip; <a href=\"https:\/\/www.topohvar.at\/topo\/orte\/je\/je-tg-20-1\/\">Weiterlesen <span class=\"meta-nav\">&rarr;<\/span><\/a><\/p>\n","protected":false},"author":1,"featured_media":0,"parent":85,"menu_order":0,"comment_status":"closed","ping_status":"closed","template":"","meta":{"footnotes":""},"class_list":["post-61939","page","type-page","status-publish","hentry"],"_links":{"self":[{"href":"https:\/\/www.topohvar.at\/topo\/wp-json\/wp\/v2\/pages\/61939","targetHints":{"allow":["GET"]}}],"collection":[{"href":"https:\/\/www.topohvar.at\/topo\/wp-json\/wp\/v2\/pages"}],"about":[{"href":"https:\/\/www.topohvar.at\/topo\/wp-json\/wp\/v2\/types\/page"}],"author":[{"embeddable":true,"href":"https:\/\/www.topohvar.at\/topo\/wp-json\/wp\/v2\/users\/1"}],"replies":[{"embeddable":true,"href":"https:\/\/www.topohvar.at\/topo\/wp-json\/wp\/v2\/comments?post=61939"}],"version-history":[{"count":10,"href":"https:\/\/www.topohvar.at\/topo\/wp-json\/wp\/v2\/pages\/61939\/revisions"}],"predecessor-version":[{"id":61956,"href":"https:\/\/www.topohvar.at\/topo\/wp-json\/wp\/v2\/pages\/61939\/revisions\/61956"}],"up":[{"embeddable":true,"href":"https:\/\/www.topohvar.at\/topo\/wp-json\/wp\/v2\/pages\/85"}],"wp:attachment":[{"href":"https:\/\/www.topohvar.at\/topo\/wp-json\/wp\/v2\/media?parent=61939"}],"curies":[{"name":"wp","href":"https:\/\/api.w.org\/{rel}","templated":true}]}}