{"id":62121,"date":"2022-11-20T11:12:06","date_gmt":"2022-11-20T10:12:06","guid":{"rendered":"https:\/\/www.topohvar.at\/topo\/?page_id=62121"},"modified":"2022-12-14T18:04:20","modified_gmt":"2022-12-14T17:04:20","slug":"vj-tr-26-1","status":"publish","type":"page","link":"https:\/\/www.topohvar.at\/topo\/orte\/vj\/vj-tr-26-1\/","title":{"rendered":"VRBANJ &#8211; Trim \u00bbVJ-TR-26\u00ab"},"content":{"rendered":"<p><a name=\"seite_oben\"><\/a><br \/>\n<strong><img loading=\"lazy\" decoding=\"async\" class=\"aligncenter wp-image-62122 size-full\" src=\"https:\/\/www.topohvar.at\/wp-content\/uploads\/2022\/11\/vj-tr-26-1.jpg\" alt=\"\" width=\"1080\" height=\"530\" srcset=\"https:\/\/www.topohvar.at\/wp-content\/uploads\/2022\/11\/vj-tr-26-1.jpg 1080w, https:\/\/www.topohvar.at\/wp-content\/uploads\/2022\/11\/vj-tr-26-1-300x147.jpg 300w, https:\/\/www.topohvar.at\/wp-content\/uploads\/2022\/11\/vj-tr-26-1-1024x503.jpg 1024w, https:\/\/www.topohvar.at\/wp-content\/uploads\/2022\/11\/vj-tr-26-1-768x377.jpg 768w\" sizes=\"auto, (max-width: 1080px) 100vw, 1080px\" \/><\/strong><\/p>\n<p><strong>Ime \/ Name<br \/>\n<\/strong>Trim \u00bbVJ-TR-26\u00ab<\/p>\n<p><strong>Code: <\/strong>VJ-TR-26\u00a0 \u00a0 \u00a0 \u00a0 \u00a0 \u00a0 \u00a0 \u00a0<strong>\u00a0 \u00a0 \u00a0 \u00a0 \u00a0 \u00a0 \u00a0 \u00a0 \u00a0 <a href=\"https:\/\/www.topohvar.at\/orte\/vj\/vj-tr-00-1\/\"><img loading=\"lazy\" decoding=\"async\" class=\"alignnone wp-image-12300 size-full\" src=\"https:\/\/www.topohvar.at\/wp-content\/uploads\/2018\/09\/push-vor-30.jpg\" alt=\"\" width=\"61\" height=\"30\" \/><\/a> <a href=\"https:\/\/www.topohvar.at\/orte\/vj\/vj-tr-32-1\/\"><img loading=\"lazy\" decoding=\"async\" class=\"alignnone wp-image-533 size-full\" src=\"https:\/\/www.topohvar.at\/wp-content\/uploads\/2018\/07\/push-l-30.jpg\" alt=\"\" width=\"61\" height=\"30\" \/><\/a>\u00a0<a href=\"https:\/\/www.topohvar.at\/orte\/vj\/\"><img loading=\"lazy\" decoding=\"async\" class=\"alignnone wp-image-535 size-full\" src=\"https:\/\/www.topohvar.at\/wp-content\/uploads\/2018\/07\/push-o-30.jpg\" alt=\"\" width=\"61\" height=\"30\" \/><\/a>\u00a0<a href=\"https:\/\/www.topohvar.at\/orte\/vj\/vj-tr-01-1\/\"><img loading=\"lazy\" decoding=\"async\" class=\"alignnone wp-image-536 size-full\" src=\"https:\/\/www.topohvar.at\/wp-content\/uploads\/2018\/07\/push-r-30.jpg\" alt=\"\" width=\"61\" height=\"30\" \/><\/a><\/strong><\/p>\n<hr \/>\n<p><strong>Adresa \/ Adresse<br \/>\n<\/strong>Vrbanj, Polje, Radi\u0107a Njiva<\/p>\n<p><strong>Lokalna polo\u017eaj \/ Position<a href=\"https:\/\/goo.gl\/maps\/ww8kzCyiPeLqEUh5A\"><img loading=\"lazy\" decoding=\"async\" class=\"alignright wp-image-62015\" src=\"https:\/\/www.topohvar.at\/wp-content\/uploads\/2022\/11\/3792.jpg\" alt=\"\" width=\"134\" height=\"100\" \/><\/a><br \/>\n<\/strong><a href=\"https:\/\/goo.gl\/maps\/ww8kzCyiPeLqEUh5A\"><span style=\"color: #3366ff;\">Latitude: N 43,17630\u00b0\u00a0 \u00a0 Longitude: E 16,64422\u00b0\u00a0<\/span><\/a><strong><br \/>\n<\/strong>Visina \/ H\u00f6he: 17 m<\/p>\n<p><strong>Zemlji\u0161te \/ Grundst\u00fccke<br \/>\n<\/strong>1622\/1<div class='content-column one_half'><div style=\"padding-right:6px;\"><p><strong>Datum snimanja \/ Erfassungsdatum<br \/>\n<\/strong>07.11.2022 15:00:42<\/p>\n<hr \/>\n<p><strong>Informacije<\/strong><\/p>\n<p>Trim se nalazi u grmlju Starigradskog polja isto\u010dno od uzleti\u0161ta. Veliki jednostupanjski trim nalazi se na podru\u010dju koje se prije intenzivno koristilo, o \u010demu svjedo\u010de kameni zidovi i obli\u017enja cisterna s pjoverom. S njegove lijeve strane korbeni, koji, me\u0111utim, po\u010dinju tek na visini od oko 1,4 metra, vode do krova trima. Desna strana trima zaglavljena je u kameni zid\/brdak kamenja. Le\u0111a se oslanjaju na stijenu. Desno od ulaza stepenice vode gore do zida. Ovdje su naslagane i mnoge prirodne kamene plo\u010de.<\/p><\/div><\/div><div class='content-column one_half last_column'><div style=\"padding-right:0px;padding-left:6px;\"><p><strong>Za\u0161titni polo\u017eaj \/ Schutzstellung<br \/>\n<\/strong>&#8211;<\/p>\n<hr \/>\n<p><strong>Info<\/strong><\/p>\n<p>Der Trim befindet sich im Geb\u00fcsch der Starigrader Ebene \u00f6stlich des Flugfeldes. Der gro\u00dfe einstufige Trim mit \u00a0Bereich war fr\u00fcher intensiv genutzt, davon zeugen noch Steinmauern, und eine nahe gelegene Zisterne mit Pjover. \u00a0Auf seiner linken Seite f\u00fchren Kragsteine, die jedoch erst in einer H\u00f6he von etwa 1,4 Meter beginnen, hinauf auf das Trimdach. Die rechte Seite des Trims steckt in einer Steinmauer\/Steinh\u00fcgel. Seine R\u00fcckseite fu\u00dft auf Felsgestein. Rechts vor dem Eingang f\u00fchren Stufen auf die Mauer. Hier finden sich auch viele Natursteinplatten gestapelt.<\/p><\/div><\/div><div class='clear_column'><\/div><div class='content-column one_half'><div style=\"padding-right:6px;\"><p>Iznad ulaza jedna iznad druge postavljeno je nekoliko ni\u0161a s nadvojima.Trapezoidni ulaz vodi u unutra\u0161njost s dvije zidne ni\u0161e. Pa\u017eljiv dizajn unutra\u0161njosti kupole je izvanredan. Trim je u vrlo dobrom stanju, ali jedva da bi se vi\u0161e trebala koristiti.<\/p><\/div><\/div><div class='content-column one_half last_column'><div style=\"padding-right:0px;padding-left:6px;\"><p>\u00dcber dem Eingang sind \u00fcbereinander mehrere Nischen mit \u00dcberlagern angeordnet. Durch den trapezf\u00f6rmigen Eingang gelangt man in den Innenraum mit zwei Wendischen. Bemerkenswert ist die sorgf\u00e4ltige Ausbildung des Kuppelinneren. Der Trim ist sehr gut erhalten, d\u00fcrfte aber kaum noch genutzt werden.<\/p><\/div><\/div><div class='clear_column'><\/div><div class='content-column one_half'><div style=\"padding-right:6px;\"><p>Izvor: Geoportal DGU<\/p><\/div><\/div><div class='content-column one_half last_column'><div style=\"padding-right:0px;padding-left:6px;\"><p>Quelle: Geoportal DGU<\/p><\/div><\/div><div class='clear_column'><\/div><div class='content-column one_half'><div style=\"padding-right:6px;\"><div id=\"attachment_62175\" style=\"width: 310px\" class=\"wp-caption aligncenter\"><img loading=\"lazy\" decoding=\"async\" aria-describedby=\"caption-attachment-62175\" class=\"size-medium wp-image-62175\" src=\"https:\/\/www.topohvar.at\/wp-content\/uploads\/2022\/12\/vj-tr-26-11-300x300.jpg\" alt=\"\" width=\"300\" height=\"300\" srcset=\"https:\/\/www.topohvar.at\/wp-content\/uploads\/2022\/12\/vj-tr-26-11-300x300.jpg 300w, https:\/\/www.topohvar.at\/wp-content\/uploads\/2022\/12\/vj-tr-26-11-150x150.jpg 150w, https:\/\/www.topohvar.at\/wp-content\/uploads\/2022\/12\/vj-tr-26-11.jpg 450w\" sizes=\"auto, (max-width: 300px) 100vw, 300px\" \/><p id=\"caption-attachment-62175\" class=\"wp-caption-text\">Ulaz \/ Eingang<\/p><\/div>\n<p>Dana 07.11.2022 trim VJ-TR-26 je posje\u0107en i ustanovljeno je sljede\u0107e:<\/p>\n<p>Lokacija: grmlje<br \/>\nPodloga: stjenovita<br \/>\nPovezan s: kamenim zidom<br \/>\nUpotreba: malo se koristi<br \/>\nStanje: vrlo dobro uzdr\u017eati<br \/>\nBroj stepenica trima: 1<br \/>\nDodatni kameni prsten: nema prstena<br \/>\nStepeni\u0161te: konzolne stepenice<br \/>\nOblik kamena: uglast<br \/>\nPodru\u010dje ispred ulaza: lako dostupno<br \/>\nOrijentacija ulaza: Z (260\u00b0)<br \/>\nPromjer trima (cm): 540<br \/>\nVisina trima (cm): 330<br \/>\nVisina stepenica (cm): stepenica 1: 240<br \/>\nDebljina zida (cm): 90<br \/>\n\u0160irina vrata (cm): 80<br \/>\nVisina vrata (cm): 115<br \/>\n\u0160irina unutra (cm): 340 &#8211; 360<br \/>\nVisina unutra (cm): 310<br \/>\nVolumen iznutra (m3): 17,03<br \/>\nNi\u0161a 1 (P\/\u0160\/V\/D) (cm): 40 \/ 40 \/ 30 \/ 50<br \/>\nni\u0161a 2 (P\/\u0160\/V\/D) (cm): 50 \/ 30 \/ 30 \/ 45<\/p><\/div><\/div><div class='content-column one_half last_column'><div style=\"padding-right:0px;padding-left:6px;\"><div id=\"attachment_62176\" style=\"width: 310px\" class=\"wp-caption aligncenter\"><img loading=\"lazy\" decoding=\"async\" aria-describedby=\"caption-attachment-62176\" class=\"size-medium wp-image-62176\" src=\"https:\/\/www.topohvar.at\/wp-content\/uploads\/2022\/12\/vj-tr-26-12-300x300.jpg\" alt=\"\" width=\"300\" height=\"300\" srcset=\"https:\/\/www.topohvar.at\/wp-content\/uploads\/2022\/12\/vj-tr-26-12-300x300.jpg 300w, https:\/\/www.topohvar.at\/wp-content\/uploads\/2022\/12\/vj-tr-26-12-150x150.jpg 150w, https:\/\/www.topohvar.at\/wp-content\/uploads\/2022\/12\/vj-tr-26-12.jpg 450w\" sizes=\"auto, (max-width: 300px) 100vw, 300px\" \/><p id=\"caption-attachment-62176\" class=\"wp-caption-text\">Pogled na kupolu \/ Blick in die Kuppel<\/p><\/div>\n<p>Am 07.11.2022 wurde der Trim VJ-TR-26 besucht und n\u00e4her untersucht:<\/p>\n<p>Standort: Buschwerk<br \/>\nUntergrund: Fels<br \/>\nVerbunden mit: Steinmauer<br \/>\nNutzung: kaum genutzt<br \/>\nZustand: sehr gut erhalten<br \/>\nAnzahl der Trimstufen: 1<br \/>\nZus\u00e4tzlicher Steinring: kein Steinring<br \/>\nStiege: Kragsteine<br \/>\nSteinform: kantig<br \/>\nEingangsbereich: frei<br \/>\nEingangsseite: W (260\u00b0)<br \/>\nTrimdurchmesser (cm): 540<br \/>\nTrimh\u00f6he (cm): 330<br \/>\nH\u00f6he der Trimstufen (cm): Stufe 1: 240<br \/>\nWandst\u00e4rke (cm): 90<br \/>\nT\u00fcrbreite (cm): 80<br \/>\nT\u00fcrh\u00f6he (cm): 115<br \/>\nInnenraumbreite (cm): 340 &#8211; 360<br \/>\nInnenraumh\u00f6he (cm): 310<br \/>\nRaumvolumen (m3): 17,03<br \/>\nNische 1 (P\/B\/H\/T) (cm): 40 \/ 40 \/ 30 \/ 50<br \/>\nNische 2 (P\/B\/H\/T) (cm): 50 \/ 30 \/ 30 \/ 45<\/p><\/div><\/div><div class='clear_column'><\/div><\/p>\n<p><img loading=\"lazy\" decoding=\"async\" class=\"aligncenter size-full wp-image-62178\" src=\"https:\/\/www.topohvar.at\/wp-content\/uploads\/2022\/12\/vj-tr-26-scan1.jpg\" alt=\"\" width=\"640\" height=\"969\" srcset=\"https:\/\/www.topohvar.at\/wp-content\/uploads\/2022\/12\/vj-tr-26-scan1.jpg 640w, https:\/\/www.topohvar.at\/wp-content\/uploads\/2022\/12\/vj-tr-26-scan1-198x300.jpg 198w\" sizes=\"auto, (max-width: 640px) 100vw, 640px\" \/><\/p>\n<p style=\"text-align: right;\"><span style=\"color: #3366ff;\"><a style=\"color: #3366ff;\" href=\"#seite_oben\">natrag na vrh \/ Seitenanfang<\/a><\/span><\/p>\n<hr \/>\n<p><strong>Linkovi \/ Links<\/strong><\/p>\n<h3><span style=\"color: #3366ff;\"><a style=\"color: #3366ff;\" href=\"https:\/\/www.topohvar.at\/topo\/orte\/vj\/vj-op-00-0\/#op-a9\">Objekt A9 \u00bbGustirna uz trim VR-TR-26\u00ab \/ Zisterne beim Trim VR-TR-26<\/a><\/span><\/h3>\n","protected":false},"excerpt":{"rendered":"<p>Ime \/ Name Trim \u00bbVJ-TR-26\u00ab Code: VJ-TR-26\u00a0 \u00a0 \u00a0 \u00a0 \u00a0 \u00a0 \u00a0 \u00a0\u00a0 \u00a0 \u00a0 \u00a0 \u00a0 \u00a0 \u00a0 \u00a0 \u00a0 \u00a0\u00a0 Adresa \/ Adresse Vrbanj, Polje, Radi\u0107a Njiva Lokalna polo\u017eaj \/ Position Latitude: N 43,17630\u00b0\u00a0 \u00a0 Longitude: E &hellip; <a href=\"https:\/\/www.topohvar.at\/topo\/orte\/vj\/vj-tr-26-1\/\">Weiterlesen <span class=\"meta-nav\">&rarr;<\/span><\/a><\/p>\n","protected":false},"author":1,"featured_media":0,"parent":111,"menu_order":0,"comment_status":"closed","ping_status":"closed","template":"","meta":{"footnotes":""},"class_list":["post-62121","page","type-page","status-publish","hentry"],"_links":{"self":[{"href":"https:\/\/www.topohvar.at\/topo\/wp-json\/wp\/v2\/pages\/62121","targetHints":{"allow":["GET"]}}],"collection":[{"href":"https:\/\/www.topohvar.at\/topo\/wp-json\/wp\/v2\/pages"}],"about":[{"href":"https:\/\/www.topohvar.at\/topo\/wp-json\/wp\/v2\/types\/page"}],"author":[{"embeddable":true,"href":"https:\/\/www.topohvar.at\/topo\/wp-json\/wp\/v2\/users\/1"}],"replies":[{"embeddable":true,"href":"https:\/\/www.topohvar.at\/topo\/wp-json\/wp\/v2\/comments?post=62121"}],"version-history":[{"count":9,"href":"https:\/\/www.topohvar.at\/topo\/wp-json\/wp\/v2\/pages\/62121\/revisions"}],"predecessor-version":[{"id":62201,"href":"https:\/\/www.topohvar.at\/topo\/wp-json\/wp\/v2\/pages\/62121\/revisions\/62201"}],"up":[{"embeddable":true,"href":"https:\/\/www.topohvar.at\/topo\/wp-json\/wp\/v2\/pages\/111"}],"wp:attachment":[{"href":"https:\/\/www.topohvar.at\/topo\/wp-json\/wp\/v2\/media?parent=62121"}],"curies":[{"name":"wp","href":"https:\/\/api.w.org\/{rel}","templated":true}]}}