{"id":62125,"date":"2022-11-20T11:39:28","date_gmt":"2022-11-20T10:39:28","guid":{"rendered":"https:\/\/www.topohvar.at\/topo\/?page_id=62125"},"modified":"2022-12-14T18:23:56","modified_gmt":"2022-12-14T17:23:56","slug":"vj-tr-13-1","status":"publish","type":"page","link":"https:\/\/www.topohvar.at\/topo\/orte\/vj\/vj-tr-13-1\/","title":{"rendered":"VRBANJ &#8211; Trim \u00bbVJ-TR-13\u00ab"},"content":{"rendered":"<p><a name=\"seite_oben\"><\/a><br \/>\n<strong><img loading=\"lazy\" decoding=\"async\" class=\"aligncenter wp-image-62126 size-full\" src=\"https:\/\/www.topohvar.at\/wp-content\/uploads\/2022\/11\/vj-tr-13-1.jpg\" alt=\"\" width=\"1080\" height=\"530\" srcset=\"https:\/\/www.topohvar.at\/wp-content\/uploads\/2022\/11\/vj-tr-13-1.jpg 1080w, https:\/\/www.topohvar.at\/wp-content\/uploads\/2022\/11\/vj-tr-13-1-300x147.jpg 300w, https:\/\/www.topohvar.at\/wp-content\/uploads\/2022\/11\/vj-tr-13-1-1024x503.jpg 1024w, https:\/\/www.topohvar.at\/wp-content\/uploads\/2022\/11\/vj-tr-13-1-768x377.jpg 768w\" sizes=\"auto, (max-width: 1080px) 100vw, 1080px\" \/><\/strong><\/p>\n<p><strong>Ime \/ Name<br \/>\n<\/strong>Trim \u00bbVJ-TR-13\u00ab<\/p>\n<p><strong>Code: <\/strong>VJ-TR-13\u00a0 \u00a0 \u00a0 \u00a0 \u00a0 \u00a0 \u00a0 \u00a0<strong>\u00a0 \u00a0 \u00a0 \u00a0 \u00a0 \u00a0 \u00a0 \u00a0 \u00a0 <a href=\"https:\/\/www.topohvar.at\/orte\/vj\/vj-tr-00-1\/\"><img loading=\"lazy\" decoding=\"async\" class=\"alignnone wp-image-12300 size-full\" src=\"https:\/\/www.topohvar.at\/wp-content\/uploads\/2018\/09\/push-vor-30.jpg\" alt=\"\" width=\"61\" height=\"30\" \/><\/a> <a href=\"https:\/\/www.topohvar.at\/orte\/vj\/vj-tr-20-1\/\"><img loading=\"lazy\" decoding=\"async\" class=\"alignnone wp-image-533 size-full\" src=\"https:\/\/www.topohvar.at\/wp-content\/uploads\/2018\/07\/push-l-30.jpg\" alt=\"\" width=\"61\" height=\"30\" \/><\/a>\u00a0<a href=\"https:\/\/www.topohvar.at\/orte\/vj\/\"><img loading=\"lazy\" decoding=\"async\" class=\"alignnone wp-image-535 size-full\" src=\"https:\/\/www.topohvar.at\/wp-content\/uploads\/2018\/07\/push-o-30.jpg\" alt=\"\" width=\"61\" height=\"30\" \/><\/a>\u00a0<a href=\"https:\/\/www.topohvar.at\/orte\/vj\/vj-tr-19-1\/\"><img loading=\"lazy\" decoding=\"async\" class=\"alignnone wp-image-536 size-full\" src=\"https:\/\/www.topohvar.at\/wp-content\/uploads\/2018\/07\/push-r-30.jpg\" alt=\"\" width=\"61\" height=\"30\" \/><\/a><\/strong><\/p>\n<hr \/>\n<p><strong>Adresa \/ Adresse<br \/>\n<\/strong>Vrbanj, Polje, Malo Blato<\/p>\n<p><strong>Lokalna polo\u017eaj \/ Position<a href=\"https:\/\/goo.gl\/maps\/qTW3qQQP2r2AZvvk8\"><img loading=\"lazy\" decoding=\"async\" class=\"alignright wp-image-62127\" src=\"https:\/\/www.topohvar.at\/wp-content\/uploads\/2022\/11\/3805.jpg\" alt=\"\" width=\"134\" height=\"100\" \/><\/a><br \/>\n<\/strong><span style=\"color: #3366ff;\"><a style=\"color: #3366ff;\" href=\"https:\/\/goo.gl\/maps\/qTW3qQQP2r2AZvvk8\">Latitude: N 43,18126\u00b0\u00a0 \u00a0 Longitude: E 16,64539\u00b0<\/a>\u00a0<\/span><strong><br \/>\n<\/strong>Visina \/ H\u00f6he: 14 m<\/p>\n<p><strong>Zemlji\u0161te \/ Grundst\u00fccke<br \/>\n<\/strong>1141<div class='content-column one_half'><div style=\"padding-right:6px;\"><p><strong>Datum snimanja \/ Erfassungsdatum<br \/>\n<\/strong>08.11.2022 15:35:00<\/p>\n<hr \/>\n<p><strong>Informacije<\/strong><\/p>\n<p>Trim je te\u0161ko dostupan u grmlju Starigradskog polja isto\u010dno od uzleti\u0161ta. Jednostupanjski trim je popra\u0107enaprati s desne strane kameni zid. S njegove lijeve strane konzolno postavljeno kamenje vodi gore do krova. Me\u0111utim, po\u010dinju tek na visini od oko 1 metar.. Stra\u017enja strana mu je o\u0161te\u0107ena, a kupola je na tom mjestu tankih stijenki. Ulaz je nekada bio zaklju\u010dan, ovdje jo\u0161 uvijek postoje \u0161arke. Ulaz vodi u gotovo kru\u017enu unutra\u0161njost s dvije zidne ni\u0161e. Trim se vi\u0161e ne koristi.<\/p><\/div><\/div><div class='content-column one_half last_column'><div style=\"padding-right:0px;padding-left:6px;\"><p><strong>Za\u0161titni polo\u017eaj \/ Schutzstellung<br \/>\n<\/strong>&#8211;<\/p>\n<hr \/>\n<p><strong>Info<\/strong><\/p>\n<p>Der Trim befindet sich, schwer zug\u00e4nglich, im Geb\u00fcsch der Starigrader Ebene \u00f6stlich des Flugfeldes. Der einstufige Trim wird an seiner rechten Seite von einer Steinmauer begleitet. \u00a0Auf seiner linken Seite f\u00fchren Kragsteine, die jedoch erst in einer H\u00f6he von etwa 1 Meter beginnen, hinauf auf das Trimdach. Seine R\u00fcckseite ist besch\u00e4digt, die Kuppel in diesem Bereich d\u00fcnnwandig. Der Eingang war fr\u00fcher verschlossen, es finden sich hier noch T\u00fcrangeln. Durch den Eingang gelangt man in den fast kreisrunden Innenraum mit zwei Wandnischen. Der Trim wird nicht mehr genutzt.<\/p><\/div><\/div><div class='clear_column'><\/div><div class='content-column one_half'><div style=\"padding-right:6px;\"><p>Izvor: Geoportal DGU<\/p><\/div><\/div><div class='content-column one_half last_column'><div style=\"padding-right:0px;padding-left:6px;\"><p>Quelle: Geoportal DGU<\/p><\/div><\/div><div class='clear_column'><\/div><div class='content-column one_half'><div style=\"padding-right:6px;\"><div id=\"attachment_62184\" style=\"width: 310px\" class=\"wp-caption aligncenter\"><img loading=\"lazy\" decoding=\"async\" aria-describedby=\"caption-attachment-62184\" class=\"size-medium wp-image-62184\" src=\"https:\/\/www.topohvar.at\/wp-content\/uploads\/2022\/12\/vj-tr-13-10-300x300.jpg\" alt=\"\" width=\"300\" height=\"300\" srcset=\"https:\/\/www.topohvar.at\/wp-content\/uploads\/2022\/12\/vj-tr-13-10-300x300.jpg 300w, https:\/\/www.topohvar.at\/wp-content\/uploads\/2022\/12\/vj-tr-13-10-150x150.jpg 150w, https:\/\/www.topohvar.at\/wp-content\/uploads\/2022\/12\/vj-tr-13-10.jpg 450w\" sizes=\"auto, (max-width: 300px) 100vw, 300px\" \/><p id=\"caption-attachment-62184\" class=\"wp-caption-text\">Ulaz \/ Eingang<\/p><\/div>\n<p>Dana 08.11.2022 trim VJ-TR-13 je posje\u0107en i ustanovljeno je sljede\u0107e:<\/p>\n<p>Lokacija: grmlje<br \/>\nPodloga: ravna<br \/>\nPovezan s: nije povezan, samostoje\u0107i<br \/>\nUpotreba: ne koristi se<br \/>\nStanje: dijelovi su se sru\u0161ili<br \/>\nBroj stepenica trima: 1<br \/>\nDodatni kameni prsten: nema prstena<br \/>\nStepeni\u0161te: konzolne stepenice<br \/>\nOblik kamena: uglast<br \/>\nPodru\u010dje ispred ulaza: lako dostupno<br \/>\nOrijentacija ulaza: Z (250\u00b0)<br \/>\nPromjer trima (cm): 450<br \/>\nVisina trima (cm): 300<br \/>\nVisina stepenica (cm): stepenica 1: 200<br \/>\nDebljina zida (cm): 70<br \/>\n\u0160irina vrata (cm): 75<br \/>\nVisina vrata (cm): 110<br \/>\n\u0160irina unutra (cm): 300 &#8211; 310<br \/>\nVisina unutra (cm): 270<br \/>\nVolumen iznutra (m3): 12,81<br \/>\nNi\u0161a 1 (P\/\u0160\/V\/D) (cm): 55 \/ 35 \/ 25 \/ 35<br \/>\nni\u0161a 2 (P\/\u0160\/V\/D) (cm): 65 \/ 35 \/ 25 \/ ?<\/p><\/div><\/div><div class='content-column one_half last_column'><div style=\"padding-right:0px;padding-left:6px;\"><div id=\"attachment_62183\" style=\"width: 310px\" class=\"wp-caption aligncenter\"><img loading=\"lazy\" decoding=\"async\" aria-describedby=\"caption-attachment-62183\" class=\"size-medium wp-image-62183\" src=\"https:\/\/www.topohvar.at\/wp-content\/uploads\/2022\/12\/vj-tr-13-12-300x300.jpg\" alt=\"\" width=\"300\" height=\"300\" srcset=\"https:\/\/www.topohvar.at\/wp-content\/uploads\/2022\/12\/vj-tr-13-12-300x300.jpg 300w, https:\/\/www.topohvar.at\/wp-content\/uploads\/2022\/12\/vj-tr-13-12-150x150.jpg 150w, https:\/\/www.topohvar.at\/wp-content\/uploads\/2022\/12\/vj-tr-13-12.jpg 450w\" sizes=\"auto, (max-width: 300px) 100vw, 300px\" \/><p id=\"caption-attachment-62183\" class=\"wp-caption-text\">Sjeverna strana trima \/ Nordseite des Trims<\/p><\/div>\n<p>Am 08.11.2022 wurde der Trim VJ-TR-13 besucht und n\u00e4her untersucht:<\/p>\n<p>Standort: Buschwerk<br \/>\nUntergrund: eben<br \/>\nVerbunden mit: freistehend<br \/>\nNutzung: ungenutzt<br \/>\nZustand: Teile abgest\u00fcrzt<br \/>\nAnzahl der Trimstufen: 1<br \/>\nZus\u00e4tzlicher Steinring: kein Steinring<br \/>\nStiege: Kragsteine<br \/>\nSteinform: kantig<br \/>\nEingangsbereich: frei<br \/>\nEingangsseite: W (250\u00b0)<br \/>\nTrimdurchmesser (cm): 450<br \/>\nTrimh\u00f6he (cm): 300<br \/>\nH\u00f6he der Trimstufen (cm): Stufe 1: 200<br \/>\nWandst\u00e4rke (cm): 70<br \/>\nT\u00fcrbreite (cm): 75<br \/>\nT\u00fcrh\u00f6he (cm): 110<br \/>\nInnenraumbreite (cm): 300 &#8211; 310<br \/>\nInnenraumh\u00f6he (cm): 270<br \/>\nRaumvolumen (m3): 12,81<br \/>\nNische 1 (P\/B\/H\/T) (cm): 55 \/ 35 \/ 25 \/ 35<br \/>\nNische 2 (P\/B\/H\/T) (cm): 65 \/ 35 \/ 25 \/ ?<\/p><\/div><\/div><div class='clear_column'><\/div><\/p>\n<p><img loading=\"lazy\" decoding=\"async\" class=\"aligncenter size-full wp-image-62180\" src=\"https:\/\/www.topohvar.at\/wp-content\/uploads\/2022\/12\/vj-tr-13-scan1.jpg\" alt=\"\" width=\"640\" height=\"961\" srcset=\"https:\/\/www.topohvar.at\/wp-content\/uploads\/2022\/12\/vj-tr-13-scan1.jpg 640w, https:\/\/www.topohvar.at\/wp-content\/uploads\/2022\/12\/vj-tr-13-scan1-200x300.jpg 200w\" sizes=\"auto, (max-width: 640px) 100vw, 640px\" \/><\/p>\n<p style=\"text-align: right;\"><span style=\"color: #3366ff;\"><a style=\"color: #3366ff;\" href=\"#seite_oben\">natrag na vrh \/ Seitenanfang<\/a><\/span><\/p>\n<hr \/>\n<p><strong>Linkovi \/ Links<\/strong><\/p>\n<h3><span style=\"color: #3366ff;\">&#8211;<\/span><\/h3>\n","protected":false},"excerpt":{"rendered":"<p>Ime \/ Name Trim \u00bbVJ-TR-13\u00ab Code: VJ-TR-13\u00a0 \u00a0 \u00a0 \u00a0 \u00a0 \u00a0 \u00a0 \u00a0\u00a0 \u00a0 \u00a0 \u00a0 \u00a0 \u00a0 \u00a0 \u00a0 \u00a0 \u00a0\u00a0 Adresa \/ Adresse Vrbanj, Polje, Malo Blato Lokalna polo\u017eaj \/ Position Latitude: N 43,18126\u00b0\u00a0 \u00a0 Longitude: E &hellip; <a href=\"https:\/\/www.topohvar.at\/topo\/orte\/vj\/vj-tr-13-1\/\">Weiterlesen <span class=\"meta-nav\">&rarr;<\/span><\/a><\/p>\n","protected":false},"author":1,"featured_media":0,"parent":111,"menu_order":0,"comment_status":"closed","ping_status":"closed","template":"","meta":{"footnotes":""},"class_list":["post-62125","page","type-page","status-publish","hentry"],"_links":{"self":[{"href":"https:\/\/www.topohvar.at\/topo\/wp-json\/wp\/v2\/pages\/62125","targetHints":{"allow":["GET"]}}],"collection":[{"href":"https:\/\/www.topohvar.at\/topo\/wp-json\/wp\/v2\/pages"}],"about":[{"href":"https:\/\/www.topohvar.at\/topo\/wp-json\/wp\/v2\/types\/page"}],"author":[{"embeddable":true,"href":"https:\/\/www.topohvar.at\/topo\/wp-json\/wp\/v2\/users\/1"}],"replies":[{"embeddable":true,"href":"https:\/\/www.topohvar.at\/topo\/wp-json\/wp\/v2\/comments?post=62125"}],"version-history":[{"count":13,"href":"https:\/\/www.topohvar.at\/topo\/wp-json\/wp\/v2\/pages\/62125\/revisions"}],"predecessor-version":[{"id":62202,"href":"https:\/\/www.topohvar.at\/topo\/wp-json\/wp\/v2\/pages\/62125\/revisions\/62202"}],"up":[{"embeddable":true,"href":"https:\/\/www.topohvar.at\/topo\/wp-json\/wp\/v2\/pages\/111"}],"wp:attachment":[{"href":"https:\/\/www.topohvar.at\/topo\/wp-json\/wp\/v2\/media?parent=62125"}],"curies":[{"name":"wp","href":"https:\/\/api.w.org\/{rel}","templated":true}]}}