{"id":62312,"date":"2022-12-20T17:31:32","date_gmt":"2022-12-20T16:31:32","guid":{"rendered":"https:\/\/www.topohvar.at\/topo\/?page_id=62312"},"modified":"2022-12-20T17:59:32","modified_gmt":"2022-12-20T16:59:32","slug":"sg-oi-02-1","status":"publish","type":"page","link":"https:\/\/www.topohvar.at\/topo\/orte\/sg\/sg-oi-02-1\/","title":{"rendered":"STARI GRAD &#8211; Objekt \u00bbBitve u trajektnoj luci\u00ab"},"content":{"rendered":"<p><img loading=\"lazy\" decoding=\"async\" class=\"wp-image-62322 size-full\" src=\"https:\/\/www.topohvar.at\/wp-content\/uploads\/2022\/12\/sg-oi-20.jpg\" alt=\"\" width=\"1080\" height=\"533\" srcset=\"https:\/\/www.topohvar.at\/wp-content\/uploads\/2022\/12\/sg-oi-20.jpg 1080w, https:\/\/www.topohvar.at\/wp-content\/uploads\/2022\/12\/sg-oi-20-300x148.jpg 300w, https:\/\/www.topohvar.at\/wp-content\/uploads\/2022\/12\/sg-oi-20-1024x505.jpg 1024w, https:\/\/www.topohvar.at\/wp-content\/uploads\/2022\/12\/sg-oi-20-768x379.jpg 768w\" sizes=\"auto, (max-width: 1080px) 100vw, 1080px\" \/><\/p>\n<p><a name=\"seite_oben\"><\/a><\/p>\n<p><strong>Ime \/ Name<br \/>\n<\/strong>Objekt \u00bbBitve u trajektnoj luci\u00ab \/ Poller im Trajekthafen<\/p>\n<p><strong>Code: <\/strong>SG-OI-21\/23\u00a0 \u00a0 \u00a0 \u00a0 \u00a0 \u00a0 \u00a0 \u00a0 \u00a0 \u00a0 \u00a0 \u00a0 \u00a0 \u00a0 \u00a0 \u00a0 <a href=\"https:\/\/www.topohvar.at\/orte\/sg\/sg-pk-06-2\/\"><img loading=\"lazy\" decoding=\"async\" class=\"alignnone wp-image-12300 size-full\" src=\"https:\/\/www.topohvar.at\/wp-content\/uploads\/2018\/09\/push-vor-30.jpg\" alt=\"\" width=\"61\" height=\"30\" \/><\/a>\u00a0<strong><a href=\"https:\/\/www.topohvar.at\/orte\/sg\/sg-oi-01-1\/\"><img loading=\"lazy\" decoding=\"async\" class=\"alignnone wp-image-533 size-full\" src=\"https:\/\/www.topohvar.at\/wp-content\/uploads\/2018\/07\/push-l-30.jpg\" alt=\"\" width=\"61\" height=\"30\" \/><\/a> <a href=\"https:\/\/www.topohvar.at\/orte\/sg\/\"><img loading=\"lazy\" decoding=\"async\" class=\"alignnone wp-image-535 size-full\" src=\"https:\/\/www.topohvar.at\/wp-content\/uploads\/2018\/07\/push-o-30.jpg\" alt=\"\" width=\"61\" height=\"30\" \/><\/a> <a href=\"https:\/\/www.topohvar.at\/orte\/sg\/sg-ob-05-1\/\"><img loading=\"lazy\" decoding=\"async\" class=\"alignnone wp-image-536 size-full\" src=\"https:\/\/www.topohvar.at\/wp-content\/uploads\/2018\/07\/push-r-30.jpg\" alt=\"\" width=\"61\" height=\"30\" \/><\/a> <a href=\"https:\/\/www.topohvar.at\/orte\/sg\/sg-os-01-2\/\"><img loading=\"lazy\" decoding=\"async\" class=\"alignnone wp-image-12299 size-full\" src=\"https:\/\/www.topohvar.at\/wp-content\/uploads\/2018\/09\/push-next-30.jpg\" alt=\"\" width=\"61\" height=\"30\" \/><\/a><\/strong><\/p>\n<hr \/>\n<p><strong>Adresa \/ Adresse<br \/>\n<\/strong>Stari Grad, trajektna luka<\/p>\n<p><strong>Lokacija \/ Position<a href=\"https:\/\/goo.gl\/maps\/iBFCSVA4q2HJLBMWA\"><img loading=\"lazy\" decoding=\"async\" class=\"alignright wp-image-3877\" src=\"https:\/\/www.topohvar.at\/wp-content\/uploads\/2018\/08\/1668.jpg\" alt=\"\" width=\"134\" height=\"100\" \/><\/a><br \/>\n<\/strong><span style=\"color: #3366ff;\"><a style=\"color: #3366ff;\" href=\"https:\/\/goo.gl\/maps\/iBFCSVA4q2HJLBMWA\">Latitude: N 43,18182\u00b0\u00a0 \u00a0Longitude: E 16,57583\u00b0<\/a><\/span><strong><br \/>\n<\/strong>Visina \/ H\u00f6he: 2 m<\/p>\n<p><strong>Katastarska \u010destica \/ Grundst\u00fccke<br \/>\n<\/strong>&#8211;<\/p>\n<div class='content-column one_half'><div style=\"padding-right:6px;\"><p><strong>Datum snimanja \/ Erfassungsdatum<br \/>\n<\/strong>31.10.2022 15:15:00<\/p>\n<hr \/>\n<p><strong>Informacije<\/strong><\/p>\n<p>Na podru\u010dju trajektne luke nalaze se sljede\u0107e bitve.<\/p><\/div><\/div><div class='content-column one_half last_column'><div style=\"padding-right:0px;padding-left:6px;\"><p><strong>Stupanj za\u0161tite \/ Schutzstellung<br \/>\n<\/strong>&#8211;<\/p>\n<hr \/>\n<p><strong>Info<\/strong><\/p>\n<p>Im Bereich des Trajekthafens befinden sich folgende Poller.<\/p><\/div><\/div><div class='clear_column'><\/div><\/p>\n<hr \/>\n<div class='content-column one_half'><div style=\"padding-right:6px;\"><p style=\"text-align: right;\"><strong>Code:<\/strong><\/p>\n<p><strong>Ime: <\/strong>Objekt \u00bbBitve u trajektnoj luci (1)\u00ab<\/p><\/div><\/div><div class='content-column one_half last_column'><div style=\"padding-right:0px;padding-left:6px;\"><p>SG-OI-21<\/p>\n<p><strong>Name: <\/strong>Objekt \u00bbPoller im Trajekthafen (1)\u00ab<\/p><\/div><\/div><div class='clear_column'><\/div><\/p>\n<p><img loading=\"lazy\" decoding=\"async\" class=\"aligncenter wp-image-62318 size-full\" src=\"https:\/\/www.topohvar.at\/wp-content\/uploads\/2022\/12\/sg-oi-21-03.jpg\" alt=\"\" width=\"1080\" height=\"530\" srcset=\"https:\/\/www.topohvar.at\/wp-content\/uploads\/2022\/12\/sg-oi-21-03.jpg 1080w, https:\/\/www.topohvar.at\/wp-content\/uploads\/2022\/12\/sg-oi-21-03-300x147.jpg 300w, https:\/\/www.topohvar.at\/wp-content\/uploads\/2022\/12\/sg-oi-21-03-1024x503.jpg 1024w, https:\/\/www.topohvar.at\/wp-content\/uploads\/2022\/12\/sg-oi-21-03-768x377.jpg 768w\" sizes=\"auto, (max-width: 1080px) 100vw, 1080px\" \/><\/p>\n<div class='content-column one_half'><div style=\"padding-right:6px;\"><p>U isto\u010dnom dijelu trajektne luke nalazi se 12 takvih bitvi.<\/p><\/div><\/div><div class='content-column one_half last_column'><div style=\"padding-right:0px;padding-left:6px;\"><p>Im \u00f6stlichen Teil des Trajekthafens finden sich 12 dieser Poller.<\/p><\/div><\/div><div class='clear_column'><\/div><\/p>\n<p style=\"text-align: right;\"><span style=\"color: #0000ff;\"><a style=\"color: #0000ff;\" href=\"#seite_oben\">natrag na vrh \/ Seitenanfang<\/a><\/span><\/p>\n<hr \/>\n<div class='content-column one_half'><div style=\"padding-right:6px;\"><p style=\"text-align: right;\"><strong>Code:<\/strong><\/p>\n<p><strong>Ime: <\/strong>Objekt \u00bbBitve u trajektnoj luci (2)\u00ab<\/p><\/div><\/div><div class='content-column one_half last_column'><div style=\"padding-right:0px;padding-left:6px;\"><p>SG-OI-22<\/p>\n<p><strong>Name: <\/strong>Objekt \u00bbPoller im Trajekthafen (2)\u00ab<\/p><\/div><\/div><div class='clear_column'><\/div><\/p>\n<p><img loading=\"lazy\" decoding=\"async\" class=\"wp-image-62319 size-full\" src=\"https:\/\/www.topohvar.at\/wp-content\/uploads\/2022\/12\/sg-oi-22-19.jpg\" alt=\"\" width=\"1080\" height=\"530\" srcset=\"https:\/\/www.topohvar.at\/wp-content\/uploads\/2022\/12\/sg-oi-22-19.jpg 1080w, https:\/\/www.topohvar.at\/wp-content\/uploads\/2022\/12\/sg-oi-22-19-300x147.jpg 300w, https:\/\/www.topohvar.at\/wp-content\/uploads\/2022\/12\/sg-oi-22-19-1024x503.jpg 1024w, https:\/\/www.topohvar.at\/wp-content\/uploads\/2022\/12\/sg-oi-22-19-768x377.jpg 768w\" sizes=\"auto, (max-width: 1080px) 100vw, 1080px\" \/><\/p>\n<div class='content-column one_half'><div style=\"padding-right:6px;\"><p>Dvije od ovih bitvi od lijevanog \u017eeljeza nalaze se na vrhu isto\u010dnog pristani\u0161ta.<\/p><\/div><\/div><div class='content-column one_half last_column'><div style=\"padding-right:0px;padding-left:6px;\"><p>Zwei dieser gusseisernen Poller befinden sich am Kopf des \u00f6stlichen Piers.<\/p><\/div><\/div><div class='clear_column'><\/div><\/p>\n<p style=\"text-align: right;\"><span style=\"color: #0000ff;\"><a style=\"color: #0000ff;\" href=\"#seite_oben\">natrag na vrh \/ Seitenanfang<\/a><\/span><\/p>\n<hr \/>\n<div class='content-column one_half'><div style=\"padding-right:6px;\"><p style=\"text-align: right;\"><strong>Code:<\/strong><\/p>\n<p><strong>Ime: <\/strong>Objekt \u00bbBitve u trajektnoj lucia (3)\u00ab<\/p><\/div><\/div><div class='content-column one_half last_column'><div style=\"padding-right:0px;padding-left:6px;\"><p>SG-OI-23<\/p>\n<p><strong>Name: <\/strong>Objekt \u00bbPoller im Trajekthafen (3)\u00ab<\/p><\/div><\/div><div class='clear_column'><\/div><\/p>\n<p><img loading=\"lazy\" decoding=\"async\" class=\"aligncenter wp-image-62320 size-full\" src=\"https:\/\/www.topohvar.at\/wp-content\/uploads\/2022\/12\/sg-oi-23-1.jpg\" alt=\"\" width=\"1080\" height=\"540\" srcset=\"https:\/\/www.topohvar.at\/wp-content\/uploads\/2022\/12\/sg-oi-23-1.jpg 1080w, https:\/\/www.topohvar.at\/wp-content\/uploads\/2022\/12\/sg-oi-23-1-300x150.jpg 300w, https:\/\/www.topohvar.at\/wp-content\/uploads\/2022\/12\/sg-oi-23-1-1024x512.jpg 1024w, https:\/\/www.topohvar.at\/wp-content\/uploads\/2022\/12\/sg-oi-23-1-768x384.jpg 768w\" sizes=\"auto, (max-width: 1080px) 100vw, 1080px\" \/><\/p>\n<div class='content-column one_half'><div style=\"padding-right:6px;\"><p>Dvanaest ovih bitvi od lijevanog \u017eeljeza nalazi se u podru\u010dju zapadnog gata, od kojih je jedna demontirana u studenom 2022.<\/p><\/div><\/div><div class='content-column one_half last_column'><div style=\"padding-right:0px;padding-left:6px;\"><p>Zw\u00f6lf dieser gusseisernen Poller befinden sich im Bereich des westlichen Piers, einer davon war im November 2022 demontiert.<\/p><\/div><\/div><div class='clear_column'><\/div><\/p>\n<p style=\"text-align: right;\"><span style=\"color: #0000ff;\"><a style=\"color: #0000ff;\" href=\"#seite_oben\">natrag na vrh \/ Seitenanfang<\/a><\/span><\/p>\n<hr \/>\n<p><strong>Linkovi \/ Links<\/strong><\/p>\n<p><span style=\"color: #3366ff;\"><a style=\"color: #3366ff;\" href=\"https:\/\/www.topohvar.at\/topo\/orte\/sg\/sg-oi-03-1\/\">Objekt \u00bbBitve ispred Hotela Arkada\u00ab \/ Poller vor dem Hotel Arkada<\/a><br \/>\n<a style=\"color: #3366ff;\" href=\"https:\/\/www.topohvar.at\/topo\/orte\/sg\/sg-oi-00-1\/\">Objekt \u00bbBitve u starogradskoj luci\u00ab \/ Poller im Hafen von Stari Grad<\/a><br \/>\n<a style=\"color: #3366ff;\" href=\"https:\/\/www.topohvar.at\/topo\/orte\/sg\/sg-oi-01-1\/\">Objekt \u00bbBitve na podru\u010dju Lu\u010dice\u00ab \/ Poller im Bereich Lu\u010dice<\/a><\/span><\/p>\n<p>&nbsp;<\/p>\n","protected":false},"excerpt":{"rendered":"<p>Ime \/ Name Objekt \u00bbBitve u trajektnoj luci\u00ab \/ Poller im Trajekthafen Code: SG-OI-21\/23\u00a0 \u00a0 \u00a0 \u00a0 \u00a0 \u00a0 \u00a0 \u00a0 \u00a0 \u00a0 \u00a0 \u00a0 \u00a0 \u00a0 \u00a0 \u00a0 \u00a0 Adresa \/ Adresse Stari Grad, trajektna luka Lokacija \/ Position &hellip; <a href=\"https:\/\/www.topohvar.at\/topo\/orte\/sg\/sg-oi-02-1\/\">Weiterlesen <span class=\"meta-nav\">&rarr;<\/span><\/a><\/p>\n","protected":false},"author":1,"featured_media":0,"parent":99,"menu_order":0,"comment_status":"closed","ping_status":"closed","template":"","meta":{"footnotes":""},"class_list":["post-62312","page","type-page","status-publish","hentry"],"_links":{"self":[{"href":"https:\/\/www.topohvar.at\/topo\/wp-json\/wp\/v2\/pages\/62312","targetHints":{"allow":["GET"]}}],"collection":[{"href":"https:\/\/www.topohvar.at\/topo\/wp-json\/wp\/v2\/pages"}],"about":[{"href":"https:\/\/www.topohvar.at\/topo\/wp-json\/wp\/v2\/types\/page"}],"author":[{"embeddable":true,"href":"https:\/\/www.topohvar.at\/topo\/wp-json\/wp\/v2\/users\/1"}],"replies":[{"embeddable":true,"href":"https:\/\/www.topohvar.at\/topo\/wp-json\/wp\/v2\/comments?post=62312"}],"version-history":[{"count":4,"href":"https:\/\/www.topohvar.at\/topo\/wp-json\/wp\/v2\/pages\/62312\/revisions"}],"predecessor-version":[{"id":62323,"href":"https:\/\/www.topohvar.at\/topo\/wp-json\/wp\/v2\/pages\/62312\/revisions\/62323"}],"up":[{"embeddable":true,"href":"https:\/\/www.topohvar.at\/topo\/wp-json\/wp\/v2\/pages\/99"}],"wp:attachment":[{"href":"https:\/\/www.topohvar.at\/topo\/wp-json\/wp\/v2\/media?parent=62312"}],"curies":[{"name":"wp","href":"https:\/\/api.w.org\/{rel}","templated":true}]}}