{"id":62664,"date":"2023-05-30T11:16:59","date_gmt":"2023-05-30T09:16:59","guid":{"rendered":"https:\/\/www.topohvar.at\/topo\/?page_id=62664"},"modified":"2023-08-09T16:35:32","modified_gmt":"2023-08-09T14:35:32","slug":"sg-tr-b2-1","status":"publish","type":"page","link":"https:\/\/www.topohvar.at\/topo\/orte\/sg\/sg-tr-b2-1\/","title":{"rendered":"STARI GRAD &#8211; Trim \u00bbSG-TR-B2\u00ab"},"content":{"rendered":"<p><a name=\"seite_oben\"><\/a><br \/>\n<img loading=\"lazy\" decoding=\"async\" class=\"aligncenter wp-image-62665 size-full\" src=\"https:\/\/www.topohvar.at\/wp-content\/uploads\/2023\/05\/sg-tr-b2-0.jpg\" alt=\"\" width=\"1080\" height=\"530\" srcset=\"https:\/\/www.topohvar.at\/wp-content\/uploads\/2023\/05\/sg-tr-b2-0.jpg 1080w, https:\/\/www.topohvar.at\/wp-content\/uploads\/2023\/05\/sg-tr-b2-0-300x147.jpg 300w, https:\/\/www.topohvar.at\/wp-content\/uploads\/2023\/05\/sg-tr-b2-0-1024x503.jpg 1024w, https:\/\/www.topohvar.at\/wp-content\/uploads\/2023\/05\/sg-tr-b2-0-768x377.jpg 768w\" sizes=\"auto, (max-width: 1080px) 100vw, 1080px\" \/><\/p>\n<p><strong>Ime \/ Name<br \/>\n<\/strong>Trim \u00bbSG-TR-B2\u00ab<br \/>\n<strong>Code: <\/strong>SG-TR-B2\u00a0 \u00a0 \u00a0 \u00a0 \u00a0 \u00a0 \u00a0 \u00a0 \u00a0 \u00a0 \u00a0 \u00a0 \u00a0 \u00a0 \u00a0 \u00a0 \u00a0 \u00a0 \u00a0 \u00a0 \u00a0 \u00a0<strong><a href=\"https:\/\/www.topohvar.at\/orte\/sg\/sg-tr-00-1\/\"><img loading=\"lazy\" decoding=\"async\" class=\"alignnone wp-image-12300 size-full\" src=\"https:\/\/www.topohvar.at\/wp-content\/uploads\/2018\/09\/push-vor-30.jpg\" alt=\"\" width=\"61\" height=\"30\" \/><\/a> <a href=\"https:\/\/www.topohvar.at\/orte\/sg\/sg-tr-h5-1\/\"><img loading=\"lazy\" decoding=\"async\" class=\"alignnone wp-image-533 size-full\" src=\"https:\/\/www.topohvar.at\/wp-content\/uploads\/2018\/07\/push-l-30.jpg\" alt=\"\" width=\"61\" height=\"30\" \/><\/a> <a href=\"https:\/\/www.topohvar.at\/orte\/sg\/\"><img loading=\"lazy\" decoding=\"async\" class=\"alignnone wp-image-535 size-full\" src=\"https:\/\/www.topohvar.at\/wp-content\/uploads\/2018\/07\/push-o-30.jpg\" alt=\"\" width=\"61\" height=\"30\" \/><\/a> <a href=\"https:\/\/www.topohvar.at\/orte\/sg\/sg-tr-22-1\/\"><img loading=\"lazy\" decoding=\"async\" class=\"alignnone wp-image-536 size-full\" src=\"https:\/\/www.topohvar.at\/wp-content\/uploads\/2018\/07\/push-r-30.jpg\" alt=\"\" width=\"61\" height=\"30\" \/><\/a><\/strong><\/p>\n<hr \/>\n<p><strong>Adresa \/ Adresse<br \/>\n<\/strong>Stari Grad, Vrbanjske Rudine, Goba\u0161ko bardo<\/p>\n<p><strong>Lokacija \/ Position<a href=\"https:\/\/goo.gl\/maps\/rnK82AotyzZL9yVr8\"><img loading=\"lazy\" decoding=\"async\" class=\"alignright wp-image-62657\" src=\"https:\/\/www.topohvar.at\/wp-content\/uploads\/2023\/05\/3823.jpg\" alt=\"\" width=\"134\" height=\"100\" \/><\/a><br \/>\n<\/strong><a href=\"https:\/\/goo.gl\/maps\/rnK82AotyzZL9yVr8\"><span style=\"color: #3366ff;\">Latitude: N 43,19441\u00b0\u00a0 \u00a0Longitude: E 16,63079\u00b0 <\/span><\/a><strong><br \/>\n<\/strong>Visina \/ H\u00f6he: 31 m<\/p>\n<p><strong>Katastarska \u010destica \/ Grundst\u00fccke<br \/>\n<\/strong>5967<div class='content-column one_half'><div style=\"padding-right:6px;\"><p><strong>Datum snimanja \/ Erfassungsdatum<br \/>\n<\/strong>28.04.2023 10:23:49<\/p>\n<hr \/>\n<p><strong>Informacije<\/strong><\/p>\n<p>Jednostupanjski trim se nalazi u grmlju u Vrbanjskim Rudinama, Goba\u0161ko bardo. S lijeve strane je pri\u010dvr\u0161\u0107ena mala kamena ku\u0107ica. Straga maleni otvor vodi iz male unutra\u0161njosti prema van. Trim je u dobrom stanju ali se vi\u0161e ne koristi. Iza trima nalazi se vodokotli\u0107.<\/p><\/div><\/div><div class='content-column one_half last_column'><div style=\"padding-right:0px;padding-left:6px;\"><p><strong>Stupanj za\u0161tite \/ Schutzstellung<br \/>\n<\/strong>&#8211;<\/p>\n<hr \/>\n<p><strong>Info<\/strong><\/p>\n<p>Der einstufige Trim befindet sich im Buschwerk in Vrbanjske Rudine, Goba\u0161ko bardo. An seine linke Seite ist ein kleines Steinhaus angebaut. An seiner R\u00fcckseite f\u00fchrt eine winzige Luke vom kleinen Innenraum hinaus ins Freie. Der Trim ist gut erhalten, wird aber nicht mehr genutzt. Hinter dem Trim befindet sich eine Zisterne.<\/p><\/div><\/div><div class='clear_column'><\/div><div class='content-column one_half'><div style=\"padding-right:6px;\"><div id=\"attachment_63531\" style=\"width: 310px\" class=\"wp-caption aligncenter\"><img loading=\"lazy\" decoding=\"async\" aria-describedby=\"caption-attachment-63531\" class=\"size-medium wp-image-63531\" src=\"https:\/\/www.topohvar.at\/wp-content\/uploads\/2023\/06\/sg-tr-b2-11-300x300.jpg\" alt=\"\" width=\"300\" height=\"300\" srcset=\"https:\/\/www.topohvar.at\/wp-content\/uploads\/2023\/06\/sg-tr-b2-11-300x300.jpg 300w, https:\/\/www.topohvar.at\/wp-content\/uploads\/2023\/06\/sg-tr-b2-11-150x150.jpg 150w, https:\/\/www.topohvar.at\/wp-content\/uploads\/2023\/06\/sg-tr-b2-11.jpg 450w\" sizes=\"auto, (max-width: 300px) 100vw, 300px\" \/><p id=\"caption-attachment-63531\" class=\"wp-caption-text\">ulaz \/ Eingang<\/p><\/div>\n<p>Dana 28.04.2023 trim SG-TR-B2 je posje\u0107en i ustanovljeno je sljede\u0107e:<\/p>\n<p>Lokacija: grmlje<br \/>\nPodloga: ravna<br \/>\nPovezan s: zgradom , gustirna<br \/>\nUpotreba: malo se koristi<br \/>\nStanje: dobro sa\u010duvan<br \/>\nBroj stepenica trima: 1<br \/>\nDodatni kameni prsten: nema prstena<br \/>\nStepeni\u0161te: nema<br \/>\nOblik kamena: uglast<br \/>\nPodru\u010dje ispred ulaza: lako dostupno<br \/>\nOrijentacija ulaza: Z (270\u00b0)<br \/>\nPromjer trima (cm): 330<br \/>\nVisina trima (cm): 190<br \/>\nVisina stepenica (cm): stepenica 1: 130<br \/>\nDebljina zida (cm): 0<br \/>\n\u0160irina vrata (cm): 45<br \/>\nVisina vrata (cm): 120<br \/>\n\u0160irina unutra (cm): 150 &#8211; 170<br \/>\nVisina unutra (cm): 180<br \/>\nVolumen iznutra (m3): 2,54<br \/>\nNi\u0161a 1 (P\/\u0160\/V\/D) (cm): 100 \/ 15 \/ 15 \/ 80<\/p><\/div><\/div><div class='content-column one_half last_column'><div style=\"padding-right:0px;padding-left:6px;\"><div id=\"attachment_63532\" style=\"width: 310px\" class=\"wp-caption aligncenter\"><img loading=\"lazy\" decoding=\"async\" aria-describedby=\"caption-attachment-63532\" class=\"size-medium wp-image-63532\" src=\"https:\/\/www.topohvar.at\/wp-content\/uploads\/2023\/06\/sg-tr-b2-12-300x300.jpg\" alt=\"\" width=\"300\" height=\"300\" srcset=\"https:\/\/www.topohvar.at\/wp-content\/uploads\/2023\/06\/sg-tr-b2-12-300x300.jpg 300w, https:\/\/www.topohvar.at\/wp-content\/uploads\/2023\/06\/sg-tr-b2-12-150x150.jpg 150w, https:\/\/www.topohvar.at\/wp-content\/uploads\/2023\/06\/sg-tr-b2-12.jpg 450w\" sizes=\"auto, (max-width: 300px) 100vw, 300px\" \/><p id=\"caption-attachment-63532\" class=\"wp-caption-text\">pogled prema jugu \/ Blick nach S\u00fcden<\/p><\/div>\n<p>Am 28.04.2023 wurde der Trim besucht und n\u00e4her untersucht:<\/p>\n<p>Standort: Buschwerk<br \/>\nUntergrund: eben<br \/>\nVerbunden mit: Geb\u00e4ude , Zisteerne<br \/>\nNutzung: kaum genutzt<br \/>\nZustand: gut erhalten<br \/>\nAnzahl der Trimstufen: 1<br \/>\nZus\u00e4tzlicher Steinring: kein Steinring<br \/>\nStiege: keine<br \/>\nSteinform: kantig<br \/>\nEingangsbereich: frei<br \/>\nEingangsseite: W (270\u00b0)<br \/>\nTrimdurchmesser (cm): 330<br \/>\nTrimh\u00f6he (cm): 190<br \/>\nH\u00f6he der Trimstufen (cm): Stufe 1: 130<br \/>\nWandst\u00e4rke (cm): 80<br \/>\nT\u00fcrbreite (cm): 45<br \/>\nT\u00fcrh\u00f6he (cm): 120<br \/>\nInnenraumbreite (cm): 150 &#8211; 170<br \/>\nInnenraumh\u00f6he (cm): 180<br \/>\nRaumvolumen (m3): 2,54<br \/>\nNische 1 (P\/B\/H\/T) (cm): 100 \/ 15 \/ 15 \/ 80<\/p><\/div><\/div><div class='clear_column'><\/div><br \/>\n<img loading=\"lazy\" decoding=\"async\" class=\"alignleft size-full wp-image-63839\" src=\"https:\/\/www.topohvar.at\/wp-content\/uploads\/2023\/08\/sg-tr-b2-sca.jpg\" alt=\"\" width=\"640\" height=\"942\" srcset=\"https:\/\/www.topohvar.at\/wp-content\/uploads\/2023\/08\/sg-tr-b2-sca.jpg 640w, https:\/\/www.topohvar.at\/wp-content\/uploads\/2023\/08\/sg-tr-b2-sca-204x300.jpg 204w\" sizes=\"auto, (max-width: 640px) 100vw, 640px\" \/><\/p>\n<p style=\"text-align: right;\"><a href=\"#seite_oben\">natrag na vrh \/ Seitenanfang<\/a><\/p>\n<hr \/>\n<p><strong>Linkovi \/ Links<\/strong><\/p>\n<p><span style=\"color: #3366ff;\"><a style=\"color: #3366ff;\" href=\"https:\/\/www.topohvar.at\/topo\/orte\/sg\/sg-op-jh-1\/\">cisterna \/ Zisterne SG-OP-JH<\/a><\/span><\/p>\n","protected":false},"excerpt":{"rendered":"<p>Ime \/ Name Trim \u00bbSG-TR-B2\u00ab Code: SG-TR-B2\u00a0 \u00a0 \u00a0 \u00a0 \u00a0 \u00a0 \u00a0 \u00a0 \u00a0 \u00a0 \u00a0 \u00a0 \u00a0 \u00a0 \u00a0 \u00a0 \u00a0 \u00a0 \u00a0 \u00a0 \u00a0 \u00a0 Adresa \/ Adresse Stari Grad, Vrbanjske Rudine, Goba\u0161ko bardo Lokacija \/ Position &hellip; <a href=\"https:\/\/www.topohvar.at\/topo\/orte\/sg\/sg-tr-b2-1\/\">Weiterlesen <span class=\"meta-nav\">&rarr;<\/span><\/a><\/p>\n","protected":false},"author":1,"featured_media":0,"parent":99,"menu_order":0,"comment_status":"closed","ping_status":"closed","template":"","meta":{"footnotes":""},"class_list":["post-62664","page","type-page","status-publish","hentry"],"_links":{"self":[{"href":"https:\/\/www.topohvar.at\/topo\/wp-json\/wp\/v2\/pages\/62664","targetHints":{"allow":["GET"]}}],"collection":[{"href":"https:\/\/www.topohvar.at\/topo\/wp-json\/wp\/v2\/pages"}],"about":[{"href":"https:\/\/www.topohvar.at\/topo\/wp-json\/wp\/v2\/types\/page"}],"author":[{"embeddable":true,"href":"https:\/\/www.topohvar.at\/topo\/wp-json\/wp\/v2\/users\/1"}],"replies":[{"embeddable":true,"href":"https:\/\/www.topohvar.at\/topo\/wp-json\/wp\/v2\/comments?post=62664"}],"version-history":[{"count":9,"href":"https:\/\/www.topohvar.at\/topo\/wp-json\/wp\/v2\/pages\/62664\/revisions"}],"predecessor-version":[{"id":63841,"href":"https:\/\/www.topohvar.at\/topo\/wp-json\/wp\/v2\/pages\/62664\/revisions\/63841"}],"up":[{"embeddable":true,"href":"https:\/\/www.topohvar.at\/topo\/wp-json\/wp\/v2\/pages\/99"}],"wp:attachment":[{"href":"https:\/\/www.topohvar.at\/topo\/wp-json\/wp\/v2\/media?parent=62664"}],"curies":[{"name":"wp","href":"https:\/\/api.w.org\/{rel}","templated":true}]}}