{"id":62722,"date":"2023-06-02T16:34:10","date_gmt":"2023-06-02T14:34:10","guid":{"rendered":"https:\/\/www.topohvar.at\/topo\/?page_id=62722"},"modified":"2023-08-09T18:13:53","modified_gmt":"2023-08-09T16:13:53","slug":"sg-tr-h6-1","status":"publish","type":"page","link":"https:\/\/www.topohvar.at\/topo\/orte\/sg\/sg-tr-h6-1\/","title":{"rendered":"STARI GRAD &#8211; Trim \u00bbSG-TR-H6\u00ab"},"content":{"rendered":"<p><a name=\"seite_oben\"><\/a><br \/>\n<img loading=\"lazy\" decoding=\"async\" class=\"aligncenter wp-image-62723 size-full\" src=\"https:\/\/www.topohvar.at\/wp-content\/uploads\/2023\/06\/sg-tr-h6-0.jpg\" alt=\"\" width=\"1080\" height=\"530\" srcset=\"https:\/\/www.topohvar.at\/wp-content\/uploads\/2023\/06\/sg-tr-h6-0.jpg 1080w, https:\/\/www.topohvar.at\/wp-content\/uploads\/2023\/06\/sg-tr-h6-0-300x147.jpg 300w, https:\/\/www.topohvar.at\/wp-content\/uploads\/2023\/06\/sg-tr-h6-0-1024x503.jpg 1024w, https:\/\/www.topohvar.at\/wp-content\/uploads\/2023\/06\/sg-tr-h6-0-768x377.jpg 768w\" sizes=\"auto, (max-width: 1080px) 100vw, 1080px\" \/><\/p>\n<p><strong>Ime \/ Name<br \/>\n<\/strong>Trim \u00bbSG-TR-H6\u00ab<br \/>\n<strong>Code: <\/strong>SG-TR-H6\u00a0 \u00a0 \u00a0 \u00a0 \u00a0 \u00a0 \u00a0 \u00a0 \u00a0 \u00a0 \u00a0 \u00a0 \u00a0 \u00a0 \u00a0 \u00a0 \u00a0 \u00a0 \u00a0 \u00a0 \u00a0 \u00a0<strong><a href=\"https:\/\/www.topohvar.at\/orte\/sg\/sg-tr-00-1\/\"><img loading=\"lazy\" decoding=\"async\" class=\"alignnone wp-image-12300 size-full\" src=\"https:\/\/www.topohvar.at\/wp-content\/uploads\/2018\/09\/push-vor-30.jpg\" alt=\"\" width=\"61\" height=\"30\" \/><\/a> <a href=\"https:\/\/www.topohvar.at\/orte\/sg\/sg-tr-g9-1\/\"><img loading=\"lazy\" decoding=\"async\" class=\"alignnone wp-image-533 size-full\" src=\"https:\/\/www.topohvar.at\/wp-content\/uploads\/2018\/07\/push-l-30.jpg\" alt=\"\" width=\"61\" height=\"30\" \/><\/a> <a href=\"https:\/\/www.topohvar.at\/orte\/sg\/\"><img loading=\"lazy\" decoding=\"async\" class=\"alignnone wp-image-535 size-full\" src=\"https:\/\/www.topohvar.at\/wp-content\/uploads\/2018\/07\/push-o-30.jpg\" alt=\"\" width=\"61\" height=\"30\" \/><\/a> <a href=\"https:\/\/www.topohvar.at\/orte\/sg\/sg-tr-h3-1\/\"><img loading=\"lazy\" decoding=\"async\" class=\"alignnone wp-image-536 size-full\" src=\"https:\/\/www.topohvar.at\/wp-content\/uploads\/2018\/07\/push-r-30.jpg\" alt=\"\" width=\"61\" height=\"30\" \/><\/a><\/strong><\/p>\n<hr \/>\n<p><strong>Adresa \/ Adresse<br \/>\n<\/strong>Stari Grad, Vrbanjske Rudine<\/p>\n<p><strong>Lokacija \/ Position<a href=\"https:\/\/goo.gl\/maps\/5mWvZ2BB9wvbaLYr5\"><img loading=\"lazy\" decoding=\"async\" class=\"alignright wp-image-62724\" src=\"https:\/\/www.topohvar.at\/wp-content\/uploads\/2023\/06\/3831.jpg\" alt=\"\" width=\"133\" height=\"100\" \/><\/a><br \/>\n<\/strong><a href=\"https:\/\/goo.gl\/maps\/5mWvZ2BB9wvbaLYr5\"><span style=\"color: #3366ff;\">Latitude: N 43,20531\u00b0\u00a0 \u00a0Longitude: E 16,63918\u00b0 <\/span><\/a><strong><br \/>\n<\/strong>Visina \/ H\u00f6he: 68 m<\/p>\n<p><strong>Katastarska \u010destica \/ Grundst\u00fccke<br \/>\n<\/strong>8453, 8459\/1<div class='content-column one_half'><div style=\"padding-right:6px;\"><p><strong>Datum snimanja \/ Erfassungsdatum<br \/>\n<\/strong>30.04.2023 09:06:58<\/p>\n<hr \/>\n<p><strong>Informacije<\/strong><\/p>\n<p>U Vrbanjskim Rudinama, na sjeveru Starigradskog polja, nalazi se poljoprivredna mje\u0161avina kamenih ku\u0107a, trim, kamenih zidova, oku\u0107nica i dvije \u010datrnje.<\/p><\/div><\/div><div class='content-column one_half last_column'><div style=\"padding-right:0px;padding-left:6px;\"><p><strong>Stupanj za\u0161tite \/ Schutzstellung<br \/>\n<\/strong>&#8211;<\/p>\n<hr \/>\n<p><strong>Info<\/strong><\/p>\n<p>In Vrbanjske Rudine, im Norden des Starigrader Feldes, befindet sich ein landwirtschaftliches Gemenge von Steinh\u00e4usern dem Trim, Steinmauern, kleinen H\u00f6fen und zwei Zisternen.<\/p><\/div><\/div><div class='clear_column'><\/div><\/p>\n<p><img loading=\"lazy\" decoding=\"async\" class=\"aligncenter size-full wp-image-63894\" src=\"https:\/\/www.topohvar.at\/wp-content\/uploads\/2023\/08\/sg-tr-h6-lage.jpg\" alt=\"\" width=\"640\" height=\"447\" srcset=\"https:\/\/www.topohvar.at\/wp-content\/uploads\/2023\/08\/sg-tr-h6-lage.jpg 640w, https:\/\/www.topohvar.at\/wp-content\/uploads\/2023\/08\/sg-tr-h6-lage-300x210.jpg 300w\" sizes=\"auto, (max-width: 640px) 100vw, 640px\" \/><\/p>\n<div class='content-column one_half'><div style=\"padding-right:6px;\"><p>Dvori\u0161ta obrubljena kamenim zidovima grani\u010de lijevo i desno od jednostupanjski trima. S njegove lijeve strane korbeni i kamene stepenice vode gore o trimu. U okrugloj unutra\u0161njosti nalazi se zidna ni\u0161a.<\/p><\/div><\/div><div class='content-column one_half last_column'><div style=\"padding-right:0px;padding-left:6px;\"><p>An den einstufigen Trim grenzen links und rechts mit Steinmauern eingefasste H\u00f6fe. An seiner linken Seite f\u00fchren Kragsteine und Steinstiegen hinauf auf den Trim. Im runden Innenraum findet sich eine Wandnische.<\/p><\/div><\/div><div class='clear_column'><\/div><div class='content-column one_half'><div style=\"padding-right:6px;\"><div id=\"attachment_63565\" style=\"width: 310px\" class=\"wp-caption aligncenter\"><img loading=\"lazy\" decoding=\"async\" aria-describedby=\"caption-attachment-63565\" class=\"size-medium wp-image-63565\" src=\"https:\/\/www.topohvar.at\/wp-content\/uploads\/2023\/06\/sg-tr-h6-21-300x300.jpg\" alt=\"\" width=\"300\" height=\"300\" srcset=\"https:\/\/www.topohvar.at\/wp-content\/uploads\/2023\/06\/sg-tr-h6-21-300x300.jpg 300w, https:\/\/www.topohvar.at\/wp-content\/uploads\/2023\/06\/sg-tr-h6-21-150x150.jpg 150w, https:\/\/www.topohvar.at\/wp-content\/uploads\/2023\/06\/sg-tr-h6-21.jpg 450w\" sizes=\"auto, (max-width: 300px) 100vw, 300px\" \/><p id=\"caption-attachment-63565\" class=\"wp-caption-text\">ulaz \/ Eingang<\/p><\/div>\n<p>Dana 30.04.2023 trim SG-TR-H6 je posje\u0107en i ustanovljeno je sljede\u0107e:<\/p>\n<p>Lokacija: poljoprivredni sklop<br \/>\nPodloga: ravna<br \/>\nPovezan s: kamenim zidom<br \/>\nUpotreba: malo se koristi<br \/>\nStanje: vrlo dobro uzdr\u017eati<br \/>\nBroj stepenica trima: 1<br \/>\nDodatni kameni prsten: nema prstena<br \/>\nStepeni\u0161te: stepenica<br \/>\nOblik kamena: uglast<br \/>\nPodru\u010dje ispred ulaza: lako dostupno<br \/>\nOrijentacija ulaza: JI (140\u00b0)<br \/>\nPromjer trima (cm): 550<br \/>\nVisina trima (cm): 320<br \/>\nVisina stepenica (cm): stepenica 1: 260<br \/>\nDebljina zida (cm): 0<br \/>\n\u0160irina vrata (cm): 85<br \/>\nVisina vrata (cm): 120<br \/>\n\u0160irina unutra (cm): 350<br \/>\nVisina unutra (cm): 310<br \/>\nVolumen iznutra (m3): 19,46<br \/>\nNi\u0161a 1 (P\/\u0160\/V\/D) (cm): 70 \/ 20 \/ 35 \/ 30<\/p><\/div><\/div><div class='content-column one_half last_column'><div style=\"padding-right:0px;padding-left:6px;\"><div id=\"attachment_63566\" style=\"width: 310px\" class=\"wp-caption aligncenter\"><img loading=\"lazy\" decoding=\"async\" aria-describedby=\"caption-attachment-63566\" class=\"size-medium wp-image-63566\" src=\"https:\/\/www.topohvar.at\/wp-content\/uploads\/2023\/06\/sg-tr-h6-22-300x300.jpg\" alt=\"\" width=\"300\" height=\"300\" srcset=\"https:\/\/www.topohvar.at\/wp-content\/uploads\/2023\/06\/sg-tr-h6-22-300x300.jpg 300w, https:\/\/www.topohvar.at\/wp-content\/uploads\/2023\/06\/sg-tr-h6-22-150x150.jpg 150w, https:\/\/www.topohvar.at\/wp-content\/uploads\/2023\/06\/sg-tr-h6-22.jpg 450w\" sizes=\"auto, (max-width: 300px) 100vw, 300px\" \/><p id=\"caption-attachment-63566\" class=\"wp-caption-text\">stra\u017enji dio trima \/ R\u00fcckseite des Trims<\/p><\/div>\n<p>Am 30.04.2023 wurde der Trim SG-TR-H6 besucht und n\u00e4her untersucht:<\/p>\n<p>Standort: landwirtsch. Gemenge<br \/>\nUntergrund: eben<br \/>\nVerbunden mit: Steinmauer<br \/>\nNutzung: kaum genutzt<br \/>\nZustand: sehr gut erhalten<br \/>\nAnzahl der Trimstufen: 1<br \/>\nZus\u00e4tzlicher Steinring: kein Steinring<br \/>\nStiege: Stiege<br \/>\nSteinform: kantig<br \/>\nEingangsbereich: frei<br \/>\nEingangsseite: SO (140\u00b0)<br \/>\nTrimdurchmesser (cm): 550<br \/>\nTrimh\u00f6he (cm): 320<br \/>\nH\u00f6he der Trimstufen (cm): Stufe 1: 260<br \/>\nWandst\u00e4rke (cm): 100<br \/>\nT\u00fcrbreite (cm): 85<br \/>\nT\u00fcrh\u00f6he (cm): 120<br \/>\nInnenraumbreite (cm): 350<br \/>\nInnenraumh\u00f6he (cm): 310<br \/>\nRaumvolumen (m3): 19,46<br \/>\nNische 1 (P\/B\/H\/T) (cm): 70 \/ 20 \/ 35 \/ 30<\/p><\/div><\/div><div class='clear_column'><\/div><\/p>\n<p><img loading=\"lazy\" decoding=\"async\" class=\"aligncenter size-full wp-image-63895\" src=\"https:\/\/www.topohvar.at\/wp-content\/uploads\/2023\/08\/sg-tr-h6-sca.jpg\" alt=\"\" width=\"640\" height=\"959\" srcset=\"https:\/\/www.topohvar.at\/wp-content\/uploads\/2023\/08\/sg-tr-h6-sca.jpg 640w, https:\/\/www.topohvar.at\/wp-content\/uploads\/2023\/08\/sg-tr-h6-sca-200x300.jpg 200w\" sizes=\"auto, (max-width: 640px) 100vw, 640px\" \/><\/p>\n<p style=\"text-align: right;\"><a href=\"#seite_oben\">natrag na vrh \/ Seitenanfang<\/a><\/p>\n<hr \/>\n<p><strong>Linkovi \/ Links<\/strong><\/p>\n<p><span style=\"color: #3366ff;\"><a style=\"color: #3366ff;\" href=\"https:\/\/www.topohvar.at\/topo\/orte\/sg\/sg-op-jd-1\/\">Gustirna \/ Ziserne SG-OP-JD<\/a><br \/>\n<a style=\"color: #3366ff;\" href=\"https:\/\/www.topohvar.at\/topo\/orte\/sg\/sg-op-je-1\/\">Gustirna \/ Ziserne SG-OP-JE<\/a><br \/>\n<\/span><\/p>\n","protected":false},"excerpt":{"rendered":"<p>Ime \/ Name Trim \u00bbSG-TR-H6\u00ab Code: SG-TR-H6\u00a0 \u00a0 \u00a0 \u00a0 \u00a0 \u00a0 \u00a0 \u00a0 \u00a0 \u00a0 \u00a0 \u00a0 \u00a0 \u00a0 \u00a0 \u00a0 \u00a0 \u00a0 \u00a0 \u00a0 \u00a0 \u00a0 Adresa \/ Adresse Stari Grad, Vrbanjske Rudine Lokacija \/ Position Latitude: N &hellip; <a href=\"https:\/\/www.topohvar.at\/topo\/orte\/sg\/sg-tr-h6-1\/\">Weiterlesen <span class=\"meta-nav\">&rarr;<\/span><\/a><\/p>\n","protected":false},"author":1,"featured_media":0,"parent":99,"menu_order":0,"comment_status":"closed","ping_status":"closed","template":"","meta":{"footnotes":""},"class_list":["post-62722","page","type-page","status-publish","hentry"],"_links":{"self":[{"href":"https:\/\/www.topohvar.at\/topo\/wp-json\/wp\/v2\/pages\/62722","targetHints":{"allow":["GET"]}}],"collection":[{"href":"https:\/\/www.topohvar.at\/topo\/wp-json\/wp\/v2\/pages"}],"about":[{"href":"https:\/\/www.topohvar.at\/topo\/wp-json\/wp\/v2\/types\/page"}],"author":[{"embeddable":true,"href":"https:\/\/www.topohvar.at\/topo\/wp-json\/wp\/v2\/users\/1"}],"replies":[{"embeddable":true,"href":"https:\/\/www.topohvar.at\/topo\/wp-json\/wp\/v2\/comments?post=62722"}],"version-history":[{"count":10,"href":"https:\/\/www.topohvar.at\/topo\/wp-json\/wp\/v2\/pages\/62722\/revisions"}],"predecessor-version":[{"id":63897,"href":"https:\/\/www.topohvar.at\/topo\/wp-json\/wp\/v2\/pages\/62722\/revisions\/63897"}],"up":[{"embeddable":true,"href":"https:\/\/www.topohvar.at\/topo\/wp-json\/wp\/v2\/pages\/99"}],"wp:attachment":[{"href":"https:\/\/www.topohvar.at\/topo\/wp-json\/wp\/v2\/media?parent=62722"}],"curies":[{"name":"wp","href":"https:\/\/api.w.org\/{rel}","templated":true}]}}