{"id":62754,"date":"2023-06-03T07:37:26","date_gmt":"2023-06-03T05:37:26","guid":{"rendered":"https:\/\/www.topohvar.at\/topo\/?page_id=62754"},"modified":"2023-08-09T17:03:19","modified_gmt":"2023-08-09T15:03:19","slug":"sg-tr-g5-1","status":"publish","type":"page","link":"https:\/\/www.topohvar.at\/topo\/orte\/sg\/sg-tr-g5-1\/","title":{"rendered":"STARI GRAD &#8211; Trim \u00bbSG-TR-G5\u00ab"},"content":{"rendered":"<p><a name=\"seite_oben\"><\/a><br \/>\n<img loading=\"lazy\" decoding=\"async\" class=\"aligncenter wp-image-62760 size-full\" src=\"https:\/\/www.topohvar.at\/wp-content\/uploads\/2023\/06\/sg-tr-g5-0.jpg\" alt=\"\" width=\"1080\" height=\"530\" srcset=\"https:\/\/www.topohvar.at\/wp-content\/uploads\/2023\/06\/sg-tr-g5-0.jpg 1080w, https:\/\/www.topohvar.at\/wp-content\/uploads\/2023\/06\/sg-tr-g5-0-300x147.jpg 300w, https:\/\/www.topohvar.at\/wp-content\/uploads\/2023\/06\/sg-tr-g5-0-1024x503.jpg 1024w, https:\/\/www.topohvar.at\/wp-content\/uploads\/2023\/06\/sg-tr-g5-0-768x377.jpg 768w\" sizes=\"auto, (max-width: 1080px) 100vw, 1080px\" \/><\/p>\n<p><strong>Ime \/ Name<br \/>\n<\/strong>Trim \u00bbSG-TR-G5\u00ab<br \/>\n<strong>Code: <\/strong>SG-TR-G5\u00a0 \u00a0 \u00a0 \u00a0 \u00a0 \u00a0 \u00a0 \u00a0 \u00a0 \u00a0 \u00a0 \u00a0 \u00a0 \u00a0 \u00a0 \u00a0 \u00a0 \u00a0 \u00a0 \u00a0 <strong><a href=\"https:\/\/www.topohvar.at\/orte\/sg\/sg-tr-00-1\/\"><img loading=\"lazy\" decoding=\"async\" class=\"alignnone wp-image-12300 size-full\" src=\"https:\/\/www.topohvar.at\/wp-content\/uploads\/2018\/09\/push-vor-30.jpg\" alt=\"\" width=\"61\" height=\"30\" \/><\/a> <a href=\"https:\/\/www.topohvar.at\/orte\/sg\/sg-tr-23-1\/\"><img loading=\"lazy\" decoding=\"async\" class=\"alignnone wp-image-533 size-full\" src=\"https:\/\/www.topohvar.at\/wp-content\/uploads\/2018\/07\/push-l-30.jpg\" alt=\"\" width=\"61\" height=\"30\" \/><\/a> <a href=\"https:\/\/www.topohvar.at\/orte\/sg\/\"><img loading=\"lazy\" decoding=\"async\" class=\"alignnone wp-image-535 size-full\" src=\"https:\/\/www.topohvar.at\/wp-content\/uploads\/2018\/07\/push-o-30.jpg\" alt=\"\" width=\"61\" height=\"30\" \/><\/a> <a href=\"https:\/\/www.topohvar.at\/orte\/sg\/sg-tr-g8-1\/\"><img loading=\"lazy\" decoding=\"async\" class=\"alignnone wp-image-536 size-full\" src=\"https:\/\/www.topohvar.at\/wp-content\/uploads\/2018\/07\/push-r-30.jpg\" alt=\"\" width=\"61\" height=\"30\" \/><\/a><\/strong><\/p>\n<hr \/>\n<p><strong>Adresa \/ Adresse<br \/>\n<\/strong>Stari Grad, Polje<\/p>\n<p><strong>Lokacija \/ Position<a href=\"https:\/\/goo.gl\/maps\/48eFibSrA47vwv49A\"><img loading=\"lazy\" decoding=\"async\" class=\"alignright wp-image-62759\" src=\"https:\/\/www.topohvar.at\/wp-content\/uploads\/2023\/06\/3835.jpg\" alt=\"\" width=\"134\" height=\"100\" \/><\/a><br \/>\n<\/strong><a href=\"https:\/\/goo.gl\/maps\/48eFibSrA47vwv49A\"><span style=\"color: #3366ff;\">Latitude: N 43,19330\u00b0\u00a0 \u00a0Longitude: E 16,62517\u00b0<\/span><\/a> <strong><br \/>\n<\/strong>Visina \/ H\u00f6he: 29 m<\/p>\n<p><strong>Katastarska \u010destica \/ Grundst\u00fccke<br \/>\n<\/strong>5912<div class='content-column one_half'><div style=\"padding-right:6px;\"><p><strong>Datum snimanja \/ Erfassungsdatum<br \/>\n<\/strong>03.05.2023 14:54:25<\/p>\n<hr \/>\n<p><strong>Informacije<\/strong><\/p>\n<p>Jednostuoanjski trim na sjevernom rubu Starigradskog polja ima neobi\u010dno pravilan kvadratni oblik. Lijevi ugao prednje strane zaboden je u hrpu kamenja i stepenasto je postavljen. U desnom kutu konzolna plo\u010da slu\u017ei kao skladi\u0161te. Unutra\u0161njost je oblo\u017eena kamenim plo\u010dama i podijeljena na dva dijela uzdignutom kamenom pre\u010dkom. Ovdje se nalaze i dvije zidne ni\u0161e. Trim je u vrlo dobrom stanju, ali se vi\u0161e ne koristi.<\/p><\/div><\/div><div class='content-column one_half last_column'><div style=\"padding-right:0px;padding-left:6px;\"><p><strong>Stupanj za\u0161tite \/ Schutzstellung<br \/>\n<\/strong>&#8211;<\/p>\n<hr \/>\n<p><strong>Info<\/strong><\/p>\n<p>Der einstufige Trim am Nordrand des Starigrader Feldes hat eine ungew\u00f6hnlich korrekte quadratische Form. Die linke Ecke seiner Vorderseite steckt in einem Steinhaufen und ist stufenartig ausgebildet. An der rechten Ecke dient eine Kragplatte als Abstellfl\u00e4che. Der Innenraum ist mit Steinplatten ausgelegt und durch eine hochgestellte Steinleiste zweigeteilt. Hier finden sich auch zwei Wandnischen. Der Trim ist sehr gut erhalten, wird aber nicht mehr genutzt.<\/p><\/div><\/div><div class='clear_column'><\/div><div class='content-column one_half'><div style=\"padding-right:6px;\"><div id=\"attachment_63592\" style=\"width: 310px\" class=\"wp-caption aligncenter\"><img loading=\"lazy\" decoding=\"async\" aria-describedby=\"caption-attachment-63592\" class=\"size-medium wp-image-63592\" src=\"https:\/\/www.topohvar.at\/wp-content\/uploads\/2023\/06\/sg-tr-g5-11-300x300.jpg\" alt=\"\" width=\"300\" height=\"300\" srcset=\"https:\/\/www.topohvar.at\/wp-content\/uploads\/2023\/06\/sg-tr-g5-11-300x300.jpg 300w, https:\/\/www.topohvar.at\/wp-content\/uploads\/2023\/06\/sg-tr-g5-11-150x150.jpg 150w, https:\/\/www.topohvar.at\/wp-content\/uploads\/2023\/06\/sg-tr-g5-11.jpg 450w\" sizes=\"auto, (max-width: 300px) 100vw, 300px\" \/><p id=\"caption-attachment-63592\" class=\"wp-caption-text\">ulaz \/ Eingang<\/p><\/div>\n<p>Dana 03.05.2023 trim SG-TR-G5 je posje\u0107en i ustanovljeno je sljede\u0107e:<\/p>\n<p>Lokacija: maslinik<br \/>\nPodloga: ravna<br \/>\nPovezan s: nesre\u0111nom kamenom gomilom<br \/>\nUpotreba: malo se koristi<br \/>\nStanje: dijelovi su se sru\u0161ili<br \/>\nBroj stepenica trima: 1<br \/>\nDodatni kameni prsten: nema prstena<br \/>\nStepeni\u0161te: stepenica<br \/>\nOblik kamena: plosnat<br \/>\nPodru\u010dje ispred ulaza: lako dostupno<br \/>\nOrijentacija ulaza: J (190\u00b0)<br \/>\nPromjer trima (cm): 360<br \/>\nVisina trima (cm): 220<br \/>\nVisina stepenica (cm): stepenica 1: 170<br \/>\nDebljina zida (cm): 0<br \/>\n\u0160irina vrata (cm): 75<br \/>\nVisina vrata (cm): 100<br \/>\n\u0160irina unutra (cm): 230 &#8211; 240<br \/>\nVisina unutra (cm): 190<br \/>\nVolumen iznutra (m3): 5,90<br \/>\nNi\u0161a 1 (P\/\u0160\/V\/D) (cm): 60 \/ 20 \/ 15 \/ 20<br \/>\nni\u0161a 2 (P\/\u0160\/V\/D) (cm): 50 \/ 25 \/ 25 \/ 30<\/p><\/div><\/div><div class='content-column one_half last_column'><div style=\"padding-right:0px;padding-left:6px;\"><div id=\"attachment_63593\" style=\"width: 310px\" class=\"wp-caption aligncenter\"><img loading=\"lazy\" decoding=\"async\" aria-describedby=\"caption-attachment-63593\" class=\"size-medium wp-image-63593\" src=\"https:\/\/www.topohvar.at\/wp-content\/uploads\/2023\/06\/sg-tr-g5-12-300x300.jpg\" alt=\"\" width=\"300\" height=\"300\" srcset=\"https:\/\/www.topohvar.at\/wp-content\/uploads\/2023\/06\/sg-tr-g5-12-300x300.jpg 300w, https:\/\/www.topohvar.at\/wp-content\/uploads\/2023\/06\/sg-tr-g5-12-150x150.jpg 150w, https:\/\/www.topohvar.at\/wp-content\/uploads\/2023\/06\/sg-tr-g5-12.jpg 450w\" sizes=\"auto, (max-width: 300px) 100vw, 300px\" \/><p id=\"caption-attachment-63593\" class=\"wp-caption-text\">pogled iznutra \/ Blick ins Innere<\/p><\/div>\n<p>Am 03.05.2023 wurde der Trim SG-TR-G5 besucht und n\u00e4her untersucht:<\/p>\n<p>Standort: Olivenhain<br \/>\nUntergrund: eben<br \/>\nVerbunden mit: Steinhaufen ungeordnet<br \/>\nNutzung: kaum genutzt<br \/>\nZustand: Teile abgest\u00fcrzt<br \/>\nAnzahl der Trimstufen: 1<br \/>\nZus\u00e4tzlicher Steinring: kein Steinring<br \/>\nStiege: Stiege<br \/>\nSteinform: plattig<br \/>\nEingangsbereich: frei<br \/>\nEingangsseite: S (190\u00b0)<br \/>\nTrimdurchmesser (cm): 360<br \/>\nTrimh\u00f6he (cm): 220<br \/>\nH\u00f6he der Trimstufen (cm): Stufe 1: 170<br \/>\nWandst\u00e4rke (cm): 60<br \/>\nT\u00fcrbreite (cm): 75<br \/>\nT\u00fcrh\u00f6he (cm): 100<br \/>\nInnenraumbreite (cm): 230 &#8211; 240<br \/>\nInnenraumh\u00f6he (cm): 190<br \/>\nRaumvolumen (m3): 5,90<br \/>\nNische 1 (P\/B\/H\/T) (cm): 60 \/ 20 \/ 15 \/ 20<br \/>\nNische 2 (P\/B\/H\/T) (cm): 50 \/ 25 \/ 25 \/ 30<\/p><\/div><\/div><div class='clear_column'><\/div><br \/>\n<img loading=\"lazy\" decoding=\"async\" class=\"alignleft size-full wp-image-63856\" src=\"https:\/\/www.topohvar.at\/wp-content\/uploads\/2023\/08\/sg-tr-g5-sca.jpg\" alt=\"\" width=\"640\" height=\"942\" srcset=\"https:\/\/www.topohvar.at\/wp-content\/uploads\/2023\/08\/sg-tr-g5-sca.jpg 640w, https:\/\/www.topohvar.at\/wp-content\/uploads\/2023\/08\/sg-tr-g5-sca-204x300.jpg 204w\" sizes=\"auto, (max-width: 640px) 100vw, 640px\" \/><\/p>\n<p style=\"text-align: right;\"><a href=\"#seite_oben\">natrag na vrh \/ Seitenanfang<\/a><\/p>\n<hr \/>\n<p><strong>Linkovi \/ Links<\/strong><\/p>\n<p>&#8211;<\/p>\n","protected":false},"excerpt":{"rendered":"<p>Ime \/ Name Trim \u00bbSG-TR-G5\u00ab Code: SG-TR-G5\u00a0 \u00a0 \u00a0 \u00a0 \u00a0 \u00a0 \u00a0 \u00a0 \u00a0 \u00a0 \u00a0 \u00a0 \u00a0 \u00a0 \u00a0 \u00a0 \u00a0 \u00a0 \u00a0 \u00a0 Adresa \/ Adresse Stari Grad, Polje Lokacija \/ Position Latitude: N 43,19330\u00b0\u00a0 \u00a0Longitude: E &hellip; <a href=\"https:\/\/www.topohvar.at\/topo\/orte\/sg\/sg-tr-g5-1\/\">Weiterlesen <span class=\"meta-nav\">&rarr;<\/span><\/a><\/p>\n","protected":false},"author":1,"featured_media":0,"parent":99,"menu_order":0,"comment_status":"closed","ping_status":"closed","template":"","meta":{"footnotes":""},"class_list":["post-62754","page","type-page","status-publish","hentry"],"_links":{"self":[{"href":"https:\/\/www.topohvar.at\/topo\/wp-json\/wp\/v2\/pages\/62754","targetHints":{"allow":["GET"]}}],"collection":[{"href":"https:\/\/www.topohvar.at\/topo\/wp-json\/wp\/v2\/pages"}],"about":[{"href":"https:\/\/www.topohvar.at\/topo\/wp-json\/wp\/v2\/types\/page"}],"author":[{"embeddable":true,"href":"https:\/\/www.topohvar.at\/topo\/wp-json\/wp\/v2\/users\/1"}],"replies":[{"embeddable":true,"href":"https:\/\/www.topohvar.at\/topo\/wp-json\/wp\/v2\/comments?post=62754"}],"version-history":[{"count":9,"href":"https:\/\/www.topohvar.at\/topo\/wp-json\/wp\/v2\/pages\/62754\/revisions"}],"predecessor-version":[{"id":63858,"href":"https:\/\/www.topohvar.at\/topo\/wp-json\/wp\/v2\/pages\/62754\/revisions\/63858"}],"up":[{"embeddable":true,"href":"https:\/\/www.topohvar.at\/topo\/wp-json\/wp\/v2\/pages\/99"}],"wp:attachment":[{"href":"https:\/\/www.topohvar.at\/topo\/wp-json\/wp\/v2\/media?parent=62754"}],"curies":[{"name":"wp","href":"https:\/\/api.w.org\/{rel}","templated":true}]}}