{"id":62812,"date":"2023-06-03T15:44:30","date_gmt":"2023-06-03T13:44:30","guid":{"rendered":"https:\/\/www.topohvar.at\/topo\/?page_id=62812"},"modified":"2023-08-10T08:59:34","modified_gmt":"2023-08-10T06:59:34","slug":"vj-tr-12-1","status":"publish","type":"page","link":"https:\/\/www.topohvar.at\/topo\/orte\/vj\/vj-tr-12-1\/","title":{"rendered":"VRBANJ &#8211; Trim \u00bbVJ-TR-12\u00ab"},"content":{"rendered":"<p><a name=\"seite_oben\"><\/a><br \/>\n<img loading=\"lazy\" decoding=\"async\" class=\"aligncenter wp-image-62813 size-full\" src=\"https:\/\/www.topohvar.at\/wp-content\/uploads\/2023\/06\/VJ-TR-12-0.jpg\" alt=\"\" width=\"1080\" height=\"530\" srcset=\"https:\/\/www.topohvar.at\/wp-content\/uploads\/2023\/06\/VJ-TR-12-0.jpg 1080w, https:\/\/www.topohvar.at\/wp-content\/uploads\/2023\/06\/VJ-TR-12-0-300x147.jpg 300w, https:\/\/www.topohvar.at\/wp-content\/uploads\/2023\/06\/VJ-TR-12-0-1024x503.jpg 1024w, https:\/\/www.topohvar.at\/wp-content\/uploads\/2023\/06\/VJ-TR-12-0-768x377.jpg 768w\" sizes=\"auto, (max-width: 1080px) 100vw, 1080px\" \/><\/p>\n<p><strong>Ime \/ Name<br \/>\n<\/strong>Trim \u00bbVJ-TR-12\u00ab<br \/>\n<strong>Code: <\/strong>VJ-TR-12\u00a0 \u00a0 \u00a0 \u00a0 \u00a0 \u00a0 \u00a0 \u00a0 \u00a0 \u00a0 \u00a0 \u00a0 \u00a0 \u00a0 \u00a0 \u00a0 \u00a0 \u00a0 \u00a0 \u00a0 <strong><a href=\"https:\/\/www.topohvar.at\/orte\/vj\/vj-tr-00-1\/\"><img loading=\"lazy\" decoding=\"async\" class=\"alignnone wp-image-12300 size-full\" src=\"https:\/\/www.topohvar.at\/wp-content\/uploads\/2018\/09\/push-vor-30.jpg\" alt=\"\" width=\"61\" height=\"30\" \/><\/a> <a href=\"https:\/\/www.topohvar.at\/orte\/vj\/vj-tr-27-1\/\"><img loading=\"lazy\" decoding=\"async\" class=\"alignnone wp-image-533 size-full\" src=\"https:\/\/www.topohvar.at\/wp-content\/uploads\/2018\/07\/push-l-30.jpg\" alt=\"\" width=\"61\" height=\"30\" \/><\/a> <a href=\"https:\/\/www.topohvar.at\/orte\/vj\/\"><img loading=\"lazy\" decoding=\"async\" class=\"alignnone wp-image-535 size-full\" src=\"https:\/\/www.topohvar.at\/wp-content\/uploads\/2018\/07\/push-o-30.jpg\" alt=\"\" width=\"61\" height=\"30\" \/><\/a> <a href=\"https:\/\/www.topohvar.at\/orte\/vj\/vj-tr-28-1\/\"><img loading=\"lazy\" decoding=\"async\" class=\"alignnone wp-image-536 size-full\" src=\"https:\/\/www.topohvar.at\/wp-content\/uploads\/2018\/07\/push-r-30.jpg\" alt=\"\" width=\"61\" height=\"30\" \/><\/a><\/strong><\/p>\n<hr \/>\n<p><strong>Adresa \/ Adresse<br \/>\n<\/strong>Vrbanj, zapadno od ceste za Basinu \/ westlich der Stra\u00dfe nach Basina<\/p>\n<p><strong>Lokacija \/ Position<a href=\"https:\/\/goo.gl\/maps\/vs4S2bpwPxW7RPyj8\"><img loading=\"lazy\" decoding=\"async\" class=\"alignright wp-image-62798\" src=\"https:\/\/www.topohvar.at\/wp-content\/uploads\/2023\/06\/3841.jpg\" alt=\"\" width=\"134\" height=\"100\" \/><\/a><br \/>\n<\/strong><a href=\"https:\/\/goo.gl\/maps\/vs4S2bpwPxW7RPyj8\"><span style=\"color: #3366ff;\">Latitude: N 43,19285\u00b0\u00a0 \u00a0Longitude: E 16,65072\u00b0<\/span><\/a> <strong><br \/>\n<\/strong>Visina \/ H\u00f6he: 65 m<\/p>\n<p><strong>Katastarska \u010destica \/ Grundst\u00fccke<br \/>\n<\/strong>728<div class='content-column one_half'><div style=\"padding-right:6px;\"><p><strong>Datum snimanja \/ Erfassungsdatum<br \/>\n<\/strong>01.05.2023 10:25:40<\/p>\n<hr \/>\n<p><strong>Informacije<\/strong><\/p>\n<p>Jednostupanjski trim nalazi se u \u0161ipra\u017eju zapadno od ceste za Basinu. U potpunosti je okru\u017eena kamenim prstenom. Jedinstven je &#8222;Steinmandl&#8220; (naslagano kamenje u obliku stupova visine oko 0,8 m) na krovu kupole. Ispred ulaza nalazi se malo dvori\u0161te s dvije zidne ni\u0161e s lijeve i desne strane. Jo\u0161 jedna ni\u0161a nalazi se izvana u kamenom prstenu s desne strane. Pristup okrugloj unutra\u0161njosti blokiran je stablom. U unutra\u0161njosti je jo\u0161 jedna zidna ni\u0161a. Trim je u dobrom stanju ali se vi\u0161e ne koristi.<\/p><\/div><\/div><div class='content-column one_half last_column'><div style=\"padding-right:0px;padding-left:6px;\"><p><strong>Stupanj za\u0161tite \/ Schutzstellung<br \/>\n<\/strong>&#8211;<\/p>\n<hr \/>\n<p><strong>Info<\/strong><\/p>\n<p>Der einstufige Trim befindet sich im Buschwerk westlich der Stra\u00dfe nach Basina. Er wird zur G\u00e4nze von einem Steinring umschlossen. Bis jetzt einzigartig ist das \u201eSteinmandl\u201c (s\u00e4ulenartig aufgeschichtete Steine von etwa 0,8 m H\u00f6he) am Kuppeldach. Vor dem Eingang befindet sich ein kleiner Hof mit zwei Wandnischen links und rechts. Eine weitere Nische findet man au\u00dfen im Steinring an der rechten Seite. Der Zugang in den runden Innenraum wird durch einen Baum behindert. Im Innenraum findet sich noch eine Wandnische. Der Trim ist gut erhalten, wird aber nicht mehr genutzt.<\/p><\/div><\/div><div class='clear_column'><\/div><div class='content-column one_half'><div style=\"padding-right:6px;\"><div id=\"attachment_63575\" style=\"width: 310px\" class=\"wp-caption aligncenter\"><img loading=\"lazy\" decoding=\"async\" aria-describedby=\"caption-attachment-63575\" class=\"size-medium wp-image-63575\" src=\"https:\/\/www.topohvar.at\/wp-content\/uploads\/2023\/06\/VJ-TR-12-11-300x300.jpg\" alt=\"\" width=\"300\" height=\"300\" srcset=\"https:\/\/www.topohvar.at\/wp-content\/uploads\/2023\/06\/VJ-TR-12-11-300x300.jpg 300w, https:\/\/www.topohvar.at\/wp-content\/uploads\/2023\/06\/VJ-TR-12-11-150x150.jpg 150w, https:\/\/www.topohvar.at\/wp-content\/uploads\/2023\/06\/VJ-TR-12-11.jpg 450w\" sizes=\"auto, (max-width: 300px) 100vw, 300px\" \/><p id=\"caption-attachment-63575\" class=\"wp-caption-text\">ulaz \/ Eingang<\/p><\/div>\n<p>Dana 01.05.2023 trim VJ-TR-12 je posje\u0107en i ustanovljeno je sljede\u0107e:<\/p>\n<p>Lokacija: grmlje<br \/>\nPodloga: nako\u0161ena<br \/>\nPovezan s: kamenim zidom<br \/>\nUpotreba: ne koristi se<br \/>\nStanje: dobro sa\u010duvan<br \/>\nBroj stepenica trima: 1<br \/>\nDodatni kameni prsten: ure\u0111eni prsten<br \/>\nStepeni\u0161te: nema<br \/>\nOblik kamena: uglast<br \/>\nPodru\u010dje ispred ulaza: zaraslo<br \/>\nOrijentacija ulaza: JZ (210\u00b0)<br \/>\nPromjer trima (cm): 440<br \/>\nVisina trima (cm): 240<br \/>\nVisina stepenica (cm): stepenica 1: 180<br \/>\nDebljina zida (cm): 0<br \/>\n\u0160irina vrata (cm): 65<br \/>\nVisina vrata (cm): 125<br \/>\n\u0160irina unutra (cm): 300<br \/>\nVisina unutra (cm): 220<br \/>\nVolumen iznutra (m3): 11,28<br \/>\nNi\u0161a 1 (P\/\u0160\/V\/D) (cm): 50 \/ 35 \/ 30 \/ 50<br \/>\nni\u0161a 2 (P\/\u0160\/V\/D) (cm): 35 \/ 25 \/ 35 \/ 60<br \/>\nni\u0161a 3 (P\/\u0160\/V\/D) (cm): 40 \/ 30 \/ 20 \/ 50<\/p><\/div><\/div><div class='content-column one_half last_column'><div style=\"padding-right:0px;padding-left:6px;\"><div id=\"attachment_63576\" style=\"width: 310px\" class=\"wp-caption aligncenter\"><img loading=\"lazy\" decoding=\"async\" aria-describedby=\"caption-attachment-63576\" class=\"size-medium wp-image-63576\" src=\"https:\/\/www.topohvar.at\/wp-content\/uploads\/2023\/06\/VJ-TR-12-12-300x300.jpg\" alt=\"\" width=\"300\" height=\"300\" srcset=\"https:\/\/www.topohvar.at\/wp-content\/uploads\/2023\/06\/VJ-TR-12-12-300x300.jpg 300w, https:\/\/www.topohvar.at\/wp-content\/uploads\/2023\/06\/VJ-TR-12-12-150x150.jpg 150w, https:\/\/www.topohvar.at\/wp-content\/uploads\/2023\/06\/VJ-TR-12-12.jpg 450w\" sizes=\"auto, (max-width: 300px) 100vw, 300px\" \/><p id=\"caption-attachment-63576\" class=\"wp-caption-text\">kameni stup na krovu \/ Steinmandl am Dach<\/p><\/div>\n<p>Am 01.05.2023 wurde der Trim VJ-TR-12 besucht und n\u00e4her untersucht:<\/p>\n<p>Standort: Buschwerk<br \/>\nUntergrund: geneigt<br \/>\nVerbunden mit: Steinmauer<br \/>\nNutzung: ungenutzt<br \/>\nZustand: gut erhalten<br \/>\nAnzahl der Trimstufen: 1<br \/>\nZus\u00e4tzlicher Steinring: Steinring geordnet<br \/>\nStiege: keine<br \/>\nSteinform: kantig<br \/>\nEingangsbereich: verwachsen<br \/>\nEingangsseite: SW (210\u00b0)<br \/>\nTrimdurchmesser (cm): 440<br \/>\nTrimh\u00f6he (cm): 240<br \/>\nH\u00f6he der Trimstufen (cm): Stufe 1: 180<br \/>\nWandst\u00e4rke (cm): 70<br \/>\nT\u00fcrbreite (cm): 65<br \/>\nT\u00fcrh\u00f6he (cm): 125<br \/>\nInnenraumbreite (cm): 300<br \/>\nInnenraumh\u00f6he (cm): 220<br \/>\nRaumvolumen (m3): 11,28<br \/>\nNische 1 (P\/B\/H\/T) (cm): 50 \/ 35 \/ 30 \/ 50<br \/>\nNische 2 (P\/B\/H\/T) (cm): 35 \/ 25 \/ 35 \/ 60<br \/>\nNische 3 (P\/B\/H\/T) (cm): 40 \/ 30 \/ 20 \/ 50<\/p><\/div><\/div><div class='clear_column'><\/div><\/p>\n<p style=\"text-align: left;\"><em><img loading=\"lazy\" decoding=\"async\" class=\"aligncenter size-full wp-image-63900\" src=\"https:\/\/www.topohvar.at\/wp-content\/uploads\/2023\/08\/vj-tr-12-sca.jpg\" alt=\"\" width=\"640\" height=\"977\" srcset=\"https:\/\/www.topohvar.at\/wp-content\/uploads\/2023\/08\/vj-tr-12-sca.jpg 640w, https:\/\/www.topohvar.at\/wp-content\/uploads\/2023\/08\/vj-tr-12-sca-197x300.jpg 197w\" sizes=\"auto, (max-width: 640px) 100vw, 640px\" \/><\/em><\/p>\n<p style=\"text-align: right;\"><a href=\"#seite_oben\">natrag na vrh \/ Seitenanfang<\/a><\/p>\n<hr \/>\n<p><strong>Linkovi \/ Links<\/strong><\/p>\n<p>&#8211;<\/p>\n","protected":false},"excerpt":{"rendered":"<p>Ime \/ Name Trim \u00bbVJ-TR-12\u00ab Code: VJ-TR-12\u00a0 \u00a0 \u00a0 \u00a0 \u00a0 \u00a0 \u00a0 \u00a0 \u00a0 \u00a0 \u00a0 \u00a0 \u00a0 \u00a0 \u00a0 \u00a0 \u00a0 \u00a0 \u00a0 \u00a0 Adresa \/ Adresse Vrbanj, zapadno od ceste za Basinu \/ westlich der Stra\u00dfe nach &hellip; <a href=\"https:\/\/www.topohvar.at\/topo\/orte\/vj\/vj-tr-12-1\/\">Weiterlesen <span class=\"meta-nav\">&rarr;<\/span><\/a><\/p>\n","protected":false},"author":1,"featured_media":0,"parent":111,"menu_order":0,"comment_status":"closed","ping_status":"closed","template":"","meta":{"footnotes":""},"class_list":["post-62812","page","type-page","status-publish","hentry"],"_links":{"self":[{"href":"https:\/\/www.topohvar.at\/topo\/wp-json\/wp\/v2\/pages\/62812","targetHints":{"allow":["GET"]}}],"collection":[{"href":"https:\/\/www.topohvar.at\/topo\/wp-json\/wp\/v2\/pages"}],"about":[{"href":"https:\/\/www.topohvar.at\/topo\/wp-json\/wp\/v2\/types\/page"}],"author":[{"embeddable":true,"href":"https:\/\/www.topohvar.at\/topo\/wp-json\/wp\/v2\/users\/1"}],"replies":[{"embeddable":true,"href":"https:\/\/www.topohvar.at\/topo\/wp-json\/wp\/v2\/comments?post=62812"}],"version-history":[{"count":8,"href":"https:\/\/www.topohvar.at\/topo\/wp-json\/wp\/v2\/pages\/62812\/revisions"}],"predecessor-version":[{"id":63905,"href":"https:\/\/www.topohvar.at\/topo\/wp-json\/wp\/v2\/pages\/62812\/revisions\/63905"}],"up":[{"embeddable":true,"href":"https:\/\/www.topohvar.at\/topo\/wp-json\/wp\/v2\/pages\/111"}],"wp:attachment":[{"href":"https:\/\/www.topohvar.at\/topo\/wp-json\/wp\/v2\/media?parent=62812"}],"curies":[{"name":"wp","href":"https:\/\/api.w.org\/{rel}","templated":true}]}}