{"id":62834,"date":"2023-06-04T08:42:09","date_gmt":"2023-06-04T06:42:09","guid":{"rendered":"https:\/\/www.topohvar.at\/topo\/?page_id=62834"},"modified":"2024-06-15T15:59:50","modified_gmt":"2024-06-15T13:59:50","slug":"gv-tr-80-1","status":"publish","type":"page","link":"https:\/\/www.topohvar.at\/topo\/orte\/gv\/gv-tr-80-1\/","title":{"rendered":"VELO GRABLJE &#8211; Trim \u00bbGV-TR-80\u00ab"},"content":{"rendered":"<p><a name=\"seite_oben\"><\/a><br \/>\n<strong><img loading=\"lazy\" decoding=\"async\" class=\"aligncenter wp-image-62836 size-full\" src=\"https:\/\/www.topohvar.at\/wp-content\/uploads\/2023\/06\/gv-tr-80-0.jpg\" alt=\"\" width=\"1080\" height=\"530\" srcset=\"https:\/\/www.topohvar.at\/wp-content\/uploads\/2023\/06\/gv-tr-80-0.jpg 1080w, https:\/\/www.topohvar.at\/wp-content\/uploads\/2023\/06\/gv-tr-80-0-300x147.jpg 300w, https:\/\/www.topohvar.at\/wp-content\/uploads\/2023\/06\/gv-tr-80-0-1024x503.jpg 1024w, https:\/\/www.topohvar.at\/wp-content\/uploads\/2023\/06\/gv-tr-80-0-768x377.jpg 768w\" sizes=\"auto, (max-width: 1080px) 100vw, 1080px\" \/><\/strong><\/p>\n<p><strong>Ime \/ Name<br \/>\n<\/strong>Trim \u00bbGV-TR-80\u00ab<\/p>\n<p><strong>Code: <\/strong>GV-TR-80\u00a0 \u00a0 \u00a0 \u00a0 \u00a0 \u00a0 \u00a0 \u00a0 \u00a0 \u00a0 \u00a0 \u00a0 \u00a0 \u00a0 \u00a0 \u00a0<strong><a href=\"https:\/\/www.topohvar.at\/orte\/gv\/gv-tr-00-1\/\"><img loading=\"lazy\" decoding=\"async\" class=\"alignnone wp-image-12300 size-full\" src=\"https:\/\/www.topohvar.at\/wp-content\/uploads\/2018\/09\/push-vor-30.jpg\" alt=\"\" width=\"61\" height=\"30\" \/><\/a> <a href=\"https:\/\/www.topohvar.at\/orte\/gv\/gv-tr-50-1\/\"><img loading=\"lazy\" decoding=\"async\" class=\"alignnone wp-image-533 size-full\" src=\"https:\/\/www.topohvar.at\/wp-content\/uploads\/2018\/07\/push-l-30.jpg\" alt=\"\" width=\"61\" height=\"30\" \/><\/a> <a href=\"https:\/\/www.topohvar.at\/orte\/gv\/\"><img loading=\"lazy\" decoding=\"async\" class=\"alignnone wp-image-535 size-full\" src=\"https:\/\/www.topohvar.at\/wp-content\/uploads\/2018\/07\/push-o-30.jpg\" alt=\"\" width=\"61\" height=\"30\" \/><\/a> <a href=\"https:\/\/www.topohvar.at\/orte\/gv\/gv-tr-43-1\/\"><img loading=\"lazy\" decoding=\"async\" class=\"alignnone wp-image-536 size-full\" src=\"https:\/\/www.topohvar.at\/wp-content\/uploads\/2018\/07\/push-r-30.jpg\" alt=\"\" width=\"61\" height=\"30\" \/><\/a><\/strong><\/p>\n<hr \/>\n<p><strong>Adresa \/ Adresse<br \/>\n<\/strong>Velo Grablje, Kolci<\/p>\n<p><strong>Lokacija \/ Position<a href=\"https:\/\/goo.gl\/maps\/uf3KUe7SvVmoTHp4A\"><img loading=\"lazy\" decoding=\"async\" class=\"alignright wp-image-62837\" src=\"https:\/\/www.topohvar.at\/wp-content\/uploads\/2023\/06\/3844.jpg\" alt=\"\" width=\"134\" height=\"100\" \/><\/a><br \/>\n<\/strong><a href=\"https:\/\/goo.gl\/maps\/uf3KUe7SvVmoTHp4A\"><span style=\"color: #3366ff;\">Latitude: N 43,17316\u00b0\u00a0 \u00a0Longitude: E 16,55375\u00b0 <\/span><\/a><strong><br \/>\n<\/strong>Visina \/ H\u00f6he: 217 m<\/p>\n<p><strong>Katastarska \u010destica \/ Grundst\u00fccke<br \/>\n<\/strong>5440 <div class='content-column one_half'><div style=\"padding-right:6px;\"><p><strong>Datum snimanja \/ Erfassungsdatum<br \/>\n<\/strong>07.05.2023 09:12:59<\/p>\n<hr \/>\n<p><strong>Informacije<\/strong><\/p>\n<p>Trim le\u017ei u grmlju u predjelu Kolci. Nalazi se na sjeci\u0161tu nekoliko kamenih zidova. Stepenice vode gore do zidova. Ulaz je napravljen od masivnih kamenih blokova. U kru\u017enom interijeru nalazi se zidna ni\u0161a. Trim je dobro o\u010duvan i treba ga i dalje koristiti &#8211; u svakom slu\u010daju unutra su prona\u0111eni stari predmeti za p\u010delarstvo.<\/p><\/div><\/div><div class='content-column one_half last_column'><div style=\"padding-right:0px;padding-left:6px;\"><p><strong>Stupanj za\u0161tite \/ Schutzstellung<br \/>\n<\/strong>&#8211;<\/p>\n<hr \/>\n<p><strong>Info<\/strong><\/p>\n<p>Der Trim liegt im Buschwerk im Bereich Kolci. Er befindet sich am Schnittpunkt mehrerer Steinmauern auf die Trittstufen f\u00fchren. Der Eingang ist aus m\u00e4chtigen Steinbl\u00f6cken gebildet. Im kreisrunden Innenraum befindet sich eine Wandnische. Der Trim ist gut erhalten und d\u00fcrfte noch genutzt werden &#8211; im Inneren fanden sich jedenfalls alte Gegenst\u00e4nde f\u00fcr die Imkerei.<\/p><\/div><\/div><div class='clear_column'><\/div><div class='content-column one_half'><div style=\"padding-right:6px;\"><p>U blizini se nalazi gustirna.<\/p><\/div><\/div><div class='content-column one_half last_column'><div style=\"padding-right:0px;padding-left:6px;\"><p>In der N\u00e4he befindet sich eine Zisterne.<\/p><\/div><\/div><div class='clear_column'><\/div><div class='content-column one_half'><div style=\"padding-right:6px;\"><div id=\"attachment_63610\" style=\"width: 310px\" class=\"wp-caption aligncenter\"><img loading=\"lazy\" decoding=\"async\" aria-describedby=\"caption-attachment-63610\" class=\"size-medium wp-image-63610\" src=\"https:\/\/www.topohvar.at\/wp-content\/uploads\/2023\/06\/gv-tr-80-11-300x300.jpg\" alt=\"\" width=\"300\" height=\"300\" srcset=\"https:\/\/www.topohvar.at\/wp-content\/uploads\/2023\/06\/gv-tr-80-11-300x300.jpg 300w, https:\/\/www.topohvar.at\/wp-content\/uploads\/2023\/06\/gv-tr-80-11-150x150.jpg 150w, https:\/\/www.topohvar.at\/wp-content\/uploads\/2023\/06\/gv-tr-80-11.jpg 450w\" sizes=\"auto, (max-width: 300px) 100vw, 300px\" \/><p id=\"caption-attachment-63610\" class=\"wp-caption-text\">ulaz \/ Eingang<\/p><\/div>\n<p>Dana 07.05.2023 trim GV-TR-80 je posje\u0107en i ustanovljeno je sljede\u0107e:<\/p>\n<p>Lokacija: livada, pa\u0161njak<br \/>\nPodloga: ravna<br \/>\nPovezan s: kamenim zidom<br \/>\nUpotreba: malo se koristi<br \/>\nStanje: vrlo dobro uzdr\u017eati<br \/>\nBroj stepenica trima: 1<br \/>\nDodatni kameni prsten: nema prstena<br \/>\nStepeni\u0161te: stepenica<br \/>\nOblik kamena: uglast<br \/>\nPodru\u010dje ispred ulaza: lako dostupno<br \/>\nOrijentacija ulaza: JZ (240\u00b0)<br \/>\nPromjer trima (cm): 360<br \/>\nVisina trima (cm): 280<br \/>\nVisina stepenica (cm): stepenica 1: 200<br \/>\nDebljina zida (cm): 0<br \/>\n\u0160irina vrata (cm): 65<br \/>\nVisina vrata (cm): 100<br \/>\n\u0160irina unutra (cm): 220<br \/>\nVisina unutra (cm): 260<br \/>\nVolumen iznutra (m3): 5,96<br \/>\nNi\u0161a 1 (P\/\u0160\/V\/D) (cm): 55 \/ 40 \/ 30 \/ 50<\/p><\/div><\/div><div class='content-column one_half last_column'><div style=\"padding-right:0px;padding-left:6px;\"><div id=\"attachment_63611\" style=\"width: 310px\" class=\"wp-caption aligncenter\"><img loading=\"lazy\" decoding=\"async\" aria-describedby=\"caption-attachment-63611\" class=\"size-medium wp-image-63611\" src=\"https:\/\/www.topohvar.at\/wp-content\/uploads\/2023\/06\/gv-tr-80-12-300x300.jpg\" alt=\"\" width=\"300\" height=\"300\" srcset=\"https:\/\/www.topohvar.at\/wp-content\/uploads\/2023\/06\/gv-tr-80-12-300x300.jpg 300w, https:\/\/www.topohvar.at\/wp-content\/uploads\/2023\/06\/gv-tr-80-12-150x150.jpg 150w, https:\/\/www.topohvar.at\/wp-content\/uploads\/2023\/06\/gv-tr-80-12.jpg 450w\" sizes=\"auto, (max-width: 300px) 100vw, 300px\" \/><p id=\"caption-attachment-63611\" class=\"wp-caption-text\">pogled prema jugoistoku \/ Blick nach S\u00fcdost<\/p><\/div>\n<p>Am 07.05.2023 wurde der Trim GV-TR-80 besucht und n\u00e4her untersucht:<\/p>\n<p>Standort: Wiese, Weide<br \/>\nUntergrund: eben<br \/>\nVerbunden mit: Steinmauer<br \/>\nNutzung: kaum genutzt<br \/>\nZustand: sehr gut erhalten<br \/>\nAnzahl der Trimstufen: 1<br \/>\nZus\u00e4tzlicher Steinring: kein Steinring<br \/>\nStiege: Stiege<br \/>\nSteinform: kantig<br \/>\nEingangsbereich: frei<br \/>\nEingangsseite: SW (240\u00b0)<br \/>\nTrimdurchmesser (cm): 360<br \/>\nTrimh\u00f6he (cm): 280<br \/>\nH\u00f6he der Trimstufen (cm): Stufe 1: 200<br \/>\nWandst\u00e4rke (cm): 70<br \/>\nT\u00fcrbreite (cm): 65<br \/>\nT\u00fcrh\u00f6he (cm): 100<br \/>\nInnenraumbreite (cm): 220<br \/>\nInnenraumh\u00f6he (cm): 260<br \/>\nRaumvolumen (m3): 5,96<br \/>\nNische 1 (P\/B\/H\/T) (cm): 55 \/ 40 \/ 30 \/ 50<\/p>\n<p style=\"text-align: right;\"><\/div><\/div><div class='clear_column'><\/div><br \/>\n<img loading=\"lazy\" decoding=\"async\" class=\"alignleft size-full wp-image-63820\" src=\"https:\/\/www.topohvar.at\/wp-content\/uploads\/2023\/08\/gv-tr-80-sca.jpg\" alt=\"\" width=\"640\" height=\"959\" srcset=\"https:\/\/www.topohvar.at\/wp-content\/uploads\/2023\/08\/gv-tr-80-sca.jpg 640w, https:\/\/www.topohvar.at\/wp-content\/uploads\/2023\/08\/gv-tr-80-sca-200x300.jpg 200w\" sizes=\"auto, (max-width: 640px) 100vw, 640px\" \/><\/p>\n<p style=\"text-align: right;\"><a href=\"#seite_oben\">natrag na vrh \/ Seitenanfang<\/a><\/p>\n<hr \/>\n<p><strong>Linkovi \/ Links<\/strong><\/p>\n<p><a href=\"https:\/\/www.topohvar.at\/topo\/orte\/gv\/gv-op-00-0\/#op-59\"><span style=\"color: #3366ff;\">Gustirna \/ Zisterne GV-OP-59<\/span><\/a><\/p>\n","protected":false},"excerpt":{"rendered":"<p>Ime \/ Name Trim \u00bbGV-TR-80\u00ab Code: GV-TR-80\u00a0 \u00a0 \u00a0 \u00a0 \u00a0 \u00a0 \u00a0 \u00a0 \u00a0 \u00a0 \u00a0 \u00a0 \u00a0 \u00a0 \u00a0 \u00a0 Adresa \/ Adresse Velo Grablje, Kolci Lokacija \/ Position Latitude: N 43,17316\u00b0\u00a0 \u00a0Longitude: E 16,55375\u00b0 Visina \/ H\u00f6he: &hellip; <a href=\"https:\/\/www.topohvar.at\/topo\/orte\/gv\/gv-tr-80-1\/\">Weiterlesen <span class=\"meta-nav\">&rarr;<\/span><\/a><\/p>\n","protected":false},"author":1,"featured_media":0,"parent":76,"menu_order":0,"comment_status":"closed","ping_status":"closed","template":"","meta":{"footnotes":""},"class_list":["post-62834","page","type-page","status-publish","hentry"],"_links":{"self":[{"href":"https:\/\/www.topohvar.at\/topo\/wp-json\/wp\/v2\/pages\/62834","targetHints":{"allow":["GET"]}}],"collection":[{"href":"https:\/\/www.topohvar.at\/topo\/wp-json\/wp\/v2\/pages"}],"about":[{"href":"https:\/\/www.topohvar.at\/topo\/wp-json\/wp\/v2\/types\/page"}],"author":[{"embeddable":true,"href":"https:\/\/www.topohvar.at\/topo\/wp-json\/wp\/v2\/users\/1"}],"replies":[{"embeddable":true,"href":"https:\/\/www.topohvar.at\/topo\/wp-json\/wp\/v2\/comments?post=62834"}],"version-history":[{"count":14,"href":"https:\/\/www.topohvar.at\/topo\/wp-json\/wp\/v2\/pages\/62834\/revisions"}],"predecessor-version":[{"id":68801,"href":"https:\/\/www.topohvar.at\/topo\/wp-json\/wp\/v2\/pages\/62834\/revisions\/68801"}],"up":[{"embeddable":true,"href":"https:\/\/www.topohvar.at\/topo\/wp-json\/wp\/v2\/pages\/76"}],"wp:attachment":[{"href":"https:\/\/www.topohvar.at\/topo\/wp-json\/wp\/v2\/media?parent=62834"}],"curies":[{"name":"wp","href":"https:\/\/api.w.org\/{rel}","templated":true}]}}