{"id":63757,"date":"2023-07-03T14:46:28","date_gmt":"2023-07-03T12:46:28","guid":{"rendered":"https:\/\/www.topohvar.at\/topo\/?page_id=63757"},"modified":"2024-07-08T16:23:26","modified_gmt":"2024-07-08T14:23:26","slug":"za-tr-c5-1","status":"publish","type":"page","link":"https:\/\/www.topohvar.at\/topo\/orte\/za\/za-tr-c5-1\/","title":{"rendered":"ZASTRA\u017dI\u0160\u0106E &#8211; Trim (ku\u010der) \u00bbZA-TR-C5\u00ab"},"content":{"rendered":"<p><a name=\"seite_oben\"><\/a><strong><img loading=\"lazy\" decoding=\"async\" class=\"alignright wp-image-67709 size-full\" src=\"https:\/\/www.topohvar.at\/wp-content\/uploads\/2024\/06\/za-tr-c5-1.jpg\" alt=\"\" width=\"1080\" height=\"530\" srcset=\"https:\/\/www.topohvar.at\/wp-content\/uploads\/2024\/06\/za-tr-c5-1.jpg 1080w, https:\/\/www.topohvar.at\/wp-content\/uploads\/2024\/06\/za-tr-c5-1-300x147.jpg 300w, https:\/\/www.topohvar.at\/wp-content\/uploads\/2024\/06\/za-tr-c5-1-1024x503.jpg 1024w, https:\/\/www.topohvar.at\/wp-content\/uploads\/2024\/06\/za-tr-c5-1-768x377.jpg 768w\" sizes=\"auto, (max-width: 1080px) 100vw, 1080px\" \/><\/strong><\/p>\n<p><strong>Ime \/ Name<br \/>\n<\/strong>Trim \u00bbZA-TR-C5\u00ab<\/p>\n<p><strong>Code: <\/strong>ZA-TR-C5\u00a0 \u00a0 \u00a0 \u00a0 \u00a0 \u00a0 \u00a0 \u00a0 \u00a0 \u00a0 \u00a0 \u00a0 \u00a0 \u00a0 <a href=\"https:\/\/www.topohvar.at\/orte\/za\/za-tr-00-00\/\"><img loading=\"lazy\" decoding=\"async\" class=\"alignnone wp-image-12300 size-full\" src=\"https:\/\/www.topohvar.at\/wp-content\/uploads\/2018\/09\/push-vor-30.jpg\" alt=\"\" width=\"61\" height=\"30\" \/><\/a>\u00a0<strong><a href=\"https:\/\/www.topohvar.at\/orte\/za\/za-tr-81-1\/\"><img loading=\"lazy\" decoding=\"async\" class=\"alignnone wp-image-533 size-full\" src=\"https:\/\/www.topohvar.at\/wp-content\/uploads\/2018\/07\/push-l-30.jpg\" alt=\"\" width=\"61\" height=\"30\" \/><\/a> <a href=\"https:\/\/www.topohvar.at\/orte\/za\/\"><img loading=\"lazy\" decoding=\"async\" class=\"alignnone wp-image-535 size-full\" src=\"https:\/\/www.topohvar.at\/wp-content\/uploads\/2018\/07\/push-o-30.jpg\" alt=\"\" width=\"61\" height=\"30\" \/><\/a> <a href=\"https:\/\/www.topohvar.at\/orte\/za\/za-tr-82-1\/\"><img loading=\"lazy\" decoding=\"async\" class=\"alignnone wp-image-536 size-full\" src=\"https:\/\/www.topohvar.at\/wp-content\/uploads\/2018\/07\/push-r-30.jpg\" alt=\"\" width=\"61\" height=\"30\" \/><\/a><\/strong><\/p>\n<hr \/>\n<p><strong>Adresa \/ Adresse<br \/>\n<\/strong>Zastra\u017ei\u0161\u0107e, Noburje, sjeverno od M. Bande<\/p>\n<p><strong>Lokacija \/ Position<a href=\"https:\/\/maps.app.goo.gl\/BmihZD2Y9Pq4puyT8\"><img loading=\"lazy\" decoding=\"async\" class=\"alignright wp-image-63758\" src=\"https:\/\/www.topohvar.at\/wp-content\/uploads\/2023\/07\/3908.jpg\" alt=\"\" width=\"133\" height=\"100\" \/><\/a><br \/>\n<\/strong><span style=\"color: #3366ff;\"><a style=\"color: #3366ff;\" href=\"https:\/\/maps.app.goo.gl\/BmihZD2Y9Pq4puyT8\">Latitude: N 43,15095\u00b0\u00a0 \u00a0Longitude: E 16,84112\u00b0<\/a><br \/>\n<\/span>Visina \/ H\u00f6he: 120 m<\/p>\n<p><strong>Katastarska \u010destica \/ Grundst\u00fccke<br \/>\n<\/strong>2909\/33<div class='content-column one_half'><div style=\"padding-right:6px;\"><p><strong>Datum snimanja \/ Erfassungsdatum<br \/>\n<\/strong>18.05.2023 11:07:00<\/p>\n<hr \/>\n<p><strong>Informacije<\/strong><\/p>\n<p>Trim se nalazi sjeverno od M. Bande, odmah ispod staze koja iz M. Bande vodi u uvalu Dubac. Dvostupanjski trim djelomi\u010dno je ugra\u0111ena u planinu. Oko 90 cm iznad razine ulaza, nalazi se dvori\u0161te ome\u0111eno zidinama. Desno od ulaza je podij u obliku ostruge s kojega vode stepenice do prve stepenice trima.<\/p><\/div><\/div><div class='content-column one_half last_column'><div style=\"padding-right:0px;padding-left:6px;\"><p><strong>Stupanj za\u0161tite \/ Schutzstellung<br \/>\n<\/strong>&#8211;<\/p>\n<hr \/>\n<p><strong>Info<\/strong><\/p>\n<p>Der Trim befindet sich n\u00f6rdlich von M. Banda, rechts unterhalb des Weges, der von M. Banda zur Bucht Dubac f\u00fchrt. Der zweistufige Trim ist zum Teil in den Berghang gebaut, an seiner R\u00fcckseite schlie\u00dft, etwa 90 cm \u00fcber dem Eingangsniveau, ein mit Mauern begrenzter Hof an. Rechts neben dem Eingang befindet sich ein spornartiges Podest, von dem aus Stufen auf die erste Stufe des Trims f\u00fchren.<\/p><\/div><\/div><div class='clear_column'><\/div><div class='content-column one_half'><div style=\"padding-right:6px;\"><p>Pristup prekrasnoj unutra\u0161njosti mogao se zaklju\u010dati. Ovdje se i danas nalaze ostaci ulaznih vrata i \u0161arki. U unutra\u0161njosti je zidna ni\u0161a iznad visokog ulaza i jo\u0161 jedna ni\u0161a s desne strane unutra\u0161njosti. Trim je u dobrom stanju, ali vjerojatno se vi\u0161e ne koristi.<\/p><\/div><\/div><div class='content-column one_half last_column'><div style=\"padding-right:0px;padding-left:6px;\"><p>Der Zugang in den sch\u00f6nen Innenraum war verschlie\u00dfbar. Reste der Eingangst\u00fcre und T\u00fcrangeln finden sich hier noch. \u00dcber dem hohen Eingang ist im Innenraum eine Wandnische und eine weitere Nische an der rechten Innenraumseite. Der Trim ist gut erhalten, wird aber vermutlich kaum mehr genutzt.<\/p><\/div><\/div><div class='clear_column'><\/div><div class='content-column one_half'><div style=\"padding-right:6px;\"><div id=\"attachment_68948\" style=\"width: 310px\" class=\"wp-caption aligncenter\"><img loading=\"lazy\" decoding=\"async\" aria-describedby=\"caption-attachment-68948\" class=\"wp-image-68948 size-medium\" src=\"https:\/\/www.topohvar.at\/wp-content\/uploads\/2024\/06\/za-tr-c5-30-300x300.jpg\" alt=\"\" width=\"300\" height=\"300\" srcset=\"https:\/\/www.topohvar.at\/wp-content\/uploads\/2024\/06\/za-tr-c5-30-300x300.jpg 300w, https:\/\/www.topohvar.at\/wp-content\/uploads\/2024\/06\/za-tr-c5-30-150x150.jpg 150w, https:\/\/www.topohvar.at\/wp-content\/uploads\/2024\/06\/za-tr-c5-30.jpg 450w\" sizes=\"auto, (max-width: 300px) 100vw, 300px\" \/><p id=\"caption-attachment-68948\" class=\"wp-caption-text\">Ulaz \/ Eingang<\/p><\/div><\/div><\/div><div class='content-column one_half last_column'><div style=\"padding-right:0px;padding-left:6px;\"><div id=\"attachment_68949\" style=\"width: 310px\" class=\"wp-caption aligncenter\"><img loading=\"lazy\" decoding=\"async\" aria-describedby=\"caption-attachment-68949\" class=\"wp-image-68949 size-medium\" src=\"https:\/\/www.topohvar.at\/wp-content\/uploads\/2024\/06\/za-tr-c5-60-300x300.jpg\" alt=\"\" width=\"300\" height=\"300\" srcset=\"https:\/\/www.topohvar.at\/wp-content\/uploads\/2024\/06\/za-tr-c5-60-300x300.jpg 300w, https:\/\/www.topohvar.at\/wp-content\/uploads\/2024\/06\/za-tr-c5-60-150x150.jpg 150w, https:\/\/www.topohvar.at\/wp-content\/uploads\/2024\/06\/za-tr-c5-60.jpg 450w\" sizes=\"auto, (max-width: 300px) 100vw, 300px\" \/><p id=\"caption-attachment-68949\" class=\"wp-caption-text\">Pogled na istok \/ Blick nach Osten<\/p><\/div><\/div><\/div><div class='clear_column'><\/div><div class='content-column one_half'><div style=\"padding-right:6px;\"><p>Dana 11.05.2024 trim ZA-TR-C5 je posje\u0107en i ustanovljeno je sljede\u0107e:<\/p>\n<p>Lokacija: livada, pa\u0161njak<br \/>\nPodloga: padina<br \/>\nPovezan s: kamenim zidom , preddvori\u0161te<br \/>\nUpotreba: u upotrebi<br \/>\nStanje: dobro sa\u010duvan<br \/>\nBroj stepenica trima: 2<br \/>\nDodatni kameni prsten: nema prstena<br \/>\nStepeni\u0161te: stepenica<br \/>\nOblik kamena: uglast<br \/>\nPodru\u010dje ispred ulaza: lako dostupno<br \/>\nOrijentacija ulaza: S (10\u00b0)<br \/>\nPromjer trima (cm): 410<br \/>\nVisina trima (cm): 360<br \/>\nVisina stepenica (cm): stepenica 1: 210 , stepenica 2: 310<br \/>\nDebljina zida (cm): 80<br \/>\n\u0160irina vrata (cm): 65<br \/>\nVisina vrata (cm): 125<br \/>\n\u0160irina unutra (cm): 210 &#8211; 250<br \/>\nVisina unutra (cm): 330<br \/>\nVolumen iznutra (m3): 8,30<br \/>\nNi\u0161a 1 (P\/\u0160\/V\/D) (cm): 140 \/ 20 \/ 25 \/ 40<br \/>\nni\u0161a 2 (P\/\u0160\/V\/D) (cm): 105 \/ 25 \/ 22 \/ 40<\/p><\/div><\/div><div class='content-column one_half last_column'><div style=\"padding-right:0px;padding-left:6px;\"><p>Am 11.05.2024 wurde der Trim ZA-TR-C5 besucht und n\u00e4her untersucht:<\/p>\n<p>Standort: Wiese, Weide<br \/>\nUntergrund: Hanglage<br \/>\nVerbunden mit: Steinmauer , Vorhof<br \/>\nNutzung: genutzt<br \/>\nZustand: gut erhalten<br \/>\nAnzahl der Trimstufen: 2<br \/>\nZus\u00e4tzlicher Steinring: kein Steinring<br \/>\nStiege: Stiege<br \/>\nSteinform: kantig<br \/>\nEingangsbereich: frei<br \/>\nEingangsseite: N (10\u00b0)<br \/>\nTrimdurchmesser (cm): 410<br \/>\nTrimh\u00f6he (cm): 360<br \/>\nH\u00f6he der Trimstufen (cm): Stufe 1: 210 , Stufe 2: 310<br \/>\nWandst\u00e4rke (cm): 80<br \/>\nT\u00fcrbreite (cm): 65<br \/>\nT\u00fcrh\u00f6he (cm): 125<br \/>\nInnenraumbreite (cm): 210 &#8211; 250<br \/>\nInnenraumh\u00f6he (cm): 330<br \/>\nRaumvolumen (m3): 8,30<br \/>\nNische 1 (P\/B\/H\/T) (cm): 140 \/ 20 \/ 25 \/ 40<br \/>\nNische 2 (P\/B\/H\/T) (cm): 105 \/ 25 \/ 22 \/ 40<\/p><\/div><\/div><div class='clear_column'><\/div><\/p>\n<p><img loading=\"lazy\" decoding=\"async\" class=\"aligncenter size-full wp-image-69020\" src=\"https:\/\/www.topohvar.at\/wp-content\/uploads\/2024\/07\/za-tr-c5-scan.jpg\" alt=\"\" width=\"900\" height=\"1638\" srcset=\"https:\/\/www.topohvar.at\/wp-content\/uploads\/2024\/07\/za-tr-c5-scan.jpg 900w, https:\/\/www.topohvar.at\/wp-content\/uploads\/2024\/07\/za-tr-c5-scan-165x300.jpg 165w, https:\/\/www.topohvar.at\/wp-content\/uploads\/2024\/07\/za-tr-c5-scan-563x1024.jpg 563w, https:\/\/www.topohvar.at\/wp-content\/uploads\/2024\/07\/za-tr-c5-scan-768x1398.jpg 768w, https:\/\/www.topohvar.at\/wp-content\/uploads\/2024\/07\/za-tr-c5-scan-844x1536.jpg 844w\" sizes=\"auto, (max-width: 900px) 100vw, 900px\" \/><\/p>\n<p style=\"text-align: right;\"><a href=\"#seite_oben\">natrag na vrh \/ Seitenanfang<\/a><\/p>\n<hr \/>\n<p><strong>Linkovi \/ Links<\/strong><\/p>\n<p>&#8211;<\/p>\n","protected":false},"excerpt":{"rendered":"<p>Ime \/ Name Trim \u00bbZA-TR-C5\u00ab Code: ZA-TR-C5\u00a0 \u00a0 \u00a0 \u00a0 \u00a0 \u00a0 \u00a0 \u00a0 \u00a0 \u00a0 \u00a0 \u00a0 \u00a0 \u00a0 \u00a0 Adresa \/ Adresse Zastra\u017ei\u0161\u0107e, Noburje, sjeverno od M. Bande Lokacija \/ Position Latitude: N 43,15095\u00b0\u00a0 \u00a0Longitude: E 16,84112\u00b0 Visina &hellip; <a href=\"https:\/\/www.topohvar.at\/topo\/orte\/za\/za-tr-c5-1\/\">Weiterlesen <span class=\"meta-nav\">&rarr;<\/span><\/a><\/p>\n","protected":false},"author":1,"featured_media":0,"parent":115,"menu_order":0,"comment_status":"closed","ping_status":"closed","template":"","meta":{"footnotes":""},"class_list":["post-63757","page","type-page","status-publish","hentry"],"_links":{"self":[{"href":"https:\/\/www.topohvar.at\/topo\/wp-json\/wp\/v2\/pages\/63757","targetHints":{"allow":["GET"]}}],"collection":[{"href":"https:\/\/www.topohvar.at\/topo\/wp-json\/wp\/v2\/pages"}],"about":[{"href":"https:\/\/www.topohvar.at\/topo\/wp-json\/wp\/v2\/types\/page"}],"author":[{"embeddable":true,"href":"https:\/\/www.topohvar.at\/topo\/wp-json\/wp\/v2\/users\/1"}],"replies":[{"embeddable":true,"href":"https:\/\/www.topohvar.at\/topo\/wp-json\/wp\/v2\/comments?post=63757"}],"version-history":[{"count":12,"href":"https:\/\/www.topohvar.at\/topo\/wp-json\/wp\/v2\/pages\/63757\/revisions"}],"predecessor-version":[{"id":69110,"href":"https:\/\/www.topohvar.at\/topo\/wp-json\/wp\/v2\/pages\/63757\/revisions\/69110"}],"up":[{"embeddable":true,"href":"https:\/\/www.topohvar.at\/topo\/wp-json\/wp\/v2\/pages\/115"}],"wp:attachment":[{"href":"https:\/\/www.topohvar.at\/topo\/wp-json\/wp\/v2\/media?parent=63757"}],"curies":[{"name":"wp","href":"https:\/\/api.w.org\/{rel}","templated":true}]}}