{"id":64023,"date":"2023-08-13T14:39:05","date_gmt":"2023-08-13T12:39:05","guid":{"rendered":"https:\/\/www.topohvar.at\/topo\/?page_id=64023"},"modified":"2024-02-04T08:52:27","modified_gmt":"2024-02-04T07:52:27","slug":"br-tr-20-1","status":"publish","type":"page","link":"https:\/\/www.topohvar.at\/topo\/orte\/br\/br-tr-20-1\/","title":{"rendered":"BRUSJE &#8211; Trim \u00bbBR-TR-20\u00ab"},"content":{"rendered":"<p><img loading=\"lazy\" decoding=\"async\" class=\"aligncenter wp-image-64333 size-full\" src=\"https:\/\/www.topohvar.at\/wp-content\/uploads\/2023\/11\/br-tr-20-2.jpg\" alt=\"\" width=\"1080\" height=\"530\" srcset=\"https:\/\/www.topohvar.at\/wp-content\/uploads\/2023\/11\/br-tr-20-2.jpg 1080w, https:\/\/www.topohvar.at\/wp-content\/uploads\/2023\/11\/br-tr-20-2-300x147.jpg 300w, https:\/\/www.topohvar.at\/wp-content\/uploads\/2023\/11\/br-tr-20-2-1024x503.jpg 1024w, https:\/\/www.topohvar.at\/wp-content\/uploads\/2023\/11\/br-tr-20-2-768x377.jpg 768w\" sizes=\"auto, (max-width: 1080px) 100vw, 1080px\" \/><\/p>\n<p><a name=\"seite_oben\"><\/a><\/p>\n<p><strong>Ime \/ Name<br \/>\n<\/strong>Trim \u00bbBR-TR-20\u00ab<\/p>\n<p><strong>Code: <\/strong>BR-TR-20\u00a0 \u00a0 \u00a0 \u00a0 \u00a0 \u00a0 \u00a0 \u00a0 \u00a0 \u00a0 \u00a0 \u00a0 \u00a0 \u00a0 \u00a0 \u00a0 \u00a0 \u00a0 <strong><a href=\"https:\/\/www.topohvar.at\/orte\/br\/br-tr-00-1\/\"><img loading=\"lazy\" decoding=\"async\" class=\"alignnone wp-image-12300 size-full\" src=\"https:\/\/www.topohvar.at\/wp-content\/uploads\/2018\/09\/push-vor-30.jpg\" alt=\"\" width=\"61\" height=\"30\" \/><\/a> <a href=\"https:\/\/www.topohvar.at\/orte\/br\/br-tr-01-2\/\"><img loading=\"lazy\" decoding=\"async\" class=\"alignnone wp-image-533 size-full\" src=\"https:\/\/www.topohvar.at\/wp-content\/uploads\/2018\/07\/push-l-30.jpg\" alt=\"\" width=\"61\" height=\"30\" \/><\/a> <a href=\"https:\/\/www.topohvar.at\/orte\/br\/\"><img loading=\"lazy\" decoding=\"async\" class=\"alignnone wp-image-535 size-full\" src=\"https:\/\/www.topohvar.at\/wp-content\/uploads\/2018\/07\/push-o-30.jpg\" alt=\"\" width=\"61\" height=\"30\" \/><\/a> <a href=\"https:\/\/www.topohvar.at\/orte\/br\/br-tr-21-1\/\"><img loading=\"lazy\" decoding=\"async\" class=\"alignnone wp-image-536 size-full\" src=\"https:\/\/www.topohvar.at\/wp-content\/uploads\/2018\/07\/push-r-30.jpg\" alt=\"\" width=\"61\" height=\"30\" \/><\/a><\/strong><\/p>\n<hr \/>\n<p><strong>Adresa \/ Adresse<br \/>\n<\/strong>Brusje, jugoisto\u010dno od mjesta \/ s\u00fcd\u00f6stlich des Ortes<\/p>\n<p><strong>Lokacija \/ Position<a href=\"https:\/\/goo.gl\/maps\/w6d33ruyfwnds7xn7\"><img loading=\"lazy\" decoding=\"async\" class=\"alignright wp-image-64028\" src=\"https:\/\/www.topohvar.at\/wp-content\/uploads\/2023\/08\/3914.jpg\" alt=\"\" width=\"134\" height=\"100\" \/><\/a><br \/>\n<\/strong><a href=\"https:\/\/goo.gl\/maps\/w6d33ruyfwnds7xn7\"><span style=\"color: #3366ff;\">Latitude: N 43,17646\u00b0\u00a0 \u00a0Longitude: E 16,50672\u00b0 <\/span><\/a><strong><br \/>\n<\/strong>Visina \/ H\u00f6he: 212 m<\/p>\n<p><strong>Katastarska \u010destica \/ Grundst\u00fccke<br \/>\n<\/strong>7449<div class='content-column one_half'><div style=\"padding-right:6px;\"><p><strong>Datum snimanja \/ Erfassungsdatum<br \/>\n<\/strong>19.10.2023 14:06:10<\/p>\n<hr \/>\n<p><strong>Informacije<\/strong><\/p>\n<p>Trim se nalazi na sjeveru Malog Grablja u blizini biciklisti\u010dke staze koja vodi sjeverno od Malog Grablja do stare ceste Stari Grad &#8211; Hvar. Mjesto trima je prekriveno gustim grmljem i te\u0161ko je dostupno. Ispred trima nalaze se grani\u010dni zidovi nekadasnje staze. Jednostupanjski trim gra\u0111en je od uglatog kamenja. Lijeva strana trima je nestabilna i oste\u010dena, a unutarnji nadvratnik slomljen. Pod u unutra\u0161njem dijelu trima je najve\u0107im dijelom izradjen od jedne stjene ( u komadu). U unutra\u0161njosti \u00a0se nalaze i dvije zidne ni\u0161e. Trim se vi\u0161e ne koristi.<\/p><\/div><\/div><div class='content-column one_half last_column'><div style=\"padding-right:0px;padding-left:6px;\"><p><strong>Stupanj za\u0161tite \/ Schutzstellung<br \/>\n<\/strong>&#8211;<\/p>\n<hr \/>\n<p><strong>Info<\/strong><\/p>\n<p>Der Trim befindet sich im Norden von Malo Grablje in der N\u00e4he des Radweges, der von Malo Grablje nach Norden zur alten Stra\u00dfe Stari Grad &#8211; Hvar f\u00fchrt. Der Standort des Trims ist im dichten Buschwerk nicht leicht erreichbar. Vor dem Trim findet man jedoch die Begrenzungsmauern eines ehemaligen Weges. Der einstufige Trim wurde aus kantigen Steinen errichtet. Seine linke Seite ist besch\u00e4digt und instabil, das innere T\u00fcr\u00fcberlager ist gebrochen. Der Fu\u00dfboden des Innenraums besteht zum Gro\u00dfteil aus Felsgestein. Hier finden sich auch zwei Wandnischen. Der Trim wird nicht mehr genutzt.<\/p><\/div><\/div><div class='clear_column'><\/div><div class='content-column one_half'><div style=\"padding-right:6px;\"><div id=\"attachment_65015\" style=\"width: 310px\" class=\"wp-caption aligncenter\"><img loading=\"lazy\" decoding=\"async\" aria-describedby=\"caption-attachment-65015\" class=\"wp-image-65015 size-medium\" src=\"https:\/\/www.topohvar.at\/wp-content\/uploads\/2023\/11\/br-tr-20-1-300x300.jpg\" alt=\"\" width=\"300\" height=\"300\" srcset=\"https:\/\/www.topohvar.at\/wp-content\/uploads\/2023\/11\/br-tr-20-1-300x300.jpg 300w, https:\/\/www.topohvar.at\/wp-content\/uploads\/2023\/11\/br-tr-20-1-150x150.jpg 150w, https:\/\/www.topohvar.at\/wp-content\/uploads\/2023\/11\/br-tr-20-1.jpg 450w\" sizes=\"auto, (max-width: 300px) 100vw, 300px\" \/><p id=\"caption-attachment-65015\" class=\"wp-caption-text\">Ulaz \/ Eingang<\/p><\/div><\/div><\/div><div class='content-column one_half last_column'><div style=\"padding-right:0px;padding-left:6px;\"><div id=\"attachment_65017\" style=\"width: 310px\" class=\"wp-caption aligncenter\"><img loading=\"lazy\" decoding=\"async\" aria-describedby=\"caption-attachment-65017\" class=\"wp-image-65017 size-medium\" src=\"https:\/\/www.topohvar.at\/wp-content\/uploads\/2023\/11\/br-tr-20-3-300x300.jpg\" alt=\"\" width=\"300\" height=\"300\" srcset=\"https:\/\/www.topohvar.at\/wp-content\/uploads\/2023\/11\/br-tr-20-3-300x300.jpg 300w, https:\/\/www.topohvar.at\/wp-content\/uploads\/2023\/11\/br-tr-20-3-150x150.jpg 150w, https:\/\/www.topohvar.at\/wp-content\/uploads\/2023\/11\/br-tr-20-3.jpg 450w\" sizes=\"auto, (max-width: 300px) 100vw, 300px\" \/><p id=\"caption-attachment-65017\" class=\"wp-caption-text\">Pogled prema sjeveroistoku \/ Blick Richtung Nordost<\/p><\/div><\/div><\/div><div class='clear_column'><\/div><div class='content-column one_half'><div style=\"padding-right:6px;\"><p>Dana 19.10.2023 trim BR-TR-20 je posje\u0107en i ustanovljeno je sljede\u0107e:<\/p>\n<p>Lokacija: grmlje<br \/>\nPodloga: nako\u0161ena<br \/>\nPovezan s: samostoje\u0107i, izoliran<br \/>\nUpotreba: ne koristi se<br \/>\nStanje: lo\u0161e, prekriven vegetacijom<br \/>\nBroj stepenica trima: 1<br \/>\nDodatni kameni prsten: nema prstena<br \/>\nStepeni\u0161te: nema<br \/>\nOblik kamena: uglast<br \/>\nPodru\u010dje ispred ulaza: zaraslo<br \/>\nOrijentacija ulaza: JI (140\u00b0)<br \/>\nPromjer trima (cm): 480<br \/>\nVisina trima (cm): 290<br \/>\nVisina stepenica (cm): stepenica 1: 180<br \/>\nDebljina zida (cm): 95<br \/>\n\u0160irina vrata (cm): 80<br \/>\nVisina vrata (cm): 100<br \/>\n\u0160irina unutra (cm): 280 &#8211; 290<br \/>\nVisina unutra (cm): 270<br \/>\nVolumen iznutra (m3): 9,67<br \/>\nNi\u0161a 1 (P\/\u0160\/V\/D) (cm): 30 \/ 30 \/ 40 \/ 50<br \/>\nni\u0161a 2 (P\/\u0160\/V\/D) (cm): 60 \/ 30 \/ 40 \/ 45<\/p><\/div><\/div><div class='content-column one_half last_column'><div style=\"padding-right:0px;padding-left:6px;\"><p>Am 19.10.2023 wurde der Trim BR-TR-20 besucht und n\u00e4her untersucht:<\/p>\n<p>Standort: Buschwerk<br \/>\nUntergrund: geneigt<br \/>\nVerbunden mit: freistehend<br \/>\nNutzung: ungenutzt<br \/>\nZustand: schlecht, verwachsen<br \/>\nAnzahl der Trimstufen: 1<br \/>\nZus\u00e4tzlicher Steinring: kein Steinring<br \/>\nStiege: keine<br \/>\nSteinform: kantig<br \/>\nEingangsbereich: verwachsen<br \/>\nEingangsseite: SO (140\u00b0)<br \/>\nTrimdurchmesser (cm): 480<br \/>\nTrimh\u00f6he (cm): 290<br \/>\nH\u00f6he der Trimstufen (cm): Stufe 1: 180<br \/>\nWandst\u00e4rke (cm): 95<br \/>\nT\u00fcrbreite (cm): 80<br \/>\nT\u00fcrh\u00f6he (cm): 100<br \/>\nInnenraumbreite (cm): 280 &#8211; 290<br \/>\nInnenraumh\u00f6he (cm): 270<br \/>\nRaumvolumen (m3): 9,67<br \/>\nNische 1 (P\/B\/H\/T) (cm): 30 \/ 30 \/ 40 \/ 50<br \/>\nNische 2 (P\/B\/H\/T) (cm): 60 \/ 30 \/ 40 \/ 45<\/p><\/div><\/div><div class='clear_column'><\/div><\/p>\n<p><img loading=\"lazy\" decoding=\"async\" class=\"aligncenter size-full wp-image-65056\" src=\"https:\/\/www.topohvar.at\/wp-content\/uploads\/2023\/12\/br-tr-20-scan.jpg\" alt=\"\" width=\"900\" height=\"1374\" srcset=\"https:\/\/www.topohvar.at\/wp-content\/uploads\/2023\/12\/br-tr-20-scan.jpg 900w, https:\/\/www.topohvar.at\/wp-content\/uploads\/2023\/12\/br-tr-20-scan-197x300.jpg 197w, https:\/\/www.topohvar.at\/wp-content\/uploads\/2023\/12\/br-tr-20-scan-671x1024.jpg 671w, https:\/\/www.topohvar.at\/wp-content\/uploads\/2023\/12\/br-tr-20-scan-768x1172.jpg 768w\" sizes=\"auto, (max-width: 900px) 100vw, 900px\" \/><\/p>\n<p style=\"text-align: right;\"><a href=\"#seite_oben\">natrag na vrh \/ Seitenanfang<\/a><\/p>\n<hr \/>\n<p><strong>Linkovi \/ Links<\/strong><\/p>\n<p>&#8211;<\/p>\n","protected":false},"excerpt":{"rendered":"<p>Ime \/ Name Trim \u00bbBR-TR-20\u00ab Code: BR-TR-20\u00a0 \u00a0 \u00a0 \u00a0 \u00a0 \u00a0 \u00a0 \u00a0 \u00a0 \u00a0 \u00a0 \u00a0 \u00a0 \u00a0 \u00a0 \u00a0 \u00a0 \u00a0 Adresa \/ Adresse Brusje, jugoisto\u010dno od mjesta \/ s\u00fcd\u00f6stlich des Ortes Lokacija \/ Position Latitude: N &hellip; <a href=\"https:\/\/www.topohvar.at\/topo\/orte\/br\/br-tr-20-1\/\">Weiterlesen <span class=\"meta-nav\">&rarr;<\/span><\/a><\/p>\n","protected":false},"author":1,"featured_media":0,"parent":65,"menu_order":0,"comment_status":"closed","ping_status":"closed","template":"","meta":{"footnotes":""},"class_list":["post-64023","page","type-page","status-publish","hentry"],"_links":{"self":[{"href":"https:\/\/www.topohvar.at\/topo\/wp-json\/wp\/v2\/pages\/64023","targetHints":{"allow":["GET"]}}],"collection":[{"href":"https:\/\/www.topohvar.at\/topo\/wp-json\/wp\/v2\/pages"}],"about":[{"href":"https:\/\/www.topohvar.at\/topo\/wp-json\/wp\/v2\/types\/page"}],"author":[{"embeddable":true,"href":"https:\/\/www.topohvar.at\/topo\/wp-json\/wp\/v2\/users\/1"}],"replies":[{"embeddable":true,"href":"https:\/\/www.topohvar.at\/topo\/wp-json\/wp\/v2\/comments?post=64023"}],"version-history":[{"count":10,"href":"https:\/\/www.topohvar.at\/topo\/wp-json\/wp\/v2\/pages\/64023\/revisions"}],"predecessor-version":[{"id":65394,"href":"https:\/\/www.topohvar.at\/topo\/wp-json\/wp\/v2\/pages\/64023\/revisions\/65394"}],"up":[{"embeddable":true,"href":"https:\/\/www.topohvar.at\/topo\/wp-json\/wp\/v2\/pages\/65"}],"wp:attachment":[{"href":"https:\/\/www.topohvar.at\/topo\/wp-json\/wp\/v2\/media?parent=64023"}],"curies":[{"name":"wp","href":"https:\/\/api.w.org\/{rel}","templated":true}]}}