{"id":64062,"date":"2023-08-13T16:54:27","date_gmt":"2023-08-13T14:54:27","guid":{"rendered":"https:\/\/www.topohvar.at\/topo\/?page_id=64062"},"modified":"2024-05-08T19:39:25","modified_gmt":"2024-05-08T17:39:25","slug":"gv-tr-75-1-2","status":"publish","type":"page","link":"https:\/\/www.topohvar.at\/topo\/orte\/gv\/gv-tr-75-1-2\/","title":{"rendered":"VELO GRABLJE &#8211; Trim \u00bbGV-TR-75\u00ab"},"content":{"rendered":"<p><a name=\"seite_oben\"><\/a><br \/>\n<strong><img loading=\"lazy\" decoding=\"async\" class=\"aligncenter wp-image-65706 size-full\" src=\"https:\/\/www.topohvar.at\/wp-content\/uploads\/2024\/03\/gv-tr-75-0.jpg\" alt=\"\" width=\"1080\" height=\"530\" srcset=\"https:\/\/www.topohvar.at\/wp-content\/uploads\/2024\/03\/gv-tr-75-0.jpg 1080w, https:\/\/www.topohvar.at\/wp-content\/uploads\/2024\/03\/gv-tr-75-0-300x147.jpg 300w, https:\/\/www.topohvar.at\/wp-content\/uploads\/2024\/03\/gv-tr-75-0-1024x503.jpg 1024w, https:\/\/www.topohvar.at\/wp-content\/uploads\/2024\/03\/gv-tr-75-0-768x377.jpg 768w\" sizes=\"auto, (max-width: 1080px) 100vw, 1080px\" \/><\/strong><\/p>\n<p><strong>Ime \/ Name<br \/>\n<\/strong>Trim \u00bbGV-TR-75\u00ab<\/p>\n<p><strong>Code: <\/strong>GV-TR-75\u00a0 \u00a0 \u00a0 \u00a0 \u00a0 \u00a0 \u00a0 \u00a0 \u00a0 \u00a0 \u00a0 \u00a0 \u00a0 \u00a0 \u00a0 \u00a0<strong><a href=\"https:\/\/www.topohvar.at\/orte\/gv\/gv-tr-00-1\/\"><img loading=\"lazy\" decoding=\"async\" class=\"alignnone wp-image-12300 size-full\" src=\"https:\/\/www.topohvar.at\/wp-content\/uploads\/2018\/09\/push-vor-30.jpg\" alt=\"\" width=\"61\" height=\"30\" \/><\/a> <a href=\"https:\/\/www.topohvar.at\/orte\/gv\/gv-tr-82-1\/\"><img loading=\"lazy\" decoding=\"async\" class=\"alignnone wp-image-533 size-full\" src=\"https:\/\/www.topohvar.at\/wp-content\/uploads\/2018\/07\/push-l-30.jpg\" alt=\"\" width=\"61\" height=\"30\" \/><\/a> <a href=\"https:\/\/www.topohvar.at\/orte\/gv\/\"><img loading=\"lazy\" decoding=\"async\" class=\"alignnone wp-image-535 size-full\" src=\"https:\/\/www.topohvar.at\/wp-content\/uploads\/2018\/07\/push-o-30.jpg\" alt=\"\" width=\"61\" height=\"30\" \/><\/a> <a href=\"https:\/\/www.topohvar.at\/orte\/gv\/gv-tr-76-1\/\"><img loading=\"lazy\" decoding=\"async\" class=\"alignnone wp-image-536 size-full\" src=\"https:\/\/www.topohvar.at\/wp-content\/uploads\/2018\/07\/push-r-30.jpg\" alt=\"\" width=\"61\" height=\"30\" \/><\/a><\/strong><\/p>\n<hr \/>\n<p><strong>Adresa \/ Adresse<br \/>\n<\/strong>Velo Grablje, Gomilica, put \/ Weg Dubovi dol &#8211; Sv. Nikola<\/p>\n<p><strong>Lokacija \/ Position<a href=\"https:\/\/goo.gl\/maps\/PHkZYYeKjZ1VWsjo8\"><img loading=\"lazy\" decoding=\"async\" class=\"alignright wp-image-64066\" src=\"https:\/\/www.topohvar.at\/wp-content\/uploads\/2023\/08\/3916.jpg\" alt=\"\" width=\"134\" height=\"100\" \/><\/a><br \/>\n<\/strong><a href=\"https:\/\/goo.gl\/maps\/PHkZYYeKjZ1VWsjo8\"><span style=\"color: #3366ff;\">Latitude: N 43,15164\u00b0\u00a0 \u00a0Longitude: E 16,55689\u00b0<\/span><\/a> <strong><br \/>\n<\/strong>Visina \/ H\u00f6he: 372 m<\/p>\n<p><strong>Katastarska \u010destica \/ Grundst\u00fccke<br \/>\n<\/strong>6611\/1 <div class='content-column one_half'><div style=\"padding-right:6px;\"><p><strong>Datum snimanja \/ Erfassungsdatum<br \/>\n<\/strong>08.03.2024 10:14:10<\/p>\n<hr \/>\n<p><strong>Informacije<\/strong><\/p>\n<p>Ovaj trim nalazi se na grebenu brda ju\u017eno od puta koji vodi od Dubovi dola prema vrhu Sv Nikola. Ugradjen je u kamenom zidu i ima vrlo debele zidove. Kupola je djelomicno sru\u0161ena i ulaz djeluje vrlo nestabilno, o\u0161te\u010den je potporanj na ulazu. Ulaz ljevkastog oblika potpuno je obrastao raslinjem. Kroz ulaz dolazi se u prostor nepravilnog oblika i na zidovima su vidljive tri ni\u0161e.<\/p><\/div><\/div><div class='content-column one_half last_column'><div style=\"padding-right:0px;padding-left:6px;\"><p><strong>Stupanj za\u0161tite \/ Schutzstellung<br \/>\n<\/strong>&#8211;<\/p>\n<hr \/>\n<p><strong>Info<\/strong><\/p>\n<p>Der Trim befindet sich am Bergr\u00fccken s\u00fcdlich des Weges, der von Dubovi dol zum Gipfel Sv. Nikola f\u00fchrt. Er ist an eine Steinmauer angebaut und hat sehr dicke Mauern. Die Kuppel ist zum Teil eingest\u00fcrzt, der Eingang wirkt instabil, der T\u00fcrsturz ist besch\u00e4digt. Der trichterf\u00f6rmige Eingang war verwachsen. Durch ihn gelangt man in den unregelm\u00e4\u00dfigen Innenraum, wo sich drei Wandnischen befinden.<\/p><\/div><\/div><div class='clear_column'><\/div><div class='content-column one_half'><div style=\"padding-right:6px;\"><div id=\"attachment_66004\" style=\"width: 310px\" class=\"wp-caption aligncenter\"><img loading=\"lazy\" decoding=\"async\" aria-describedby=\"caption-attachment-66004\" class=\"size-medium wp-image-66004\" src=\"https:\/\/www.topohvar.at\/wp-content\/uploads\/2024\/03\/gv-tr-75-11-300x300.jpg\" alt=\"\" width=\"300\" height=\"300\" srcset=\"https:\/\/www.topohvar.at\/wp-content\/uploads\/2024\/03\/gv-tr-75-11-300x300.jpg 300w, https:\/\/www.topohvar.at\/wp-content\/uploads\/2024\/03\/gv-tr-75-11-150x150.jpg 150w, https:\/\/www.topohvar.at\/wp-content\/uploads\/2024\/03\/gv-tr-75-11.jpg 450w\" sizes=\"auto, (max-width: 300px) 100vw, 300px\" \/><p id=\"caption-attachment-66004\" class=\"wp-caption-text\">Ulaz \/ Eingang<\/p><\/div>\n<p>Dana 08.03.2024 trim GV-TR-75 je posje\u0107en i ustanovljeno je sljede\u0107e:<\/p>\n<p>Lokacija: livada, pa\u0161njak<br \/>\nPodloga: nako\u0161ena<br \/>\nPovezan s: kamenim zidom<br \/>\nUpotreba: ne koristi se<br \/>\nStanje: kupola se djelomi\u010dno sru\u0161ila<br \/>\nBroj stepenica trima: 1<br \/>\nDodatni kameni prsten: nema prstena<br \/>\nStepeni\u0161te: nema<br \/>\nOblik kamena: uglast<br \/>\nPodru\u010dje ispred ulaza: zaraslo<br \/>\nOrijentacija ulaza: Z (290\u00b0)<br \/>\nPromjer trima (cm): 490<br \/>\nVisina trima (cm): ?<br \/>\nVisina stepenica (cm): stepenica 1: 140<br \/>\nDebljina zida (cm): 120<br \/>\n\u0160irina vrata (cm): 70<br \/>\nVisina vrata (cm): 90<br \/>\n\u0160irina unutra (cm): 240 &#8211; 250<br \/>\nVisina unutra (cm): ?<br \/>\nVolumen iznutra (m3): ?<br \/>\nNi\u0161a 1 (P\/\u0160\/V\/D) (cm): 50 \/ 25 \/ 25 \/ 50<br \/>\nni\u0161a 2 (P\/\u0160\/V\/D) (cm): 30 \/ 40 \/ 30 \/ 50<br \/>\nni\u0161a 3 (P\/\u0160\/V\/D) (cm): 80 \/ 30 \/ 30 \/ 45<\/p><\/div><\/div><div class='content-column one_half last_column'><div style=\"padding-right:0px;padding-left:6px;\"><div id=\"attachment_66005\" style=\"width: 310px\" class=\"wp-caption aligncenter\"><img loading=\"lazy\" decoding=\"async\" aria-describedby=\"caption-attachment-66005\" class=\"size-medium wp-image-66005\" src=\"https:\/\/www.topohvar.at\/wp-content\/uploads\/2024\/03\/gv-tr-75-12-300x300.jpg\" alt=\"\" width=\"300\" height=\"300\" srcset=\"https:\/\/www.topohvar.at\/wp-content\/uploads\/2024\/03\/gv-tr-75-12-300x300.jpg 300w, https:\/\/www.topohvar.at\/wp-content\/uploads\/2024\/03\/gv-tr-75-12-150x150.jpg 150w, https:\/\/www.topohvar.at\/wp-content\/uploads\/2024\/03\/gv-tr-75-12.jpg 450w\" sizes=\"auto, (max-width: 300px) 100vw, 300px\" \/><p id=\"caption-attachment-66005\" class=\"wp-caption-text\">Interijer \/ Innenraum<\/p><\/div>\n<p>Am 08.03.2024 wurde der Trim GV-TR-75 besucht und n\u00e4her untersucht:<\/p>\n<p>Standort: Wiese, Weide<br \/>\nUntergrund: geneigt<br \/>\nVerbunden mit: Steinmauer<br \/>\nNutzung: ungenutzt<br \/>\nZustand: Kuppel teilweise eingest\u00fcrzt<br \/>\nAnzahl der Trimstufen: 1<br \/>\nZus\u00e4tzlicher Steinring: kein Steinring<br \/>\nStiege: keine<br \/>\nSteinform: kantig<br \/>\nEingangsbereich: verwachsen<br \/>\nEingangsseite: W (290\u00b0)<br \/>\nTrimdurchmesser (cm): 490<br \/>\nTrimh\u00f6he (cm): ?<br \/>\nH\u00f6he der Trimstufen (cm): Stufe 1: 140<br \/>\nWandst\u00e4rke (cm): 120<br \/>\nT\u00fcrbreite (cm): 70<br \/>\nT\u00fcrh\u00f6he (cm): 90<br \/>\nInnenraumbreite (cm): 240 &#8211; 250<br \/>\nInnenraumh\u00f6he (cm): ?<br \/>\nRaumvolumen (m3): ?<br \/>\nNische 1 (P\/B\/H\/T) (cm): 50 \/ 25 \/ 25 \/ 50<br \/>\nNische 2 (P\/B\/H\/T) (cm): 30 \/ 40 \/ 30 \/ 50<br \/>\nNische 3 (P\/B\/H\/T) (cm): 80 \/ 30 \/ 30 \/ 45<\/p><\/div><\/div><div class='clear_column'><\/div><\/p>\n<p><img loading=\"lazy\" decoding=\"async\" class=\"aligncenter size-full wp-image-66103\" src=\"https:\/\/www.topohvar.at\/wp-content\/uploads\/2024\/04\/gv-tr-75-scan.jpg\" alt=\"\" width=\"900\" height=\"1326\" srcset=\"https:\/\/www.topohvar.at\/wp-content\/uploads\/2024\/04\/gv-tr-75-scan.jpg 900w, https:\/\/www.topohvar.at\/wp-content\/uploads\/2024\/04\/gv-tr-75-scan-204x300.jpg 204w, https:\/\/www.topohvar.at\/wp-content\/uploads\/2024\/04\/gv-tr-75-scan-695x1024.jpg 695w, https:\/\/www.topohvar.at\/wp-content\/uploads\/2024\/04\/gv-tr-75-scan-768x1132.jpg 768w\" sizes=\"auto, (max-width: 900px) 100vw, 900px\" \/><\/p>\n<p style=\"text-align: right;\"><a href=\"#seite_oben\">natrag na vrh \/ Seitenanfang<\/a><\/p>\n<hr \/>\n<p><strong>Linkovi \/ Links<\/strong><\/p>\n<p>&#8211;<\/p>\n","protected":false},"excerpt":{"rendered":"<p>Ime \/ Name Trim \u00bbGV-TR-75\u00ab Code: GV-TR-75\u00a0 \u00a0 \u00a0 \u00a0 \u00a0 \u00a0 \u00a0 \u00a0 \u00a0 \u00a0 \u00a0 \u00a0 \u00a0 \u00a0 \u00a0 \u00a0 Adresa \/ Adresse Velo Grablje, Gomilica, put \/ Weg Dubovi dol &#8211; Sv. Nikola Lokacija \/ Position Latitude: &hellip; <a href=\"https:\/\/www.topohvar.at\/topo\/orte\/gv\/gv-tr-75-1-2\/\">Weiterlesen <span class=\"meta-nav\">&rarr;<\/span><\/a><\/p>\n","protected":false},"author":1,"featured_media":0,"parent":76,"menu_order":0,"comment_status":"closed","ping_status":"closed","template":"","meta":{"footnotes":""},"class_list":["post-64062","page","type-page","status-publish","hentry"],"_links":{"self":[{"href":"https:\/\/www.topohvar.at\/topo\/wp-json\/wp\/v2\/pages\/64062","targetHints":{"allow":["GET"]}}],"collection":[{"href":"https:\/\/www.topohvar.at\/topo\/wp-json\/wp\/v2\/pages"}],"about":[{"href":"https:\/\/www.topohvar.at\/topo\/wp-json\/wp\/v2\/types\/page"}],"author":[{"embeddable":true,"href":"https:\/\/www.topohvar.at\/topo\/wp-json\/wp\/v2\/users\/1"}],"replies":[{"embeddable":true,"href":"https:\/\/www.topohvar.at\/topo\/wp-json\/wp\/v2\/comments?post=64062"}],"version-history":[{"count":12,"href":"https:\/\/www.topohvar.at\/topo\/wp-json\/wp\/v2\/pages\/64062\/revisions"}],"predecessor-version":[{"id":67015,"href":"https:\/\/www.topohvar.at\/topo\/wp-json\/wp\/v2\/pages\/64062\/revisions\/67015"}],"up":[{"embeddable":true,"href":"https:\/\/www.topohvar.at\/topo\/wp-json\/wp\/v2\/pages\/76"}],"wp:attachment":[{"href":"https:\/\/www.topohvar.at\/topo\/wp-json\/wp\/v2\/media?parent=64062"}],"curies":[{"name":"wp","href":"https:\/\/api.w.org\/{rel}","templated":true}]}}