{"id":64073,"date":"2023-08-13T17:49:29","date_gmt":"2023-08-13T15:49:29","guid":{"rendered":"https:\/\/www.topohvar.at\/topo\/?page_id=64073"},"modified":"2024-06-15T16:01:52","modified_gmt":"2024-06-15T14:01:52","slug":"gv-tr-77-1","status":"publish","type":"page","link":"https:\/\/www.topohvar.at\/topo\/orte\/gv\/gv-tr-77-1\/","title":{"rendered":"VELO GRABLJE &#8211; Trim \u00bbGV-TR-77\u00ab"},"content":{"rendered":"<p><a name=\"seite_oben\"><\/a><br \/>\n<strong><img loading=\"lazy\" decoding=\"async\" class=\"aligncenter wp-image-65711 size-full\" src=\"https:\/\/www.topohvar.at\/wp-content\/uploads\/2024\/03\/gv-tr-77-0.jpg\" alt=\"\" width=\"1080\" height=\"530\" srcset=\"https:\/\/www.topohvar.at\/wp-content\/uploads\/2024\/03\/gv-tr-77-0.jpg 1080w, https:\/\/www.topohvar.at\/wp-content\/uploads\/2024\/03\/gv-tr-77-0-300x147.jpg 300w, https:\/\/www.topohvar.at\/wp-content\/uploads\/2024\/03\/gv-tr-77-0-1024x503.jpg 1024w, https:\/\/www.topohvar.at\/wp-content\/uploads\/2024\/03\/gv-tr-77-0-768x377.jpg 768w\" sizes=\"auto, (max-width: 1080px) 100vw, 1080px\" \/><\/strong><\/p>\n<p><strong>Ime \/ Name<br \/>\n<\/strong>Trim \u00bbGV-TR-77\u00ab<\/p>\n<p><strong>Code: <\/strong>GV-TR-77\u00a0 \u00a0 \u00a0 \u00a0 \u00a0 \u00a0 \u00a0 \u00a0 \u00a0 \u00a0 \u00a0 \u00a0 \u00a0 \u00a0 \u00a0 \u00a0<strong><a href=\"https:\/\/www.topohvar.at\/orte\/gv\/gv-tr-00-1\/\"><img loading=\"lazy\" decoding=\"async\" class=\"alignnone wp-image-12300 size-full\" src=\"https:\/\/www.topohvar.at\/wp-content\/uploads\/2018\/09\/push-vor-30.jpg\" alt=\"\" width=\"61\" height=\"30\" \/><\/a> <a href=\"https:\/\/www.topohvar.at\/orte\/gv\/gv-tr-76-1\/\"><img loading=\"lazy\" decoding=\"async\" class=\"alignnone wp-image-533 size-full\" src=\"https:\/\/www.topohvar.at\/wp-content\/uploads\/2018\/07\/push-l-30.jpg\" alt=\"\" width=\"61\" height=\"30\" \/><\/a> <a href=\"https:\/\/www.topohvar.at\/orte\/gv\/\"><img loading=\"lazy\" decoding=\"async\" class=\"alignnone wp-image-535 size-full\" src=\"https:\/\/www.topohvar.at\/wp-content\/uploads\/2018\/07\/push-o-30.jpg\" alt=\"\" width=\"61\" height=\"30\" \/><\/a> <a href=\"https:\/\/www.topohvar.at\/orte\/gv\/gv-tr-66-1\/\"><img loading=\"lazy\" decoding=\"async\" class=\"alignnone wp-image-536 size-full\" src=\"https:\/\/www.topohvar.at\/wp-content\/uploads\/2018\/07\/push-r-30.jpg\" alt=\"\" width=\"61\" height=\"30\" \/><\/a><\/strong><\/p>\n<hr \/>\n<p><strong>Adresa \/ Adresse<br \/>\n<\/strong>Velo Grablje, Gomilica, put \/ Weg Dubovi dol &#8211; Sv. Nikola<\/p>\n<p><strong>Lokacija \/ Position<a href=\"https:\/\/goo.gl\/maps\/xn6h3x9jPShnoZ8w7\"><img loading=\"lazy\" decoding=\"async\" class=\"alignright wp-image-64074\" src=\"https:\/\/www.topohvar.at\/wp-content\/uploads\/2023\/08\/3918.jpg\" alt=\"\" width=\"134\" height=\"100\" \/><\/a><br \/>\n<\/strong><a href=\"https:\/\/goo.gl\/maps\/xn6h3x9jPShnoZ8w7\"><span style=\"color: #3366ff;\">Latitude: N 43,15121\u00b0\u00a0 \u00a0Longitude: E 16,55220\u00b0<\/span><\/a> <strong><br \/>\n<\/strong>Visina \/ H\u00f6he: 370 m<\/p>\n<p><strong>Katastarska \u010destica \/ Grundst\u00fccke<br \/>\n<\/strong>1740\/12 <div class='content-column one_half'><div style=\"padding-right:6px;\"><p><strong>Datum snimanja \/ Erfassungsdatum<br \/>\n<\/strong>08.03.2024 12:16:00<\/p>\n<hr \/>\n<p><strong>Informacije<\/strong><\/p>\n<p>Na grebenu brda, ju\u017eno od puta koji vodi od Dubovi dol prema Sv Nikoli. Ovaj krajolik bio je obradivo zemlji\u0161te, \u0161to dokazuju ostaci zidova i ruine nastambi. Na \u0161irokom dvostupanjskom trimu na zadnjem zidu nalaze ostaci kanala povezanog s cisternom za prikupljanje ki\u0161nice.<\/p><\/div><\/div><div class='content-column one_half last_column'><div style=\"padding-right:0px;padding-left:6px;\"><p><strong>Stupanj za\u0161tite \/ Schutzstellung<br \/>\n<\/strong>&#8211;<\/p>\n<hr \/>\n<p><strong>Info<\/strong><\/p>\n<p>Der gro\u00dfe Trim befindet sich am Bergr\u00fccken s\u00fcdlich des Weges, der von Dubovi dol zum Gipfel Sv. Nikola f\u00fchrt. Die Gegend hier war einst landwirtschaftlich genutzt. Steinmauern und Geb\u00e4udereste zeugen davon. An den breiten, zweistufigen Trim ist an die R\u00fcckseite eine Wasserauffangfl\u00e4che mit Zisterne angebaut.<\/p><\/div><\/div><div class='clear_column'><\/div><div class='content-column one_half'><div style=\"padding-right:6px;\"><p>Trim ima kru\u017enu formu, i okru\u017een je kamenim prstenom.<br \/>\nUlaz je poja\u010dan sa velikom kamenom plo\u010dom kao potporanj. Kroz njega ulazi se u kru\u017eni unutra\u0161nji prostor gdje se mogu uo\u010diti \u010dak 4! zidne ni\u0161e. Takodjer i na desnom zidu nalazi se 30cm duboka kvadratna\u00a0 ni\u0161a. Trim je vrlo dobro o\u010duvan, ali se vi\u0161e ne koristi.<\/p><\/div><\/div><div class='content-column one_half last_column'><div style=\"padding-right:0px;padding-left:6px;\"><p>Der Trim hat eine kreisrunde Form und ist zum Gro\u00dfteil von einem niedrigen Steinring umgeben. Der Eingang ist mit einer riesigen Steinplatte gedeckt. Durch ihn gelangt man in einen runden Innenraum in dem sich 4! Wandnischen befinden. Auch in der rechten Seitenwand des Einganges findet sich eine ca. 30 cm tiefe, quadratische Nische. Der Trim ist sehr gut erhalten, wird aber nicht mehr genutzt.<\/p><\/div><\/div><div class='clear_column'><\/div><div class='content-column one_half'><div style=\"padding-right:6px;\"><div id=\"attachment_66010\" style=\"width: 310px\" class=\"wp-caption aligncenter\"><img loading=\"lazy\" decoding=\"async\" aria-describedby=\"caption-attachment-66010\" class=\"size-medium wp-image-66010\" src=\"https:\/\/www.topohvar.at\/wp-content\/uploads\/2024\/03\/gv-tr-77-11-300x300.jpg\" alt=\"\" width=\"300\" height=\"300\" srcset=\"https:\/\/www.topohvar.at\/wp-content\/uploads\/2024\/03\/gv-tr-77-11-300x300.jpg 300w, https:\/\/www.topohvar.at\/wp-content\/uploads\/2024\/03\/gv-tr-77-11-150x150.jpg 150w, https:\/\/www.topohvar.at\/wp-content\/uploads\/2024\/03\/gv-tr-77-11.jpg 450w\" sizes=\"auto, (max-width: 300px) 100vw, 300px\" \/><p id=\"caption-attachment-66010\" class=\"wp-caption-text\">Ulaz \/ Eingang<\/p><\/div>\n<p>Dana 08.03.2024 trim GV-TR-77 je posje\u0107en i ustanovljeno je sljede\u0107e:<\/p>\n<p>Lokacija: poljoprivredni sklop<br \/>\nPodloga: ravna<br \/>\nPovezan s:<br \/>\nUpotreba: ne koristi se<br \/>\nStanje: vrlo dobro uzdr\u017eati<br \/>\nBroj stepenica trima: 2<br \/>\nDodatni kameni prsten: prsten djelomi\u010dno<br \/>\nStepeni\u0161te: nema<br \/>\nOblik kamena: uglast<br \/>\nPodru\u010dje ispred ulaza: lako dostupno<br \/>\nOrijentacija ulaza: SZ (300\u00b0)<br \/>\nPromjer trima (cm): 560<br \/>\nVisina trima (cm): 300<br \/>\nVisina stepenica (cm): stepenica 1: 200 , stepenica 2: 280<br \/>\nDebljina zida (cm): 100<br \/>\n\u0160irina vrata (cm): 90<br \/>\nVisina vrata (cm): 95<br \/>\n\u0160irina unutra (cm): 350 &#8211; 360<br \/>\nVisina unutra (cm): 280<br \/>\nVolumen iznutra (m3): 15,75<br \/>\nNi\u0161a 1 (P\/\u0160\/V\/D) (cm): 40 \/ 35 \/ 40 \/ 60<br \/>\nni\u0161a 2 (P\/\u0160\/V\/D) (cm): 60 \/ 25 \/ 15 \/ 60<br \/>\nni\u0161a 3 (P\/\u0160\/V\/D) (cm): 45 \/ 40 \/ 30 \/ 50<br \/>\nni\u0161a 4 (P\/\u0160\/V\/D) (cm): 50 \/ 35 \/ 25 \/ 30<br \/><\/div><\/div><div class='content-column one_half last_column'><div style=\"padding-right:0px;padding-left:6px;\"><div id=\"attachment_66011\" style=\"width: 310px\" class=\"wp-caption aligncenter\"><img loading=\"lazy\" decoding=\"async\" aria-describedby=\"caption-attachment-66011\" class=\"size-medium wp-image-66011\" src=\"https:\/\/www.topohvar.at\/wp-content\/uploads\/2024\/03\/gv-tr-77-12-300x300.jpg\" alt=\"\" width=\"300\" height=\"300\" srcset=\"https:\/\/www.topohvar.at\/wp-content\/uploads\/2024\/03\/gv-tr-77-12-300x300.jpg 300w, https:\/\/www.topohvar.at\/wp-content\/uploads\/2024\/03\/gv-tr-77-12-150x150.jpg 150w, https:\/\/www.topohvar.at\/wp-content\/uploads\/2024\/03\/gv-tr-77-12.jpg 450w\" sizes=\"auto, (max-width: 300px) 100vw, 300px\" \/><p id=\"caption-attachment-66011\" class=\"wp-caption-text\">Kamena plo\u010da iznad vrata \/ Platte \u00fcber dem Eingang<\/p><\/div>\n<p>Am 08.03.2024 wurde der Trim GV-TR-77 besucht und n\u00e4her untersucht:<\/p>\n<p>Standort: landwirtsch. Gemenge<br \/>\nUntergrund: eben<br \/>\nVerbunden mit: Zisterne<br \/>\nNutzung: ungenutzt<br \/>\nZustand: sehr gut erhalten<br \/>\nAnzahl der Trimstufen: 2<br \/>\nZus\u00e4tzlicher Steinring: Steinring teilweise<br \/>\nStiege: keine<br \/>\nSteinform: kantig<br \/>\nEingangsbereich: frei<br \/>\nEingangsseite: NW (300\u00b0)<br \/>\nTrimdurchmesser (cm): 560<br \/>\nTrimh\u00f6he (cm): 300<br \/>\nH\u00f6he der Trimstufen (cm): Stufe 1: 200 , Stufe 2: 280<br \/>\nWandst\u00e4rke (cm): 100<br \/>\nT\u00fcrbreite (cm): 90<br \/>\nT\u00fcrh\u00f6he (cm): 95<br \/>\nInnenraumbreite (cm): 350 &#8211; 360<br \/>\nInnenraumh\u00f6he (cm): 280<br \/>\nRaumvolumen (m3): 15,75<br \/>\nNische 1 (P\/B\/H\/T) (cm): 40 \/ 35 \/ 40 \/ 60<br \/>\nNische 2 (P\/B\/H\/T) (cm): 60 \/ 25 \/ 15 \/ 60<br \/>\nNische 3 (P\/B\/H\/T) (cm): 45 \/ 40 \/ 30 \/ 50<br \/>\nNische 4 (P\/B\/H\/T) (cm): 50 \/ 35 \/ 25 \/ 30<br \/><\/div><\/div><div class='clear_column'><\/div><\/p>\n<p><img loading=\"lazy\" decoding=\"async\" class=\"aligncenter size-full wp-image-66107\" src=\"https:\/\/www.topohvar.at\/wp-content\/uploads\/2024\/04\/gv-tr-77-scan.jpg\" alt=\"\" width=\"900\" height=\"1805\" srcset=\"https:\/\/www.topohvar.at\/wp-content\/uploads\/2024\/04\/gv-tr-77-scan.jpg 900w, https:\/\/www.topohvar.at\/wp-content\/uploads\/2024\/04\/gv-tr-77-scan-150x300.jpg 150w, https:\/\/www.topohvar.at\/wp-content\/uploads\/2024\/04\/gv-tr-77-scan-511x1024.jpg 511w, https:\/\/www.topohvar.at\/wp-content\/uploads\/2024\/04\/gv-tr-77-scan-768x1540.jpg 768w, https:\/\/www.topohvar.at\/wp-content\/uploads\/2024\/04\/gv-tr-77-scan-766x1536.jpg 766w\" sizes=\"auto, (max-width: 900px) 100vw, 900px\" \/><\/p>\n<p style=\"text-align: right;\"><a href=\"#seite_oben\">natrag na vrh \/ Seitenanfang<\/a><\/p>\n<hr \/>\n<p><strong>Linkovi \/ Links<\/strong><\/p>\n<p><span style=\"color: #3366ff;\"><a style=\"color: #3366ff;\" href=\"https:\/\/www.topohvar.at\/topo\/orte\/gv\/gv-op-00-0\/#op-62\">Objekt \u00bbGustirna (62) uz trim GV-TR-77\u00ab \/ Zisterne beim Trim GV-TR-77<\/a><\/span><\/p>\n","protected":false},"excerpt":{"rendered":"<p>Ime \/ Name Trim \u00bbGV-TR-77\u00ab Code: GV-TR-77\u00a0 \u00a0 \u00a0 \u00a0 \u00a0 \u00a0 \u00a0 \u00a0 \u00a0 \u00a0 \u00a0 \u00a0 \u00a0 \u00a0 \u00a0 \u00a0 Adresa \/ Adresse Velo Grablje, Gomilica, put \/ Weg Dubovi dol &#8211; Sv. Nikola Lokacija \/ Position Latitude: &hellip; <a href=\"https:\/\/www.topohvar.at\/topo\/orte\/gv\/gv-tr-77-1\/\">Weiterlesen <span class=\"meta-nav\">&rarr;<\/span><\/a><\/p>\n","protected":false},"author":1,"featured_media":0,"parent":76,"menu_order":0,"comment_status":"closed","ping_status":"closed","template":"","meta":{"footnotes":""},"class_list":["post-64073","page","type-page","status-publish","hentry"],"_links":{"self":[{"href":"https:\/\/www.topohvar.at\/topo\/wp-json\/wp\/v2\/pages\/64073","targetHints":{"allow":["GET"]}}],"collection":[{"href":"https:\/\/www.topohvar.at\/topo\/wp-json\/wp\/v2\/pages"}],"about":[{"href":"https:\/\/www.topohvar.at\/topo\/wp-json\/wp\/v2\/types\/page"}],"author":[{"embeddable":true,"href":"https:\/\/www.topohvar.at\/topo\/wp-json\/wp\/v2\/users\/1"}],"replies":[{"embeddable":true,"href":"https:\/\/www.topohvar.at\/topo\/wp-json\/wp\/v2\/comments?post=64073"}],"version-history":[{"count":16,"href":"https:\/\/www.topohvar.at\/topo\/wp-json\/wp\/v2\/pages\/64073\/revisions"}],"predecessor-version":[{"id":68803,"href":"https:\/\/www.topohvar.at\/topo\/wp-json\/wp\/v2\/pages\/64073\/revisions\/68803"}],"up":[{"embeddable":true,"href":"https:\/\/www.topohvar.at\/topo\/wp-json\/wp\/v2\/pages\/76"}],"wp:attachment":[{"href":"https:\/\/www.topohvar.at\/topo\/wp-json\/wp\/v2\/media?parent=64073"}],"curies":[{"name":"wp","href":"https:\/\/api.w.org\/{rel}","templated":true}]}}