{"id":64121,"date":"2023-08-14T15:20:30","date_gmt":"2023-08-14T13:20:30","guid":{"rendered":"https:\/\/www.topohvar.at\/topo\/?page_id=64121"},"modified":"2024-06-12T19:36:40","modified_gmt":"2024-06-12T17:36:40","slug":"pr-tr-04-1","status":"publish","type":"page","link":"https:\/\/www.topohvar.at\/topo\/orte\/pr\/pr-tr-04-1\/","title":{"rendered":"PRAPATNA &#8211; Trim \u00bbPR-TR-04\u00ab"},"content":{"rendered":"<p><a name=\"seite_oben\"><\/a><br \/>\n<strong><img loading=\"lazy\" decoding=\"async\" class=\"alignleft wp-image-64467 size-full\" src=\"https:\/\/www.topohvar.at\/wp-content\/uploads\/2023\/11\/pr-tr-04-2.jpg\" alt=\"\" width=\"1080\" height=\"530\" srcset=\"https:\/\/www.topohvar.at\/wp-content\/uploads\/2023\/11\/pr-tr-04-2.jpg 1080w, https:\/\/www.topohvar.at\/wp-content\/uploads\/2023\/11\/pr-tr-04-2-300x147.jpg 300w, https:\/\/www.topohvar.at\/wp-content\/uploads\/2023\/11\/pr-tr-04-2-1024x503.jpg 1024w, https:\/\/www.topohvar.at\/wp-content\/uploads\/2023\/11\/pr-tr-04-2-768x377.jpg 768w\" sizes=\"auto, (max-width: 1080px) 100vw, 1080px\" \/><\/strong><\/p>\n<p><strong>Ime \/ Name<br \/>\n<\/strong>Trim \u00bbPR-TR-04\u00ab<\/p>\n<p><strong>Code: <\/strong>PR-TR-04\u00a0 \u00a0 \u00a0 \u00a0 \u00a0 \u00a0 \u00a0 \u00a0 \u00a0 \u00a0 \u00a0 \u00a0 \u00a0<strong>\u00a0 \u00a0 \u00a0 \u00a0 <a href=\"https:\/\/www.topohvar.at\/orte\/pr\/pr-tr-00-1\/\"><img loading=\"lazy\" decoding=\"async\" class=\"alignnone wp-image-12300 size-full\" src=\"https:\/\/www.topohvar.at\/wp-content\/uploads\/2018\/09\/push-vor-30.jpg\" alt=\"\" width=\"61\" height=\"30\" \/><\/a> <a href=\"https:\/\/www.topohvar.at\/orte\/pr\/pr-tr-03-1\/\"><img loading=\"lazy\" decoding=\"async\" class=\"alignnone wp-image-533 size-full\" src=\"https:\/\/www.topohvar.at\/wp-content\/uploads\/2018\/07\/push-l-30.jpg\" alt=\"\" width=\"61\" height=\"30\" \/><\/a>\u00a0<a href=\"https:\/\/www.topohvar.at\/orte\/pr\/\"><img loading=\"lazy\" decoding=\"async\" class=\"alignnone wp-image-535 size-full\" src=\"https:\/\/www.topohvar.at\/wp-content\/uploads\/2018\/07\/push-o-30.jpg\" alt=\"\" width=\"61\" height=\"30\" \/><\/a>\u00a0<a href=\"https:\/\/www.topohvar.at\/orte\/pr\/pr-tr-09-1\/\"><img loading=\"lazy\" decoding=\"async\" class=\"alignnone wp-image-536 size-full\" src=\"https:\/\/www.topohvar.at\/wp-content\/uploads\/2018\/07\/push-r-30.jpg\" alt=\"\" width=\"61\" height=\"30\" \/><\/a><\/strong><\/p>\n<hr \/>\n<p><strong>Adresa \/ Adresse<br \/>\n<\/strong>Prapatna, Zagrada\u010da<\/p>\n<p><strong>Lokacija \/ Position<a href=\"https:\/\/goo.gl\/maps\/Zhpfa9yKnCgXt3QY6\"><img loading=\"lazy\" decoding=\"async\" class=\"alignright wp-image-64122\" src=\"https:\/\/www.topohvar.at\/wp-content\/uploads\/2023\/08\/3921.jpg\" alt=\"\" width=\"133\" height=\"100\" \/><\/a><br \/>\n<\/strong><span style=\"color: #3366ff;\"><a style=\"color: #3366ff;\" href=\"https:\/\/goo.gl\/maps\/Zhpfa9yKnCgXt3QY6\">Latitude: N 43,15055\u00b0\u00a0 \u00a0 Longitude: E 16,76682\u00b0<\/a>\u00a0<\/span><strong><br \/>\n<\/strong>Visina \/ H\u00f6he: 229 m<\/p>\n<p><strong>Katastarska \u010destica \/ Grundst\u00fccke<br \/>\n<\/strong>4864<div class='content-column one_half'><div style=\"padding-right:6px;\"><p><strong>Datum snimanja \/ Erfassungsdatum<br \/>\n<\/strong>22.20.2023 10:39:00<\/p>\n<hr \/>\n<p><strong>Informacije<\/strong><\/p>\n<p>U Zagrada\u010di, neposredno uz dr\u017eavnu cestu DC-116, nalazi se poljoprivredni kompleks u kojem se nudi maslinovo ulje, pro\u0161ek, vino i dr. Na sjevernoj strani tog kompleksa su dva trima. Isto\u010dni se jo\u0161 uvijek koristi kao tor za ovce. Lijepi dvostupanjski trim nadograden je s desne strane na kamenu ku\u0107u. Njegova desna strana oja\u010dana je kamenim prstenom. Ispred ulaza je dvori\u0161te ome\u0111eno kamenom ku\u0107om i kamenim zidovima. Njegova stra\u017enja strana grani\u010di s drugim kamenim zidom koji ide prema istoku. Od ovog zida mo\u017eete do\u0107i do kamenog prstena i prve stepenice trima i odavde nastaviti preko tri konzolne stepenice do krov trima (2. stepenica). Ure\u0111eni krov je potpuno ravan i oblo\u017een kamenim plo\u010dama. Unutra\u0161njost se nije mogla obi\u0107i.<\/p><\/div><\/div><div class='content-column one_half last_column'><div style=\"padding-right:0px;padding-left:6px;\"><p><strong>Stupanj za\u0161tite \/ Schutzstellung<br \/>\n<\/strong>&#8211;<\/p>\n<hr \/>\n<p><strong>Info<\/strong><\/p>\n<p>In Zagrada\u010da befindet sich direkt an der Staatsstra\u00dfe DC-116 ein landwirtschaftlicher Komplex wo Oliven\u00f6l, Pro\u0161ek, Wein etc. angeboten wird. An der Nordseite des Komplexes stehen zwei Trims. Der \u00f6stliche dient heute als Schafstall. Der sch\u00f6ne zweistufige Trim ist rechts an ein Steinhaus angebaut. Seine rechte Seite wird durch einen Steinring verst\u00e4rkt. Vor dem Eingang findet sich ein Hof, der von dem Steinhaus und Steinmauern eingegrenzt wird. Seine R\u00fcckseite grenzt an eine weitere nach Osten verlaufende Steinmauer. Von dieser Mauer aus kann man auf den Steinring und die erste Stufe des Trims gelangen und von hier aus weiter \u00fcber drei Kragstufen auf das Trimdach (2. Stufe). Das Trimdach ist v\u00f6llig eben und mit Steinplatten ausgelegt. Das Innere konnte nicht besucht werden.<\/p><\/div><\/div><div class='clear_column'><\/div><div class='content-column one_half'><div style=\"padding-right:6px;\"><p>Lijevo od ulaza uklesana je (ne\u010ditko) godina.<br \/>\nJu\u017eno od gra\u0111evnog sklopa nalazi se cisterna.<\/p><\/div><\/div><div class='content-column one_half last_column'><div style=\"padding-right:0px;padding-left:6px;\"><p>Links neben dem Eingang ist eine Jahreszahl (unleserlich) eingraviert.<br \/>\nS\u00fcdlich des Geb\u00e4udekomplexes befindet sich eine Zisterne.<\/p><\/div><\/div><div class='clear_column'><\/div><div class='content-column one_half'><div style=\"padding-right:6px;\"><div id=\"attachment_65035\" style=\"width: 310px\" class=\"wp-caption aligncenter\"><img loading=\"lazy\" decoding=\"async\" aria-describedby=\"caption-attachment-65035\" class=\"wp-image-65035 size-medium\" src=\"https:\/\/www.topohvar.at\/wp-content\/uploads\/2023\/11\/pr-tr-04-1-300x300.jpg\" alt=\"\" width=\"300\" height=\"300\" srcset=\"https:\/\/www.topohvar.at\/wp-content\/uploads\/2023\/11\/pr-tr-04-1-300x300.jpg 300w, https:\/\/www.topohvar.at\/wp-content\/uploads\/2023\/11\/pr-tr-04-1-150x150.jpg 150w, https:\/\/www.topohvar.at\/wp-content\/uploads\/2023\/11\/pr-tr-04-1.jpg 450w\" sizes=\"auto, (max-width: 300px) 100vw, 300px\" \/><p id=\"caption-attachment-65035\" class=\"wp-caption-text\">Ulaz \/ Eingang<\/p><\/div><\/div><\/div><div class='content-column one_half last_column'><div style=\"padding-right:0px;padding-left:6px;\"><div id=\"attachment_65036\" style=\"width: 310px\" class=\"wp-caption aligncenter\"><img loading=\"lazy\" decoding=\"async\" aria-describedby=\"caption-attachment-65036\" class=\"wp-image-65036 size-medium\" src=\"https:\/\/www.topohvar.at\/wp-content\/uploads\/2023\/11\/pr-tr-04-7-300x300.jpg\" alt=\"\" width=\"300\" height=\"300\" srcset=\"https:\/\/www.topohvar.at\/wp-content\/uploads\/2023\/11\/pr-tr-04-7-300x300.jpg 300w, https:\/\/www.topohvar.at\/wp-content\/uploads\/2023\/11\/pr-tr-04-7-150x150.jpg 150w, https:\/\/www.topohvar.at\/wp-content\/uploads\/2023\/11\/pr-tr-04-7.jpg 450w\" sizes=\"auto, (max-width: 300px) 100vw, 300px\" \/><p id=\"caption-attachment-65036\" class=\"wp-caption-text\">Ravni krov trima \/ ebenes Trimdach<\/p><\/div><\/div><\/div><div class='clear_column'><\/div><div class='content-column one_half'><div style=\"padding-right:6px;\"><p>Dana 22.10.2023 trim PR-TR-04 je posje\u0107en i ustanovljeno je sljede\u0107e:<\/p>\n<p>Lokacija: poljoprivredni sklop<br \/>\nPodloga: ravna<br \/>\nPovezan s: zgradom , preddvori\u0161te<br \/>\nUpotreba: u upotrebi s mogu\u0107no\u0161\u0107u zaklju\u010davanja<br \/>\nStanje: vrlo dobro uzdr\u017eati<br \/>\nBroj stepenica trima: 3<br \/>\nDodatni kameni prsten: prsten djelomi\u010dno<br \/>\nStepeni\u0161te: konzolne stepenice<br \/>\nOblik kamena: uglast<br \/>\nPodru\u010dje ispred ulaza: lako dostupno<br \/>\nOrijentacija ulaza: J (200\u00b0)<br \/>\nPromjer trima (cm): 600<br \/>\nVisina trima (cm): 360<br \/>\nVisina stepenica (cm): stepenica 1: 170 , stepenica 2: 250 , stepenica 3: 360<br \/>\nDebljina zida (cm): 150<br \/>\n\u0160irina vrata (cm): 90<br \/>\nVisina vrata (cm): 140<br \/>\n\u0160irina unutra (cm): 300<br \/>\nVisina unutra (cm): 330<br \/>\nVolumen iznutra (m3): 14,37<br \/>\nNema ni\u0161e<\/p><\/div><\/div><div class='content-column one_half last_column'><div style=\"padding-right:0px;padding-left:6px;\"><p>Am 22.10.2023 wurde der Trim PR-TR-04 besucht und n\u00e4her untersucht:<\/p>\n<p>Standort: landwirtsch. Gemenge<br \/>\nUntergrund: eben<br \/>\nVerbunden mit: Geb\u00e4ude , Vorhof<br \/>\nNutzung: genutzt,<br \/>\nverschlie\u00dfbar<br \/>\nZustand: sehr gut erhalten<br \/>\nAnzahl der Trimstufen: 3<br \/>\nZus\u00e4tzlicher Steinring: Steinring teilweise<br \/>\nStiege: Kragsteine<br \/>\nSteinform: kantig<br \/>\nEingangsbereich: frei<br \/>\nEingangsseite: S (200\u00b0)<br \/>\nTrimdurchmesser (cm): 600<br \/>\nTrimh\u00f6he (cm): 360<br \/>\nH\u00f6he der Trimstufen (cm): Stufe 1: 170 , Stufe 2: 250 , Stufe 3: 360<br \/>\nWandst\u00e4rke (cm): 150<br \/>\nT\u00fcrbreite (cm): 90<br \/>\nT\u00fcrh\u00f6he (cm): 140<br \/>\nInnenraumbreite (cm): 300<br \/>\nInnenraumh\u00f6he (cm): 330<br \/>\nRaumvolumen (m3): 14,37<br \/>\nKeine Nische<\/p><\/div><\/div><div class='clear_column'><\/div><\/p>\n<p><img loading=\"lazy\" decoding=\"async\" class=\"aligncenter size-full wp-image-65143\" src=\"https:\/\/www.topohvar.at\/wp-content\/uploads\/2023\/12\/pr-tr-04-scan.jpg\" alt=\"\" width=\"900\" height=\"1343\" srcset=\"https:\/\/www.topohvar.at\/wp-content\/uploads\/2023\/12\/pr-tr-04-scan.jpg 900w, https:\/\/www.topohvar.at\/wp-content\/uploads\/2023\/12\/pr-tr-04-scan-201x300.jpg 201w, https:\/\/www.topohvar.at\/wp-content\/uploads\/2023\/12\/pr-tr-04-scan-686x1024.jpg 686w, https:\/\/www.topohvar.at\/wp-content\/uploads\/2023\/12\/pr-tr-04-scan-768x1146.jpg 768w\" sizes=\"auto, (max-width: 900px) 100vw, 900px\" \/><\/p>\n<p style=\"text-align: right;\"><a href=\"#seite_oben\">natrag na vrh \/ Seitenanfang<\/a><\/p>\n<hr \/>\n<p><strong>Linkovi \/ Links<\/strong><\/p>\n<p><span style=\"color: #3366ff;\"><a style=\"color: #3366ff;\" href=\"https:\/\/www.topohvar.at\/topo\/orte\/pr\/pr-tr-09-1\/\">Trim PR-TR-09<\/a><br \/>\n<a style=\"color: #3366ff;\" href=\"https:\/\/www.topohvar.at\/topo\/orte\/pr\/pr-op-00-0\/#op-27\">Gustirna (27) PR-OP-27<\/a><br \/>\n<\/span><\/p>\n","protected":false},"excerpt":{"rendered":"<p>Ime \/ Name Trim \u00bbPR-TR-04\u00ab Code: PR-TR-04\u00a0 \u00a0 \u00a0 \u00a0 \u00a0 \u00a0 \u00a0 \u00a0 \u00a0 \u00a0 \u00a0 \u00a0 \u00a0\u00a0 \u00a0 \u00a0 \u00a0 \u00a0\u00a0 Adresa \/ Adresse Prapatna, Zagrada\u010da Lokacija \/ Position Latitude: N 43,15055\u00b0\u00a0 \u00a0 Longitude: E 16,76682\u00b0\u00a0 Visina \/ &hellip; <a href=\"https:\/\/www.topohvar.at\/topo\/orte\/pr\/pr-tr-04-1\/\">Weiterlesen <span class=\"meta-nav\">&rarr;<\/span><\/a><\/p>\n","protected":false},"author":1,"featured_media":0,"parent":129,"menu_order":0,"comment_status":"closed","ping_status":"closed","template":"","meta":{"footnotes":""},"class_list":["post-64121","page","type-page","status-publish","hentry"],"_links":{"self":[{"href":"https:\/\/www.topohvar.at\/topo\/wp-json\/wp\/v2\/pages\/64121","targetHints":{"allow":["GET"]}}],"collection":[{"href":"https:\/\/www.topohvar.at\/topo\/wp-json\/wp\/v2\/pages"}],"about":[{"href":"https:\/\/www.topohvar.at\/topo\/wp-json\/wp\/v2\/types\/page"}],"author":[{"embeddable":true,"href":"https:\/\/www.topohvar.at\/topo\/wp-json\/wp\/v2\/users\/1"}],"replies":[{"embeddable":true,"href":"https:\/\/www.topohvar.at\/topo\/wp-json\/wp\/v2\/comments?post=64121"}],"version-history":[{"count":13,"href":"https:\/\/www.topohvar.at\/topo\/wp-json\/wp\/v2\/pages\/64121\/revisions"}],"predecessor-version":[{"id":68648,"href":"https:\/\/www.topohvar.at\/topo\/wp-json\/wp\/v2\/pages\/64121\/revisions\/68648"}],"up":[{"embeddable":true,"href":"https:\/\/www.topohvar.at\/topo\/wp-json\/wp\/v2\/pages\/129"}],"wp:attachment":[{"href":"https:\/\/www.topohvar.at\/topo\/wp-json\/wp\/v2\/media?parent=64121"}],"curies":[{"name":"wp","href":"https:\/\/api.w.org\/{rel}","templated":true}]}}