{"id":64155,"date":"2023-08-14T18:19:30","date_gmt":"2023-08-14T16:19:30","guid":{"rendered":"https:\/\/www.topohvar.at\/topo\/?page_id=64155"},"modified":"2026-03-12T16:57:26","modified_gmt":"2026-03-12T15:57:26","slug":"vh-tr-14-1","status":"publish","type":"page","link":"https:\/\/www.topohvar.at\/topo\/orte\/vh\/vh-tr-14-1\/","title":{"rendered":"VRH &#8211; Trim \u00bbVH-TR-14\u00ab"},"content":{"rendered":"<p><a name=\"seite_oben\"><\/a><br \/>\n<strong><img loading=\"lazy\" decoding=\"async\" class=\"alignleft wp-image-64475 size-full\" src=\"https:\/\/www.topohvar.at\/wp-content\/uploads\/2023\/11\/vh-tr-14-2.jpg\" alt=\"\" width=\"1080\" height=\"530\" srcset=\"https:\/\/www.topohvar.at\/wp-content\/uploads\/2023\/11\/vh-tr-14-2.jpg 1080w, https:\/\/www.topohvar.at\/wp-content\/uploads\/2023\/11\/vh-tr-14-2-300x147.jpg 300w, https:\/\/www.topohvar.at\/wp-content\/uploads\/2023\/11\/vh-tr-14-2-1024x503.jpg 1024w, https:\/\/www.topohvar.at\/wp-content\/uploads\/2023\/11\/vh-tr-14-2-768x377.jpg 768w\" sizes=\"auto, (max-width: 1080px) 100vw, 1080px\" \/><\/strong><\/p>\n<p><strong>Ime \/ Name<br \/>\n<\/strong>Trim \u00bbVH-TR-14\u00ab<\/p>\n<p><strong>Code: <\/strong>VH-TR-14\u00a0 \u00a0 \u00a0 \u00a0 \u00a0 \u00a0 \u00a0 \u00a0 \u00a0 \u00a0 \u00a0 \u00a0 \u00a0 \u00a0 <a href=\"https:\/\/www.topohvar.at\/orte\/vh\/vh-tr-00-1\/\"><img loading=\"lazy\" decoding=\"async\" class=\"alignnone wp-image-12300 size-full\" src=\"https:\/\/www.topohvar.at\/wp-content\/uploads\/2018\/09\/push-vor-30.jpg\" alt=\"\" width=\"61\" height=\"30\" \/><\/a>\u00a0<strong><a href=\"https:\/\/www.topohvar.at\/orte\/vh\/vh-tr-02-1\/\"><img loading=\"lazy\" decoding=\"async\" class=\"alignnone wp-image-533 size-full\" src=\"https:\/\/www.topohvar.at\/wp-content\/uploads\/2018\/07\/push-l-30.jpg\" alt=\"\" width=\"61\" height=\"30\" \/><\/a> <a href=\"https:\/\/www.topohvar.at\/orte\/vh\/\"><img loading=\"lazy\" decoding=\"async\" class=\"alignnone wp-image-535 size-full\" src=\"https:\/\/www.topohvar.at\/wp-content\/uploads\/2018\/07\/push-o-30.jpg\" alt=\"\" width=\"61\" height=\"30\" \/><\/a> <a href=\"https:\/\/www.topohvar.at\/orte\/vh\/vh-tr-15-1\/\"><img loading=\"lazy\" decoding=\"async\" class=\"alignnone wp-image-536 size-full\" src=\"https:\/\/www.topohvar.at\/wp-content\/uploads\/2018\/07\/push-r-30.jpg\" alt=\"\" width=\"61\" height=\"30\" \/><\/a><\/strong><\/p>\n<hr \/>\n<p><strong>Adresa \/ Adresse<br \/>\n<\/strong>Vrh, ju\u017eno od puta prema Boroviku (Pitve) \/ s\u00fcdlich des Weges nach Borovik<\/p>\n<p><strong>Lokacija <\/strong><strong>\/ Position<a href=\"https:\/\/goo.gl\/maps\/TFgTxGXeV2cja58d6\"><img loading=\"lazy\" decoding=\"async\" class=\"alignright wp-image-64157\" src=\"https:\/\/www.topohvar.at\/wp-content\/uploads\/2023\/08\/3924.jpg\" alt=\"\" width=\"134\" height=\"100\" \/><\/a><br \/>\n<\/strong><a href=\"https:\/\/goo.gl\/maps\/TFgTxGXeV2cja58d6\"><span style=\"color: #3366ff;\">Latitude: N 43,13898\u00b0\u00a0 \u00a0Longitude: E 16,73623\u00b0<\/span><\/a> <strong><br \/>\n<\/strong>Visina \/ H\u00f6he: 343 m<\/p>\n<p><strong>Katastarska \u010destica<\/strong><strong> \/ Grundst\u00fccke<br \/>\n<\/strong>3737\/2<div class='content-column one_half'><div style=\"padding-right:6px;\"><p><strong>Datum snimanja \/ Erfassungsdatum<br \/>\n<\/strong>10.10.2023 14:08:14<\/p>\n<hr \/>\n<p><strong>Informacije<\/strong><\/p>\n<p>Trim se nalazi u poljoprivredno kori\u0161tenom krajoliku, ju\u017eno od grebenskog puta koji od Humca vodi prema zapadu. Tri su mu stube jasno vidljive i iznimno dobro o\u010duvane. Od desne ulazne strane prema zapadu se prote\u017ee kameni zid. Ta je strana trima uvu\u010dena u kamenu gomilu koja na stra\u017enjoj strani poprima prstenasti oblik. Tri konzolna kamena ovdje omogu\u0107uju uspon na prvu stubu.<\/p><\/div><\/div><div class='content-column one_half last_column'><div style=\"padding-right:0px;padding-left:6px;\"><p><strong>Stupanj za\u0161tite<\/strong><strong> \/ Schutzstellung<br \/>\n<\/strong>&#8211;<\/p>\n<hr \/>\n<p><strong>Info<\/strong><\/p>\n<p>Der Trim befindet sich in einer landwirtschaftlich genutzten Landschaft, s\u00fcdlich des H\u00f6henweges, der von Humac nach Westen verl\u00e4uft. Die drei Stufen sind klar erkennbar und bemerkenswert gut erhalten. Von der rechten Eingangsseite zieht sich eine Steinmauer nach Westen. Diese Seite des Trims steckt in einem Steinhaufen, der an der R\u00fcckseite eine ringf\u00f6rmige Form annimmt. Drei Kragsteine erm\u00f6glichen hier den Aufstieg auf die erste Stufe.<\/p><\/div><\/div><div class='clear_column'><\/div><div class='content-column one_half'><div style=\"padding-right:6px;\"><p>Visoki ulaz obrastao trnjem vodi u unutra\u0161njost nepravilnog oblika sa zidnom ni\u0161om. Trim se vi\u0161e ne koristi. Trim VH-TR-15 nalazi se oko 25 m isto\u010dnije.<\/p><\/div><\/div><div class='content-column one_half last_column'><div style=\"padding-right:0px;padding-left:6px;\"><p>Durch den hohen, mit Dornengestr\u00fcpp verwachsenen Eingang gelangt man in den unregelm\u00e4\u00dfig geformten Innenraum mit einer Wandnische. Der Trim wird nicht mehr genutzt. Etwa 25 m weiter \u00f6stlich befindet sich der Trim VH-TR-15.<\/p><\/div><\/div><div class='clear_column'><\/div><div class='content-column one_half'><div style=\"padding-right:6px;\"><p>Izvor: Hrvatska osnovna karta, DGU<\/p><\/div><\/div><div class='content-column one_half last_column'><div style=\"padding-right:0px;padding-left:6px;\"><p>Quelle: Grundkarte Kroatiens, DGU<\/p><\/div><\/div><div class='clear_column'><\/div><div class='content-column one_half'><div style=\"padding-right:6px;\"><div id=\"attachment_64931\" style=\"width: 310px\" class=\"wp-caption aligncenter\"><img loading=\"lazy\" decoding=\"async\" aria-describedby=\"caption-attachment-64931\" class=\"wp-image-64931 size-medium\" src=\"https:\/\/www.topohvar.at\/wp-content\/uploads\/2023\/11\/vh-tr-14-1-300x300.jpg\" alt=\"\" width=\"300\" height=\"300\" srcset=\"https:\/\/www.topohvar.at\/wp-content\/uploads\/2023\/11\/vh-tr-14-1-300x300.jpg 300w, https:\/\/www.topohvar.at\/wp-content\/uploads\/2023\/11\/vh-tr-14-1-150x150.jpg 150w, https:\/\/www.topohvar.at\/wp-content\/uploads\/2023\/11\/vh-tr-14-1.jpg 450w\" sizes=\"auto, (max-width: 300px) 100vw, 300px\" \/><p id=\"caption-attachment-64931\" class=\"wp-caption-text\">Ulaz \/ Eingang<\/p><\/div><\/div><\/div><div class='content-column one_half last_column'><div style=\"padding-right:0px;padding-left:6px;\"><div id=\"attachment_64932\" style=\"width: 310px\" class=\"wp-caption aligncenter\"><img loading=\"lazy\" decoding=\"async\" aria-describedby=\"caption-attachment-64932\" class=\"wp-image-64932 size-medium\" src=\"https:\/\/www.topohvar.at\/wp-content\/uploads\/2023\/11\/vh-tr-14-3-300x300.jpg\" alt=\"\" width=\"300\" height=\"300\" srcset=\"https:\/\/www.topohvar.at\/wp-content\/uploads\/2023\/11\/vh-tr-14-3-300x300.jpg 300w, https:\/\/www.topohvar.at\/wp-content\/uploads\/2023\/11\/vh-tr-14-3-150x150.jpg 150w, https:\/\/www.topohvar.at\/wp-content\/uploads\/2023\/11\/vh-tr-14-3.jpg 450w\" sizes=\"auto, (max-width: 300px) 100vw, 300px\" \/><p id=\"caption-attachment-64932\" class=\"wp-caption-text\">Interijer s ni\u0161om \/ Innenraum mit Nische<\/p><\/div><\/div><\/div><div class='clear_column'><\/div><div class='content-column one_half'><div style=\"padding-right:6px;\"><p>Dana 10.10.2023 trim VH-TR-14 je posje\u0107en i ustanovljeno je sljede\u0107e:<\/p>\n<p>Lokacija: livada, pa\u0161njak<br \/>\nPodloga: ravna<br \/>\nPovezan s: ure\u0111enom kamenom gomilom , kamenim zidom<br \/>\nUpotreba: ne koristi se<br \/>\nStanje: dobro sa\u010duvan<br \/>\nBroj stepenica trima: 3<br \/>\nDodatni kameni prsten: nema prstena<br \/>\nStepeni\u0161te: nema<br \/>\nOblik kamena: plosnat<br \/>\nPodru\u010dje ispred ulaza: trnovito<br \/>\nOrijentacija ulaza: JZ (230\u00b0)<br \/>\nPromjer trima (cm): 500<br \/>\nVisina trima (cm): 280<br \/>\nVisina stepenica (cm): stepenica 1: 180 , stepenica 2: 240 , stepenica 3: 280<br \/>\nDebljina zida (cm): 110<br \/>\n\u0160irina vrata (cm): 100<br \/>\nVisina vrata (cm): 140<br \/>\n\u0160irina unutra (cm): 260 &#8211; 280<br \/>\nVisina unutra (cm): 270<br \/>\nVolumen iznutra (m3): 8,98<br \/>\nNi\u0161a 1 (P\/\u0160\/V\/D) (cm): 100 \/ 35 \/ 45 \/ 45<\/p><\/div><\/div><div class='content-column one_half last_column'><div style=\"padding-right:0px;padding-left:6px;\"><p>Am 10.10.2023 wurde der Trim VH-TR-14 besucht und n\u00e4her untersucht:<\/p>\n<p>Standort: Wiese, Weide<br \/>\nUntergrund: eben<br \/>\nVerbunden mit: Steinhaufen geordnet , Steinmauer<br \/>\nNutzung: ungenutzt<br \/>\nZustand: gut erhalten<br \/>\nAnzahl der Trimstufen: 3<br \/>\nZus\u00e4tzlicher Steinring: kein Steinring<br \/>\nStiege: keine<br \/>\nSteinform: plattig<br \/>\nEingangsbereich: Dornenhecke<br \/>\nEingangsseite: SW (230\u00b0)<br \/>\nTrimdurchmesser (cm): 500<br \/>\nTrimh\u00f6he (cm): 280<br \/>\nH\u00f6he der Trimstufen (cm): Stufe 1: 180 , Stufe 2: 240 , Stufe 3: 280<br \/>\nWandst\u00e4rke (cm): 110<br \/>\nT\u00fcrbreite (cm): 100<br \/>\nT\u00fcrh\u00f6he (cm): 140<br \/>\nInnenraumbreite (cm): 260 &#8211; 280<br \/>\nInnenraumh\u00f6he (cm): 270<br \/>\nRaumvolumen (m3): 8,98<br \/>\nNische 1 (P\/B\/H\/T) (cm): 100 \/ 35 \/ 45 \/ 45<\/p><\/div><\/div><div class='clear_column'><\/div><\/p>\n<p><img loading=\"lazy\" decoding=\"async\" class=\"aligncenter size-full wp-image-65153\" src=\"https:\/\/www.topohvar.at\/wp-content\/uploads\/2023\/12\/vh-tr-14-scan.jpg\" alt=\"\" width=\"900\" height=\"1578\" srcset=\"https:\/\/www.topohvar.at\/wp-content\/uploads\/2023\/12\/vh-tr-14-scan.jpg 900w, https:\/\/www.topohvar.at\/wp-content\/uploads\/2023\/12\/vh-tr-14-scan-171x300.jpg 171w, https:\/\/www.topohvar.at\/wp-content\/uploads\/2023\/12\/vh-tr-14-scan-584x1024.jpg 584w, https:\/\/www.topohvar.at\/wp-content\/uploads\/2023\/12\/vh-tr-14-scan-768x1347.jpg 768w, https:\/\/www.topohvar.at\/wp-content\/uploads\/2023\/12\/vh-tr-14-scan-876x1536.jpg 876w\" sizes=\"auto, (max-width: 900px) 100vw, 900px\" \/><\/p>\n<p style=\"text-align: right;\"><span style=\"color: #3366ff;\"><a style=\"color: #3366ff;\" href=\"#seite_oben\">natrag na vrh \/ Seitenanfang<\/a><\/span><\/p>\n<hr \/>\n<p><strong>Linkovi \/ Links<\/strong><\/p>\n<p><span style=\"color: #3366ff;\"><a style=\"color: #3366ff;\" href=\"https:\/\/www.topohvar.at\/topo\/orte\/vh\/vh-tr-15-1-2\/\">Trim VH-TR-15<\/a><\/span><\/p>\n","protected":false},"excerpt":{"rendered":"<p>Ime \/ Name Trim \u00bbVH-TR-14\u00ab Code: VH-TR-14\u00a0 \u00a0 \u00a0 \u00a0 \u00a0 \u00a0 \u00a0 \u00a0 \u00a0 \u00a0 \u00a0 \u00a0 \u00a0 \u00a0 \u00a0 Adresa \/ Adresse Vrh, ju\u017eno od puta prema Boroviku (Pitve) \/ s\u00fcdlich des Weges nach Borovik Lokacija \/ Position &hellip; <a href=\"https:\/\/www.topohvar.at\/topo\/orte\/vh\/vh-tr-14-1\/\">Weiterlesen <span class=\"meta-nav\">&rarr;<\/span><\/a><\/p>\n","protected":false},"author":1,"featured_media":0,"parent":131,"menu_order":0,"comment_status":"closed","ping_status":"closed","template":"","meta":{"footnotes":""},"class_list":["post-64155","page","type-page","status-publish","hentry"],"_links":{"self":[{"href":"https:\/\/www.topohvar.at\/topo\/wp-json\/wp\/v2\/pages\/64155","targetHints":{"allow":["GET"]}}],"collection":[{"href":"https:\/\/www.topohvar.at\/topo\/wp-json\/wp\/v2\/pages"}],"about":[{"href":"https:\/\/www.topohvar.at\/topo\/wp-json\/wp\/v2\/types\/page"}],"author":[{"embeddable":true,"href":"https:\/\/www.topohvar.at\/topo\/wp-json\/wp\/v2\/users\/1"}],"replies":[{"embeddable":true,"href":"https:\/\/www.topohvar.at\/topo\/wp-json\/wp\/v2\/comments?post=64155"}],"version-history":[{"count":11,"href":"https:\/\/www.topohvar.at\/topo\/wp-json\/wp\/v2\/pages\/64155\/revisions"}],"predecessor-version":[{"id":73979,"href":"https:\/\/www.topohvar.at\/topo\/wp-json\/wp\/v2\/pages\/64155\/revisions\/73979"}],"up":[{"embeddable":true,"href":"https:\/\/www.topohvar.at\/topo\/wp-json\/wp\/v2\/pages\/131"}],"wp:attachment":[{"href":"https:\/\/www.topohvar.at\/topo\/wp-json\/wp\/v2\/media?parent=64155"}],"curies":[{"name":"wp","href":"https:\/\/api.w.org\/{rel}","templated":true}]}}