{"id":64424,"date":"2023-11-02T15:10:50","date_gmt":"2023-11-02T14:10:50","guid":{"rendered":"https:\/\/www.topohvar.at\/topo\/?page_id=64424"},"modified":"2024-02-04T09:17:07","modified_gmt":"2024-02-04T08:17:07","slug":"gv-tr-81-1","status":"publish","type":"page","link":"https:\/\/www.topohvar.at\/topo\/orte\/gv\/gv-tr-81-1\/","title":{"rendered":"VELO GRABLJE &#8211; Trim \u00bbGV-TR-81\u00ab"},"content":{"rendered":"<p><a name=\"seite_oben\"><\/a><br \/>\n<strong><img loading=\"lazy\" decoding=\"async\" class=\"alignleft wp-image-64425 size-full\" src=\"https:\/\/www.topohvar.at\/wp-content\/uploads\/2023\/11\/gv-tr-81-2.jpg\" alt=\"\" width=\"1080\" height=\"530\" srcset=\"https:\/\/www.topohvar.at\/wp-content\/uploads\/2023\/11\/gv-tr-81-2.jpg 1080w, https:\/\/www.topohvar.at\/wp-content\/uploads\/2023\/11\/gv-tr-81-2-300x147.jpg 300w, https:\/\/www.topohvar.at\/wp-content\/uploads\/2023\/11\/gv-tr-81-2-1024x503.jpg 1024w, https:\/\/www.topohvar.at\/wp-content\/uploads\/2023\/11\/gv-tr-81-2-768x377.jpg 768w\" sizes=\"auto, (max-width: 1080px) 100vw, 1080px\" \/><\/strong><\/p>\n<p><strong>Ime \/ Name<br \/>\n<\/strong>Trim \u00bbGV-TR-81\u00ab<\/p>\n<p><strong>Code: <\/strong>GV-TR-81\u00a0 \u00a0 \u00a0 \u00a0 \u00a0 \u00a0 \u00a0 \u00a0 \u00a0 \u00a0 \u00a0 \u00a0 \u00a0 \u00a0 \u00a0 <a href=\"https:\/\/www.topohvar.at\/orte\/gv\/gv-tr-00-1\/\"><img loading=\"lazy\" decoding=\"async\" class=\"alignnone wp-image-12300 size-full\" src=\"https:\/\/www.topohvar.at\/wp-content\/uploads\/2018\/09\/push-vor-30.jpg\" alt=\"\" width=\"61\" height=\"30\" \/><\/a> <strong><a href=\"https:\/\/www.topohvar.at\/orte\/gv\/gv-tr-40-1\/\"><img loading=\"lazy\" decoding=\"async\" class=\"alignnone wp-image-533 size-full\" src=\"https:\/\/www.topohvar.at\/wp-content\/uploads\/2018\/07\/push-l-30.jpg\" alt=\"\" width=\"61\" height=\"30\" \/><\/a> <a href=\"https:\/\/www.topohvar.at\/orte\/gv\/\"><img loading=\"lazy\" decoding=\"async\" class=\"alignnone wp-image-535 size-full\" src=\"https:\/\/www.topohvar.at\/wp-content\/uploads\/2018\/07\/push-o-30.jpg\" alt=\"\" width=\"61\" height=\"30\" \/><\/a> <a href=\"https:\/\/www.topohvar.at\/orte\/gv\/gv-tr-69-1\/\"><img loading=\"lazy\" decoding=\"async\" class=\"alignnone wp-image-536 size-full\" src=\"https:\/\/www.topohvar.at\/wp-content\/uploads\/2018\/07\/push-r-30.jpg\" alt=\"\" width=\"61\" height=\"30\" \/><\/a><\/strong><\/p>\n<hr \/>\n<p><strong>Adresa \/ Adresse<br \/>\n<\/strong>Velo Grablje, u blizini ceste Veli \u2013 Malo Grablje \/ in der N\u00e4he der Stra\u00dfe von Veli nach Mali Grablje<\/p>\n<p><strong>Lokacija \/ Position<a href=\"https:\/\/maps.app.goo.gl\/H79nRrwdCeRdd5xY9\"><img loading=\"lazy\" decoding=\"async\" class=\"alignright wp-image-64426\" src=\"https:\/\/www.topohvar.at\/wp-content\/uploads\/2023\/11\/3935.jpg\" alt=\"\" width=\"134\" height=\"100\" \/><\/a><br \/>\n<\/strong><a href=\"https:\/\/maps.app.goo.gl\/H79nRrwdCeRdd5xY9\"><span style=\"color: #3366ff;\">Latitude: N 43,16685\u00b0\u00a0 \u00a0Longitude: E 16,51322\u00b0 <\/span><\/a><strong><br \/>\n<\/strong>Visina \/ H\u00f6he: 214 m<\/p>\n<p><strong>Katastarska \u010destica \/ Grundst\u00fccke<br \/>\n<\/strong>4405\/3<div class='content-column one_half'><div style=\"padding-right:6px;\"><p><strong>Datum snimanja \/ Erfassungsdatum<br \/>\n<\/strong>06.10.2023 09:11:10<\/p>\n<hr \/>\n<p><strong>Informacije<\/strong><\/p>\n<p>Trim se nalazi uz cestu koja vodi od Velog Grablja prema Malom Grablju. Tu se, otprilike na pola puta, prema istoku otvara mala dolina. Trim se nalazi u masliniku na sjevernoj strani doline. Sagra\u0111en je na jednoj od brojnih kamenih terasa i na jugu zavr\u0161ava kamenim zidom. Ulazna strana jednostupanjskog trima izgra\u0111ena je u ravnoj liniji. Ovdje i na samom ulazu kori\u0161teni su mo\u0107ni kameni blokovi. Trim je u vrlo dobrom stanju i vjerojatno \u0107e se jo\u0161 koristiti.<\/p><\/div><\/div><div class='content-column one_half last_column'><div style=\"padding-right:0px;padding-left:6px;\"><p><strong>Stupanj za\u0161tite \/ Schutzstellung<br \/>\n<\/strong>&#8211;<\/p>\n<hr \/>\n<p><strong>Info<\/strong><\/p>\n<p>Der Trim befindet sich nahe der Stra\u00dfe, die von Velo Grablje nach Malo Grablje f\u00fchrt. Hier, etwa auf halben Weg, \u00f6ffnet sich Richtung Osten eine kleine Talschaft. Der Trim befindet sich in einem Olivengarten auf der Nordseite des Tales. Er wurde auf einer der vielen Steinterrassen errichtet und bildet das s\u00fcdliche Ende einer Steinmauer. Die Eingangsseite des einstufigen Trims ist geradlinig errichtet. Hier und am Eingang selbst wurden m\u00e4chtige Steinquader verarbeitet. Der Trim ist sehr gut erhalten, und d\u00fcrfte noch genutzt werden.<\/p><\/div><\/div><div class='clear_column'><\/div><div class='content-column one_half'><div style=\"padding-right:6px;\"><div id=\"attachment_64900\" style=\"width: 310px\" class=\"wp-caption aligncenter\"><img loading=\"lazy\" decoding=\"async\" aria-describedby=\"caption-attachment-64900\" class=\"wp-image-64900 size-medium\" src=\"https:\/\/www.topohvar.at\/wp-content\/uploads\/2023\/11\/gv-tr-81-1-300x300.jpg\" alt=\"\" width=\"300\" height=\"300\" srcset=\"https:\/\/www.topohvar.at\/wp-content\/uploads\/2023\/11\/gv-tr-81-1-300x300.jpg 300w, https:\/\/www.topohvar.at\/wp-content\/uploads\/2023\/11\/gv-tr-81-1-150x150.jpg 150w, https:\/\/www.topohvar.at\/wp-content\/uploads\/2023\/11\/gv-tr-81-1.jpg 450w\" sizes=\"auto, (max-width: 300px) 100vw, 300px\" \/><p id=\"caption-attachment-64900\" class=\"wp-caption-text\">Ulaz \/ Eingang<\/p><\/div><\/div><\/div><div class='content-column one_half last_column'><div style=\"padding-right:0px;padding-left:6px;\"><div id=\"attachment_64901\" style=\"width: 310px\" class=\"wp-caption aligncenter\"><img loading=\"lazy\" decoding=\"async\" aria-describedby=\"caption-attachment-64901\" class=\"wp-image-64901 size-medium\" src=\"https:\/\/www.topohvar.at\/wp-content\/uploads\/2023\/11\/gv-tr-81-5-300x300.jpg\" alt=\"\" width=\"300\" height=\"300\" srcset=\"https:\/\/www.topohvar.at\/wp-content\/uploads\/2023\/11\/gv-tr-81-5-300x300.jpg 300w, https:\/\/www.topohvar.at\/wp-content\/uploads\/2023\/11\/gv-tr-81-5-150x150.jpg 150w, https:\/\/www.topohvar.at\/wp-content\/uploads\/2023\/11\/gv-tr-81-5.jpg 450w\" sizes=\"auto, (max-width: 300px) 100vw, 300px\" \/><p id=\"caption-attachment-64901\" class=\"wp-caption-text\">Pogled prema jugozapadu \/ Blick nach S\u00fcdwesten<\/p><\/div><\/div><\/div><div class='clear_column'><\/div><div class='content-column one_half'><div style=\"padding-right:6px;\"><p>Dana 06.10.2023 trim GV-TR-81 je posje\u0107en i ustanovljeno je sljede\u0107e:<\/p>\n<p>Lokacija: maslinik<br \/>\nPodloga: padina<br \/>\nPovezan s: ure\u0111enom kamenom gomilom<br \/>\nUpotreba: u upotrebi<br \/>\nStanje: vrlo dobro uzdr\u017eati<br \/>\nBroj stepenica trima: 1<br \/>\nDodatni kameni prsten: nema prstena<br \/>\nStepeni\u0161te: nema<br \/>\nOblik kamena: uglast<br \/>\nPodru\u010dje ispred ulaza: lako dostupno<br \/>\nOrijentacija ulaza: JZ (210\u00b0)<br \/>\nPromjer trima (cm): 400<br \/>\nVisina trima (cm): 230<br \/>\nVisina stepenica (cm): stepenica 1: 180<br \/>\nDebljina zida (cm): 100<br \/>\n\u0160irina vrata (cm): 55<br \/>\nVisina vrata (cm): 100<br \/>\n\u0160irina unutra (cm): 200<br \/>\nVisina unutra (cm): 200<br \/>\nVolumen iznutra (m3): 3,50<br \/>\nNema ni\u0161e<\/p><\/div><\/div><div class='content-column one_half last_column'><div style=\"padding-right:0px;padding-left:6px;\"><p>Am 06.10.2023 wurde der Trim GV-TR-81 besucht und n\u00e4her untersucht:<\/p>\n<p>Standort: Olivenhain<br \/>\nUntergrund: Hanglage<br \/>\nVerbunden mit: Steinhaufen geordnet<br \/>\nNutzung: genutzt<br \/>\nZustand: sehr gut erhalten<br \/>\nAnzahl der Trimstufen: 1<br \/>\nZus\u00e4tzlicher Steinring: kein Steinring<br \/>\nStiege: keine<br \/>\nSteinform: kantig<br \/>\nEingangsbereich: frei<br \/>\nEingangsseite: SW (210\u00b0)<br \/>\nTrimdurchmesser (cm): 400<br \/>\nTrimh\u00f6he (cm): 230<br \/>\nH\u00f6he der Trimstufen (cm): Stufe 1: 180<br \/>\nWandst\u00e4rke (cm): 100<br \/>\nT\u00fcrbreite (cm): 55<br \/>\nT\u00fcrh\u00f6he (cm): 100<br \/>\nInnenraumbreite (cm): 200<br \/>\nInnenraumh\u00f6he (cm): 200<br \/>\nRaumvolumen (m3): 3,50<br \/>\nKeine Nische<\/p><\/div><\/div><div class='clear_column'><\/div><\/p>\n<p><img loading=\"lazy\" decoding=\"async\" class=\"aligncenter size-full wp-image-65118\" src=\"https:\/\/www.topohvar.at\/wp-content\/uploads\/2023\/12\/gv-tr-81-scan.jpg\" alt=\"\" width=\"900\" height=\"1599\" srcset=\"https:\/\/www.topohvar.at\/wp-content\/uploads\/2023\/12\/gv-tr-81-scan.jpg 900w, https:\/\/www.topohvar.at\/wp-content\/uploads\/2023\/12\/gv-tr-81-scan-169x300.jpg 169w, https:\/\/www.topohvar.at\/wp-content\/uploads\/2023\/12\/gv-tr-81-scan-576x1024.jpg 576w, https:\/\/www.topohvar.at\/wp-content\/uploads\/2023\/12\/gv-tr-81-scan-768x1364.jpg 768w, https:\/\/www.topohvar.at\/wp-content\/uploads\/2023\/12\/gv-tr-81-scan-865x1536.jpg 865w\" sizes=\"auto, (max-width: 900px) 100vw, 900px\" \/><\/p>\n<p style=\"text-align: right;\"><a href=\"#seite_oben\">natrag na vrh \/ Seitenanfang<\/a><\/p>\n<hr \/>\n<p><strong>Linkovi \/ Links<\/strong><\/p>\n<p><span style=\"color: #3366ff;\">&#8211;<\/span><\/p>\n","protected":false},"excerpt":{"rendered":"<p>Ime \/ Name Trim \u00bbGV-TR-81\u00ab Code: GV-TR-81\u00a0 \u00a0 \u00a0 \u00a0 \u00a0 \u00a0 \u00a0 \u00a0 \u00a0 \u00a0 \u00a0 \u00a0 \u00a0 \u00a0 \u00a0 Adresa \/ Adresse Velo Grablje, u blizini ceste Veli \u2013 Malo Grablje \/ in der N\u00e4he der Stra\u00dfe von &hellip; <a href=\"https:\/\/www.topohvar.at\/topo\/orte\/gv\/gv-tr-81-1\/\">Weiterlesen <span class=\"meta-nav\">&rarr;<\/span><\/a><\/p>\n","protected":false},"author":1,"featured_media":0,"parent":76,"menu_order":0,"comment_status":"closed","ping_status":"closed","template":"","meta":{"footnotes":""},"class_list":["post-64424","page","type-page","status-publish","hentry"],"_links":{"self":[{"href":"https:\/\/www.topohvar.at\/topo\/wp-json\/wp\/v2\/pages\/64424","targetHints":{"allow":["GET"]}}],"collection":[{"href":"https:\/\/www.topohvar.at\/topo\/wp-json\/wp\/v2\/pages"}],"about":[{"href":"https:\/\/www.topohvar.at\/topo\/wp-json\/wp\/v2\/types\/page"}],"author":[{"embeddable":true,"href":"https:\/\/www.topohvar.at\/topo\/wp-json\/wp\/v2\/users\/1"}],"replies":[{"embeddable":true,"href":"https:\/\/www.topohvar.at\/topo\/wp-json\/wp\/v2\/comments?post=64424"}],"version-history":[{"count":7,"href":"https:\/\/www.topohvar.at\/topo\/wp-json\/wp\/v2\/pages\/64424\/revisions"}],"predecessor-version":[{"id":65398,"href":"https:\/\/www.topohvar.at\/topo\/wp-json\/wp\/v2\/pages\/64424\/revisions\/65398"}],"up":[{"embeddable":true,"href":"https:\/\/www.topohvar.at\/topo\/wp-json\/wp\/v2\/pages\/76"}],"wp:attachment":[{"href":"https:\/\/www.topohvar.at\/topo\/wp-json\/wp\/v2\/media?parent=64424"}],"curies":[{"name":"wp","href":"https:\/\/api.w.org\/{rel}","templated":true}]}}